{"id":133690,"date":"2025-05-17T14:53:19","date_gmt":"2025-05-17T14:53:19","guid":{"rendered":"https:\/\/www.customywear.com\/?post_type=product&#038;p=133690"},"modified":"2026-05-07T15:29:31","modified_gmt":"2026-05-07T15:29:31","slug":"orvos-iskola-inspiracio-lanyok-polo","status":"publish","type":"product","link":"https:\/\/www.customywear.com\/hu\/doctor-school-inspiration-tshirt-girls\/","title":{"rendered":"Egyedi Orvosiskola Inspir\u00e1ci\u00f3s P\u00f3l\u00f3 L\u00e1nyoknak - Pr\u00e9mium Pamut DTG Szem\u00e9lyre szabott Fot\u00f3aj\u00e1nd\u00e9k Fiatal Gy\u00f3gy\u00edt\u00f3k Inspir\u00e1l\u00e1s\u00e1ra"},"content":{"rendered":"<p>Inspir\u00e1ld l\u00e1nyod orvosi \u00e1lmait Egyedi Orvosi Iskola Inspir\u00e1ci\u00f3s P\u00f3l\u00f3nkkal l\u00e1nyoknak! Ultrapuha, pr\u00e9mium pamutb\u00f3l k\u00e9sz\u00fclt \u00e9s kiv\u00e1l\u00f3 min\u0151s\u00e9g\u0171 DTG technol\u00f3gi\u00e1val nyomtatott, minden egyes p\u00f3l\u00f3 a l\u00e1ny fot\u00f3j\u00e1t egy elb\u0171v\u00f6l\u0151 orvosi egyenruh\u00e1s k\u00e9pp\u00e9 alak\u00edtja. Ez a szem\u00e9lyre szabott p\u00f3l\u00f3 el\u00e9g strapab\u00edr\u00f3 a mindennapi viselethez \u00e9s j\u00e1t\u00e9khoz, \u00edgy figyelmes aj\u00e1nd\u00e9k sz\u00fclet\u00e9snapra, ballag\u00e1sra vagy b\u00e1rmilyen alkalomra, amely az orvosi ter\u00fcleten el\u00e9rt c\u00e9ljait \u00fcnnepli.<\/p>","protected":false},"excerpt":{"rendered":"<p>Inspir\u00e1lja a fiatal gy\u00f3gy\u00edt\u00f3kat egy egyedi orvosiskolai inspir\u00e1ci\u00f3s p\u00f3l\u00f3val l\u00e1nyoknak. A pr\u00e9mium pamut DTG szem\u00e9lyre szabott p\u00f3l\u00f3k minden f\u00e9nyk\u00e9pet egyedi aj\u00e1nd\u00e9kk\u00e1 alak\u00edtanak \u00e1t.<\/p>","protected":false},"featured_media":133817,"comment_status":"open","ping_status":"closed","template":"","meta":{"_acf_changed":false},"product_brand":[],"product_cat":[6193,6380,152,6412,6428,58],"product_tag":[6433,6439,6331,6221,6381],"class_list":{"0":"post-133690","1":"product","2":"type-product","3":"status-publish","4":"has-post-thumbnail","6":"product_cat-girls-t-shirts","7":"product_cat-custom-gifts-doctor-tees","8":"product_cat-girls","9":"product_cat-photo-to-tees","10":"product_cat-translate-products","11":"product_cat-youth-kids","12":"product_tag-ai-artwork","13":"product_tag-ai-kids-artwork","14":"product_tag-custom-picture-t-shirt-for-girls","15":"product_tag-custom-t-shirts-near-me","16":"product_tag-personalized-gifts-doctor-tees","18":"first","19":"instock","20":"taxable","21":"shipping-taxable","22":"purchasable","23":"product-type-simple"},"acf":[],"wcpa_form_fields":null,"_links":{"self":[{"href":"https:\/\/www.customywear.com\/hu\/wp-json\/wp\/v2\/product\/133690","targetHints":{"allow":["GET"]}}],"collection":[{"href":"https:\/\/www.customywear.com\/hu\/wp-json\/wp\/v2\/product"}],"about":[{"href":"https:\/\/www.customywear.com\/hu\/wp-json\/wp\/v2\/types\/product"}],"replies":[{"embeddable":true,"href":"https:\/\/www.customywear.com\/hu\/wp-json\/wp\/v2\/comments?post=133690"}],"wp:featuredmedia":[{"embeddable":true,"href":"https:\/\/www.customywear.com\/hu\/wp-json\/wp\/v2\/media\/133817"}],"wp:attachment":[{"href":"https:\/\/www.customywear.com\/hu\/wp-json\/wp\/v2\/media?parent=133690"}],"wp:term":[{"taxonomy":"product_brand","embeddable":true,"href":"https:\/\/www.customywear.com\/hu\/wp-json\/wp\/v2\/product_brand?post=133690"},{"taxonomy":"product_cat","embeddable":true,"href":"https:\/\/www.customywear.com\/hu\/wp-json\/wp\/v2\/product_cat?post=133690"},{"taxonomy":"product_tag","embeddable":true,"href":"https:\/\/www.customywear.com\/hu\/wp-json\/wp\/v2\/product_tag?post=133690"}],"curies":[{"name":"wp","href":"https:\/\/api.w.org\/{rel}","templated":true}]}}