{"id":133700,"date":"2025-05-17T14:53:19","date_gmt":"2025-05-17T14:53:19","guid":{"rendered":"https:\/\/www.customywear.com\/?post_type=product&#038;p=133700"},"modified":"2026-05-07T15:29:31","modified_gmt":"2026-05-07T15:29:31","slug":"orvos-inspiracio-gyerek-polo","status":"publish","type":"product","link":"https:\/\/www.customywear.com\/hu\/doctor-inspiration-tshirt-child\/","title":{"rendered":"Custom Doctor Inspiration T-Shirt for Toddler Boys\u202f- Cotton DTG Personalized Photo Gift to Inspire Future Healthcare Heroes"},"content":{"rendered":"<p>Val\u00f3s\u00e1gg\u00e1 var\u00e1zsolhatod gyermeked fant\u00e1zi\u00e1j\u00e1t egy egyedi, kisgyermekeknek sz\u00e1nt, Orvosi Inspir\u00e1ci\u00f3s P\u00f3l\u00f3val! Puha, l\u00e9legz\u0151 pr\u00e9mium pamutb\u00f3l k\u00e9sz\u00fclt, \u00e9l\u00e9nk sz\u00edn\u0171, tart\u00f3s DTG technol\u00f3gi\u00e1val nyomtatott p\u00f3l\u00f3n gyermeked fot\u00f3ja egy b\u00e1jos digit\u00e1lis m\u0171alkot\u00e1ss\u00e1 alakul \u00e1t, amelyen orvosk\u00e9nt, teljes egyenruh\u00e1ban l\u00e1that\u00f3. Ez a szem\u00e9lyre szabott p\u00f3l\u00f3 el\u00e9g tart\u00f3s a mindennapi j\u00e1t\u00e9khoz, \u00edgy felejthetetlen aj\u00e1nd\u00e9k sz\u00fclet\u00e9snapokra, \u00fcnnepekre, vagy egyszer\u0171en csak arra, hogy \u00f6szt\u00f6n\u00f6zd a m\u00e1sok seg\u00edt\u00e9se ir\u00e1nti szenved\u00e9ly\u00fcket.<\/p>","protected":false},"excerpt":{"rendered":"<p>Er\u0151s\u00edtse meg a kis eg\u00e9szs\u00e9g\u00fcgyi h\u0151s\u00f6ket egy egyedi orvos inspir\u00e1ci\u00f3s p\u00f3l\u00f3val kisgyermekek sz\u00e1m\u00e1ra. A pr\u00e9mium pamut DTG szem\u00e9lyre szabott p\u00f3l\u00f3k minden f\u00e9nyk\u00e9pet j\u00e1t\u00e9kos, inspir\u00e1l\u00f3 p\u00f3l\u00f3v\u00e1 var\u00e1zsolnak.<\/p>","protected":false},"featured_media":133838,"comment_status":"open","ping_status":"closed","template":"","meta":{"_acf_changed":false},"product_brand":[],"product_cat":[6209,6380,6412,6428],"product_tag":[6433,6439,6221,6381],"class_list":{"0":"post-133700","1":"product","2":"type-product","3":"status-publish","4":"has-post-thumbnail","6":"product_cat-toddler-boy-t-shirts","7":"product_cat-custom-gifts-doctor-tees","8":"product_cat-photo-to-tees","9":"product_cat-translate-products","10":"product_tag-ai-artwork","11":"product_tag-ai-kids-artwork","12":"product_tag-custom-t-shirts-near-me","13":"product_tag-personalized-gifts-doctor-tees","15":"first","16":"instock","17":"taxable","18":"shipping-taxable","19":"purchasable","20":"product-type-simple"},"acf":[],"wcpa_form_fields":null,"_links":{"self":[{"href":"https:\/\/www.customywear.com\/hu\/wp-json\/wp\/v2\/product\/133700","targetHints":{"allow":["GET"]}}],"collection":[{"href":"https:\/\/www.customywear.com\/hu\/wp-json\/wp\/v2\/product"}],"about":[{"href":"https:\/\/www.customywear.com\/hu\/wp-json\/wp\/v2\/types\/product"}],"replies":[{"embeddable":true,"href":"https:\/\/www.customywear.com\/hu\/wp-json\/wp\/v2\/comments?post=133700"}],"wp:featuredmedia":[{"embeddable":true,"href":"https:\/\/www.customywear.com\/hu\/wp-json\/wp\/v2\/media\/133838"}],"wp:attachment":[{"href":"https:\/\/www.customywear.com\/hu\/wp-json\/wp\/v2\/media?parent=133700"}],"wp:term":[{"taxonomy":"product_brand","embeddable":true,"href":"https:\/\/www.customywear.com\/hu\/wp-json\/wp\/v2\/product_brand?post=133700"},{"taxonomy":"product_cat","embeddable":true,"href":"https:\/\/www.customywear.com\/hu\/wp-json\/wp\/v2\/product_cat?post=133700"},{"taxonomy":"product_tag","embeddable":true,"href":"https:\/\/www.customywear.com\/hu\/wp-json\/wp\/v2\/product_tag?post=133700"}],"curies":[{"name":"wp","href":"https:\/\/api.w.org\/{rel}","templated":true}]}}