{"id":133715,"date":"2025-05-17T14:53:20","date_gmt":"2025-05-17T14:53:20","guid":{"rendered":"https:\/\/www.customywear.com\/?post_type=product&#038;p=133715"},"modified":"2026-05-05T20:23:26","modified_gmt":"2026-05-05T20:23:26","slug":"egyedi-foto-muveszet-t-shirt-noi-orvosok","status":"publish","type":"product","link":"https:\/\/www.customywear.com\/hu\/custom-photo-art-tshirt-women-doctors\/","title":{"rendered":"Egyedi fot\u00f3m\u0171v\u00e9szeti p\u00f3l\u00f3k n\u0151i orvosoknak \u00e9s eg\u00e9szs\u00e9g\u00fcgyi h\u0151sn\u0151knek \u2013 100% pamutb\u00f3l k\u00e9sz\u00fclt szem\u00e9lyre szabott aj\u00e1nd\u00e9k \u00e1pol\u00f3knak \u00e9s orvostanhallgat\u00f3knak"},"content":{"rendered":"<p>\u00dcnnepelje az eg\u00e9szs\u00e9g\u00fcgyben vezet\u0151 szerepet bet\u00f6lt\u0151 n\u0151ket orvosn\u0151knek sz\u00f3l\u00f3 egyedi fot\u00f3b\u00f3l m\u0171v\u00e9szett\u00e9 form\u00e1lt p\u00f3l\u00f3inkkal. Egyszer\u0171en t\u00f6lts\u00f6n fel egy fot\u00f3t, \u00e9s k\u00e9pzett m\u0171v\u00e9szeink \u00e9l\u00e9nk digit\u00e1lis m\u0171alkot\u00e1ss\u00e1 alak\u00edtj\u00e1k, amely egy k\u00f3rh\u00e1zi h\u00e1tt\u00e9r el\u0151tt egyenruh\u00e1s orvosn\u0151t \u00e1br\u00e1zol. 100% pr\u00e9mium pamutb\u00f3l k\u00e9sz\u00fclt \u00e9s tart\u00f3s DTG tint\u00e1kkal nyomtatott, szem\u00e9lyre szabott p\u00f3l\u00f3 eg\u00e9sz napos k\u00e9nyelmet, tart\u00f3s min\u0151s\u00e9get \u00e9s ragyog\u00f3 sz\u00edntart\u00e1st biztos\u00edt. T\u00f6k\u00e9letes aj\u00e1nd\u00e9k orvosoknak, \u00e1pol\u00f3knak, orvostanhallgat\u00f3knak \u00e9s oktat\u00f3knak sz\u00fclet\u00e9snapokra, ballag\u00e1sokra, el\u0151l\u00e9ptet\u00e9sekre vagy b\u00e1rmilyen k\u00fcl\u00f6nleges alkalomra, amely tiszteletben tartja elk\u00f6telezetts\u00e9g\u00fcket.<\/p>","protected":false},"excerpt":{"rendered":"<p>Tiszteld meg a n\u0151ket az eg\u00e9szs\u00e9g\u00fcgyben egyedi fot\u00f3-m\u0171v\u00e9szeti p\u00f3l\u00f3kkal n\u0151i orvosoknak \u00e9s \u00e1pol\u00f3n\u0151knek. A szem\u00e9lyre szabott pamut p\u00f3l\u00f3k minden f\u00e9nyk\u00e9pet egyedi aj\u00e1nd\u00e9kk\u00e1 alak\u00edtanak \u00e1t.<\/p>","protected":false},"featured_media":133746,"comment_status":"open","ping_status":"closed","template":"","meta":{"_acf_changed":false},"product_brand":[],"product_cat":[6191,6380,6412,6428,75,6354],"product_tag":[6214,6433,6328,229,6381,6215],"class_list":{"0":"post-133715","1":"product","2":"type-product","3":"status-publish","4":"has-post-thumbnail","6":"product_cat-t-shirts-women","7":"product_cat-custom-gifts-doctor-tees","8":"product_cat-photo-to-tees","9":"product_cat-translate-products","10":"product_cat-women","11":"product_cat-womens-profession-t-shirts","12":"product_tag-affordable-custom-t-shirts","13":"product_tag-ai-artwork","14":"product_tag-custom-image-t-shirt-for-women","15":"product_tag-custom-tee-shirts","16":"product_tag-personalized-gifts-doctor-tees","17":"product_tag-screen-printing-near-me","19":"first","20":"instock","21":"taxable","22":"shipping-taxable","23":"purchasable","24":"product-type-simple"},"acf":[],"wcpa_form_fields":null,"_links":{"self":[{"href":"https:\/\/www.customywear.com\/hu\/wp-json\/wp\/v2\/product\/133715","targetHints":{"allow":["GET"]}}],"collection":[{"href":"https:\/\/www.customywear.com\/hu\/wp-json\/wp\/v2\/product"}],"about":[{"href":"https:\/\/www.customywear.com\/hu\/wp-json\/wp\/v2\/types\/product"}],"replies":[{"embeddable":true,"href":"https:\/\/www.customywear.com\/hu\/wp-json\/wp\/v2\/comments?post=133715"}],"wp:featuredmedia":[{"embeddable":true,"href":"https:\/\/www.customywear.com\/hu\/wp-json\/wp\/v2\/media\/133746"}],"wp:attachment":[{"href":"https:\/\/www.customywear.com\/hu\/wp-json\/wp\/v2\/media?parent=133715"}],"wp:term":[{"taxonomy":"product_brand","embeddable":true,"href":"https:\/\/www.customywear.com\/hu\/wp-json\/wp\/v2\/product_brand?post=133715"},{"taxonomy":"product_cat","embeddable":true,"href":"https:\/\/www.customywear.com\/hu\/wp-json\/wp\/v2\/product_cat?post=133715"},{"taxonomy":"product_tag","embeddable":true,"href":"https:\/\/www.customywear.com\/hu\/wp-json\/wp\/v2\/product_tag?post=133715"}],"curies":[{"name":"wp","href":"https:\/\/api.w.org\/{rel}","templated":true}]}}