{"id":133720,"date":"2025-05-17T14:53:20","date_gmt":"2025-05-17T14:53:20","guid":{"rendered":"https:\/\/www.customywear.com\/?post_type=product&#038;p=133720"},"modified":"2026-05-05T20:24:06","modified_gmt":"2026-05-05T20:24:06","slug":"orvos-tshirt-ferfi-foto-muveszet","status":"publish","type":"product","link":"https:\/\/www.customywear.com\/hu\/custom-doctor-tshirts-men-photo-art\/","title":{"rendered":"Egyedi, f\u00e9rfiaknak sz\u00e1nt orvosi p\u00f3l\u00f3k \u2013 szem\u00e9lyre szabott, fot\u00f3b\u00f3l m\u0171v\u00e9szett\u00e9 form\u00e1lt, 100% pamut aj\u00e1nd\u00e9k orvosoknak, \u00e1pol\u00f3knak \u00e9s orvostanhallgat\u00f3knak"},"content":{"rendered":"<p>\u00dcnnepelje \u00e9let\u00e9ben az orvost egyedi f\u00e9rfi orvosi p\u00f3l\u00f3inkkal. Egyszer\u0171en t\u00f6lts\u00f6n fel egy fot\u00f3t, \u00e9s mi \u00e9l\u00e9nk digit\u00e1lis m\u0171alkot\u00e1ss\u00e1 alak\u00edtjuk, amelyen egy orvos egyenruh\u00e1ban l\u00e1that\u00f3 egy k\u00f3rh\u00e1zi h\u00e1tt\u00e9r el\u0151tt. 100% puha pamutb\u00f3l k\u00e9sz\u00fclt \u00e9s kiv\u00e1l\u00f3 min\u0151s\u00e9g\u0171 DTG tint\u00e1kkal nyomtatott, szem\u00e9lyre szabott p\u00f3l\u00f3 p\u00e1ratlan k\u00e9nyelmet, tart\u00f3ss\u00e1got \u00e9s gazdag, tart\u00f3s sz\u00edneket k\u00edn\u00e1l. T\u00f6k\u00e9letes aj\u00e1nd\u00e9k orvosoknak, \u00e1pol\u00f3knak, orvostanhallgat\u00f3knak vagy eg\u00e9szs\u00e9g\u00fcgyi oktat\u00f3knak sz\u00fclet\u00e9snapra, ballag\u00e1sra, el\u0151l\u00e9ptet\u00e9sre \u00e9s sok m\u00e1sra.<\/p>","protected":false},"excerpt":{"rendered":"<p>Ismerje fel az eg\u00e9szs\u00e9g\u00fcgyi szakembereket egyedi, egyedi f\u00e9rfi p\u00f3l\u00f3kkal. A szem\u00e9lyre szabott fot\u00f3-m\u0171v\u00e9szet pamut p\u00f3l\u00f3k minden f\u00e9nyk\u00e9pet mer\u00e9sz, szem\u00e9lyre szabott aj\u00e1nd\u00e9kk\u00e1 var\u00e1zsolnak.<\/p>","protected":false},"featured_media":133725,"comment_status":"open","ping_status":"closed","template":"","meta":{"_acf_changed":false},"product_brand":[],"product_cat":[6195,6380,186,6341,6412,6428],"product_tag":[6433,6327,6216,6381],"class_list":{"0":"post-133720","1":"product","2":"type-product","3":"status-publish","4":"has-post-thumbnail","6":"product_cat-t-shirts-men","7":"product_cat-custom-gifts-doctor-tees","8":"product_cat-men","9":"product_cat-mens-profession-t-shirts","10":"product_cat-photo-to-tees","11":"product_cat-translate-products","12":"product_tag-ai-artwork","13":"product_tag-custom-photo-t-shirt-for-men","14":"product_tag-mens-custom-t-shirts","15":"product_tag-personalized-gifts-doctor-tees","17":"first","18":"instock","19":"taxable","20":"shipping-taxable","21":"purchasable","22":"product-type-simple"},"acf":[],"wcpa_form_fields":null,"_links":{"self":[{"href":"https:\/\/www.customywear.com\/hu\/wp-json\/wp\/v2\/product\/133720","targetHints":{"allow":["GET"]}}],"collection":[{"href":"https:\/\/www.customywear.com\/hu\/wp-json\/wp\/v2\/product"}],"about":[{"href":"https:\/\/www.customywear.com\/hu\/wp-json\/wp\/v2\/types\/product"}],"replies":[{"embeddable":true,"href":"https:\/\/www.customywear.com\/hu\/wp-json\/wp\/v2\/comments?post=133720"}],"wp:featuredmedia":[{"embeddable":true,"href":"https:\/\/www.customywear.com\/hu\/wp-json\/wp\/v2\/media\/133725"}],"wp:attachment":[{"href":"https:\/\/www.customywear.com\/hu\/wp-json\/wp\/v2\/media?parent=133720"}],"wp:term":[{"taxonomy":"product_brand","embeddable":true,"href":"https:\/\/www.customywear.com\/hu\/wp-json\/wp\/v2\/product_brand?post=133720"},{"taxonomy":"product_cat","embeddable":true,"href":"https:\/\/www.customywear.com\/hu\/wp-json\/wp\/v2\/product_cat?post=133720"},{"taxonomy":"product_tag","embeddable":true,"href":"https:\/\/www.customywear.com\/hu\/wp-json\/wp\/v2\/product_tag?post=133720"}],"curies":[{"name":"wp","href":"https:\/\/api.w.org\/{rel}","templated":true}]}}