{"id":133882,"date":"2025-05-18T08:46:13","date_gmt":"2025-05-18T08:46:13","guid":{"rendered":"https:\/\/www.customywear.com\/?post_type=product&#038;p=133882"},"modified":"2026-05-07T15:29:31","modified_gmt":"2026-05-07T15:29:31","slug":"szemelyre-szabott-olasz-zaszos-lanyok-polo","status":"publish","type":"product","link":"https:\/\/www.customywear.com\/hu\/custom-italian-flag-tshirt-girls\/","title":{"rendered":"Egyedi olasz z\u00e1szl\u00f3s p\u00f3l\u00f3 l\u00e1nyoknak \u2013 Szem\u00e9lyre szabott arccal a z\u00e1szl\u00f3ban p\u00f3l\u00f3 aj\u00e1nd\u00e9k fiatal Olaszorsz\u00e1g-kedvel\u0151knek \u00e9s kultur\u00e1lis utaz\u00e1sok rajong\u00f3inak"},"content":{"rendered":"<p class=\"\" data-start=\"445\" data-end=\"1108\">\u00dcnnepeld kisl\u00e1nyod Olaszorsz\u00e1g ir\u00e1nti szeretet\u00e9t egyedi, arccal a z\u00e1szl\u00f3ban \u00e1br\u00e1zol\u00f3 olasz p\u00f3l\u00f3nkkal, ahol a fot\u00f3j\u00e1t digit\u00e1lisan alak\u00edtjuk \u00e1t egy leny\u0171g\u00f6z\u0151 diz\u00e1jnn\u00e1, amelyen olasz z\u00e1szl\u00f3t visel\u0151 l\u00e1ny l\u00e1that\u00f3 egy fest\u0151i olasz h\u00e1tt\u00e9r el\u0151tt. Puha, 100% pamutb\u00f3l k\u00e9sz\u00fclt, ez a p\u00f3l\u00f3 k\u00e9nyelmet \u00e9s tart\u00f3ss\u00e1got egyar\u00e1nt k\u00edn\u00e1l, t\u00f6k\u00e9letes mindennapi viseletre vagy k\u00fcl\u00f6nleges alkalmakra. T\u00f6bb mint egy p\u00f3l\u00f3 \u2013 ez egy szem\u00e9lyre szabott m\u0171alkot\u00e1s, amely \u00f6sszekapcsolja a fiatal kalandorokat az olasz kult\u00fara sz\u00e9ps\u00e9g\u00e9vel. Kiv\u00e1l\u00f3 min\u0151s\u00e9g\u0171 nyomtat\u00e1ssal k\u00e9sz\u00fclt, \u00e9l\u00e9nk, tart\u00f3s sz\u00ednek\u00e9rt, ez a p\u00f3l\u00f3 ide\u00e1lis aj\u00e1nd\u00e9k sz\u00fclet\u00e9snapokra, kultur\u00e1lis \u00fcnneps\u00e9gekre, vagy eml\u00e9kbe, hogy inspir\u00e1lja az olaszorsz\u00e1gi utaz\u00e1sr\u00f3l sz\u0151tt \u00e1lmokat.<\/p>","protected":false},"excerpt":{"rendered":"<p>Mutassa meg az olasz b\u00fcszkes\u00e9get egy egyedi olasz z\u00e1szl\u00f3s p\u00f3l\u00f3val l\u00e1nyoknak. A szem\u00e9lyre szabott, arcot z\u00e1szl\u00f3s p\u00f3l\u00f3k minden f\u00e9nyk\u00e9pet j\u00e1t\u00e9kos, kultur\u00e1lis utaz\u00e1si aj\u00e1nd\u00e9kk\u00e1 var\u00e1zsolnak.<\/p>","protected":false},"featured_media":134015,"comment_status":"open","ping_status":"closed","template":"","meta":{"_acf_changed":false},"product_brand":[],"product_cat":[6193,152,6412,6428,58],"product_tag":[6433,6439,6331,6221,6382],"class_list":{"0":"post-133882","1":"product","2":"type-product","3":"status-publish","4":"has-post-thumbnail","6":"product_cat-girls-t-shirts","7":"product_cat-girls","8":"product_cat-photo-to-tees","9":"product_cat-translate-products","10":"product_cat-youth-kids","11":"product_tag-ai-artwork","12":"product_tag-ai-kids-artwork","13":"product_tag-custom-picture-t-shirt-for-girls","14":"product_tag-custom-t-shirts-near-me","15":"product_tag-personalized-gifts-italian-culture","17":"first","18":"instock","19":"taxable","20":"shipping-taxable","21":"purchasable","22":"product-type-simple"},"acf":[],"wcpa_form_fields":null,"_links":{"self":[{"href":"https:\/\/www.customywear.com\/hu\/wp-json\/wp\/v2\/product\/133882","targetHints":{"allow":["GET"]}}],"collection":[{"href":"https:\/\/www.customywear.com\/hu\/wp-json\/wp\/v2\/product"}],"about":[{"href":"https:\/\/www.customywear.com\/hu\/wp-json\/wp\/v2\/types\/product"}],"replies":[{"embeddable":true,"href":"https:\/\/www.customywear.com\/hu\/wp-json\/wp\/v2\/comments?post=133882"}],"wp:featuredmedia":[{"embeddable":true,"href":"https:\/\/www.customywear.com\/hu\/wp-json\/wp\/v2\/media\/134015"}],"wp:attachment":[{"href":"https:\/\/www.customywear.com\/hu\/wp-json\/wp\/v2\/media?parent=133882"}],"wp:term":[{"taxonomy":"product_brand","embeddable":true,"href":"https:\/\/www.customywear.com\/hu\/wp-json\/wp\/v2\/product_brand?post=133882"},{"taxonomy":"product_cat","embeddable":true,"href":"https:\/\/www.customywear.com\/hu\/wp-json\/wp\/v2\/product_cat?post=133882"},{"taxonomy":"product_tag","embeddable":true,"href":"https:\/\/www.customywear.com\/hu\/wp-json\/wp\/v2\/product_tag?post=133882"}],"curies":[{"name":"wp","href":"https:\/\/api.w.org\/{rel}","templated":true}]}}