{"id":133887,"date":"2025-05-18T08:46:13","date_gmt":"2025-05-18T08:46:13","guid":{"rendered":"https:\/\/www.customywear.com\/?post_type=product&#038;p=133887"},"modified":"2026-05-07T15:29:31","modified_gmt":"2026-05-07T15:29:31","slug":"szemelyre-szabott-olasz-zaszos-fiuk-polo","status":"publish","type":"product","link":"https:\/\/www.customywear.com\/hu\/custom-italian-flag-tshirt-boys\/","title":{"rendered":"Egyedi olasz z\u00e1szl\u00f3s p\u00f3l\u00f3 fi\u00faknak \u2013 Szem\u00e9lyre szabott fot\u00f3p\u00f3l\u00f3 olasz z\u00e1szl\u00f3 mint\u00e1val, ide\u00e1lis aj\u00e1nd\u00e9k fiatal olasz kult\u00fara rajong\u00f3knak"},"content":{"rendered":"<p>\u00dcnnepeld gyermeked olasz \u00f6r\u00f6ks\u00e9g\u00e9t egyedi olasz z\u00e1szl\u00f3s fi\u00fa p\u00f3l\u00f3nkkal! 100% pr\u00e9mium pamutb\u00f3l k\u00e9sz\u00fclt, ez a p\u00f3l\u00f3 kiv\u00e9teles k\u00e9nyelmet \u00e9s tart\u00f3ss\u00e1got k\u00edn\u00e1l, \u00edgy t\u00f6k\u00e9letes mindennapi viseletre vagy k\u00fcl\u00f6nleges alkalmakra. Minden p\u00f3l\u00f3 szem\u00e9lyre szabott diz\u00e1jnnal rendelkezik, ahol gyermeked fot\u00f3j\u00e1t m\u0171v\u00e9szi m\u00f3don \u00e1talak\u00edtjuk egy r\u00f3la k\u00e9sz\u00fclt k\u00e9pp\u00e9, amelyet \u00e9l\u00e9nk olasz z\u00e1szl\u00f3 d\u00edsz\u00edt, fest\u0151i olasz h\u00e1tt\u00e9r el\u0151tt. A kiv\u00e1l\u00f3 min\u0151s\u00e9g\u0171, k\u00f6zvetlen\u00fcl a ruhadarabra nyomtatott (DTG) nyomtat\u00e1snak k\u00f6sz\u00f6nhet\u0151en a sz\u00ednek mos\u00e1sr\u00f3l mos\u00e1sra \u00e9l\u00e9nkek maradnak. Ak\u00e1r sz\u00fclet\u00e9snapr\u00f3l, kultur\u00e1lis \u00fcnneps\u00e9gr\u0151l, vagy csak az olasz gy\u00f6kerek ir\u00e1nti b\u00fcszkes\u00e9g hangs\u00falyoz\u00e1s\u00e1r\u00f3l van sz\u00f3, ez a p\u00f3l\u00f3 egyedi \u00e9s jelent\u0151s\u00e9gteljes eml\u00e9kt\u00e1rgyk\u00e9nt szolg\u00e1l, amely \u00e9letre kelti a kedves eml\u00e9keket.<\/p>","protected":false},"excerpt":{"rendered":"<p>\u00dcnnepelje a kult\u00far\u00e1t egy egyedi olasz z\u00e1szl\u00f3s p\u00f3l\u00f3val fi\u00faknak. A szem\u00e9lyre szabott, olasz z\u00e1szl\u00f3s mint\u00e1kkal ell\u00e1tott fot\u00f3s p\u00f3l\u00f3k egyedi eml\u00e9keket k\u00e9sz\u00edtenek gyerekeknek.<\/p>","protected":false},"featured_media":133994,"comment_status":"open","ping_status":"closed","template":"","meta":{"_acf_changed":false},"product_brand":[],"product_cat":[6189,6412,6428],"product_tag":[6433,6439,6221,6382,6330],"class_list":{"0":"post-133887","1":"product","2":"type-product","3":"status-publish","4":"has-post-thumbnail","6":"product_cat-boys-t-shirts","7":"product_cat-photo-to-tees","8":"product_cat-translate-products","9":"product_tag-ai-artwork","10":"product_tag-ai-kids-artwork","11":"product_tag-custom-t-shirts-near-me","12":"product_tag-personalized-gifts-italian-culture","13":"product_tag-photo-print-t-shirt-for-boys","15":"first","16":"instock","17":"taxable","18":"shipping-taxable","19":"purchasable","20":"product-type-simple"},"acf":[],"wcpa_form_fields":null,"_links":{"self":[{"href":"https:\/\/www.customywear.com\/hu\/wp-json\/wp\/v2\/product\/133887","targetHints":{"allow":["GET"]}}],"collection":[{"href":"https:\/\/www.customywear.com\/hu\/wp-json\/wp\/v2\/product"}],"about":[{"href":"https:\/\/www.customywear.com\/hu\/wp-json\/wp\/v2\/types\/product"}],"replies":[{"embeddable":true,"href":"https:\/\/www.customywear.com\/hu\/wp-json\/wp\/v2\/comments?post=133887"}],"wp:featuredmedia":[{"embeddable":true,"href":"https:\/\/www.customywear.com\/hu\/wp-json\/wp\/v2\/media\/133994"}],"wp:attachment":[{"href":"https:\/\/www.customywear.com\/hu\/wp-json\/wp\/v2\/media?parent=133887"}],"wp:term":[{"taxonomy":"product_brand","embeddable":true,"href":"https:\/\/www.customywear.com\/hu\/wp-json\/wp\/v2\/product_brand?post=133887"},{"taxonomy":"product_cat","embeddable":true,"href":"https:\/\/www.customywear.com\/hu\/wp-json\/wp\/v2\/product_cat?post=133887"},{"taxonomy":"product_tag","embeddable":true,"href":"https:\/\/www.customywear.com\/hu\/wp-json\/wp\/v2\/product_tag?post=133887"}],"curies":[{"name":"wp","href":"https:\/\/api.w.org\/{rel}","templated":true}]}}