{"id":133892,"date":"2025-05-18T08:46:14","date_gmt":"2025-05-18T08:46:14","guid":{"rendered":"https:\/\/www.customywear.com\/?post_type=product&#038;p=133892"},"modified":"2026-05-07T15:29:31","modified_gmt":"2026-05-07T15:29:31","slug":"testreszabhato-olasz-zaszlo-baba-fi-polo","status":"publish","type":"product","link":"https:\/\/www.customywear.com\/hu\/personalized-italian-flag-tshirt-toddler-boys\/","title":{"rendered":"Szem\u00e9lyre szabott olasz z\u00e1szl\u00f3s p\u00f3l\u00f3 kisfi\u00faknak \u2013 Egyedi szelfi p\u00f3l\u00f3 gyermeked fot\u00f3j\u00e1val \u00e9s olaszorsz\u00e1gi utaz\u00e1s ihlette diz\u00e1jnnal"},"content":{"rendered":"<p>Tedd felejthetetlenn\u00e9 kisgyermeked ruhat\u00e1r\u00e1t szem\u00e9lyre szabott olasz z\u00e1szl\u00f3s p\u00f3l\u00f3nkkal! Ez egy egyedi szelfi p\u00f3l\u00f3, ahol gyermeked fot\u00f3ja egy aranyos olasz t\u00e9m\u00e1j\u00fa karakterr\u00e9 alakul \u00e1t, aki a nemzeti z\u00e1szl\u00f3t viseli, egy ikonikus olasz h\u00e1tt\u00e9r el\u0151tt. Puha, l\u00e9legz\u0151 pamutb\u00f3l k\u00e9sz\u00fclt az eg\u00e9sz napos k\u00e9nyelem \u00e9rdek\u00e9ben, \u00e9l\u00e9nk, tart\u00f3s sz\u00ednekkel nyomtatva, ez a p\u00f3l\u00f3 t\u00f6k\u00e9letes aj\u00e1nd\u00e9k sz\u00fclet\u00e9snapokra, \u00fcnnepekre vagy kultur\u00e1lis esem\u00e9nyekre. Professzion\u00e1lis m\u0171v\u00e9szek \u00e1ltal tervezett minden egyes p\u00f3l\u00f3 egy hordhat\u00f3 m\u0171alkot\u00e1s, amely m\u00e1r kiskor\u00e1t\u00f3l kezdve el\u0151seg\u00edti az Olaszorsz\u00e1g \u00e9s az utaz\u00e1s szeretet\u00e9t. Ide\u00e1lis olasz csal\u00e1dok vagy b\u00e1rmely kis felfedez\u0151 sz\u00e1m\u00e1ra, aki Eur\u00f3p\u00e1r\u00f3l \u00e1lmodik!<\/p>","protected":false},"excerpt":{"rendered":"<p>Honor Heritage szem\u00e9lyre szabott olasz z\u00e1szl\u00f3s p\u00f3l\u00f3val kisgyermekek sz\u00e1m\u00e1ra. Az egyedi szelfi ingek utaz\u00e1si ihlet\u00e9s\u0171 diz\u00e1jnnal minden f\u00e9nyk\u00e9pet j\u00e1t\u00e9kos, egyedi p\u00f3l\u00f3v\u00e1 var\u00e1zsolnak.<\/p>","protected":false},"featured_media":134036,"comment_status":"open","ping_status":"closed","template":"","meta":{"_acf_changed":false},"product_brand":[],"product_cat":[6209,6412,6428],"product_tag":[6433,6439,6221,6382],"class_list":{"0":"post-133892","1":"product","2":"type-product","3":"status-publish","4":"has-post-thumbnail","6":"product_cat-toddler-boy-t-shirts","7":"product_cat-photo-to-tees","8":"product_cat-translate-products","9":"product_tag-ai-artwork","10":"product_tag-ai-kids-artwork","11":"product_tag-custom-t-shirts-near-me","12":"product_tag-personalized-gifts-italian-culture","14":"first","15":"instock","16":"taxable","17":"shipping-taxable","18":"purchasable","19":"product-type-simple"},"acf":[],"wcpa_form_fields":null,"_links":{"self":[{"href":"https:\/\/www.customywear.com\/hu\/wp-json\/wp\/v2\/product\/133892","targetHints":{"allow":["GET"]}}],"collection":[{"href":"https:\/\/www.customywear.com\/hu\/wp-json\/wp\/v2\/product"}],"about":[{"href":"https:\/\/www.customywear.com\/hu\/wp-json\/wp\/v2\/types\/product"}],"replies":[{"embeddable":true,"href":"https:\/\/www.customywear.com\/hu\/wp-json\/wp\/v2\/comments?post=133892"}],"wp:featuredmedia":[{"embeddable":true,"href":"https:\/\/www.customywear.com\/hu\/wp-json\/wp\/v2\/media\/134036"}],"wp:attachment":[{"href":"https:\/\/www.customywear.com\/hu\/wp-json\/wp\/v2\/media?parent=133892"}],"wp:term":[{"taxonomy":"product_brand","embeddable":true,"href":"https:\/\/www.customywear.com\/hu\/wp-json\/wp\/v2\/product_brand?post=133892"},{"taxonomy":"product_cat","embeddable":true,"href":"https:\/\/www.customywear.com\/hu\/wp-json\/wp\/v2\/product_cat?post=133892"},{"taxonomy":"product_tag","embeddable":true,"href":"https:\/\/www.customywear.com\/hu\/wp-json\/wp\/v2\/product_tag?post=133892"}],"curies":[{"name":"wp","href":"https:\/\/api.w.org\/{rel}","templated":true}]}}