{"id":133907,"date":"2025-05-18T08:46:14","date_gmt":"2025-05-18T08:46:14","guid":{"rendered":"https:\/\/www.customywear.com\/?post_type=product&#038;p=133907"},"modified":"2026-05-05T20:23:26","modified_gmt":"2026-05-05T20:23:26","slug":"szemelyre-szabott-olasz-zaszos-noi-polo","status":"publish","type":"product","link":"https:\/\/www.customywear.com\/hu\/custom-italian-flag-shirt-women\/","title":{"rendered":"Egyedi olasz z\u00e1szl\u00f3s p\u00f3l\u00f3 n\u0151knek \u2013 szem\u00e9lyre szabott fot\u00f3p\u00f3l\u00f3 az olasz kult\u00fara szerelmeseinek, ide\u00e1lis aj\u00e1nd\u00e9k b\u00fcszke olaszoknak"},"content":{"rendered":"<p>\u00dcnnepeld az olasz \u00f6r\u00f6ks\u00e9get egyedi olasz z\u00e1szl\u00f3s n\u0151i p\u00f3l\u00f3nkkal \u2014 t\u00f6k\u00e9letes aj\u00e1nd\u00e9k mindenkinek, aki szereti Olaszorsz\u00e1g kult\u00far\u00e1j\u00e1t, \u00e9teleit vagy utaz\u00e1sait. Ez a 100% pamutb\u00f3l k\u00e9sz\u00fclt p\u00f3l\u00f3 k\u00e9nyelmet \u00e9s min\u0151s\u00e9get egyar\u00e1nt k\u00edn\u00e1l, tart\u00f3s DTG nyomtat\u00e1ssal, amely \u00e9letre kelti fot\u00f3idat az ikonikus olasz z\u00e1szl\u00f3 mellett. Ak\u00e1r sz\u00fclet\u00e9snapr\u00f3l, \u00e9vfordul\u00f3r\u00f3l vagy kultur\u00e1lis \u00fcnnepr\u0151l van sz\u00f3, ez a szem\u00e9lyre szabott p\u00f3l\u00f3 jelent\u0151s\u00e9gteljes \u00e9s st\u00edlusos aj\u00e1nd\u00e9k. K\u00e9pzett m\u0171v\u00e9szek \u00e1ltal tervezett minden p\u00f3l\u00f3 a nemzeti b\u00fcszkes\u00e9get t\u00fckr\u00f6zi egyedi, szem\u00e9lyes \u00e9rint\u00e9ssel.<\/p>","protected":false},"excerpt":{"rendered":"<p>\u00dcnnepelje a n\u0151ket egy egyedi olasz z\u00e1szl\u00f3s p\u00f3l\u00f3val. Szem\u00e9lyre szabott fot\u00f3s p\u00f3l\u00f3k az olasz kult\u00fara szerelmeseinek minden f\u00e9nyk\u00e9pet mer\u00e9sz, egyedi p\u00f3l\u00f3v\u00e1 var\u00e1zsolnak.<\/p>","protected":false},"featured_media":133944,"comment_status":"open","ping_status":"closed","template":"","meta":{"_acf_changed":false},"product_brand":[],"product_cat":[6191,6412,6428,75,6355],"product_tag":[6214,6433,6328,229,6382,6215],"class_list":{"0":"post-133907","1":"product","2":"type-product","3":"status-publish","4":"has-post-thumbnail","6":"product_cat-t-shirts-women","7":"product_cat-photo-to-tees","8":"product_cat-translate-products","9":"product_cat-women","10":"product_cat-womens-culture-country-t-shirts","11":"product_tag-affordable-custom-t-shirts","12":"product_tag-ai-artwork","13":"product_tag-custom-image-t-shirt-for-women","14":"product_tag-custom-tee-shirts","15":"product_tag-personalized-gifts-italian-culture","16":"product_tag-screen-printing-near-me","18":"first","19":"instock","20":"taxable","21":"shipping-taxable","22":"purchasable","23":"product-type-simple"},"acf":[],"wcpa_form_fields":null,"_links":{"self":[{"href":"https:\/\/www.customywear.com\/hu\/wp-json\/wp\/v2\/product\/133907","targetHints":{"allow":["GET"]}}],"collection":[{"href":"https:\/\/www.customywear.com\/hu\/wp-json\/wp\/v2\/product"}],"about":[{"href":"https:\/\/www.customywear.com\/hu\/wp-json\/wp\/v2\/types\/product"}],"replies":[{"embeddable":true,"href":"https:\/\/www.customywear.com\/hu\/wp-json\/wp\/v2\/comments?post=133907"}],"wp:featuredmedia":[{"embeddable":true,"href":"https:\/\/www.customywear.com\/hu\/wp-json\/wp\/v2\/media\/133944"}],"wp:attachment":[{"href":"https:\/\/www.customywear.com\/hu\/wp-json\/wp\/v2\/media?parent=133907"}],"wp:term":[{"taxonomy":"product_brand","embeddable":true,"href":"https:\/\/www.customywear.com\/hu\/wp-json\/wp\/v2\/product_brand?post=133907"},{"taxonomy":"product_cat","embeddable":true,"href":"https:\/\/www.customywear.com\/hu\/wp-json\/wp\/v2\/product_cat?post=133907"},{"taxonomy":"product_tag","embeddable":true,"href":"https:\/\/www.customywear.com\/hu\/wp-json\/wp\/v2\/product_tag?post=133907"}],"curies":[{"name":"wp","href":"https:\/\/api.w.org\/{rel}","templated":true}]}}