{"id":133912,"date":"2025-05-18T08:46:14","date_gmt":"2025-05-18T08:46:14","guid":{"rendered":"https:\/\/www.customywear.com\/?post_type=product&#038;p=133912"},"modified":"2026-05-05T20:24:06","modified_gmt":"2026-05-05T20:24:06","slug":"szemelyre-szabott-olasz-zaszos-ferfi-polo","status":"publish","type":"product","link":"https:\/\/www.customywear.com\/hu\/custom-italian-flag-shirt-men\/","title":{"rendered":"Egyedi olasz z\u00e1szl\u00f3s p\u00f3l\u00f3 f\u00e9rfiaknak \u2013 Szem\u00e9lyre szabott fot\u00f3p\u00f3l\u00f3 az olasz kult\u00fara szerelmeseinek, ide\u00e1lis aj\u00e1nd\u00e9k b\u00fcszke olaszoknak"},"content":{"rendered":"<p>\u00dcnnepeld az olasz \u00f6r\u00f6ks\u00e9get egyedi olasz z\u00e1szl\u00f3s f\u00e9rfi p\u00f3l\u00f3nkkal \u2014 t\u00f6k\u00e9letes aj\u00e1nd\u00e9k mindenkinek, aki szereti Olaszorsz\u00e1g kult\u00far\u00e1j\u00e1t, \u00e9teleit vagy utaz\u00e1sait. Ez a 100% pamutb\u00f3l k\u00e9sz\u00fclt p\u00f3l\u00f3 k\u00e9nyelmet \u00e9s min\u0151s\u00e9get egyar\u00e1nt k\u00edn\u00e1l, tart\u00f3s DTG nyomtat\u00e1ssal, amely \u00e9letre kelti fot\u00f3idat az ikonikus olasz z\u00e1szl\u00f3 mellett. Ak\u00e1r sz\u00fclet\u00e9snapr\u00f3l, \u00e9vfordul\u00f3r\u00f3l vagy kultur\u00e1lis \u00fcnnepr\u0151l van sz\u00f3, ez a szem\u00e9lyre szabott p\u00f3l\u00f3 jelent\u0151s\u00e9gteljes \u00e9s st\u00edlusos aj\u00e1nd\u00e9k. K\u00e9pzett m\u0171v\u00e9szek \u00e1ltal tervezett minden p\u00f3l\u00f3 a nemzeti b\u00fcszkes\u00e9get t\u00fckr\u00f6zi egyedi, szem\u00e9lyes \u00e9rint\u00e9ssel.<\/p>","protected":false},"excerpt":{"rendered":"<p>Mutassa meg az olasz b\u00fcszkes\u00e9get egy egyedi olasz z\u00e1szl\u00f3s f\u00e9rfi p\u00f3l\u00f3val. A szem\u00e9lyre szabott fot\u00f3s p\u00f3l\u00f3k minden f\u00e9nyk\u00e9pet egyedi kultur\u00e1lis eml\u00e9kk\u00e9 alak\u00edtanak \u00e1t.<\/p>","protected":false},"featured_media":133923,"comment_status":"open","ping_status":"closed","template":"","meta":{"_acf_changed":false},"product_brand":[],"product_cat":[6195,186,6345,6412,6428],"product_tag":[6433,6327,6216,6382],"class_list":{"0":"post-133912","1":"product","2":"type-product","3":"status-publish","4":"has-post-thumbnail","6":"product_cat-t-shirts-men","7":"product_cat-men","8":"product_cat-mens-country-culture-t-shirts","9":"product_cat-photo-to-tees","10":"product_cat-translate-products","11":"product_tag-ai-artwork","12":"product_tag-custom-photo-t-shirt-for-men","13":"product_tag-mens-custom-t-shirts","14":"product_tag-personalized-gifts-italian-culture","16":"first","17":"instock","18":"taxable","19":"shipping-taxable","20":"purchasable","21":"product-type-simple"},"acf":[],"wcpa_form_fields":null,"_links":{"self":[{"href":"https:\/\/www.customywear.com\/hu\/wp-json\/wp\/v2\/product\/133912","targetHints":{"allow":["GET"]}}],"collection":[{"href":"https:\/\/www.customywear.com\/hu\/wp-json\/wp\/v2\/product"}],"about":[{"href":"https:\/\/www.customywear.com\/hu\/wp-json\/wp\/v2\/types\/product"}],"replies":[{"embeddable":true,"href":"https:\/\/www.customywear.com\/hu\/wp-json\/wp\/v2\/comments?post=133912"}],"wp:featuredmedia":[{"embeddable":true,"href":"https:\/\/www.customywear.com\/hu\/wp-json\/wp\/v2\/media\/133923"}],"wp:attachment":[{"href":"https:\/\/www.customywear.com\/hu\/wp-json\/wp\/v2\/media?parent=133912"}],"wp:term":[{"taxonomy":"product_brand","embeddable":true,"href":"https:\/\/www.customywear.com\/hu\/wp-json\/wp\/v2\/product_brand?post=133912"},{"taxonomy":"product_cat","embeddable":true,"href":"https:\/\/www.customywear.com\/hu\/wp-json\/wp\/v2\/product_cat?post=133912"},{"taxonomy":"product_tag","embeddable":true,"href":"https:\/\/www.customywear.com\/hu\/wp-json\/wp\/v2\/product_tag?post=133912"}],"curies":[{"name":"wp","href":"https:\/\/api.w.org\/{rel}","templated":true}]}}