{"id":136576,"date":"2025-07-29T13:09:18","date_gmt":"2025-07-29T13:09:18","guid":{"rendered":"https:\/\/www.customywear.com\/?post_type=product&#038;p=136576"},"modified":"2026-05-07T15:29:31","modified_gmt":"2026-05-07T15:29:31","slug":"egyedi-futo-toddler-lanyok-foto-polo","status":"publish","type":"product","link":"https:\/\/www.customywear.com\/hu\/custom-runner-toddler-girls-photo-tshirt\/","title":{"rendered":"Egyedi fut\u00f3p\u00f3l\u00f3 kisgyerek l\u00e1nyoknak \u2013 Szem\u00e9lyre szabott kocog\u00f3s fot\u00f3p\u00f3l\u00f3 akt\u00edv kis szabadt\u00e9ri felfedez\u0151knek"},"content":{"rendered":"<p>Inspir\u00e1ld a szabadt\u00e9ri j\u00e1t\u00e9kot Egyedi Runner Kisgyermek L\u00e1ny P\u00f3l\u00f3nkkal \u2013 kifejezetten akt\u00edv kisl\u00e1nyoknak tervezve. A fot\u00f3d alapj\u00e1n egy szem\u00e9lyre szabott digit\u00e1lis grafik\u00e1t k\u00e9sz\u00edt\u00fcnk, amelyen a kisgyermeked egy aranyos, sportos kocog\u00f3s jelenetben l\u00e1that\u00f3. Ez az egyedi p\u00f3l\u00f3 t\u00f6k\u00e9letes sz\u00fclet\u00e9snapokra, k\u00fcl\u00f6nleges alkalmakra, vagy egyszer\u0171en csak a term\u00e9szet ir\u00e1nti szeretet\u00e9nek \u00f6szt\u00f6nz\u00e9s\u00e9re. Puha, l\u00e9legz\u0151 pamutb\u00f3l k\u00e9sz\u00fclt, \u00e9s kiv\u00e1l\u00f3 min\u0151s\u00e9g\u0171 DTG technol\u00f3gi\u00e1val nyomtatott, tart\u00f3s k\u00e9nyelmet \u00e9s \u00e9l\u00e9nk sz\u00edneket k\u00edn\u00e1l. Jelent\u0151s aj\u00e1nd\u00e9k, amely megragadja a kalandv\u00e1gy\u00f3 kisl\u00e1nyt!<\/p>","protected":false},"excerpt":{"rendered":"<p>\u00d6szt\u00f6n\u00f6zze a fiatal sportol\u00f3kat egy egyedi fut\u00f3p\u00f3l\u00f3val kisgyermek l\u00e1nyoknak. A szem\u00e9lyre szabott kocog\u00f3 fot\u00f3s p\u00f3l\u00f3k minden f\u00e9nyk\u00e9pet j\u00e1t\u00e9kos, akt\u00edv k\u00fclt\u00e9ri p\u00f3l\u00f3v\u00e1 var\u00e1zsolnak.<\/p>","protected":false},"featured_media":136730,"comment_status":"open","ping_status":"closed","template":"","meta":{"_acf_changed":false},"product_brand":[],"product_cat":[6207,6411,6412,6428],"product_tag":[6433,6439,6221],"class_list":{"0":"post-136576","1":"product","2":"type-product","3":"status-publish","4":"has-post-thumbnail","6":"product_cat-toddler-girl-t-shirts","7":"product_cat-custom-gifts-ai-jogging-runner","8":"product_cat-photo-to-tees","9":"product_cat-translate-products","10":"product_tag-ai-artwork","11":"product_tag-ai-kids-artwork","12":"product_tag-custom-t-shirts-near-me","14":"first","15":"instock","16":"taxable","17":"shipping-taxable","18":"purchasable","19":"product-type-simple"},"acf":[],"wcpa_form_fields":null,"_links":{"self":[{"href":"https:\/\/www.customywear.com\/hu\/wp-json\/wp\/v2\/product\/136576","targetHints":{"allow":["GET"]}}],"collection":[{"href":"https:\/\/www.customywear.com\/hu\/wp-json\/wp\/v2\/product"}],"about":[{"href":"https:\/\/www.customywear.com\/hu\/wp-json\/wp\/v2\/types\/product"}],"replies":[{"embeddable":true,"href":"https:\/\/www.customywear.com\/hu\/wp-json\/wp\/v2\/comments?post=136576"}],"wp:featuredmedia":[{"embeddable":true,"href":"https:\/\/www.customywear.com\/hu\/wp-json\/wp\/v2\/media\/136730"}],"wp:attachment":[{"href":"https:\/\/www.customywear.com\/hu\/wp-json\/wp\/v2\/media?parent=136576"}],"wp:term":[{"taxonomy":"product_brand","embeddable":true,"href":"https:\/\/www.customywear.com\/hu\/wp-json\/wp\/v2\/product_brand?post=136576"},{"taxonomy":"product_cat","embeddable":true,"href":"https:\/\/www.customywear.com\/hu\/wp-json\/wp\/v2\/product_cat?post=136576"},{"taxonomy":"product_tag","embeddable":true,"href":"https:\/\/www.customywear.com\/hu\/wp-json\/wp\/v2\/product_tag?post=136576"}],"curies":[{"name":"wp","href":"https:\/\/api.w.org\/{rel}","templated":true}]}}