{"id":136579,"date":"2025-07-29T13:09:19","date_gmt":"2025-07-29T13:09:19","guid":{"rendered":"https:\/\/www.customywear.com\/?post_type=product&#038;p=136579"},"modified":"2026-05-07T15:29:31","modified_gmt":"2026-05-07T15:29:31","slug":"egyedi-futo-lanyok-foto-polo","status":"publish","type":"product","link":"https:\/\/www.customywear.com\/hu\/custom-runner-jogging-girls-photo-tshirt\/","title":{"rendered":"Egyedi fut\u00f3p\u00f3l\u00f3 l\u00e1nyoknak \u2013 Szem\u00e9lyre szabott kocog\u00f3s p\u00f3l\u00f3 fot\u00f3kkal akt\u00edv szabadt\u00e9ri gyerekeknek"},"content":{"rendered":"<p>\u00dcnnepeld a term\u00e9szet ir\u00e1nti szeretet\u00e9t Egyedi Fut\u00f3 \u00e9s Kocog\u00f3 L\u00e1ny P\u00f3l\u00f3nkkal! A kocog\u00e1st, sportot vagy akt\u00edv kalandokat kedvel\u0151 l\u00e1nyok sz\u00e1m\u00e1ra tervezett, szem\u00e9lyre szabott p\u00f3l\u00f3 leny\u0171g\u00f6z\u0151 digit\u00e1lis m\u0171alkot\u00e1ss\u00e1 var\u00e1zsolja a fot\u00f3dat. T\u00f6k\u00e9letes aj\u00e1nd\u00e9k, hogy motiv\u00e1ld a kis sportol\u00f3dat, vagy megeml\u00e9kezz az akt\u00edv \u00e9letm\u00f3d ir\u00e1nti szenved\u00e9ly\u00e9r\u0151l. \u00c9l\u00e9nk, tart\u00f3s nyomtat\u00e1ssal \u00e9s kiv\u00e1l\u00f3 min\u0151s\u00e9g\u0171 pamuttal, tart\u00f3s \u00e9s jelent\u0151s\u00e9gteljes. Ide\u00e1lis sz\u00fclet\u00e9snapokra, fitnesz esem\u00e9nyekre, vagy egyszer\u0171en csak az akt\u00edv \u00e9letm\u00f3d ir\u00e1nti t\u00e1mogat\u00e1s kifejez\u00e9s\u00e9re.<\/p>","protected":false},"excerpt":{"rendered":"<p>Inspir\u00e1lja a szabadt\u00e9ri sz\u00f3rakoz\u00e1st egy egyedi fut\u00f3 p\u00f3l\u00f3val l\u00e1nyoknak. A szem\u00e9lyre szabott kocog\u00f3 fot\u00f3s p\u00f3l\u00f3k minden f\u00e9nyk\u00e9pet sportos, egyedi p\u00f3l\u00f3v\u00e1 alak\u00edtanak \u00e1t.<\/p>","protected":false},"featured_media":136680,"comment_status":"open","ping_status":"closed","template":"","meta":{"_acf_changed":false},"product_brand":[],"product_cat":[6193,6411,152,6412,6428,58],"product_tag":[6433,6439,6331,6221],"class_list":{"0":"post-136579","1":"product","2":"type-product","3":"status-publish","4":"has-post-thumbnail","6":"product_cat-girls-t-shirts","7":"product_cat-custom-gifts-ai-jogging-runner","8":"product_cat-girls","9":"product_cat-photo-to-tees","10":"product_cat-translate-products","11":"product_cat-youth-kids","12":"product_tag-ai-artwork","13":"product_tag-ai-kids-artwork","14":"product_tag-custom-picture-t-shirt-for-girls","15":"product_tag-custom-t-shirts-near-me","17":"first","18":"instock","19":"taxable","20":"shipping-taxable","21":"purchasable","22":"product-type-simple"},"acf":[],"wcpa_form_fields":null,"_links":{"self":[{"href":"https:\/\/www.customywear.com\/hu\/wp-json\/wp\/v2\/product\/136579","targetHints":{"allow":["GET"]}}],"collection":[{"href":"https:\/\/www.customywear.com\/hu\/wp-json\/wp\/v2\/product"}],"about":[{"href":"https:\/\/www.customywear.com\/hu\/wp-json\/wp\/v2\/types\/product"}],"replies":[{"embeddable":true,"href":"https:\/\/www.customywear.com\/hu\/wp-json\/wp\/v2\/comments?post=136579"}],"wp:featuredmedia":[{"embeddable":true,"href":"https:\/\/www.customywear.com\/hu\/wp-json\/wp\/v2\/media\/136680"}],"wp:attachment":[{"href":"https:\/\/www.customywear.com\/hu\/wp-json\/wp\/v2\/media?parent=136579"}],"wp:term":[{"taxonomy":"product_brand","embeddable":true,"href":"https:\/\/www.customywear.com\/hu\/wp-json\/wp\/v2\/product_brand?post=136579"},{"taxonomy":"product_cat","embeddable":true,"href":"https:\/\/www.customywear.com\/hu\/wp-json\/wp\/v2\/product_cat?post=136579"},{"taxonomy":"product_tag","embeddable":true,"href":"https:\/\/www.customywear.com\/hu\/wp-json\/wp\/v2\/product_tag?post=136579"}],"curies":[{"name":"wp","href":"https:\/\/api.w.org\/{rel}","templated":true}]}}