{"id":136584,"date":"2025-07-29T13:09:19","date_gmt":"2025-07-29T13:09:19","guid":{"rendered":"https:\/\/www.customywear.com\/?post_type=product&#038;p=136584"},"modified":"2026-05-07T15:29:31","modified_gmt":"2026-05-07T15:29:31","slug":"egyedi-futo-fiuk-foto-polo","status":"publish","type":"product","link":"https:\/\/www.customywear.com\/hu\/custom-runner-jogging-boys-photo-tshirt\/","title":{"rendered":"Egyedi fut\u00f3p\u00f3l\u00f3 fi\u00faknak \u2013 Szem\u00e9lyre szabott kocog\u00f3s fot\u00f3p\u00f3l\u00f3 akt\u00edv gyerekeknek, akik im\u00e1dj\u00e1k a szabadt\u00e9ri kalandokat"},"content":{"rendered":"<p>\u00c9leszd fel a szabadt\u00e9ri kalandok ir\u00e1nti szenved\u00e9ly\u00e9t egy egyedi fut\u00f3 fi\u00fa p\u00f3l\u00f3val, amelyet a fot\u00f3ddal szem\u00e9lyre szabhatsz. Ez az egyedi p\u00f3l\u00f3 \u00e9l\u00e9nk digit\u00e1lis m\u0171alkot\u00e1ss\u00e1 var\u00e1zsolja gyermekedet, sportos, kocog\u00f3s jelenetben \u00f6r\u00f6k\u00edtve meg \u0151t. T\u00f6k\u00e9letes aj\u00e1nd\u00e9k kisfi\u00faknak, akik szeretnek futni, kocogni vagy szabadt\u00e9ri j\u00e1t\u00e9kokat j\u00e1tszani. Ide\u00e1lis sz\u00fclet\u00e9snapokra vagy egyszer\u0171en csak az akt\u00edv \u00e9letm\u00f3d \u00f6szt\u00f6nz\u00e9s\u00e9re, ez a p\u00f3l\u00f3 a szem\u00e9lyes jelent\u00e9st \u00f6tv\u00f6zi a mindennapi k\u00e9nyelemmel \u00e9s tart\u00f3ss\u00e1ggal, mindezt \u00e9l\u00e9nk, tart\u00f3s DTG nyomtat\u00e1ssal keltve \u00e9letre.<\/p>","protected":false},"excerpt":{"rendered":"<p>\u00dcnnepelje a fiatal kalandoz\u00f3kat egy egyedi fut\u00f3 p\u00f3l\u00f3val fi\u00faknak. A szem\u00e9lyre szabott kocog\u00e1s fot\u00f3p\u00f3l\u00f3k minden f\u00e9nyk\u00e9pet j\u00e1t\u00e9kos, akt\u00edv p\u00f3l\u00f3v\u00e1 var\u00e1zsolnak.<\/p>","protected":false},"featured_media":136701,"comment_status":"open","ping_status":"closed","template":"","meta":{"_acf_changed":false},"product_brand":[],"product_cat":[6189,6411,6412,6428],"product_tag":[6433,6439,6221,6330],"class_list":{"0":"post-136584","1":"product","2":"type-product","3":"status-publish","4":"has-post-thumbnail","6":"product_cat-boys-t-shirts","7":"product_cat-custom-gifts-ai-jogging-runner","8":"product_cat-photo-to-tees","9":"product_cat-translate-products","10":"product_tag-ai-artwork","11":"product_tag-ai-kids-artwork","12":"product_tag-custom-t-shirts-near-me","13":"product_tag-photo-print-t-shirt-for-boys","15":"first","16":"instock","17":"taxable","18":"shipping-taxable","19":"purchasable","20":"product-type-simple"},"acf":[],"wcpa_form_fields":null,"_links":{"self":[{"href":"https:\/\/www.customywear.com\/hu\/wp-json\/wp\/v2\/product\/136584","targetHints":{"allow":["GET"]}}],"collection":[{"href":"https:\/\/www.customywear.com\/hu\/wp-json\/wp\/v2\/product"}],"about":[{"href":"https:\/\/www.customywear.com\/hu\/wp-json\/wp\/v2\/types\/product"}],"replies":[{"embeddable":true,"href":"https:\/\/www.customywear.com\/hu\/wp-json\/wp\/v2\/comments?post=136584"}],"wp:featuredmedia":[{"embeddable":true,"href":"https:\/\/www.customywear.com\/hu\/wp-json\/wp\/v2\/media\/136701"}],"wp:attachment":[{"href":"https:\/\/www.customywear.com\/hu\/wp-json\/wp\/v2\/media?parent=136584"}],"wp:term":[{"taxonomy":"product_brand","embeddable":true,"href":"https:\/\/www.customywear.com\/hu\/wp-json\/wp\/v2\/product_brand?post=136584"},{"taxonomy":"product_cat","embeddable":true,"href":"https:\/\/www.customywear.com\/hu\/wp-json\/wp\/v2\/product_cat?post=136584"},{"taxonomy":"product_tag","embeddable":true,"href":"https:\/\/www.customywear.com\/hu\/wp-json\/wp\/v2\/product_tag?post=136584"}],"curies":[{"name":"wp","href":"https:\/\/api.w.org\/{rel}","templated":true}]}}