{"id":136589,"date":"2025-07-29T13:09:19","date_gmt":"2025-07-29T13:09:19","guid":{"rendered":"https:\/\/www.customywear.com\/?post_type=product&#038;p=136589"},"modified":"2026-05-07T15:29:25","modified_gmt":"2026-05-07T15:29:25","slug":"egyedi-futo-toddler-fiuk-foto-polo","status":"publish","type":"product","link":"https:\/\/www.customywear.com\/hu\/custom-runner-toddler-boys-photo-tshirt\/","title":{"rendered":"Egyedi fut\u00f3p\u00f3l\u00f3 kisfi\u00faknak \u2013 Szem\u00e9lyre szabott kocog\u00f3s fot\u00f3p\u00f3l\u00f3 akt\u00edv fiatal szabadt\u00e9ri kalandoroknak"},"content":{"rendered":"<p>Keltsd \u00e9letre kisgyermeked energi\u00e1j\u00e1t egyedi kocog\u00f3s \u00e9s fut\u00f3 kisfi\u00fa p\u00f3l\u00f3nkkal. Ez a fot\u00f3d alapj\u00e1n szem\u00e9lyre szabott sportos p\u00f3l\u00f3 vibr\u00e1l\u00f3 digit\u00e1lis m\u0171alkot\u00e1ss\u00e1 var\u00e1zsolja a kicsidet, aki egy fest\u0151i parkban fut vagy kocog. T\u00f6k\u00e9letes a szabadt\u00e9ri j\u00e1t\u00e9kot kedvel\u0151 kisgyermekek sz\u00e1m\u00e1ra, ez a p\u00f3l\u00f3 egy sz\u00f3rakoztat\u00f3 \u00e9s inspir\u00e1l\u00f3 aj\u00e1nd\u00e9k, amely \u00f6szt\u00f6nzi a mozg\u00e1st \u00e9s az aktivit\u00e1st. Puha, tart\u00f3s pamutb\u00f3l k\u00e9sz\u00fclt \u00e9s kiv\u00e1l\u00f3 min\u0151s\u00e9g\u0171 DTG technol\u00f3gi\u00e1val nyomtatott, tart\u00f3s k\u00e9nyelmet, \u00e9l\u00e9nk sz\u00edneket \u00e9s egyedi eml\u00e9kt\u00e1rgyat biztos\u00edt, amely megragadja j\u00e1t\u00e9kos szellem\u00e9t.<\/p>","protected":false},"excerpt":{"rendered":"<p>\u00dczemanyag-energia egy egyedi fut\u00f3 p\u00f3l\u00f3val kisgyermekek sz\u00e1m\u00e1ra. A szem\u00e9lyre szabott kocog\u00f3 fot\u00f3s p\u00f3l\u00f3k minden f\u00e9nyk\u00e9pet mer\u00e9sz, egyedi p\u00f3l\u00f3v\u00e1 alak\u00edtanak \u00e1t.<\/p>","protected":false},"featured_media":136742,"comment_status":"open","ping_status":"closed","template":"","meta":{"_acf_changed":false},"product_brand":[],"product_cat":[6209,6411,6412,6428],"product_tag":[6433,6439,6221],"class_list":{"0":"post-136589","1":"product","2":"type-product","3":"status-publish","4":"has-post-thumbnail","6":"product_cat-toddler-boy-t-shirts","7":"product_cat-custom-gifts-ai-jogging-runner","8":"product_cat-photo-to-tees","9":"product_cat-translate-products","10":"product_tag-ai-artwork","11":"product_tag-ai-kids-artwork","12":"product_tag-custom-t-shirts-near-me","14":"first","15":"instock","16":"taxable","17":"shipping-taxable","18":"purchasable","19":"product-type-simple"},"acf":[],"wcpa_form_fields":null,"_links":{"self":[{"href":"https:\/\/www.customywear.com\/hu\/wp-json\/wp\/v2\/product\/136589","targetHints":{"allow":["GET"]}}],"collection":[{"href":"https:\/\/www.customywear.com\/hu\/wp-json\/wp\/v2\/product"}],"about":[{"href":"https:\/\/www.customywear.com\/hu\/wp-json\/wp\/v2\/types\/product"}],"replies":[{"embeddable":true,"href":"https:\/\/www.customywear.com\/hu\/wp-json\/wp\/v2\/comments?post=136589"}],"wp:featuredmedia":[{"embeddable":true,"href":"https:\/\/www.customywear.com\/hu\/wp-json\/wp\/v2\/media\/136742"}],"wp:attachment":[{"href":"https:\/\/www.customywear.com\/hu\/wp-json\/wp\/v2\/media?parent=136589"}],"wp:term":[{"taxonomy":"product_brand","embeddable":true,"href":"https:\/\/www.customywear.com\/hu\/wp-json\/wp\/v2\/product_brand?post=136589"},{"taxonomy":"product_cat","embeddable":true,"href":"https:\/\/www.customywear.com\/hu\/wp-json\/wp\/v2\/product_cat?post=136589"},{"taxonomy":"product_tag","embeddable":true,"href":"https:\/\/www.customywear.com\/hu\/wp-json\/wp\/v2\/product_tag?post=136589"}],"curies":[{"name":"wp","href":"https:\/\/api.w.org\/{rel}","templated":true}]}}