{"id":136604,"date":"2025-07-29T13:09:19","date_gmt":"2025-07-29T13:09:19","guid":{"rendered":"https:\/\/www.customywear.com\/?post_type=product&#038;p=136604"},"modified":"2026-05-05T20:23:26","modified_gmt":"2026-05-05T20:23:26","slug":"egyedi-noi-futo-jogger-polo","status":"publish","type":"product","link":"https:\/\/www.customywear.com\/hu\/custom-womens-runner-jogger-tshirt\/","title":{"rendered":"Egyedi n\u0151i p\u00f3l\u00f3 fut\u00f3knak \u00e9s kocog\u00f3knak \u2013 Szem\u00e9lyre szabott aj\u00e1nd\u00e9k any\u00e1knak, n\u0151v\u00e9reknek, feles\u00e9geknek \u00e9s bar\u00e1tn\u0151knek"},"content":{"rendered":"<p>\u00dcnnepeld az akt\u00edv \u00e9letm\u00f3dot egyedi tervez\u00e9s\u0171 n\u0151i fut\u00f3- \u00e9s kocog\u00f3p\u00f3l\u00f3nkkal, amelyet saj\u00e1t fot\u00f3d alapj\u00e1n tervezt\u00fcnk. N\u0151i fut\u00f3knak, kocog\u00f3knak, any\u00e1knak, n\u0151v\u00e9reknek, feles\u00e9geknek \u00e9s bar\u00e1tn\u0151knek k\u00e9sz\u00fclt ez a szem\u00e9lyre szabott p\u00f3l\u00f3, amely a digit\u00e1lis m\u0171v\u00e9szetet pr\u00e9mium, puha pamuttal \u00f6tv\u00f6zi a tart\u00f3s k\u00e9nyelem \u00e9s vibr\u00e1l\u00e1s \u00e9rdek\u00e9ben. Ak\u00e1r t\u00far\u00e1zol, ak\u00e1r otthon pihensz, ez a t\u00f6k\u00e9letes motiv\u00e1ci\u00f3s aj\u00e1nd\u00e9k, amely tiszteleg a szabadt\u00e9ri fitnesz ir\u00e1nti szenved\u00e9ly\u00fck el\u0151tt, \u00e9s a d\u00e9delgetett eml\u00e9keket viselhet\u0151 m\u0171alkot\u00e1ss\u00e1 var\u00e1zsolja.<\/p>","protected":false},"excerpt":{"rendered":"<p>Empower women runners with a Custom Women&#8217;s T-Shirt. Personalized Gifts for Mothers, Sisters, Wives, and Girlfriends transform any photo into a sporty, unique tee.<\/p>","protected":false},"featured_media":136636,"comment_status":"open","ping_status":"closed","template":"","meta":{"_acf_changed":false},"product_brand":[],"product_cat":[6191,6411,6412,6428,75,6352],"product_tag":[6214,6433,6328,229,6215],"class_list":{"0":"post-136604","1":"product","2":"type-product","3":"status-publish","4":"has-post-thumbnail","6":"product_cat-t-shirts-women","7":"product_cat-custom-gifts-ai-jogging-runner","8":"product_cat-photo-to-tees","9":"product_cat-translate-products","10":"product_cat-women","11":"product_cat-womens-sports-t-shirts","12":"product_tag-affordable-custom-t-shirts","13":"product_tag-ai-artwork","14":"product_tag-custom-image-t-shirt-for-women","15":"product_tag-custom-tee-shirts","16":"product_tag-screen-printing-near-me","18":"first","19":"instock","20":"taxable","21":"shipping-taxable","22":"purchasable","23":"product-type-simple"},"acf":[],"wcpa_form_fields":null,"_links":{"self":[{"href":"https:\/\/www.customywear.com\/hu\/wp-json\/wp\/v2\/product\/136604","targetHints":{"allow":["GET"]}}],"collection":[{"href":"https:\/\/www.customywear.com\/hu\/wp-json\/wp\/v2\/product"}],"about":[{"href":"https:\/\/www.customywear.com\/hu\/wp-json\/wp\/v2\/types\/product"}],"replies":[{"embeddable":true,"href":"https:\/\/www.customywear.com\/hu\/wp-json\/wp\/v2\/comments?post=136604"}],"wp:featuredmedia":[{"embeddable":true,"href":"https:\/\/www.customywear.com\/hu\/wp-json\/wp\/v2\/media\/136636"}],"wp:attachment":[{"href":"https:\/\/www.customywear.com\/hu\/wp-json\/wp\/v2\/media?parent=136604"}],"wp:term":[{"taxonomy":"product_brand","embeddable":true,"href":"https:\/\/www.customywear.com\/hu\/wp-json\/wp\/v2\/product_brand?post=136604"},{"taxonomy":"product_cat","embeddable":true,"href":"https:\/\/www.customywear.com\/hu\/wp-json\/wp\/v2\/product_cat?post=136604"},{"taxonomy":"product_tag","embeddable":true,"href":"https:\/\/www.customywear.com\/hu\/wp-json\/wp\/v2\/product_tag?post=136604"}],"curies":[{"name":"wp","href":"https:\/\/api.w.org\/{rel}","templated":true}]}}