{"id":136609,"date":"2025-07-29T13:09:20","date_gmt":"2025-07-29T13:09:20","guid":{"rendered":"https:\/\/www.customywear.com\/?post_type=product&#038;p=136609"},"modified":"2026-05-05T20:24:06","modified_gmt":"2026-05-05T20:24:06","slug":"szemelyre-szabott-ferfi-futas-tshirt-foto-muveszet-ajandek","status":"publish","type":"product","link":"https:\/\/www.customywear.com\/hu\/custom-mens-running-tshirt-photo-art-gift\/","title":{"rendered":"Szem\u00e9lyre szabott f\u00e9rfi fut\u00f3p\u00f3l\u00f3 aj\u00e1nd\u00e9k kocog\u00f3knak \u2013 Fot\u00f3b\u00f3l digit\u00e1lis m\u0171v\u00e9szeti eml\u00e9k sz\u00fclet\u00e9snapokra, \u00e9vfordul\u00f3kra \u00e9s kar\u00e1csonyra"},"content":{"rendered":"<p>Emeld magasabb szintre az aj\u00e1nd\u00e9koz\u00e1st egyedi f\u00e9rfi fut\u00f3- \u00e9s kocog\u00f3p\u00f3l\u00f3nkkal, \u00e9s var\u00e1zsold \u00e1t kedvenc fot\u00f3dat szem\u00e9lyre szabott digit\u00e1lis m\u0171alkot\u00e1ss\u00e1. Szak\u00e9rt\u0151 m\u0171v\u00e9szek dinamikus sportruh\u00e1zatban \u00e1br\u00e1zolj\u00e1k a c\u00edmzettet, amint egy fest\u0151i parkon fut, motiv\u00e1ci\u00f3s eml\u00e9kt\u00e1rgyat alkotva, amely \u00fcnnepli a szabadt\u00e9ri fitnesz ir\u00e1nti szenved\u00e9ly\u00e9t. Ide\u00e1lis f\u00e9rfi kocog\u00f3k \u00e9s fitneszrajong\u00f3k sz\u00e1m\u00e1ra, ez a figyelmes aj\u00e1nd\u00e9k sz\u00fclet\u00e9snapokat, \u00e9vfordul\u00f3kat \u00e9s kar\u00e1csonyt \u00fcnnepel, minden viselettel akt\u00edv \u00e9letm\u00f3dra inspir\u00e1lva.<\/p>","protected":false},"excerpt":{"rendered":"<p>Szem\u00e9lyre szabott f\u00e9rfi fut\u00f3p\u00f3l\u00f3 \u2013 Alak\u00edtsa \u00e1t a f\u00e9nyk\u00e9pet digit\u00e1lis m\u0171v\u00e9szett\u00e9! T\u00f6k\u00e9letes aj\u00e1nd\u00e9k kocog\u00f3knak sz\u00fclet\u00e9snapokon, \u00e9vfordul\u00f3kon vagy kar\u00e1csonykor.<\/p>","protected":false},"featured_media":136615,"comment_status":"open","ping_status":"closed","template":"","meta":{"_acf_changed":false},"product_brand":[],"product_cat":[6195,6411,186,6339,6412,6428],"product_tag":[6433,6327,6216],"class_list":{"0":"post-136609","1":"product","2":"type-product","3":"status-publish","4":"has-post-thumbnail","6":"product_cat-t-shirts-men","7":"product_cat-custom-gifts-ai-jogging-runner","8":"product_cat-men","9":"product_cat-mens-sports-t-shirts","10":"product_cat-photo-to-tees","11":"product_cat-translate-products","12":"product_tag-ai-artwork","13":"product_tag-custom-photo-t-shirt-for-men","14":"product_tag-mens-custom-t-shirts","16":"first","17":"instock","18":"taxable","19":"shipping-taxable","20":"purchasable","21":"product-type-simple"},"acf":[],"wcpa_form_fields":null,"_links":{"self":[{"href":"https:\/\/www.customywear.com\/hu\/wp-json\/wp\/v2\/product\/136609","targetHints":{"allow":["GET"]}}],"collection":[{"href":"https:\/\/www.customywear.com\/hu\/wp-json\/wp\/v2\/product"}],"about":[{"href":"https:\/\/www.customywear.com\/hu\/wp-json\/wp\/v2\/types\/product"}],"replies":[{"embeddable":true,"href":"https:\/\/www.customywear.com\/hu\/wp-json\/wp\/v2\/comments?post=136609"}],"wp:featuredmedia":[{"embeddable":true,"href":"https:\/\/www.customywear.com\/hu\/wp-json\/wp\/v2\/media\/136615"}],"wp:attachment":[{"href":"https:\/\/www.customywear.com\/hu\/wp-json\/wp\/v2\/media?parent=136609"}],"wp:term":[{"taxonomy":"product_brand","embeddable":true,"href":"https:\/\/www.customywear.com\/hu\/wp-json\/wp\/v2\/product_brand?post=136609"},{"taxonomy":"product_cat","embeddable":true,"href":"https:\/\/www.customywear.com\/hu\/wp-json\/wp\/v2\/product_cat?post=136609"},{"taxonomy":"product_tag","embeddable":true,"href":"https:\/\/www.customywear.com\/hu\/wp-json\/wp\/v2\/product_tag?post=136609"}],"curies":[{"name":"wp","href":"https:\/\/api.w.org\/{rel}","templated":true}]}}