{"id":20301,"date":"2023-07-28T13:32:47","date_gmt":"2023-07-28T13:32:47","guid":{"rendered":"https:\/\/www.customywear.com\/?post_type=product&#038;p=20301"},"modified":"2026-05-07T15:29:59","modified_gmt":"2026-05-07T15:29:59","slug":"egyedi-idegen-urhajo-fiu-ing","status":"publish","type":"product","link":"https:\/\/www.customywear.com\/hu\/custom-alien-spaceship-boy-shirt\/","title":{"rendered":"Egyedi \u0171rhaj\u00f3s fi\u00fa ing | Szem\u00e9lyre szabott UFO gyerek p\u00f3l\u00f3"},"content":{"rendered":"<p>Engedd szabadj\u00e1ra gyermeked fant\u00e1zi\u00e1j\u00e1t egyedi \u0171rhaj\u00f3s fi\u00fa p\u00f3l\u00f3nkkal, egy szem\u00e9lyre szabott remekm\u0171vel, amely a csillagokon t\u00falra rep\u00edti \u0151t. Gyermeked fot\u00f3j\u00e1b\u00f3l egy mag\u00e1val ragad\u00f3 vektoros portr\u00e9t k\u00e9sz\u00edt\u00fcnk, amely im\u00e1dnival\u00f3 \u0171rl\u00e9nyk\u00e9nt \u00e1br\u00e1zolja \u0151t egy \u0171rhaj\u00f3 fed\u00e9lzet\u00e9n. Ez az egyedi \u00e9s sz\u00f3rakoztat\u00f3, egyedi p\u00f3l\u00f3 t\u00f6k\u00e9letes aj\u00e1nd\u00e9k, hogy mosolyt csalj gyermeked arc\u00e1ra \u00e9s felkeltsd a csod\u00e1latot. Elk\u00f6telezett tervez\u0151csapatunk az Adobe Illustrator \u00e9s az Adobe Photoshop kreat\u00edv erej\u00e9t kihaszn\u00e1lva z\u00f6kken\u0151mentesen \u00f6tv\u00f6zi gyermeked k\u00e9p\u00e9t a f\u00f6ld\u00f6nk\u00edv\u00fcli kalandok szesz\u00e9lyes vil\u00e1g\u00e1val. A diz\u00e1jnt fejlett DTG nyomtat\u00e1si technol\u00f3gi\u00e1val keltj\u00fck \u00e9letre, \u00e9l\u00e9nk sz\u00edneket \u00e9s kiv\u00e9teles tart\u00f3ss\u00e1got biztos\u00edtva. Hossz\u00fa \u00e9s r\u00f6vid ujj\u00fa v\u00e1ltozatban is kaphat\u00f3 uniszex p\u00f3l\u00f3ink \u200b\u200bminden koroszt\u00e1ly sz\u00e1m\u00e1ra megfelel\u0151ek, k\u00e9nyelmes viseletet \u00edg\u00e9rve minden csillagk\u00f6zi felfedez\u0151 sz\u00e1m\u00e1ra. Emeld magasabb szintre gyermeked ruhat\u00e1r\u00e1t egy szem\u00e9lyre szabott p\u00f3l\u00f3val, amely t\u00e1pl\u00e1lja k\u00edv\u00e1ncsis\u00e1g\u00e1t \u00e9s mag\u00e1val ragadja az ismeretlen var\u00e1zs\u00e1t. Kollekci\u00f3nk sz\u00e1mos olyan diz\u00e1jnt k\u00edn\u00e1l, amelyek megragadj\u00e1k a gyermekkori k\u00e9pzelet l\u00e9nyeg\u00e9t, mindegyik apr\u00f3l\u00e9kosan kidolgozott, hogy tart\u00f3s eml\u00e9ket teremtsen. Ak\u00e1r egy k\u00fcl\u00f6nleges alkalomra sz\u00f3l\u00f3 aj\u00e1nd\u00e9kr\u00f3l, ak\u00e1r a mindennapi \u00f6lt\u00f6z\u00e9k kellemes kieg\u00e9sz\u00edt\u0151j\u00e9r\u0151l van sz\u00f3, szem\u00e9lyre szabott p\u00f3l\u00f3ink \u200b\u200bviselhet\u0151 m\u0171alkot\u00e1sok, amelyek \u00f6szt\u00f6nzik a felfedez\u00e9st \u00e9s a kreativit\u00e1st.<\/p>","protected":false},"excerpt":{"rendered":"<p>Tedd gyerekedet kozmikus h\u0151ss\u00e9 egyedi idegen \u0171rhaj\u00f3s fi\u00fa ing\u00fcnkkel. Ez a szem\u00e9lyre szabott UFO Kids p\u00f3l\u00f3 minden f\u00e9nyk\u00e9pet egy evil\u00e1gon k\u00edv\u00fcli, egyedi p\u00f3l\u00f3v\u00e1 var\u00e1zsol, amely tele van sz\u00f3rakoz\u00e1ssal \u00e9s fant\u00e1zi\u00e1val.<\/p>","protected":false},"featured_media":142400,"comment_status":"open","ping_status":"closed","template":"","meta":{"_acf_changed":false},"product_brand":[],"product_cat":[6189,113,6412,6428],"product_tag":[6433,6439,65,136,137,138,141,73],"class_list":{"0":"post-20301","1":"product","2":"type-product","3":"status-publish","4":"has-post-thumbnail","6":"product_cat-boys-t-shirts","7":"product_cat-custom-gifts-alien-shirts","8":"product_cat-photo-to-tees","9":"product_cat-translate-products","10":"product_tag-ai-artwork","11":"product_tag-ai-kids-artwork","12":"product_tag-kid","13":"product_tag-science_shirt","14":"product_tag-space_shirt","15":"product_tag-t-shirt-ufo","16":"product_tag-ufo-shirt","17":"product_tag-youth-boy","19":"first","20":"instock","21":"taxable","22":"shipping-taxable","23":"purchasable","24":"product-type-simple"},"acf":[],"wcpa_form_fields":null,"_links":{"self":[{"href":"https:\/\/www.customywear.com\/hu\/wp-json\/wp\/v2\/product\/20301","targetHints":{"allow":["GET"]}}],"collection":[{"href":"https:\/\/www.customywear.com\/hu\/wp-json\/wp\/v2\/product"}],"about":[{"href":"https:\/\/www.customywear.com\/hu\/wp-json\/wp\/v2\/types\/product"}],"replies":[{"embeddable":true,"href":"https:\/\/www.customywear.com\/hu\/wp-json\/wp\/v2\/comments?post=20301"}],"wp:featuredmedia":[{"embeddable":true,"href":"https:\/\/www.customywear.com\/hu\/wp-json\/wp\/v2\/media\/142400"}],"wp:attachment":[{"href":"https:\/\/www.customywear.com\/hu\/wp-json\/wp\/v2\/media?parent=20301"}],"wp:term":[{"taxonomy":"product_brand","embeddable":true,"href":"https:\/\/www.customywear.com\/hu\/wp-json\/wp\/v2\/product_brand?post=20301"},{"taxonomy":"product_cat","embeddable":true,"href":"https:\/\/www.customywear.com\/hu\/wp-json\/wp\/v2\/product_cat?post=20301"},{"taxonomy":"product_tag","embeddable":true,"href":"https:\/\/www.customywear.com\/hu\/wp-json\/wp\/v2\/product_tag?post=20301"}],"curies":[{"name":"wp","href":"https:\/\/api.w.org\/{rel}","templated":true}]}}