{"id":20302,"date":"2023-07-28T13:32:48","date_gmt":"2023-07-28T13:32:48","guid":{"rendered":"https:\/\/www.customywear.com\/?post_type=product&#038;p=20302"},"modified":"2026-05-07T15:29:59","modified_gmt":"2026-05-07T15:29:59","slug":"egyedi-angyalfiu-szellos-ing","status":"publish","type":"product","link":"https:\/\/www.customywear.com\/hu\/custom-angel-boy-airy-shirt\/","title":{"rendered":"Egyedi angyalfi\u00fa l\u00e9gies ing | Szem\u00e9lyre szabott fantasy sz\u00e1rnyas p\u00f3l\u00f3"},"content":{"rendered":"<p>Emeld magasabbra gyermeked \u00e1lmait elb\u0171v\u00f6l\u0151, egyedi angyalfi\u00fa p\u00f3l\u00f3nkkal, egy szem\u00e9lyre szabott remekm\u0171vel, amely mennyei l\u00e9nny\u00e9 v\u00e1ltoztatja \u0151t. Gyermeked fot\u00f3j\u00e1b\u00f3l egy mag\u00e1val ragad\u00f3 vektoros portr\u00e9t k\u00e9sz\u00edt\u00fcnk, amely egy b\u00e1jos, finom sz\u00e1rny\u00fa angyalk\u00e9nt mutatja be \u0151t. Ez az egyedi \u00e9s sz\u00edvmelenget\u0151, egyedi p\u00f3l\u00f3 ide\u00e1lis aj\u00e1nd\u00e9k sz\u00fclet\u00e9snapok meg\u00fcnnepl\u00e9s\u00e9re \u00e9s a k\u00e9pzelet var\u00e1zs\u00e1nak felgy\u00fajt\u00e1s\u00e1ra. Elk\u00f6telezett tervez\u0151csapatunk az Adobe Illustrator \u00e9s az Adobe Photoshop kreat\u00edv potenci\u00e1lj\u00e1t kihaszn\u00e1lva z\u00f6kken\u0151mentesen egyes\u00edti gyermeked k\u00e9p\u00e9t a fant\u00e1zia \u00e9teri birodalm\u00e1val. A diz\u00e1jnt szak\u00e9rt\u0151i nyomtat\u00e1ssal, \u00e9lvonalbeli DTG technol\u00f3gi\u00e1val nyomtatjuk, biztos\u00edtva az \u00e9l\u00e9nk sz\u00edneket \u00e9s a kiv\u00e9teles tart\u00f3ss\u00e1got. R\u00f6vid \u00e9s hossz\u00fa ujj\u00fa v\u00e1ltozatban is kaphat\u00f3 unisex p\u00f3l\u00f3ink \u200b\u200bminden koroszt\u00e1ly sz\u00e1m\u00e1ra megfelel\u0151ek, biztos\u00edtva a k\u00e9nyelmes viseletet minden felt\u00f6rekv\u0151 angyal sz\u00e1m\u00e1ra. Adj egy csipetnyi szesz\u00e9lyt gyermeked ruhat\u00e1r\u00e1hoz egy szem\u00e9lyre szabott p\u00f3l\u00f3val, amely a gyermekkori fant\u00e1zia csod\u00e1j\u00e1t \u00fcnnepli. Kollekci\u00f3nk sz\u00e1mos olyan diz\u00e1jnt tartalmaz, amelyek megragadj\u00e1k a fant\u00e1ziad\u00fas j\u00e1t\u00e9k l\u00e9nyeg\u00e9t, mindegyik gondosan kidolgozott, hogy tart\u00f3s eml\u00e9keket teremtsen. Ak\u00e1r egy k\u00fcl\u00f6nleges sz\u00fclet\u00e9snapi meglepet\u00e9sr\u0151l, ak\u00e1r a mindennapi viselet kellemes kieg\u00e9sz\u00edt\u0151j\u00e9r\u0151l van sz\u00f3, szem\u00e9lyre szabott p\u00f3l\u00f3ink \u200b\u200bviselhet\u0151 m\u0171alkot\u00e1sok, amelyek \u00e1lmokat \u00e9s kreativit\u00e1st inspir\u00e1lnak.<\/p>","protected":false},"excerpt":{"rendered":"<p>Alak\u00edtsa \u00e1t gyermeke f\u00e9nyk\u00e9p\u00e9t egy mennyei egyedi Angel Boy Airy ingg\u00e9. Szem\u00e9lyre szabott Fantasy Wings p\u00f3l\u00f3nk angyali b\u00e1jt \u00e9s fant\u00e1ziad\u00fas sz\u00e1rnyakat k\u00f6lcs\u00f6n\u00f6z egy egyed\u00fcl\u00e1ll\u00f3 egyedi p\u00f3l\u00f3nak.<\/p>","protected":false},"featured_media":142726,"comment_status":"open","ping_status":"closed","template":"","meta":{"_acf_changed":false},"product_brand":[],"product_cat":[6189,145,6412,6428],"product_tag":[6433,6439,146,65,67,149,73],"class_list":{"0":"post-20302","1":"product","2":"type-product","3":"status-publish","4":"has-post-thumbnail","6":"product_cat-boys-t-shirts","7":"product_cat-custom-gifts-fairy-angels","8":"product_cat-photo-to-tees","9":"product_cat-translate-products","10":"product_tag-ai-artwork","11":"product_tag-ai-kids-artwork","12":"product_tag-angel_shirt","13":"product_tag-kid","14":"product_tag-kids_birthday_shirt","15":"product_tag-toddler_birthday","16":"product_tag-youth-boy","18":"first","19":"instock","20":"taxable","21":"shipping-taxable","22":"purchasable","23":"product-type-simple"},"acf":[],"wcpa_form_fields":null,"_links":{"self":[{"href":"https:\/\/www.customywear.com\/hu\/wp-json\/wp\/v2\/product\/20302","targetHints":{"allow":["GET"]}}],"collection":[{"href":"https:\/\/www.customywear.com\/hu\/wp-json\/wp\/v2\/product"}],"about":[{"href":"https:\/\/www.customywear.com\/hu\/wp-json\/wp\/v2\/types\/product"}],"replies":[{"embeddable":true,"href":"https:\/\/www.customywear.com\/hu\/wp-json\/wp\/v2\/comments?post=20302"}],"wp:featuredmedia":[{"embeddable":true,"href":"https:\/\/www.customywear.com\/hu\/wp-json\/wp\/v2\/media\/142726"}],"wp:attachment":[{"href":"https:\/\/www.customywear.com\/hu\/wp-json\/wp\/v2\/media?parent=20302"}],"wp:term":[{"taxonomy":"product_brand","embeddable":true,"href":"https:\/\/www.customywear.com\/hu\/wp-json\/wp\/v2\/product_brand?post=20302"},{"taxonomy":"product_cat","embeddable":true,"href":"https:\/\/www.customywear.com\/hu\/wp-json\/wp\/v2\/product_cat?post=20302"},{"taxonomy":"product_tag","embeddable":true,"href":"https:\/\/www.customywear.com\/hu\/wp-json\/wp\/v2\/product_tag?post=20302"}],"curies":[{"name":"wp","href":"https:\/\/api.w.org\/{rel}","templated":true}]}}