{"id":20303,"date":"2023-07-28T13:32:49","date_gmt":"2023-07-28T13:32:49","guid":{"rendered":"https:\/\/www.customywear.com\/?post_type=product&#038;p=20303"},"modified":"2026-05-07T15:29:59","modified_gmt":"2026-05-07T15:29:59","slug":"angyal-lany-tunder-polo-szemelyre-szabott","status":"publish","type":"product","link":"https:\/\/www.customywear.com\/hu\/custom-angel-girl-fairy-shirt\/","title":{"rendered":"Egyedi angyall\u00e1ny aranyos t\u00fcnd\u00e9rp\u00f3l\u00f3 | Szem\u00e9lyre szabott ifj\u00fas\u00e1gi fantasy p\u00f3l\u00f3"},"content":{"rendered":"<p>Engedd szabadj\u00e1ra gyermeked fant\u00e1zi\u00e1j\u00e1t elb\u0171v\u00f6l\u0151, egyedi angyall\u00e1ny mint\u00e1s t\u00fcnd\u00e9rp\u00f3l\u00f3nkkal, egy szem\u00e9lyre szabott remekm\u0171vel, amely \u00e9letre kelti \u00e1lmait. Tervez\u00e9si folyamatunk var\u00e1zslat\u00e1nak k\u00f6sz\u00f6nhet\u0151en gyermeked fot\u00f3j\u00e1t egy mag\u00e1val ragad\u00f3 vektoros portr\u00e9v\u00e1 alak\u00edtjuk, amely egy im\u00e1dnival\u00f3 t\u00fcnd\u00e9rk\u00e9nt \u00e1br\u00e1zolja \u0151t finom sz\u00e1rnyakkal. Ez a b\u00e1jos \u00e9s sz\u00edvmelenget\u0151, egyedi p\u00f3l\u00f3 a t\u00f6k\u00e9letes aj\u00e1nd\u00e9k \u00e1rtatlans\u00e1guk \u00e9s kreativit\u00e1suk \u00fcnnepl\u00e9s\u00e9re. Elk\u00f6telezett tervez\u0151csapatunk az Adobe Illustrator \u00e9s az Adobe Photoshop kreat\u00edv erej\u00e9t kihaszn\u00e1lva z\u00f6kken\u0151mentesen \u00f6tv\u00f6zi gyermeked k\u00e9p\u00e9t a fant\u00e1zia szesz\u00e9lyes vil\u00e1g\u00e1val. A diz\u00e1jnt a legmodernebb DTG technol\u00f3gi\u00e1val nyomtatjuk apr\u00f3l\u00e9kosan, biztos\u00edtva az \u00e9l\u00e9nk sz\u00edneket \u00e9s a kiv\u00e9teles tart\u00f3ss\u00e1got. R\u00f6vid \u00e9s hossz\u00fa ujj\u00fa v\u00e1ltozatban is kaphat\u00f3 uniszex p\u00f3l\u00f3ink \u200b\u200bminden koroszt\u00e1ly sz\u00e1m\u00e1ra megfelel\u0151ek, biztos\u00edtva a k\u00e9nyelmes viseletet minden kis \u00e1lmodoz\u00f3 sz\u00e1m\u00e1ra. Vigy\u00e9l egy csipetnyi var\u00e1zslatot gyermeked ruhat\u00e1r\u00e1ba egy szem\u00e9lyre szabott p\u00f3l\u00f3val, amely a gyermekkori fant\u00e1zia var\u00e1zs\u00e1t \u00fcnnepli. V\u00e1ltozatos kollekci\u00f3nk sz\u00e1mos olyan diz\u00e1jnt tartalmaz, amelyek megragadj\u00e1k a fant\u00e1ziad\u00fas j\u00e1t\u00e9k l\u00e9nyeg\u00e9t, mindegyik gondosan kidolgozott, hogy csod\u00e1t \u00e9s \u00f6r\u00f6met keltsen. Ak\u00e1r k\u00fcl\u00f6nleges alkalomr\u00f3l, ak\u00e1r a mindennapi \u00f6lt\u00f6z\u00e9k kellemes kieg\u00e9sz\u00edt\u0151j\u00e9r\u0151l van sz\u00f3, szem\u00e9lyre szabott p\u00f3l\u00f3ink \u200b\u200bviselhet\u0151 m\u0171alkot\u00e1sok, amelyek \u00e1lmokat inspir\u00e1lnak \u00e9s kreativit\u00e1st ind\u00edtanak el.<\/p>","protected":false},"excerpt":{"rendered":"<p>V\u00e1ltoztassa f\u00e9nyk\u00e9p\u00e9t egy var\u00e1zslatos egyedi angyall\u00e1ny aranyos t\u00fcnd\u00e9ringg\u00e9. A szem\u00e9lyre szabott ifj\u00fas\u00e1gi fant\u00e1ziap\u00f3l\u00f3 szesz\u00e9lyes t\u00fcnd\u00e9rsz\u00e1rnyakat \u00e9s var\u00e1zst ad az egyedi, elb\u0171v\u00f6l\u0151 diz\u00e1jnhoz, amelyet gyermeke im\u00e1dni fog.<\/p>","protected":false},"featured_media":142733,"comment_status":"open","ping_status":"closed","template":"","meta":{"_acf_changed":false},"product_brand":[],"product_cat":[6193,145,6412,6428],"product_tag":[6433,6439,146,65,67,149,156],"class_list":{"0":"post-20303","1":"product","2":"type-product","3":"status-publish","4":"has-post-thumbnail","6":"product_cat-girls-t-shirts","7":"product_cat-custom-gifts-fairy-angels","8":"product_cat-photo-to-tees","9":"product_cat-translate-products","10":"product_tag-ai-artwork","11":"product_tag-ai-kids-artwork","12":"product_tag-angel_shirt","13":"product_tag-kid","14":"product_tag-kids_birthday_shirt","15":"product_tag-toddler_birthday","16":"product_tag-youth-girl","18":"first","19":"instock","20":"taxable","21":"shipping-taxable","22":"purchasable","23":"product-type-simple"},"acf":[],"wcpa_form_fields":null,"_links":{"self":[{"href":"https:\/\/www.customywear.com\/hu\/wp-json\/wp\/v2\/product\/20303","targetHints":{"allow":["GET"]}}],"collection":[{"href":"https:\/\/www.customywear.com\/hu\/wp-json\/wp\/v2\/product"}],"about":[{"href":"https:\/\/www.customywear.com\/hu\/wp-json\/wp\/v2\/types\/product"}],"replies":[{"embeddable":true,"href":"https:\/\/www.customywear.com\/hu\/wp-json\/wp\/v2\/comments?post=20303"}],"wp:featuredmedia":[{"embeddable":true,"href":"https:\/\/www.customywear.com\/hu\/wp-json\/wp\/v2\/media\/142733"}],"wp:attachment":[{"href":"https:\/\/www.customywear.com\/hu\/wp-json\/wp\/v2\/media?parent=20303"}],"wp:term":[{"taxonomy":"product_brand","embeddable":true,"href":"https:\/\/www.customywear.com\/hu\/wp-json\/wp\/v2\/product_brand?post=20303"},{"taxonomy":"product_cat","embeddable":true,"href":"https:\/\/www.customywear.com\/hu\/wp-json\/wp\/v2\/product_cat?post=20303"},{"taxonomy":"product_tag","embeddable":true,"href":"https:\/\/www.customywear.com\/hu\/wp-json\/wp\/v2\/product_tag?post=20303"}],"curies":[{"name":"wp","href":"https:\/\/api.w.org\/{rel}","templated":true}]}}