{"id":20304,"date":"2023-07-28T13:32:49","date_gmt":"2023-07-28T13:32:49","guid":{"rendered":"https:\/\/www.customywear.com\/?post_type=product&#038;p=20304"},"modified":"2026-05-16T11:40:39","modified_gmt":"2026-05-16T11:40:39","slug":"egyedi-angyal-no-wings-ing","status":"publish","type":"product","link":"https:\/\/www.customywear.com\/hu\/custom-angel-woman-wings-shirt\/","title":{"rendered":"Egyedi angyaln\u0151 sz\u00e1rnyas ing | Szem\u00e9lyre szabott fantasy p\u00f3l\u00f3"},"content":{"rendered":"<p>Emeld a var\u00e1zslat \u00e9rz\u00e9s\u00e9t mag\u00e1val ragad\u00f3, sz\u00e1rnyas, egyedi angyaln\u0151 p\u00f3l\u00f3nkkal, egy szem\u00e9lyre szabott remekm\u0171vel, amely \u00e9letre kelti az \u00e9teri sz\u00e9ps\u00e9get. Tervez\u00e9si folyamatunk m\u0171v\u00e9szi megval\u00f3s\u00edt\u00e1s\u00e1val fot\u00f3dat leny\u0171g\u00f6z\u0151 vektoros portr\u00e9v\u00e1 alak\u00edtjuk, amely kecses, fens\u00e9ges sz\u00e1rnyakkal rendelkez\u0151 angyalk\u00e9nt \u00e1br\u00e1zol. Ez a leny\u0171g\u00f6z\u0151 \u00e9s sz\u00edvhez sz\u00f3l\u00f3, egyedi p\u00f3l\u00f3 egy figyelmes aj\u00e1nd\u00e9k, amely \u00fcnnepli bels\u0151 lelkedet \u00e9s egy\u00e9nis\u00e9gedet. Elk\u00f6telezett tervez\u0151csapatunk az Adobe Illustrator \u00e9s az Adobe Photoshop kreat\u00edv erej\u00e9t kihaszn\u00e1lva z\u00f6kken\u0151mentesen egyes\u00edti k\u00e9pedet a fant\u00e1zia birodalm\u00e1val. A diz\u00e1jn kifog\u00e1stalanul, a legmodernebb DTG technol\u00f3gi\u00e1val nyomtatott, \u00e9l\u00e9nk sz\u00edneket \u00e9s kiv\u00e9teles tart\u00f3ss\u00e1got biztos\u00edtva. R\u00f6vid \u00e9s hossz\u00fa ujj\u00fa v\u00e1ltozatban is kaphat\u00f3 unisex p\u00f3l\u00f3ink \u200b\u200bminden koroszt\u00e1ly sz\u00e1m\u00e1ra k\u00e9nyelmes viseletet biztos\u00edtanak. Adj egy csipetnyi mennyei eleganci\u00e1t ruhat\u00e1radhoz egy szem\u00e9lyre szabott p\u00f3l\u00f3val, amely a k\u00e9pzelet var\u00e1zs\u00e1t testes\u00edti meg. V\u00e1ltozatos kollekci\u00f3nk sz\u00e1mos olyan diz\u00e1jnt k\u00edn\u00e1l, amelyek megragadj\u00e1k a fant\u00e1zia \u00e9s az \u00f6nkifejez\u00e9s l\u00e9nyeg\u00e9t, mindegyik gondosan kidolgozott, hogy csod\u00e1latot \u00e9s csod\u00e1latot keltsen. Ak\u00e1r egyedi aj\u00e1nd\u00e9kr\u00f3l, ak\u00e1r a mindennapi \u00f6lt\u00f6z\u00e9ked b\u00e1jos kieg\u00e9sz\u00edt\u0151j\u00e9r\u0151l van sz\u00f3, szem\u00e9lyre szabott p\u00f3l\u00f3ink \u200b\u200bviselhet\u0151 m\u0171alkot\u00e1sok, amelyek bels\u0151 sz\u00e9ps\u00e9get sug\u00e1roznak \u00e9s fel\u00e9bresztik benned a csod\u00e1lat \u00e9rz\u00e9s\u00e9t.<\/p>","protected":false},"excerpt":{"rendered":"<p>Hozzon l\u00e9tre egy leny\u0171g\u00f6z\u0151 egyedi angyal n\u0151t sz\u00e1rnyas inggel b\u00e1rmilyen f\u00e9nyk\u00e9pr\u0151l. Szem\u00e9lyre szabott fantasy p\u00f3l\u00f3nk az eleganci\u00e1t \u00e9s a fant\u00e1zi\u00e1t \u00f6tv\u00f6zi egy egyedi egyedi p\u00f3l\u00f3v\u00e1.<\/p>","protected":false},"featured_media":142719,"comment_status":"open","ping_status":"closed","template":"","meta":{"_acf_changed":false},"product_brand":[],"product_cat":[6191,145,6412,6428,6358,6357,6356],"product_tag":[6214,6433,146,6328,229,6215,6442,112],"class_list":{"0":"post-20304","1":"product","2":"type-product","3":"status-publish","4":"has-post-thumbnail","6":"product_cat-t-shirts-women","7":"product_cat-custom-gifts-fairy-angels","8":"product_cat-photo-to-tees","9":"product_cat-translate-products","10":"product_cat-womens-anniversary-t-shirts","11":"product_cat-womens-birthday-t-shirts","12":"product_cat-womens-summer-t-shirts","13":"product_tag-affordable-custom-t-shirts","14":"product_tag-ai-artwork","15":"product_tag-angel_shirt","16":"product_tag-custom-image-t-shirt-for-women","17":"product_tag-custom-tee-shirts","18":"product_tag-screen-printing-near-me","19":"product_tag-top-artwork","20":"product_tag-women","22":"first","23":"instock","24":"taxable","25":"shipping-taxable","26":"purchasable","27":"product-type-simple"},"acf":[],"wcpa_form_fields":null,"_links":{"self":[{"href":"https:\/\/www.customywear.com\/hu\/wp-json\/wp\/v2\/product\/20304","targetHints":{"allow":["GET"]}}],"collection":[{"href":"https:\/\/www.customywear.com\/hu\/wp-json\/wp\/v2\/product"}],"about":[{"href":"https:\/\/www.customywear.com\/hu\/wp-json\/wp\/v2\/types\/product"}],"replies":[{"embeddable":true,"href":"https:\/\/www.customywear.com\/hu\/wp-json\/wp\/v2\/comments?post=20304"}],"wp:featuredmedia":[{"embeddable":true,"href":"https:\/\/www.customywear.com\/hu\/wp-json\/wp\/v2\/media\/142719"}],"wp:attachment":[{"href":"https:\/\/www.customywear.com\/hu\/wp-json\/wp\/v2\/media?parent=20304"}],"wp:term":[{"taxonomy":"product_brand","embeddable":true,"href":"https:\/\/www.customywear.com\/hu\/wp-json\/wp\/v2\/product_brand?post=20304"},{"taxonomy":"product_cat","embeddable":true,"href":"https:\/\/www.customywear.com\/hu\/wp-json\/wp\/v2\/product_cat?post=20304"},{"taxonomy":"product_tag","embeddable":true,"href":"https:\/\/www.customywear.com\/hu\/wp-json\/wp\/v2\/product_tag?post=20304"}],"curies":[{"name":"wp","href":"https:\/\/api.w.org\/{rel}","templated":true}]}}