{"id":20306,"date":"2023-07-28T13:32:51","date_gmt":"2023-07-28T13:32:51","guid":{"rendered":"https:\/\/www.customywear.com\/?post_type=product&#038;p=20306"},"modified":"2026-05-07T15:29:59","modified_gmt":"2026-05-07T15:29:59","slug":"egyedi-arab-lany-hidzsab-ing","status":"publish","type":"product","link":"https:\/\/www.customywear.com\/hu\/custom-arabian-girl-hijab-shirt\/","title":{"rendered":"Egyedi arab l\u00e1ny hidzs\u00e1b ing | Szem\u00e9lyre szabott kultur\u00e1lis gyerek p\u00f3l\u00f3"},"content":{"rendered":"<p>Emeld gyermeked kultur\u00e1lis utaz\u00e1s\u00e1t magasabb szintre elb\u0171v\u00f6l\u0151, egyedi arab l\u00e1ny hidzs\u00e1b p\u00f3l\u00f3nkkal, amely szem\u00e9lyre szabott tisztelg\u00e9s az arab hagyom\u00e1nyok sz\u00e9ps\u00e9ge \u00e9s kecsess\u00e9ge el\u0151tt. Tervez\u00e9si folyamatunk m\u0171v\u00e9szi \u00e9rint\u00e9s\u00e9vel gyermeked fot\u00f3j\u00e1t mag\u00e1val ragad\u00f3 vektoros portr\u00e9v\u00e1 alak\u00edtjuk, amelyen egy pomp\u00e1s arab hagyom\u00e1nyos ruh\u00e1ban \u00e9s hidzs\u00e1bbal \u00e1br\u00e1zoljuk. Ez az egyedi \u00e9s sz\u00edvhez sz\u00f3l\u00f3, egyedi p\u00f3l\u00f3 egy jelent\u0151s\u00e9gteljes aj\u00e1nd\u00e9k, amely a kultur\u00e1lis soksz\u00edn\u0171s\u00e9get \u00fcnnepli \u00e9s kultur\u00e1lis b\u00fcszkes\u00e9get kelt. Az Adobe Illustrator \u00e9s az Adobe Photoshop kreat\u00edv erej\u00e9t kihaszn\u00e1lva szak\u00e9rt\u0151 tervez\u0151csapatunk apr\u00f3l\u00e9kosan megalkotja gyermeked k\u00e9p\u00e9nek \u00e9s az arab eszt\u00e9tika bonyolult r\u00e9szleteinek harmonikus f\u00fazi\u00f3j\u00e1t. A legmodernebb DTG nyomtat\u00e1si technol\u00f3gi\u00e1t alkalmazva biztos\u00edtjuk, hogy a diz\u00e1jn felt\u0171n\u0151 sz\u00ednekkel \u00e9s tart\u00f3s min\u0151s\u00e9ggel b\u00fcszk\u00e9lkedhessen. R\u00f6vid \u00e9s hossz\u00fa ujj\u00fa v\u00e1ltozatban is kaphat\u00f3 unisex p\u00f3l\u00f3ink \u200b\u200bminden koroszt\u00e1ly sz\u00e1m\u00e1ra megfelel\u0151ek, k\u00e9nyelmes \u00e9s st\u00edlusos viseletet biztos\u00edtva. \u00dcnnepeld az \u00f6r\u00f6ks\u00e9g gazdags\u00e1g\u00e1t \u00e9s a kultur\u00e1lis kifejez\u00e9s sz\u00e9ps\u00e9g\u00e9t egy szem\u00e9lyre szabott p\u00f3l\u00f3val, amely z\u00f6kken\u0151mentesen \u00f6tv\u00f6zi a hagyom\u00e1nyt a kort\u00e1rs st\u00edlussal. Kiterjedt kollekci\u00f3nk sz\u00e1mtalan olyan diz\u00e1jnt mutat be, amelyek tisztelegnek a k\u00fcl\u00f6nb\u00f6z\u0151 kult\u00far\u00e1k el\u0151tt, mindegyik apr\u00f3l\u00e9kosan kidolgozott, hogy el\u0151seg\u00edtse a kultur\u00e1lis megbecs\u00fcl\u00e9st \u00e9s er\u0151s\u00edtse az identit\u00e1studatot. Ak\u00e1r egy becses eml\u00e9kt\u00e1rgyr\u00f3l, ak\u00e1r egy divatos kieg\u00e9sz\u00edt\u0151r\u0151l van sz\u00f3 a ruhat\u00e1rukban, szem\u00e9lyre szabott p\u00f3l\u00f3ink \u200b\u200bviselhet\u0151 bizony\u00edt\u00e9kai a kultur\u00e1lis b\u00fcszkes\u00e9gnek \u00e9s egys\u00e9gnek, \u00e1thidalva a gener\u00e1ci\u00f3k k\u00f6z\u00f6tti szakad\u00e9kot, \u00e9s arra inspir\u00e1lva a fiatal elm\u00e9ket, hogy befogadj\u00e1k a k\u00f6r\u00fcl\u00f6tt\u00fck l\u00e9v\u0151 vil\u00e1got.<\/p>","protected":false},"excerpt":{"rendered":"<p>V\u00e1ltoztassa f\u00e9nyk\u00e9p\u00e9t egy gy\u00f6ny\u00f6r\u0171, egyedi arab l\u00e1ny hidzs\u00e1b ingg\u00e9. Szem\u00e9lyre szabott Cultural Kids p\u00f3l\u00f3nk a hagyom\u00e1nyokat \u00e9s a b\u00e1jt emeli ki egy egyed\u00fcl\u00e1ll\u00f3 egyedi p\u00f3l\u00f3ban.<\/p>","protected":false},"featured_media":142482,"comment_status":"open","ping_status":"closed","template":"","meta":{"_acf_changed":false},"product_brand":[],"product_cat":[6193,179,6412,6428],"product_tag":[6433,6439,64,65,67,156],"class_list":{"0":"post-20306","1":"product","2":"type-product","3":"status-publish","4":"has-post-thumbnail","6":"product_cat-girls-t-shirts","7":"product_cat-custom-gifts-arabic-culture","8":"product_cat-photo-to-tees","9":"product_cat-translate-products","10":"product_tag-ai-artwork","11":"product_tag-ai-kids-artwork","12":"product_tag-country_shirts","13":"product_tag-kid","14":"product_tag-kids_birthday_shirt","15":"product_tag-youth-girl","17":"first","18":"instock","19":"taxable","20":"shipping-taxable","21":"purchasable","22":"product-type-simple"},"acf":[],"wcpa_form_fields":null,"_links":{"self":[{"href":"https:\/\/www.customywear.com\/hu\/wp-json\/wp\/v2\/product\/20306","targetHints":{"allow":["GET"]}}],"collection":[{"href":"https:\/\/www.customywear.com\/hu\/wp-json\/wp\/v2\/product"}],"about":[{"href":"https:\/\/www.customywear.com\/hu\/wp-json\/wp\/v2\/types\/product"}],"replies":[{"embeddable":true,"href":"https:\/\/www.customywear.com\/hu\/wp-json\/wp\/v2\/comments?post=20306"}],"wp:featuredmedia":[{"embeddable":true,"href":"https:\/\/www.customywear.com\/hu\/wp-json\/wp\/v2\/media\/142482"}],"wp:attachment":[{"href":"https:\/\/www.customywear.com\/hu\/wp-json\/wp\/v2\/media?parent=20306"}],"wp:term":[{"taxonomy":"product_brand","embeddable":true,"href":"https:\/\/www.customywear.com\/hu\/wp-json\/wp\/v2\/product_brand?post=20306"},{"taxonomy":"product_cat","embeddable":true,"href":"https:\/\/www.customywear.com\/hu\/wp-json\/wp\/v2\/product_cat?post=20306"},{"taxonomy":"product_tag","embeddable":true,"href":"https:\/\/www.customywear.com\/hu\/wp-json\/wp\/v2\/product_tag?post=20306"}],"curies":[{"name":"wp","href":"https:\/\/api.w.org\/{rel}","templated":true}]}}