{"id":20307,"date":"2023-07-28T13:32:53","date_gmt":"2023-07-28T13:32:53","guid":{"rendered":"https:\/\/www.customywear.com\/?post_type=product&#038;p=20307"},"modified":"2026-05-05T20:24:12","modified_gmt":"2026-05-05T20:24:12","slug":"egyedi-arab-ferfi-ing","status":"publish","type":"product","link":"https:\/\/www.customywear.com\/hu\/custom-arabian-man-shirt\/","title":{"rendered":"Egyedi arab f\u00e9rfi ing | Szem\u00e9lyre szabott utaz\u00e1si szerelmes p\u00f3l\u00f3"},"content":{"rendered":"<p>Indulj egy szem\u00e9lyre szabott st\u00edlus- \u00e9s kultur\u00e1lis utaz\u00e1sra gy\u00f6ny\u00f6r\u0171, egyedi arab f\u00e9rfi p\u00f3l\u00f3nkkal, amelyet a hagyom\u00e1nyok \u00e9s a v\u00e1ndorl\u00e1s ir\u00e1nti v\u00e1gy esszenci\u00e1j\u00e1nak megragad\u00e1s\u00e1ra tervezt\u00fcnk. K\u00e9pzett k\u00e9zm\u0171veseink az Adobe Illustrator \u00e9s az Adobe Photoshop erej\u00e9t haszn\u00e1lj\u00e1k, hogy fot\u00f3idat mag\u00e1val ragad\u00f3 vektoros portr\u00e9kk\u00e1 alak\u00edts\u00e1k, amelyek \u00e9letre keltik a hagyom\u00e1nyos arab viselet var\u00e1zs\u00e1t. Ez az egyedi, egyedi p\u00f3l\u00f3 nemcsak divatdikt\u00e1tor, hanem becses eml\u00e9k is az utaz\u00e1si \u00e9s a kultur\u00e1lis rajong\u00f3k sz\u00e1m\u00e1ra egyar\u00e1nt. K\u00e9nyeztesd magad az arab \u00f6r\u00f6ks\u00e9g var\u00e1zs\u00e1ban egy csipetnyi kort\u00e1rs divattal. A csapatunk \u00e1ltal apr\u00f3l\u00e9kosan kidolgozott pr\u00e9mium vektorgrafika mind a r\u00f6vid, mind a hossz\u00fa ujj\u00fa uniszex p\u00f3l\u00f3inkat d\u00edsz\u00edti. A bonyolult r\u00e9szleteket \u00e9s az \u00e9l\u00e9nk sz\u00edneket a fejlett DTG nyomtat\u00e1si technol\u00f3gia kelti \u00e9letre, biztos\u00edtva, hogy szem\u00e9lyre szabott p\u00f3l\u00f3d p\u00e1ratlan min\u0151s\u00e9get \u00e9s st\u00edlust sug\u00e1rozzon. Ak\u00e1r t\u00e1voli vid\u00e9keket fedezel fel, ak\u00e1r egyszer\u0171en csak a kultur\u00e1lis gy\u00f6kereidet \u00e1polod, ez az egyedi p\u00f3l\u00f3 sokoldal\u00fa kieg\u00e9sz\u00edt\u0151je lesz ruhat\u00e1radnak. \u00dcnnepeld az utaz\u00e1s, a kult\u00fara \u00e9s az \u00f6nkifejez\u00e9s ir\u00e1nti szeretetedet egy szem\u00e9lyre szabott p\u00f3l\u00f3val, amely a kaland \u00e9s a soksz\u00edn\u0171s\u00e9g szellem\u00e9t testes\u00edti meg. Minden egyes ing a m\u0171v\u00e9szi lelem\u00e9nyess\u00e9g v\u00e1szonja, amely arra h\u00edv, hogy mutasd meg egyedi identit\u00e1sodat \u00e9s szenved\u00e9lyeidet. Kollekci\u00f3nk t\u00fall\u00e9p a hat\u00e1rokon, \u00e9s sz\u00e1mos diz\u00e1jnt k\u00edn\u00e1l, amelyek feln\u0151tteknek, fiataloknak, gyerekeknek \u00e9s kisgyermekeknek egyar\u00e1nt megfelelnek. Engedd, hogy ruh\u00e1id sokat el\u00e1ruljanak az egy\u00e9nis\u00e9gedr\u0151l, mik\u00f6zben \u00e1polod azokat az eml\u00e9keket, amelyek inspir\u00e1lt\u00e1k \u0151ket.<\/p>","protected":false},"excerpt":{"rendered":"<p>\u00c9letre kelt minden f\u00e9nyk\u00e9pet egy egyedi arab f\u00e9rfi ingen. A szem\u00e9lyre szabott utaz\u00e1sszeret\u0151 p\u00f3l\u00f3 a kultur\u00e1lis hangulatot \u00e9s a kalandot egyedi, egyedi p\u00f3l\u00f3diz\u00e1jnn\u00e1 \u00f6tv\u00f6zi.<\/p>","protected":false},"featured_media":142461,"comment_status":"open","ping_status":"closed","template":"","meta":{"_acf_changed":false},"product_brand":[],"product_cat":[6195,6157,6156,179,186,6345,6412,6428],"product_tag":[6433,193,6216,209],"class_list":{"0":"post-20307","1":"product","2":"type-product","3":"status-publish","4":"has-post-thumbnail","6":"product_cat-t-shirts-men","7":"product_cat-country","8":"product_cat-culture","9":"product_cat-custom-gifts-arabic-culture","10":"product_cat-men","11":"product_cat-mens-country-culture-t-shirts","12":"product_cat-photo-to-tees","13":"product_cat-translate-products","14":"product_tag-ai-artwork","15":"product_tag-boyfriend_gift","16":"product_tag-mens-custom-t-shirts","17":"product_tag-travel_lover_gift","19":"first","20":"instock","21":"taxable","22":"shipping-taxable","23":"purchasable","24":"product-type-simple"},"acf":[],"wcpa_form_fields":null,"_links":{"self":[{"href":"https:\/\/www.customywear.com\/hu\/wp-json\/wp\/v2\/product\/20307","targetHints":{"allow":["GET"]}}],"collection":[{"href":"https:\/\/www.customywear.com\/hu\/wp-json\/wp\/v2\/product"}],"about":[{"href":"https:\/\/www.customywear.com\/hu\/wp-json\/wp\/v2\/types\/product"}],"replies":[{"embeddable":true,"href":"https:\/\/www.customywear.com\/hu\/wp-json\/wp\/v2\/comments?post=20307"}],"wp:featuredmedia":[{"embeddable":true,"href":"https:\/\/www.customywear.com\/hu\/wp-json\/wp\/v2\/media\/142461"}],"wp:attachment":[{"href":"https:\/\/www.customywear.com\/hu\/wp-json\/wp\/v2\/media?parent=20307"}],"wp:term":[{"taxonomy":"product_brand","embeddable":true,"href":"https:\/\/www.customywear.com\/hu\/wp-json\/wp\/v2\/product_brand?post=20307"},{"taxonomy":"product_cat","embeddable":true,"href":"https:\/\/www.customywear.com\/hu\/wp-json\/wp\/v2\/product_cat?post=20307"},{"taxonomy":"product_tag","embeddable":true,"href":"https:\/\/www.customywear.com\/hu\/wp-json\/wp\/v2\/product_tag?post=20307"}],"curies":[{"name":"wp","href":"https:\/\/api.w.org\/{rel}","templated":true}]}}