{"id":20308,"date":"2023-07-28T13:32:55","date_gmt":"2023-07-28T13:32:55","guid":{"rendered":"https:\/\/www.customywear.com\/?post_type=product&#038;p=20308"},"modified":"2026-05-05T20:23:37","modified_gmt":"2026-05-05T20:23:37","slug":"egyedi-arab-noi-ing","status":"publish","type":"product","link":"https:\/\/www.customywear.com\/hu\/custom-arabian-woman-shirt\/","title":{"rendered":"Egyedi arab n\u0151i ing | Szem\u00e9lyre szabott arab bar\u00e1tn\u0151 hidzs\u00e1b p\u00f3l\u00f3"},"content":{"rendered":"<p>Emeld magasabb szintre st\u00edlusodat leny\u0171g\u00f6z\u0151, egyedi arab n\u0151i ing\u00fcnkkel, egy szem\u00e9lyre szabott remekm\u0171vel, amely \u00f6tv\u00f6zi a hagyom\u00e1nyt \u00e9s a kort\u00e1rs m\u0171v\u00e9szetet. Fot\u00f3d \u00e9s szak\u00e9rt\u0151k \u00e1ltal k\u00e9sz\u00edtett vektoros portr\u00e9ink f\u00fazi\u00f3j\u00e1val megtestes\u00edtheted a hagyom\u00e1nyos arab ruha eleganci\u00e1j\u00e1t egy egyedi p\u00f3l\u00f3 modern var\u00e1zs\u00e1val p\u00e1ros\u00edtva. Ez az egyedi \u00e9s \u00e1tgondolt diz\u00e1jn kiv\u00e9teles aj\u00e1nd\u00e9k, t\u00f6k\u00e9letes utaz\u00e1si rajong\u00f3k \u00e9s kultur\u00e1lis felfedez\u0151k sz\u00e1m\u00e1ra. Tapasztald meg a technol\u00f3gia \u00e9s a kreativit\u00e1s szinergi\u00e1j\u00e1t, mik\u00f6zben az Adobe Illustrator \u00e9s az Adobe Photoshop seg\u00edts\u00e9g\u00e9vel fot\u00f3dat hordhat\u00f3 m\u0171alkot\u00e1ss\u00e1 alak\u00edtjuk. Egyedi p\u00f3l\u00f3nk pr\u00e9mium vektorgrafik\u00e1val b\u00fcszk\u00e9lkedhet, amelyet apr\u00f3l\u00e9kosan v\u00e1logatottan v\u00e1logattunk \u00f6ssze, hogy megragadja az arab \u00f6r\u00f6ks\u00e9g l\u00e9nyeg\u00e9t. A fejlett DTG nyomtat\u00e1si technol\u00f3gi\u00e1nak k\u00f6sz\u00f6nhet\u0151en a bonyolult r\u00e9szletek \u00e9s az \u00e9l\u00e9nk sz\u00ednek \u00e9letre kelnek, biztos\u00edtva, hogy szem\u00e9lyre szabott p\u00f3l\u00f3d a kiv\u00e1l\u00f3 k\u00e9zm\u0171vess\u00e9g bizony\u00edt\u00e9ka legyen. \u00dcnnepeld a soksz\u00edn\u0171s\u00e9get \u00e9s az \u00f6nkifejez\u00e9st egy uniszex feln\u0151tt r\u00f6vid \u00e9s hossz\u00fa ujj\u00fa p\u00f3l\u00f3diz\u00e1jnnal, amely \u00e1tl\u00e9pi a hat\u00e1rokat. Kollekci\u00f3nk feln\u0151ttek \u00e9s fiatalok, valamint gyerekek \u00e9s kisgyermekek sz\u00e1m\u00e1ra egyar\u00e1nt el\u00e9rhet\u0151, \u00e9s sz\u00e9les v\u00e1laszt\u00e9kot k\u00edn\u00e1l minden egy\u00e9n sz\u00e1m\u00e1ra. A min\u0151s\u00e9g ir\u00e1nti elk\u00f6telezetts\u00e9g\u00fcnk, valamint a saj\u00e1t, egyedi st\u00edlusoddal val\u00f3 szem\u00e9lyre szab\u00e1s lehet\u0151s\u00e9ge teszi ezt a p\u00f3l\u00f3t ruhat\u00e1rad becses kieg\u00e9sz\u00edt\u0151j\u00e9v\u00e9. Fejezd ki a kult\u00fara, a divat \u00e9s az egy\u00e9nis\u00e9g ir\u00e1nti szeretetedet egy egyedi p\u00f3l\u00f3val, amely elmes\u00e9li a t\u00f6rt\u00e9netedet.<\/p>","protected":false},"excerpt":{"rendered":"<p>V\u00e1ltoztassa f\u00e9nyk\u00e9p\u00e9t egy gy\u00f6ny\u00f6r\u0171 egyedi arab n\u0151i ingr\u00e9. A szem\u00e9lyre szabott Arab Girlfriend Hijab p\u00f3l\u00f3 eleganci\u00e1t \u00e9s kultur\u00e1lis b\u00fcszkes\u00e9get mutat be egy egyedi p\u00f3l\u00f3n.<\/p>","protected":false},"featured_media":142468,"comment_status":"open","ping_status":"closed","template":"","meta":{"_acf_changed":false},"product_brand":[],"product_cat":[6191,179,6412,6428,6355],"product_tag":[6214,6433,229,6215,209,112],"class_list":{"0":"post-20308","1":"product","2":"type-product","3":"status-publish","4":"has-post-thumbnail","6":"product_cat-t-shirts-women","7":"product_cat-custom-gifts-arabic-culture","8":"product_cat-photo-to-tees","9":"product_cat-translate-products","10":"product_cat-womens-culture-country-t-shirts","11":"product_tag-affordable-custom-t-shirts","12":"product_tag-ai-artwork","13":"product_tag-custom-tee-shirts","14":"product_tag-screen-printing-near-me","15":"product_tag-travel_lover_gift","16":"product_tag-women","18":"first","19":"instock","20":"taxable","21":"shipping-taxable","22":"purchasable","23":"product-type-simple"},"acf":[],"wcpa_form_fields":null,"_links":{"self":[{"href":"https:\/\/www.customywear.com\/hu\/wp-json\/wp\/v2\/product\/20308","targetHints":{"allow":["GET"]}}],"collection":[{"href":"https:\/\/www.customywear.com\/hu\/wp-json\/wp\/v2\/product"}],"about":[{"href":"https:\/\/www.customywear.com\/hu\/wp-json\/wp\/v2\/types\/product"}],"replies":[{"embeddable":true,"href":"https:\/\/www.customywear.com\/hu\/wp-json\/wp\/v2\/comments?post=20308"}],"wp:featuredmedia":[{"embeddable":true,"href":"https:\/\/www.customywear.com\/hu\/wp-json\/wp\/v2\/media\/142468"}],"wp:attachment":[{"href":"https:\/\/www.customywear.com\/hu\/wp-json\/wp\/v2\/media?parent=20308"}],"wp:term":[{"taxonomy":"product_brand","embeddable":true,"href":"https:\/\/www.customywear.com\/hu\/wp-json\/wp\/v2\/product_brand?post=20308"},{"taxonomy":"product_cat","embeddable":true,"href":"https:\/\/www.customywear.com\/hu\/wp-json\/wp\/v2\/product_cat?post=20308"},{"taxonomy":"product_tag","embeddable":true,"href":"https:\/\/www.customywear.com\/hu\/wp-json\/wp\/v2\/product_tag?post=20308"}],"curies":[{"name":"wp","href":"https:\/\/api.w.org\/{rel}","templated":true}]}}