{"id":20311,"date":"2023-07-28T13:32:57","date_gmt":"2023-07-28T13:32:57","guid":{"rendered":"https:\/\/www.customywear.com\/?post_type=product&#038;p=20311"},"modified":"2026-05-07T15:29:59","modified_gmt":"2026-05-07T15:29:59","slug":"egyedi-urhajos-fiu-ing","status":"publish","type":"product","link":"https:\/\/www.customywear.com\/hu\/custom-astronaut-boy-shirt\/","title":{"rendered":"Egyedi \u0171rhaj\u00f3s fi\u00fa p\u00f3l\u00f3 | Szem\u00e9lyre szabott holdrasz\u00e1ll\u00f3 p\u00f3l\u00f3 fiatal gyereknek"},"content":{"rendered":"<p>Gy\u00fajtsd fel a k\u00edv\u00e1ncsis\u00e1g \u00e9s a felfedez\u00e9s szikr\u00e1j\u00e1t ifj\u00fa kalandorodban mag\u00e1val ragad\u00f3, egyedi \u0171rhaj\u00f3s fi\u00fa p\u00f3l\u00f3nkkal, amely szem\u00e9lyre szabott tisztelg\u00e9s a csillagokon t\u00falra ny\u00fal\u00f3 \u00e1lmok el\u0151tt. Gyermeked fot\u00f3j\u00e1nak erej\u00e9t kihaszn\u00e1lva, szak\u00e9rt\u0151 m\u00f3don k\u00e9sz\u00edt\u00fcnk egy vektorportr\u00e9t, amely f\u00e9lelem n\u00e9lk\u00fcli \u0171rhaj\u00f3ss\u00e1 v\u00e1ltoztatja \u0151t, amint b\u00e1tran lesz\u00e1ll egy t\u00e1voli holdbolyg\u00f3ra. Ez a fant\u00e1ziad\u00fas design tart\u00f3s inspir\u00e1ci\u00f3forr\u00e1sk\u00e9nt szolg\u00e1l, \u00edgy a t\u00f6k\u00e9letes aj\u00e1nd\u00e9k a fiatal l\u00e1tnokok \u00e9s kozmikus \u00e1lmodoz\u00f3k sz\u00e1m\u00e1ra, akik az univerzum felfedez\u00e9s\u00e9re v\u00e1gynak. Mer\u00fclj el a legmodernebb technol\u00f3gia \u00e9s a m\u0171v\u00e9szi tal\u00e1l\u00e9konys\u00e1g szinergi\u00e1j\u00e1ban, mik\u00f6zben az Adobe Illustrator \u00e9s az Adobe Photoshop k\u00e9pess\u00e9geit kihaszn\u00e1lva gyermeked fot\u00f3j\u00e1t figyelemre m\u00e9lt\u00f3 m\u0171alkot\u00e1ss\u00e1 emelj\u00fck. Egyedi p\u00f3l\u00f3nk pr\u00e9mium vektoros illusztr\u00e1ci\u00f3kat mutat be, bonyolultan megragadva az \u0171rkutat\u00e1s \u00e9s a felfedez\u00e9s szellem\u00e9t. A fejlett DTG nyomtat\u00e1si technik\u00e1k alkalmaz\u00e1s\u00e1val minden r\u00e9szlet \u00e9s sz\u00edn\u00e1rnyalat \u00e9letre kel, biztos\u00edtva, hogy szem\u00e9lyre szabott p\u00f3l\u00f3d a k\u00e9zm\u0171vess\u00e9g \u00e9s a kreativit\u00e1s cs\u00facs\u00e1t testes\u00edtse meg. A k\u00edv\u00e1ncsis\u00e1g \u00e9s a csoda szellem\u00e9t \u00fcnnepelve tervezett uniszex ifj\u00fas\u00e1gi r\u00f6vid \u00e9s hossz\u00fa ujj\u00fa p\u00f3l\u00f3 kollekci\u00f3nk k\u00fcl\u00f6nb\u00f6z\u0151 m\u00e9retekben kaphat\u00f3, k\u00fcl\u00f6nb\u00f6z\u0151 koroszt\u00e1lyok sz\u00e1m\u00e1ra. Sokoldal\u00fa diz\u00e1jnjaink biztos\u00edtj\u00e1k, hogy fiatal felfedez\u0151d b\u00e1rmilyen alkalomra b\u00fcszk\u00e9n mutassa be szem\u00e9lyre szabott alkot\u00e1s\u00e1t. \u00dcnnepeld hat\u00e1rtalan k\u00e9pzel\u0151erej\u00e9t \u00e9s a kozmosz ir\u00e1nti szenved\u00e9ly\u00e9t egy egyedi p\u00f3l\u00f3val, amely tiszteletben tartja egy\u00e9nis\u00e9g\u00fcket \u00e9s t\u00e1pl\u00e1lja kozmikus amb\u00edci\u00f3ikat.<\/p>","protected":false},"excerpt":{"rendered":"<p>Tedd gyermekedet felfedez\u0151v\u00e9 egy egyedi \u0171rhaj\u00f3s fi\u00fa ingben. A szem\u00e9lyre szabott fiatal gyerek, a Moon Landing p\u00f3l\u00f3 minden f\u00e9nyk\u00e9pet \u0171rt\u00e9m\u00e1j\u00fa, evil\u00e1gon k\u00edv\u00fcli p\u00f3l\u00f3v\u00e1 var\u00e1zsol.<\/p>","protected":false},"featured_media":142503,"comment_status":"open","ping_status":"closed","template":"","meta":{"_acf_changed":false},"product_brand":[],"product_cat":[6189,248,6412,6428],"product_tag":[6433,6439,249],"class_list":{"0":"post-20311","1":"product","2":"type-product","3":"status-publish","4":"has-post-thumbnail","6":"product_cat-boys-t-shirts","7":"product_cat-custom-gifts-astronauts","8":"product_cat-photo-to-tees","9":"product_cat-translate-products","10":"product_tag-ai-artwork","11":"product_tag-ai-kids-artwork","12":"product_tag-astronaut-tees","14":"first","15":"instock","16":"taxable","17":"shipping-taxable","18":"purchasable","19":"product-type-simple"},"acf":[],"wcpa_form_fields":null,"_links":{"self":[{"href":"https:\/\/www.customywear.com\/hu\/wp-json\/wp\/v2\/product\/20311","targetHints":{"allow":["GET"]}}],"collection":[{"href":"https:\/\/www.customywear.com\/hu\/wp-json\/wp\/v2\/product"}],"about":[{"href":"https:\/\/www.customywear.com\/hu\/wp-json\/wp\/v2\/types\/product"}],"replies":[{"embeddable":true,"href":"https:\/\/www.customywear.com\/hu\/wp-json\/wp\/v2\/comments?post=20311"}],"wp:featuredmedia":[{"embeddable":true,"href":"https:\/\/www.customywear.com\/hu\/wp-json\/wp\/v2\/media\/142503"}],"wp:attachment":[{"href":"https:\/\/www.customywear.com\/hu\/wp-json\/wp\/v2\/media?parent=20311"}],"wp:term":[{"taxonomy":"product_brand","embeddable":true,"href":"https:\/\/www.customywear.com\/hu\/wp-json\/wp\/v2\/product_brand?post=20311"},{"taxonomy":"product_cat","embeddable":true,"href":"https:\/\/www.customywear.com\/hu\/wp-json\/wp\/v2\/product_cat?post=20311"},{"taxonomy":"product_tag","embeddable":true,"href":"https:\/\/www.customywear.com\/hu\/wp-json\/wp\/v2\/product_tag?post=20311"}],"curies":[{"name":"wp","href":"https:\/\/api.w.org\/{rel}","templated":true}]}}