{"id":20312,"date":"2023-07-28T13:32:58","date_gmt":"2023-07-28T13:32:58","guid":{"rendered":"https:\/\/www.customywear.com\/?post_type=product&#038;p=20312"},"modified":"2026-05-07T15:29:59","modified_gmt":"2026-05-07T15:29:59","slug":"egyedi-urhajos-lany-ing","status":"publish","type":"product","link":"https:\/\/www.customywear.com\/hu\/custom-astronaut-girl-shirt\/","title":{"rendered":"Egyedi \u0171rhaj\u00f3s l\u00e1ny p\u00f3l\u00f3 | Szem\u00e9lyre szabott Little Sister Alien Moon p\u00f3l\u00f3"},"content":{"rendered":"<p>Engedd l\u00e1ngra kis kalandorod hat\u00e1rtalan k\u00e9pzelet\u00e9t elb\u0171v\u00f6l\u0151, egyedi \u0171rhaj\u00f3s l\u00e1nyp\u00f3l\u00f3nkkal, amely szem\u00e9lyre szabott tisztelg\u00e9s a csillagokon t\u00falra sz\u00e1rnyal\u00f3 \u00e1lmok el\u0151tt. Gyermeked fot\u00f3j\u00e1nak var\u00e1zs\u00e1t kihaszn\u00e1lva szak\u00e9rt\u0151 m\u00f3don k\u00e9sz\u00edt\u00fcnk egy mag\u00e1val ragad\u00f3 vektorportr\u00e9t, amely f\u00e9lelem n\u00e9lk\u00fcli \u0171rhaj\u00f3ss\u00e1 v\u00e1ltoztatja \u0151t, amint egy t\u00falvil\u00e1gi holdat fedez fel. Ez a fant\u00e1ziad\u00fas design id\u0151tlen inspir\u00e1ci\u00f3s forr\u00e1sk\u00e9nt szolg\u00e1l, \u00edgy a t\u00f6k\u00e9letes aj\u00e1nd\u00e9k a fiatal l\u00e1tnokok \u00e9s kozmikus \u00e1lmodoz\u00f3k sz\u00e1m\u00e1ra, akik az eget v\u00e1gyj\u00e1k el\u00e9rni. K\u00e9pzett k\u00e9zm\u0171veseink a legmodernebb technol\u00f3gia \u00e9s a m\u0171v\u00e9szi mesters\u00e9g szinergi\u00e1j\u00e1t kihaszn\u00e1lva, az Adobe Illustrator \u00e9s az Adobe Photoshop erej\u00e9t felhaszn\u00e1lva gyermeked fot\u00f3j\u00e1t figyelemre m\u00e9lt\u00f3 m\u0171alkot\u00e1ss\u00e1 emelik. Az egyedi p\u00f3l\u00f3 pr\u00e9mium vektoros illusztr\u00e1ci\u00f3kat mutat be, bonyolultan megragadva az \u0171rkutat\u00e1s \u00e9s -felfedez\u00e9s szellem\u00e9t. A fejlett DTG nyomtat\u00e1si technik\u00e1knak k\u00f6sz\u00f6nhet\u0151en minden r\u00e9szlet \u00e9s sz\u00edn\u00e1rnyalat \u00e9letre kel, biztos\u00edtva, hogy szem\u00e9lyre szabott p\u00f3l\u00f3d a k\u00e9zm\u0171vess\u00e9g \u00e9s a kreativit\u00e1s cs\u00facs\u00e1t testes\u00edtse meg. A k\u00edv\u00e1ncsis\u00e1g \u00e9s a csoda szellem\u00e9t megragadva tervezett unisex ifj\u00fas\u00e1gi r\u00f6vid \u00e9s hossz\u00fa ujj\u00fa p\u00f3l\u00f3 kollekci\u00f3nk sz\u00e1mos m\u00e9retben kaphat\u00f3, \u00edgy t\u00f6k\u00e9letesen megfelel a k\u00fcl\u00f6nb\u00f6z\u0151 koroszt\u00e1lyok sz\u00e1m\u00e1ra. Sokoldal\u00fa diz\u00e1jnjaink lehet\u0151v\u00e9 teszik, hogy fiatal felfedez\u0151d b\u00fcszk\u00e9n mutassa be egyedi alkot\u00e1sait b\u00e1rmilyen alkalomra. \u00dcnnepeld hat\u00e1rtalan k\u00e9pzelet\u00e9t \u00e9s a kozmosz ir\u00e1nti szenved\u00e9ly\u00e9t egy egyedi p\u00f3l\u00f3val, amely tiszteletben tartja egy\u00e9nis\u00e9g\u00e9t \u00e9s t\u00e1pl\u00e1lja kozmikus t\u00f6rekv\u00e9seit.<\/p>","protected":false},"excerpt":{"rendered":"<p>K\u00e9sz\u00edtsen kozmikus kalandot egy egyedi \u0171rhaj\u00f3s l\u00e1ny inggel. A szem\u00e9lyre szabott Little Sister Alien Moon p\u00f3l\u00f3 minden f\u00e9nyk\u00e9pet sz\u00f3rakoztat\u00f3, fant\u00e1ziad\u00fas \u0171rp\u00f3l\u00f3v\u00e1 alak\u00edt.<\/p>","protected":false},"featured_media":142510,"comment_status":"open","ping_status":"closed","template":"","meta":{"_acf_changed":false},"product_brand":[],"product_cat":[6193,248,6412,6428],"product_tag":[6433,6439,249],"class_list":{"0":"post-20312","1":"product","2":"type-product","3":"status-publish","4":"has-post-thumbnail","6":"product_cat-girls-t-shirts","7":"product_cat-custom-gifts-astronauts","8":"product_cat-photo-to-tees","9":"product_cat-translate-products","10":"product_tag-ai-artwork","11":"product_tag-ai-kids-artwork","12":"product_tag-astronaut-tees","14":"first","15":"instock","16":"taxable","17":"shipping-taxable","18":"purchasable","19":"product-type-simple"},"acf":[],"wcpa_form_fields":null,"_links":{"self":[{"href":"https:\/\/www.customywear.com\/hu\/wp-json\/wp\/v2\/product\/20312","targetHints":{"allow":["GET"]}}],"collection":[{"href":"https:\/\/www.customywear.com\/hu\/wp-json\/wp\/v2\/product"}],"about":[{"href":"https:\/\/www.customywear.com\/hu\/wp-json\/wp\/v2\/types\/product"}],"replies":[{"embeddable":true,"href":"https:\/\/www.customywear.com\/hu\/wp-json\/wp\/v2\/comments?post=20312"}],"wp:featuredmedia":[{"embeddable":true,"href":"https:\/\/www.customywear.com\/hu\/wp-json\/wp\/v2\/media\/142510"}],"wp:attachment":[{"href":"https:\/\/www.customywear.com\/hu\/wp-json\/wp\/v2\/media?parent=20312"}],"wp:term":[{"taxonomy":"product_brand","embeddable":true,"href":"https:\/\/www.customywear.com\/hu\/wp-json\/wp\/v2\/product_brand?post=20312"},{"taxonomy":"product_cat","embeddable":true,"href":"https:\/\/www.customywear.com\/hu\/wp-json\/wp\/v2\/product_cat?post=20312"},{"taxonomy":"product_tag","embeddable":true,"href":"https:\/\/www.customywear.com\/hu\/wp-json\/wp\/v2\/product_tag?post=20312"}],"curies":[{"name":"wp","href":"https:\/\/api.w.org\/{rel}","templated":true}]}}