{"id":20333,"date":"2023-07-28T13:33:16","date_gmt":"2023-07-28T13:33:16","guid":{"rendered":"https:\/\/www.customywear.com\/?post_type=product&#038;p=20333"},"modified":"2026-05-05T20:24:12","modified_gmt":"2026-05-05T20:24:12","slug":"testreszabhato-kek-szuperhos-polo-ferfiaknak","status":"publish","type":"product","link":"https:\/\/www.customywear.com\/hu\/customizable-blue-superhero-t-shirt-for-men\/","title":{"rendered":"Testreszabhat\u00f3 k\u00e9k szuperh\u0151s p\u00f3l\u00f3 f\u00e9rfiaknak \u2013 szem\u00e9lyre szabott Superdad p\u00f3l\u00f3"},"content":{"rendered":"<p>Engedd szabadj\u00e1ra a benned rejl\u0151 h\u0151st exkluz\u00edv, testreszabhat\u00f3 k\u00e9k f\u00e9rfi szuperh\u0151s p\u00f3l\u00f3nkkal, amely a szem\u00e9lyre szabott m\u0171v\u00e9szet \u00e9s az \u00f6nrendelkez\u00e9s \u00f6tv\u00f6zete. Feln\u0151ttek sz\u00e1m\u00e1ra k\u00e9sz\u00fclt, ez az uniszex r\u00f6vid \u00e9s hossz\u00fa ujj\u00fa p\u00f3l\u00f3 szak\u00e9rt\u0151k \u00e1ltal k\u00e9sz\u00edtett vektoros portr\u00e9kat mutat be, amelyek k\u00f6nnyed\u00e9n f\u00e9lelmetes szuperh\u0151ss\u00e9 var\u00e1zsolnak. A t\u00f6k\u00e9letes aj\u00e1nd\u00e9k azok sz\u00e1m\u00e1ra, akik m\u00e9lyen \u00e9rt\u00e9kelik a szuperh\u0151s\u00f6ket, \u00e9s szeretn\u00e9k kibontakoztatni bels\u0151 erej\u00fcket.<\/p>\n<p>Az Adobe Illustrator \u00e9s az Adobe Photoshop kreat\u00edv k\u00e9pess\u00e9geit kihaszn\u00e1lva \u00e9letet lehel\u00fcnk fot\u00f3idba, aminek eredm\u00e9nyek\u00e9nt egy kiv\u00e1l\u00f3 min\u0151s\u00e9g\u0171 vektorgrafik\u00e1t hozunk l\u00e9tre, amely megragadja a h\u0151siess\u00e9g l\u00e9nyeg\u00e9t. K\u00fcl\u00f6nb\u00f6z\u0151 m\u00e9retekben kaphat\u00f3 p\u00f3l\u00f3ink \u200b\u200bfeln\u0151ttek sz\u00e1m\u00e1ra k\u00e9sz\u00fcltek, biztos\u00edtva a k\u00e9nyelmes \u00e9s st\u00edlusos viseletet, amely magabiztoss\u00e1got sug\u00e1roz.<\/p>\n<p>L\u00e9pj be a szem\u00e9lyre szab\u00e1s vil\u00e1g\u00e1ba, ahol szuperh\u0151s altereg\u00f3d ker\u00fcl a k\u00f6z\u00e9ppontba, egy viselhet\u0151 remekm\u0171ben halhatatlann\u00e1 t\u00e9ve. A legmodernebb DTG nyomtat\u00e1si technol\u00f3gi\u00e1t kihaszn\u00e1lva p\u00f3l\u00f3ink \u200b\u200b\u00e9l\u00e9nk \u00e9s tart\u00f3s mint\u00e1kat mutatnak be, amelyek t\u00fckr\u00f6zik jellemed m\u00e9lys\u00e9g\u00e9t \u00e9s elsz\u00e1nts\u00e1godat. A jelent\u0151s\u00e9gteljes aj\u00e1nd\u00e9kokt\u00f3l a viselhet\u0151 \u00f6nkifejez\u00e9si jelekig kollekci\u00f3nk v\u00e1sznat k\u00edn\u00e1l az \u00f6nkifejez\u00e9shez \u00e9s a kreativit\u00e1shoz. Dobd fel ruhat\u00e1radat ezzel a szem\u00e9lyre szabott \u00e9kszerrel, amely az er\u0151, a rugalmass\u00e1g \u00e9s a benned rejl\u0151 h\u0151s szimb\u00f3luma.<\/p>","protected":false},"excerpt":{"rendered":"<p>Engedd szabadj\u00e1ra a h\u0151siess\u00e9get egy testreszabhat\u00f3 k\u00e9k szuperh\u0151s p\u00f3l\u00f3val. A szem\u00e9lyre szabott Superdad p\u00f3l\u00f3k minden f\u00e9nyk\u00e9pet mer\u00e9sz, egyedi p\u00f3l\u00f3v\u00e1 alak\u00edtanak \u00e1t.<\/p>","protected":false},"featured_media":95117,"comment_status":"open","ping_status":"closed","template":"","meta":{"_acf_changed":false},"product_brand":[],"product_cat":[6195,186,6336,6412,515,6434,6428],"product_tag":[193,6216,521,524],"class_list":{"0":"post-20333","1":"product","2":"type-product","3":"status-publish","4":"has-post-thumbnail","6":"product_cat-t-shirts-men","7":"product_cat-men","8":"product_cat-mens-superhero-t-shirts","9":"product_cat-photo-to-tees","10":"product_cat-superhero","11":"product_cat-t-shirts-for-men-v2","12":"product_cat-translate-products","13":"product_tag-boyfriend_gift","14":"product_tag-mens-custom-t-shirts","15":"product_tag-superhero","16":"product_tag-superhero_shirts","17":"wcpa_has_options","19":"first","20":"instock","21":"taxable","22":"shipping-taxable","23":"purchasable","24":"product-type-simple"},"acf":[],"wcpa_form_fields":{"wcpaData":{"product":{"product_price":24.99,"price_html":"<span class=\"wmc-wc-price\" ><span class=\"woocommerce-Price-amount amount\"><bdi><span class=\"woocommerce-Price-currencySymbol\">&euro;<\/span>24,99<\/bdi><\/span><span data-wmc_price_cache=\"{&quot;USD&quot;:&quot;&lt;span class=\\&quot;woocommerce-Price-amount amount\\&quot;&gt;&lt;bdi&gt;&lt;span class=\\&quot;woocommerce-Price-currencySymbol\\&quot;&gt;&amp;#36;&lt;\\\/span&gt;28,99&lt;\\\/bdi&gt;&lt;\\\/span&gt;&quot;,&quot;EUR&quot;:&quot;&lt;span class=\\&quot;woocommerce-Price-amount amount\\&quot;&gt;&lt;bdi&gt;&lt;span class=\\&quot;woocommerce-Price-currencySymbol\\&quot;&gt;&amp;euro;&lt;\\\/span&gt;24,99&lt;\\\/bdi&gt;&lt;\\\/span&gt;&quot;,&quot;CAD&quot;:&quot;&lt;span class=\\&quot;woocommerce-Price-amount amount\\&quot;&gt;&lt;bdi&gt;&lt;span class=\\&quot;woocommerce-Price-currencySymbol\\&quot;&gt;CAD$ &lt;\\\/span&gt;39,98&lt;\\\/bdi&gt;&lt;\\\/span&gt;&quot;,&quot;GBP&quot;:&quot;&lt;span class=\\&quot;woocommerce-Price-amount amount\\&quot;&gt;&lt;bdi&gt;&lt;span class=\\&quot;woocommerce-Price-currencySymbol\\&quot;&gt;&amp;pound;&lt;\\\/span&gt;21,74&lt;\\\/bdi&gt;&lt;\\\/span&gt;&quot;,&quot;PLN&quot;:&quot;&lt;span class=\\&quot;woocommerce-Price-amount amount\\&quot;&gt;&lt;bdi&gt;&lt;span class=\\&quot;woocommerce-Price-currencySymbol\\&quot;&gt;z\\u0142 &lt;\\\/span&gt;106,21&lt;\\\/bdi&gt;&lt;\\\/span&gt;&quot;,&quot;SEK&quot;:&quot;&lt;span class=\\&quot;woocommerce-Price-amount amount\\&quot;&gt;&lt;bdi&gt;&lt;span class=\\&quot;woocommerce-Price-currencySymbol\\&quot;&gt;kr &lt;\\\/span&gt;274,14&lt;\\\/bdi&gt;&lt;\\\/span&gt;&quot;,&quot;AUD&quot;:&quot;&lt;span class=\\&quot;woocommerce-Price-amount amount\\&quot;&gt;&lt;bdi&gt;&lt;span class=\\&quot;woocommerce-Price-currencySymbol\\&quot;&gt;AUD$ &lt;\\\/span&gt;40,48&lt;\\\/bdi&gt;&lt;\\\/span&gt;&quot;,&quot;JPY&quot;:&quot;&lt;span class=\\&quot;woocommerce-Price-amount amount\\&quot;&gt;&lt;bdi&gt;&lt;span class=\\&quot;woocommerce-Price-currencySymbol\\&quot;&gt;&amp;yen;&lt;\\\/span&gt;4.608,16&lt;\\\/bdi&gt;&lt;\\\/span&gt;&quot;,&quot;CZK&quot;:&quot;&lt;span class=\\&quot;woocommerce-Price-amount amount\\&quot;&gt;&lt;bdi&gt;&lt;span class=\\&quot;woocommerce-Price-currencySymbol\\&quot;&gt;K\\u010d &lt;\\\/span&gt;608,01&lt;\\\/bdi&gt;&lt;\\\/span&gt;&quot;,&quot;NZD&quot;:&quot;&lt;span class=\\&quot;woocommerce-Price-amount amount\\&quot;&gt;&lt;bdi&gt;&lt;span class=\\&quot;woocommerce-Price-currencySymbol\\&quot;&gt;NZD$ &lt;\\\/span&gt;49,73&lt;\\\/bdi&gt;&lt;\\\/span&gt;&quot;,&quot;CHF&quot;:&quot;&lt;span class=\\&quot;woocommerce-Price-amount amount\\&quot;&gt;&lt;bdi&gt;&lt;span class=\\&quot;woocommerce-Price-currencySymbol\\&quot;&gt;CHF &lt;\\\/span&gt;22,74&lt;\\\/bdi&gt;&lt;\\\/span&gt;&quot;}\" style=\"display: none;\" class=\"wmc-price-cache-list\"><\/span><\/span>","original_product_price":24.99,"price_including_tax":24.99,"price_excluding_tax":20.825,"product_id":{"parent":20333,"variation":false},"is_variable":false,"stock_status":"instock","stock_quantity":null,"parent_sku":"custom-tees-023","product_attributes":{"pa_style":{"is_variation":false,"values":["mens-t-shirt"]},"pa_customization":{"is_variation":false,"values":["add-your-photo","add-your-text-or-name","add-your-logo"]},"pa_material":{"is_variation":false,"values":["100-cotton"]},"pa_key-details":{"is_variation":false,"values":["unisex","regular-fit","premium-quality","digital-art"]},"pa_brand":{"is_variation":false,"values":["customywear"]},"pa_age-group":{"is_variation":false,"values":["adult"]},"pa_color":{"is_variation":false,"values":["black","white","navy","red"]},"pa_print-type":{"is_variation":false,"values":["dtg-print-direct-to-garment"]},"pa_gender":{"is_variation":false,"values":["male"]},"pa_size":{"is_variation":false,"values":["xs","s","m","l","xl","2xl","3xl"]}},"custom_fields":[],"is_taxable":true,"product_name":"Customizable Blue Superhero T-Shirt for Men - Personalized Superdad Tee"},"fields":{"sec_1068de9b44c0f6f":{"extra":{"key":"sec_1068de9b44c0f6f","section_id":"sec_1068de9b44c0f6f","name":"T-shirt size and color","status":1,"cl_rule":"show","enableCl":false,"relations":[],"toggle":true,"title_tag":"h4","show_title":false,"showPrice":"default","form_id":137485,"form_rules":{"exclude_from_discount":false,"fee_label":"Fee","disp_hide_options_price":false,"disp_show_section_price":false,"disp_show_field_price":true,"layout_option":"standard","pric_use_as_fee":false,"process_fee_as":"woo_fee"},"layout_option":"standard"},"fields":[[{"active":true,"col":6,"relations":false,"cl_rule":"show","enableCl":false,"price":"","enablePrice":false,"className":"","label_position":"default","desc_position":"default","type":"color-group","required":false,"elementId":"color_group_4192445621","label":"Color","name":"color_group_4192445621","disp_type":"circle","values":[{"label":"Black","value":"Black","selected":false,"color":"#000000","tempId":"aco_50","gt_translate_keys":["label"]},{"label":"White","value":"White","selected":false,"color":"#ffffff","tempId":"aco_51","gt_translate_keys":["label"]},{"label":"Navy","value":"Navy","selected":false,"color":"#213a92","tempId":"aco_52","gt_translate_keys":["label"]},{"label":"Red","value":"Red","selected":false,"color":"#d0021b","tempId":"aco_123","gt_translate_keys":["label"]}],"layOut":"inline","error":false,"selection_type":"tick-border","show_selected_option":true,"adjust_width":true,"cart_display_type":"text","gt_translate_keys":["label"],"price_dependency":false,"cl_dependency":false,"value":""}],[{"active":true,"col":6,"relations":false,"cl_rule":"show","enableCl":false,"price":"","enablePrice":false,"className":"","label_position":"default","desc_position":"default","type":"radio-group","required":false,"elementId":"radio-group_068de9b44c0fb0","label":"Size ","name":"radio-group_068de9b44c0fb0","values":[{"label":"XS","value":"XS","selected":false,"tempId":"aco_80","gt_translate_keys":["label"]},{"label":"S","value":"S","selected":false,"tempId":"aco_81","gt_translate_keys":["label"]},{"label":"M","value":"M","selected":false,"tempId":"aco_82","gt_translate_keys":["label"]},{"label":"L","value":"L","selected":false,"tempId":"aco_155","gt_translate_keys":["label"]},{"label":"XL","value":"XL","selected":false,"tempId":"aco_165","gt_translate_keys":["label"]},{"label":"2Xl","value":"2Xl","selected":false,"tempId":"aco_175","gt_translate_keys":["label"]},{"label":"3XL","value":"3XL","selected":false,"tempId":"aco_185","gt_translate_keys":["label"]}],"layOut":"inline","error":false,"checkUi":"button","show_selected_option":true,"gt_translate_keys":["label"],"price_dependency":false,"cl_dependency":false,"value":""}],[{"active":true,"col":6,"relations":[{"operator":false,"rules":[{"operator":"AND","rules":{"cl_field":"select_1672e1bffc57b9","cl_relation":"is_empty","cl_val":true}}]}],"cl_rule":"hide","enableCl":false,"price":"","enablePrice":false,"className":"","label_position":"default","desc_position":"default","type":"file","required":false,"elementId":"file_868de9b44c0fc8","name":"file_868de9b44c0fc8","label":"Upload your photo(s)","upload_type":"droppable","uploadSize":"50","file_types":["images","docs","design"],"exts_supported":[],"error":false,"hideImageIn_email":true,"multiple_upload":true,"max_file_count":"25","tooltip":"Please upload clear photos where the person is looking directly at the camera","cartLabel":"Photo(s)","allowedFileTypes":"image\/*,.doc,.docx,.xml,.dot,.docm,.dotm,.dotx,.htm,.html,.odt,.pdf,.rtf,.txt,.wps,.xps,application\/msword,application\/vnd,.psd,.eps,.ai,.indd,.raw","gt_translate_keys":["label","tooltip"],"price_dependency":false,"cl_dependency":false,"value":""}],[{"active":true,"col":6,"relations":false,"cl_rule":"show","enableCl":false,"price":"","enablePrice":false,"className":"","label_position":"default","desc_position":"default","type":"checkbox","required":false,"elementId":"checkbox_268de9b44c0fdd","label":"View more options","name":"checkbox_268de9b44c0fdd","value":"","check_value":"Yes","checkUi":"","error":false,"hideFieldIn_cart":true,"hideFieldIn_order":true,"gt_translate_keys":["label","value","check_value"],"price_dependency":false,"cl_dependency":["text_068de9b44c0fef","radio-group_368de9b44c1005","radio-group_868de9b44c101a"]}],[{"active":true,"col":6,"relations":[{"operator":false,"rules":[{"operator":"AND","rules":{"cl_field":"checkbox_268de9b44c0fdd","cl_relation":"is","cl_val":true}}]}],"cl_rule":"show","enableCl":true,"price":"","enablePrice":false,"className":"","label_position":"default","desc_position":"default","type":"text","subtype":"text","required":false,"elementId":"text_068de9b44c0fef","label":"Add text to your T-shirt design (optional)","name":"text_068de9b44c0fef","value":"","error":false,"tooltip":"Your text will be added to the top or bottom of the T-shirt design.","placeholder":"eg: \"Michael: The best man ever\"","cartLabel":"Text","gt_translate_keys":["label","placeholder","value","tooltip"],"price_dependency":false,"cl_dependency":false}],[{"active":true,"col":6,"relations":[{"operator":false,"rules":[{"operator":"AND","rules":{"cl_field":"checkbox_268de9b44c0fdd","cl_relation":"is","cl_val":true}}]}],"cl_rule":"show","enableCl":true,"price":"","enablePrice":false,"className":"","label_position":"default","desc_position":"default","type":"radio-group","required":true,"elementId":"radio-group_368de9b44c1005","label":"Select t-shirt print location","name":"radio-group_368de9b44c1005","values":[{"label":"Front Side","value":"Front Side","selected":true,"tempId":"aco_5504","gt_translate_keys":["label"]},{"label":"Back Side","value":"Back Side","selected":false,"tempId":"aco_5505","gt_translate_keys":["label"]}],"layOut":"inline","error":false,"checkUi":"","hideFieldIn_cart":false,"cartLabel":"Print location","gt_translate_keys":["label"],"price_dependency":false,"cl_dependency":false,"value":""}],[{"active":true,"col":6,"relations":[{"operator":false,"rules":[{"operator":"AND","rules":{"cl_field":"checkbox_268de9b44c0fdd","cl_relation":"is","cl_val":true}}]}],"cl_rule":"show","enableCl":true,"price":"","enablePrice":false,"className":"","label_position":"default","desc_position":"default","type":"radio-group","required":false,"elementId":"radio-group_868de9b44c101a","label":"Would you like to review the design before printing?","name":"radio-group_868de9b44c101a","values":[{"label":"No","value":"No","selected":true,"tempId":"aco_6274","gt_translate_keys":["label"]},{"label":"Yes","value":"Yes","selected":false,"tempId":"aco_6275","price":"","gt_translate_keys":["label"]}],"layOut":"inline","error":false,"checkUi":"","priceOptions":"different_for_all","pricingType":"fixed","use_as_fee":false,"fee_label":"Preview Image","tooltip":"If yes, we\u2019ll email you a preview of the design before printing. This may add 1-2 days to delivery time.*","hideFieldIn_cart":true,"gt_translate_keys":["label","tooltip"],"price_dependency":false,"cl_dependency":["content_968de9b44c102d"],"value":""}],[{"active":true,"col":6,"relations":[{"operator":false,"rules":[{"operator":"AND","rules":{"cl_field":"radio-group_868de9b44c101a","cl_relation":"is","cl_val":"Yes"}}]}],"cl_rule":"show","enableCl":true,"price":"","enablePrice":false,"className":"","label_position":"default","desc_position":"default","type":"content","required":false,"elementId":"content_968de9b44c102d","label":"","name":"content_968de9b44c102d","contentType":"plain","value":"Please check your inbox, including Spam or other folders, within 1-2 business days for the preview image","error":false,"subtype":"p","hideFieldIn_cart":true,"hideFieldIn_order":true,"gt_translate_keys":["label","value"],"price_dependency":false,"cl_dependency":false}]]}},"config":{"price_override":"","enable_recaptcha":false,"bind_quantity":false,"quantity_bind_formula":false,"disp_summ_show_option_price":false,"disp_summ_show_product_price":false,"disp_summ_show_total_price":false,"disp_summ_show_fee":false,"disp_summ_show_discount":false,"summary_title":"","options_total_label":"Options Price","total_label":"Total","options_product_label":"Product Price","fee_label":"Fee","discount_label":"Discount","has_price":true,"has_quantity_formula":false},"mc_unit":1,"tax_rate":1,"tax_rate_real":0,"discount":{"percentage":0,"fixed":0},"design":{"conf":{"LabelPosition":"above","DescPosition":"above","UploadField":"default","QuantityFieldStyle":"default"},"css":{"LeftLabelWidth":"120px"}},"formulas":[],"clones":false,"cartKey":false}},"_links":{"self":[{"href":"https:\/\/www.customywear.com\/hu\/wp-json\/wp\/v2\/product\/20333","targetHints":{"allow":["GET"]}}],"collection":[{"href":"https:\/\/www.customywear.com\/hu\/wp-json\/wp\/v2\/product"}],"about":[{"href":"https:\/\/www.customywear.com\/hu\/wp-json\/wp\/v2\/types\/product"}],"replies":[{"embeddable":true,"href":"https:\/\/www.customywear.com\/hu\/wp-json\/wp\/v2\/comments?post=20333"}],"wp:featuredmedia":[{"embeddable":true,"href":"https:\/\/www.customywear.com\/hu\/wp-json\/wp\/v2\/media\/95117"}],"wp:attachment":[{"href":"https:\/\/www.customywear.com\/hu\/wp-json\/wp\/v2\/media?parent=20333"}],"wp:term":[{"taxonomy":"product_brand","embeddable":true,"href":"https:\/\/www.customywear.com\/hu\/wp-json\/wp\/v2\/product_brand?post=20333"},{"taxonomy":"product_cat","embeddable":true,"href":"https:\/\/www.customywear.com\/hu\/wp-json\/wp\/v2\/product_cat?post=20333"},{"taxonomy":"product_tag","embeddable":true,"href":"https:\/\/www.customywear.com\/hu\/wp-json\/wp\/v2\/product_tag?post=20333"}],"curies":[{"name":"wp","href":"https:\/\/api.w.org\/{rel}","templated":true}]}}