{"id":20340,"date":"2023-07-28T13:33:20","date_gmt":"2023-07-28T13:33:20","guid":{"rendered":"https:\/\/www.customywear.com\/?post_type=product&#038;p=20340"},"modified":"2026-05-05T20:23:37","modified_gmt":"2026-05-05T20:23:37","slug":"egyedi-pillangos-joga-noi-polo","status":"publish","type":"product","link":"https:\/\/www.customywear.com\/hu\/custom-butterfly-yoga-woman-t-shirt\/","title":{"rendered":"Egyedi pillang\u00f3s j\u00f3g\u00e1s n\u0151i p\u00f3l\u00f3 | Szem\u00e9lyre szabott, term\u00e9szet ihlette p\u00f3l\u00f3"},"content":{"rendered":"<p>Emeld magasabb szintre a j\u00f3ga utad Egyedi Pillang\u00f3 J\u00f3ga N\u0151i P\u00f3l\u00f3nkkal, amely a szem\u00e9lyre szabott m\u0171v\u00e9szet \u00e9s a nyugodt term\u00e9szet harmonikus kever\u00e9ke. Mer\u00fclj el a tudatos mozg\u00e1s vil\u00e1g\u00e1ban, mik\u00f6zben megragadjuk a l\u00e9nyegedet egy mag\u00e1val ragad\u00f3 j\u00f3ga p\u00f3zban, kecses pillang\u00f3sz\u00e1rnyakkal a fens\u00e9ges hegyek k\u00f6z\u00f6tt. Ez az egyedi p\u00f3l\u00f3 a j\u00f3ga ir\u00e1nti elk\u00f6telezetts\u00e9ged \u00e9s a term\u00e9szet ir\u00e1nti szereteted bizony\u00edt\u00e9ka, lehet\u0151v\u00e9 t\u00e9ve, hogy b\u00fcszk\u00e9n viseld szenved\u00e9lyeidet.<\/p>\n<p>K\u00e9pzeld el magad j\u00f3ga angyalk\u00e9nt, az er\u0151 \u00e9s a nyugalom kecses megtestes\u00edt\u0151jek\u00e9nt, pillang\u00f3sz\u00e1rnyak var\u00e1zslat\u00e1val d\u00edsz\u00edtve. K\u00e9pzett m\u0171v\u00e9szeink az Adobe Illustrator \u00e9s az Adobe Photoshop kreat\u00edv k\u00e9pess\u00e9geit haszn\u00e1lj\u00e1k fel, hogy leny\u0171g\u00f6z\u0151 vektoros portr\u00e9t k\u00e9sz\u00edtsenek, amely \u00e9letre kelti a j\u00f3gagyakorlatodat. Apr\u00f3l\u00e9kos DTG nyomtat\u00e1ssal az \u00e9l\u00e9nk diz\u00e1jnt egy kiv\u00e1l\u00f3 min\u0151s\u00e9g\u0171 uniszex p\u00f3l\u00f3n \u00f6r\u00f6k\u00edtj\u00fck meg, biztos\u00edtva a tart\u00f3s kapcsolatot k\u00f6zted \u00e9s a term\u00e9szet sz\u00e9ps\u00e9ge k\u00f6z\u00f6tt.<\/p>\n<p>Ez a szem\u00e9lyre szabott p\u00f3l\u00f3 \u00e1tl\u00e9pi a hat\u00e1rokat, n\u0151knek, feln\u0151tteknek, fiataloknak, gyerekeknek \u00e9s kisgyermekeknek egyar\u00e1nt megfelel. Ak\u00e1r edz\u0151t\u00e1rsat, sz\u00fclet\u00e9snapi aj\u00e1nd\u00e9kot vagy egy j\u00f3g\u00e1z\u00f3t\u00e1rs ir\u00e1nti megbecs\u00fcl\u00e9s jel\u00e9t keresed, Egyedi Pillang\u00f3s J\u00f3ga N\u0151i P\u00f3l\u00f3nk m\u00e9lyen meg\u00e9rint. Fedezd fel a viselhet\u0151 m\u0171v\u00e9szet \u00f6r\u00f6m\u00e9t, \u00e9s fedezd fel hasonl\u00f3 diz\u00e1jnjaink k\u00edn\u00e1lat\u00e1t, amelyek mindegyike egyedi betekint\u00e9st enged szenved\u00e9lyeidbe, emberek \u00e9s d\u00e9delgetett h\u00e1zi\u00e1llataik sz\u00e1m\u00e1ra egyar\u00e1nt.<\/p>","protected":false},"excerpt":{"rendered":"<p>Tal\u00e1lja meg az egyens\u00falyt egy egyedi Butterfly Yoga n\u0151i p\u00f3l\u00f3val. A szem\u00e9lyre szabott, term\u00e9szet \u00e1ltal ihletett p\u00f3l\u00f3k minden f\u00e9nyk\u00e9pet megnyugtat\u00f3, egyedi p\u00f3l\u00f3v\u00e1 var\u00e1zsolnak.<\/p>","protected":false},"featured_media":143212,"comment_status":"open","ping_status":"closed","template":"","meta":{"_acf_changed":false},"product_brand":[],"product_cat":[6191,6412,6428,6362,6248],"product_tag":[6433,6217,576,326,112,594],"class_list":{"0":"post-20340","1":"product","2":"type-product","3":"status-publish","4":"has-post-thumbnail","6":"product_cat-t-shirts-women","7":"product_cat-photo-to-tees","8":"product_cat-translate-products","9":"product_cat-womens-yoga-t-shirts","10":"product_cat-yoga-gifts","11":"product_tag-ai-artwork","12":"product_tag-custom-t-shirt","13":"product_tag-cute-yoga-shirts","14":"product_tag-sports","15":"product_tag-women","16":"product_tag-yoga_tee_shirt","18":"first","19":"instock","20":"taxable","21":"shipping-taxable","22":"purchasable","23":"product-type-simple"},"acf":[],"wcpa_form_fields":null,"_links":{"self":[{"href":"https:\/\/www.customywear.com\/hu\/wp-json\/wp\/v2\/product\/20340","targetHints":{"allow":["GET"]}}],"collection":[{"href":"https:\/\/www.customywear.com\/hu\/wp-json\/wp\/v2\/product"}],"about":[{"href":"https:\/\/www.customywear.com\/hu\/wp-json\/wp\/v2\/types\/product"}],"replies":[{"embeddable":true,"href":"https:\/\/www.customywear.com\/hu\/wp-json\/wp\/v2\/comments?post=20340"}],"wp:featuredmedia":[{"embeddable":true,"href":"https:\/\/www.customywear.com\/hu\/wp-json\/wp\/v2\/media\/143212"}],"wp:attachment":[{"href":"https:\/\/www.customywear.com\/hu\/wp-json\/wp\/v2\/media?parent=20340"}],"wp:term":[{"taxonomy":"product_brand","embeddable":true,"href":"https:\/\/www.customywear.com\/hu\/wp-json\/wp\/v2\/product_brand?post=20340"},{"taxonomy":"product_cat","embeddable":true,"href":"https:\/\/www.customywear.com\/hu\/wp-json\/wp\/v2\/product_cat?post=20340"},{"taxonomy":"product_tag","embeddable":true,"href":"https:\/\/www.customywear.com\/hu\/wp-json\/wp\/v2\/product_tag?post=20340"}],"curies":[{"name":"wp","href":"https:\/\/api.w.org\/{rel}","templated":true}]}}