{"id":20350,"date":"2023-07-28T13:34:00","date_gmt":"2023-07-28T13:34:00","guid":{"rendered":"https:\/\/www.customywear.com\/?post_type=product&#038;p=20350"},"modified":"2026-05-07T15:29:56","modified_gmt":"2026-05-07T15:29:56","slug":"fiuk-fiatal-osember-polo-szemelyre-szabott","status":"publish","type":"product","link":"https:\/\/www.customywear.com\/hu\/custom-caveman-youth-boy-shirt\/","title":{"rendered":"Egyedi \u0151sember ifj\u00fas\u00e1gi fi\u00fa ing | Szem\u00e9lyre szabott \u0151si afrikai gyerek p\u00f3l\u00f3"},"content":{"rendered":"<p>L\u00e9pj be a m\u00faltba Egyedi \u0150sember Ifj\u00fas\u00e1gi Fi\u00fa P\u00f3l\u00f3nkkal, amely j\u00e1t\u00e9kos \u00e9s szem\u00e9lyre szabott \u00fcnnepe az \u00f3kornak. Rep\u00edtsd gyermekedet a k\u00e9pzelet birodalm\u00e1ba, mik\u00f6zben vektoros portr\u00e9t k\u00e9sz\u00edt\u00fcnk gyermeked fot\u00f3j\u00e1b\u00f3l, \u00e9s egy elb\u0171v\u00f6l\u0151 \u0151si \u0151semberr\u00e9 v\u00e1ltoztatjuk. Ez a kreat\u00edv ifj\u00fas\u00e1gi p\u00f3l\u00f3 t\u00f6bb mint ruhadarab; egy elb\u0171v\u00f6l\u0151 \u00e9s vicces aj\u00e1nd\u00e9k, amely megragadja a fiatalos k\u00edv\u00e1ncsis\u00e1g szellem\u00e9t. K\u00e9pzeld el gyermekedet kalandv\u00e1gy\u00f3 fiatal \u0151semberk\u00e9nt, aki az \u00f3kor b\u00e1j\u00e1t \u00e9s humor\u00e1t sug\u00e1rozza, \u00e9s az Adobe Illustrator \u00e9s az Adobe Photoshop m\u0171v\u00e9szi kifinomults\u00e1g\u00e1val kel \u00e9letre. K\u00e9pzett tervez\u0151ink apr\u00f3l\u00e9kosan kidolgozz\u00e1k az egyes elemeket, \u00edgy vizu\u00e1lisan mag\u00e1val ragad\u00f3 \u00e1br\u00e1zol\u00e1st hoznak l\u00e9tre, amely mag\u00e1ban foglalja a j\u00e1t\u00e9kos felfedez\u00e9s l\u00e9nyeg\u00e9t. Az apr\u00f3l\u00e9kos DTG nyomtat\u00e1snak k\u00f6sz\u00f6nhet\u0151en ez a kiv\u00e1l\u00f3 min\u0151s\u00e9g\u0171 uniszex p\u00f3l\u00f3 az \u00f6r\u00f6m \u00e9s a nevet\u00e9s v\u00e1szonj\u00e1v\u00e1 v\u00e1lik, biztos\u00edtva a tart\u00f3s kapcsolatot gyermeked \u00e9s szem\u00e9lyre szabott remekm\u0171ve k\u00f6z\u00f6tt. Tapasztald meg a szem\u00e9lyre szab\u00e1s \u00f6r\u00f6m\u00e9t a fiatalok, gyerekek \u00e9s kisgyermekek sz\u00e1m\u00e1ra el\u00e9rhet\u0151 m\u00e9retekkel, \u00edgy ez a p\u00f3l\u00f3 t\u00f6k\u00e9letes aj\u00e1nd\u00e9k a fiatal kalandorok \u00e9s a t\u00f6rt\u00e9nelem szerelmeseinek. Mer\u00fclj el a viselhet\u0151 m\u0171v\u00e9szet vil\u00e1g\u00e1ban, \u00e9s fedezd fel a hasonl\u00f3 diz\u00e1jnok sz\u00e9les v\u00e1laszt\u00e9k\u00e1t, amelyek a m\u00f3ka \u00e9s a kreativit\u00e1s szellem\u00e9t ragadj\u00e1k meg, mindegyiket testreszabhatod emberi \u00e9s h\u00e1zi\u00e1llat arcokkal egyar\u00e1nt. \u00c9breszd fel gyermeked fant\u00e1zi\u00e1j\u00e1t, \u00e9s oszd meg vele a nevet\u00e9st egy szem\u00e9lyre szabott p\u00f3l\u00f3val, amely megragadja a fiatalos csod\u00e1lat \u00e9s k\u00f6nnyeds\u00e9g l\u00e9nyeg\u00e9t.<\/p>","protected":false},"excerpt":{"rendered":"<p>Keltse \u00e9letre a t\u00f6rt\u00e9nelmet egy egyedi barlanglak\u00f3 ifj\u00fas\u00e1gi fi\u00fa inggel. Szem\u00e9lyre szabott Ancient African Kids p\u00f3l\u00f3nk minden f\u00e9nyk\u00e9pet egyedi, \u0151si t\u00e9m\u00e1j\u00fa egyedi p\u00f3l\u00f3v\u00e1 alak\u00edt.<\/p>","protected":false},"featured_media":142609,"comment_status":"open","ping_status":"closed","template":"","meta":{"_acf_changed":false},"product_brand":[],"product_cat":[6189,691,6412,6428],"product_tag":[6433,6439,694,65,67,73],"class_list":{"0":"post-20350","1":"product","2":"type-product","3":"status-publish","4":"has-post-thumbnail","6":"product_cat-boys-t-shirts","7":"product_cat-custom-gifts-caveman","8":"product_cat-photo-to-tees","9":"product_cat-translate-products","10":"product_tag-ai-artwork","11":"product_tag-ai-kids-artwork","12":"product_tag-children_birthday","13":"product_tag-kid","14":"product_tag-kids_birthday_shirt","15":"product_tag-youth-boy","17":"first","18":"instock","19":"taxable","20":"shipping-taxable","21":"purchasable","22":"product-type-simple"},"acf":[],"wcpa_form_fields":null,"_links":{"self":[{"href":"https:\/\/www.customywear.com\/hu\/wp-json\/wp\/v2\/product\/20350","targetHints":{"allow":["GET"]}}],"collection":[{"href":"https:\/\/www.customywear.com\/hu\/wp-json\/wp\/v2\/product"}],"about":[{"href":"https:\/\/www.customywear.com\/hu\/wp-json\/wp\/v2\/types\/product"}],"replies":[{"embeddable":true,"href":"https:\/\/www.customywear.com\/hu\/wp-json\/wp\/v2\/comments?post=20350"}],"wp:featuredmedia":[{"embeddable":true,"href":"https:\/\/www.customywear.com\/hu\/wp-json\/wp\/v2\/media\/142609"}],"wp:attachment":[{"href":"https:\/\/www.customywear.com\/hu\/wp-json\/wp\/v2\/media?parent=20350"}],"wp:term":[{"taxonomy":"product_brand","embeddable":true,"href":"https:\/\/www.customywear.com\/hu\/wp-json\/wp\/v2\/product_brand?post=20350"},{"taxonomy":"product_cat","embeddable":true,"href":"https:\/\/www.customywear.com\/hu\/wp-json\/wp\/v2\/product_cat?post=20350"},{"taxonomy":"product_tag","embeddable":true,"href":"https:\/\/www.customywear.com\/hu\/wp-json\/wp\/v2\/product_tag?post=20350"}],"curies":[{"name":"wp","href":"https:\/\/api.w.org\/{rel}","templated":true}]}}