{"id":20394,"date":"2023-07-28T13:34:40","date_gmt":"2023-07-28T13:34:40","guid":{"rendered":"https:\/\/www.customywear.com\/?post_type=product&#038;p=20394"},"modified":"2026-05-05T20:23:37","modified_gmt":"2026-05-05T20:23:37","slug":"egyedi-foldonkivuli-ufo-ur-polo","status":"publish","type":"product","link":"https:\/\/www.customywear.com\/hu\/custom-alien-ufo-space-tee\/","title":{"rendered":"Egyedi f\u00f6ld\u00f6nk\u00edv\u00fcli UFO \u0171r p\u00f3l\u00f3: Szem\u00e9lyre szabott UFO portr\u00e9 p\u00f3l\u00f3"},"content":{"rendered":"<p>\u00c9ld fel a k\u00edv\u00e1ncsis\u00e1godat Egyedi Alien p\u00f3l\u00f3 kollekci\u00f3nkkal \u2013 a tudom\u00e1ny, az \u0171r \u00e9s a szem\u00e9lyre szabott st\u00edlus kever\u00e9k\u00e9vel. Uniszex hossz\u00fa \u00e9s r\u00f6vid ujj\u00fa p\u00f3l\u00f3ink \u200b\u200begy f\u00f6ld\u00f6nk\u00edv\u00fcli birodalomba rep\u00edtenek, fot\u00f3id felhaszn\u00e1l\u00e1s\u00e1val mag\u00e1val ragad\u00f3 vektoros portr\u00e9kat k\u00e9sz\u00edtve, amelyek egy m\u00e1svil\u00e1gi l\u00e9nny\u00e9 v\u00e1ltoztatnak. Ez az egyedi p\u00f3l\u00f3 nem csup\u00e1n egy ruhadarab; ez egy kapu a kozmikus felfedez\u00e9shez, amelyet mosolyra \u00e9s csod\u00e1latra terveztek. Indulj el az \u00e1talakul\u00e1s \u00fatj\u00e1ra, mik\u00f6zben magadhoz \u00f6leled a bels\u0151 f\u00f6ld\u00f6nk\u00edv\u00fclidegenedet, k\u00e9szen arra, hogy olyan kijelent\u00e9st tegy\u00e9l, amely dacol a h\u00e9tk\u00f6znapokkal. Ez a szem\u00e9lyre szabott p\u00f3l\u00f3 t\u00f6k\u00e9letes aj\u00e1nd\u00e9k a besz\u00e9lget\u00e9sek elind\u00edt\u00e1s\u00e1ra \u00e9s a nevet\u00e9sre, felkeltve mind a feln\u0151ttek, mind a gyermekek \u00e9rdekl\u0151d\u00e9s\u00e9t. A kisgyermekekt\u0151l a feln\u0151ttekig kollekci\u00f3nk \u00e9letre kelti a sci-fit egy uniszex diz\u00e1jnban, amely mindenkit arra h\u00edv, hogy osztozzon a kozmikus \u00e9lm\u00e9nyben. Apr\u00f3l\u00e9kos odafigyel\u00e9ssel k\u00e9sz\u00edtett\u00fck, az Adobe Illustrator \u00e9s az Adobe Photoshop erej\u00e9t kihaszn\u00e1lva, hogy fot\u00f3idat kiv\u00e1l\u00f3 min\u0151s\u00e9g\u0171 vektoros m\u0171v\u00e9szeti alkot\u00e1sk\u00e9nt kelts\u00fck \u00e9letre. Minden ecsetvon\u00e1s \u00e9s pixel a kiv\u00e1l\u00f3s\u00e1g ir\u00e1nti elk\u00f6telezetts\u00e9g\u00fcnk bizony\u00edt\u00e9ka. A DTG nyomtat\u00e1si technol\u00f3gi\u00e1nak k\u00f6sz\u00f6nhet\u0151en p\u00f3l\u00f3ink \u200b\u200ba kifejez\u0151v\u00e1sznakk\u00e1 v\u00e1lnak, amelyek minden koroszt\u00e1ly sz\u00e1m\u00e1ra megfelel\u0151ek. Ak\u00e1r a saj\u00e1t egyedis\u00e9gedet fejezed ki, ak\u00e1r egy sz\u00f3rakoztat\u00f3 meglepet\u00e9st osztasz meg szeretteiddel, az Egyedi Alien P\u00f3l\u00f3k kollekci\u00f3nk t\u00f6k\u00e9letes tisztelg\u00e9s a k\u00e9pzelet, a humor \u00e9s az univerzum korl\u00e1tlan lehet\u0151s\u00e9geinek el\u0151tt.<\/p>","protected":false},"excerpt":{"rendered":"<p>Fedezze fel a teret egy egyedi idegen UFO Space inggel. Szem\u00e9lyre szabott UFO-portr\u00e9 p\u00f3l\u00f3nk minden f\u00e9nyk\u00e9pet egyedi, f\u00f6ld\u00f6nk\u00edv\u00fcli t\u00e9m\u00e1j\u00fa p\u00f3l\u00f3v\u00e1 var\u00e1zsol.<\/p>","protected":false},"featured_media":142393,"comment_status":"open","ping_status":"closed","template":"","meta":{"_acf_changed":false},"product_brand":[],"product_cat":[6191,113,6412,6428],"product_tag":[6433,136,137,138,141,112],"class_list":{"0":"post-20394","1":"product","2":"type-product","3":"status-publish","4":"has-post-thumbnail","6":"product_cat-t-shirts-women","7":"product_cat-custom-gifts-alien-shirts","8":"product_cat-photo-to-tees","9":"product_cat-translate-products","10":"product_tag-ai-artwork","11":"product_tag-science_shirt","12":"product_tag-space_shirt","13":"product_tag-t-shirt-ufo","14":"product_tag-ufo-shirt","15":"product_tag-women","17":"first","18":"instock","19":"taxable","20":"shipping-taxable","21":"purchasable","22":"product-type-simple"},"acf":[],"wcpa_form_fields":null,"_links":{"self":[{"href":"https:\/\/www.customywear.com\/hu\/wp-json\/wp\/v2\/product\/20394","targetHints":{"allow":["GET"]}}],"collection":[{"href":"https:\/\/www.customywear.com\/hu\/wp-json\/wp\/v2\/product"}],"about":[{"href":"https:\/\/www.customywear.com\/hu\/wp-json\/wp\/v2\/types\/product"}],"replies":[{"embeddable":true,"href":"https:\/\/www.customywear.com\/hu\/wp-json\/wp\/v2\/comments?post=20394"}],"wp:featuredmedia":[{"embeddable":true,"href":"https:\/\/www.customywear.com\/hu\/wp-json\/wp\/v2\/media\/142393"}],"wp:attachment":[{"href":"https:\/\/www.customywear.com\/hu\/wp-json\/wp\/v2\/media?parent=20394"}],"wp:term":[{"taxonomy":"product_brand","embeddable":true,"href":"https:\/\/www.customywear.com\/hu\/wp-json\/wp\/v2\/product_brand?post=20394"},{"taxonomy":"product_cat","embeddable":true,"href":"https:\/\/www.customywear.com\/hu\/wp-json\/wp\/v2\/product_cat?post=20394"},{"taxonomy":"product_tag","embeddable":true,"href":"https:\/\/www.customywear.com\/hu\/wp-json\/wp\/v2\/product_tag?post=20394"}],"curies":[{"name":"wp","href":"https:\/\/api.w.org\/{rel}","templated":true}]}}