{"id":20417,"date":"2023-07-28T13:35:04","date_gmt":"2023-07-28T13:35:04","guid":{"rendered":"https:\/\/www.customywear.com\/?post_type=product&#038;p=20417"},"modified":"2026-05-16T11:13:02","modified_gmt":"2026-05-16T11:13:02","slug":"egyedi-urhajos-alien-science-ing","status":"publish","type":"product","link":"https:\/\/www.customywear.com\/hu\/custom-astronaut-alien-science-shirt\/","title":{"rendered":"Egyedi \u0171rhaj\u00f3s p\u00f3l\u00f3 \u2013 Szem\u00e9lyre szabott f\u00f6ld\u00f6nk\u00edv\u00fcli tudom\u00e1nyos p\u00f3l\u00f3 f\u00e9rfiaknak"},"content":{"rendered":"<p>Bemutatjuk a mi <strong>Egyedi \u0171rhaj\u00f3s p\u00f3l\u00f3<\/strong> \u2013 az individualit\u00e1s \u00e9s a felfedez\u00e9s kozmikus v\u00e1szna, azoknak tervezve, akiket leny\u0171g\u00f6z az \u0171r \u00e9s az ismeretlen. Uniszex hossz\u00fa ujj\u00fa \u00e9s r\u00f6vid ujj\u00fa kivitelben is kaphat\u00f3, ez az innovat\u00edv alkot\u00e1s a fot\u00f3dat egy mag\u00e1val ragad\u00f3 vektorportr\u00e9v\u00e1 alak\u00edtja, amely egy m\u00e1svil\u00e1gi t\u00e1jba helyez el, mint rettenthetetlen \u0171rhaj\u00f3s. Ez a szem\u00e9lyre szabott p\u00f3l\u00f3 t\u00falmutat a puszta ruhadarabon; az inspir\u00e1ci\u00f3 megtestes\u00edt\u0151je, kiv\u00e9teles aj\u00e1nd\u00e9kk\u00e1 t\u00e9ve azok sz\u00e1m\u00e1ra, akiket leny\u0171g\u00f6znek az \u0171r \u00e9s a tudom\u00e1ny csod\u00e1i. \u00dagy tervezt\u00e9k, hogy minden koroszt\u00e1ly sz\u00e1m\u00e1ra sz\u00f3ljon, a feln\u0151ttekt\u0151l a fiatalokon, gyerekeken \u00e9s kisgyermekeken \u00e1t, ezek a p\u00f3l\u00f3k tisztelg\u00e9s a k\u00edv\u00e1ncsi elm\u00e9k \u00e9s a tudom\u00e1nyos k\u00edv\u00e1ncsis\u00e1got t\u00e1pl\u00e1l\u00f3 hat\u00e1rtalan felfedez\u00e9s el\u0151tt. K\u00e9pzett k\u00e9zm\u0171veseink az Adobe Illustrator \u00e9s az Adobe Photoshop kreat\u00edv erej\u00e9t kihaszn\u00e1lva olyan terveket alkotnak, amelyek fel\u00e9bresztik a k\u00e9pzeletet \u00e9s fellobbantj\u00e1k a kozmikus felfedez\u00e9sek ir\u00e1nti szenved\u00e9lyt. A fejlett DTG nyomtat\u00e1si technol\u00f3gia felhaszn\u00e1l\u00e1s\u00e1val minden p\u00f3l\u00f3 v\u00e1szonn\u00e1 v\u00e1lik a kiv\u00e1l\u00f3 min\u0151s\u00e9g\u0171 vektorgrafika sz\u00e1m\u00e1ra, amely megragadja az \u0171r ihlette \u00e1lmai l\u00e9nyeg\u00e9t. A diz\u00e1jn k\u00f6z\u00e9ppontj\u00e1ban a szem\u00e9lyre szab\u00e1s \u00e1ll, amely lehet\u0151v\u00e9 teszi, hogy be\u00e9p\u00edtsd az arcodat \u2013 s\u0151t, ak\u00e1r szeretett h\u00e1zi\u00e1llataid arc\u00e1t is \u2013, hogy val\u00f3ban egyedi ruhadarabot hozz l\u00e9tre. Ezek a p\u00f3l\u00f3k t\u00f6bb mint puszta ruhadarab; Egyedi n\u00e9z\u0151pontodat, t\u00f6rekv\u00e9seidet \u00e9s a hat\u00e1rokon t\u00fali felfedez\u00e9s ir\u00e1nti v\u00e1gyadat t\u00fckr\u00f6zik. Fedezd fel a kapcsol\u00f3d\u00f3 diz\u00e1jnjaink sz\u00e9les v\u00e1laszt\u00e9k\u00e1t, amelyek mindegyike egyedi t\u00f6rt\u00e9netet mes\u00e9l el, \u00e9s hagyd, hogy \u00f6lt\u00f6z\u00e9ked az \u0171rhaj\u00f3sok, a kozmosz rejt\u00e9lye \u00e9s a tud\u00e1sv\u00e1gy ir\u00e1nti csod\u00e1latod jelk\u00e9p\u00e9v\u00e9 v\u00e1ljon.<\/p>","protected":false},"excerpt":{"rendered":"<p>Robban\u00e1s egy egyedi \u0171rhaj\u00f3s inggel. A szem\u00e9lyre szabott idegen tudom\u00e1nyos p\u00f3l\u00f3 minden f\u00e9nyk\u00e9pet sz\u00f3rakoztat\u00f3, \u0171rt\u00e9m\u00e1j\u00fa egyedi p\u00f3l\u00f3v\u00e1 var\u00e1zsol.<\/p>","protected":false},"featured_media":142489,"comment_status":"open","ping_status":"closed","template":"","meta":{"_acf_changed":false},"product_brand":[],"product_cat":[6195,157,248,186,6341,6412,219,1045,6428],"product_tag":[6433,249,6216,6442],"class_list":{"0":"post-20417","1":"product","2":"type-product","3":"status-publish","4":"has-post-thumbnail","6":"product_cat-t-shirts-men","7":"product_cat-best-sellers","8":"product_cat-custom-gifts-astronauts","9":"product_cat-men","10":"product_cat-mens-profession-t-shirts","11":"product_cat-photo-to-tees","12":"product_cat-profession","13":"product_cat-retirement","14":"product_cat-translate-products","15":"product_tag-ai-artwork","16":"product_tag-astronaut-tees","17":"product_tag-mens-custom-t-shirts","18":"product_tag-top-artwork","20":"first","21":"instock","22":"taxable","23":"shipping-taxable","24":"purchasable","25":"product-type-simple"},"acf":[],"wcpa_form_fields":null,"_links":{"self":[{"href":"https:\/\/www.customywear.com\/hu\/wp-json\/wp\/v2\/product\/20417","targetHints":{"allow":["GET"]}}],"collection":[{"href":"https:\/\/www.customywear.com\/hu\/wp-json\/wp\/v2\/product"}],"about":[{"href":"https:\/\/www.customywear.com\/hu\/wp-json\/wp\/v2\/types\/product"}],"replies":[{"embeddable":true,"href":"https:\/\/www.customywear.com\/hu\/wp-json\/wp\/v2\/comments?post=20417"}],"wp:featuredmedia":[{"embeddable":true,"href":"https:\/\/www.customywear.com\/hu\/wp-json\/wp\/v2\/media\/142489"}],"wp:attachment":[{"href":"https:\/\/www.customywear.com\/hu\/wp-json\/wp\/v2\/media?parent=20417"}],"wp:term":[{"taxonomy":"product_brand","embeddable":true,"href":"https:\/\/www.customywear.com\/hu\/wp-json\/wp\/v2\/product_brand?post=20417"},{"taxonomy":"product_cat","embeddable":true,"href":"https:\/\/www.customywear.com\/hu\/wp-json\/wp\/v2\/product_cat?post=20417"},{"taxonomy":"product_tag","embeddable":true,"href":"https:\/\/www.customywear.com\/hu\/wp-json\/wp\/v2\/product_tag?post=20417"}],"curies":[{"name":"wp","href":"https:\/\/api.w.org\/{rel}","templated":true}]}}