{"id":20435,"date":"2023-07-28T13:35:23","date_gmt":"2023-07-28T13:35:23","guid":{"rendered":"https:\/\/www.customywear.com\/?post_type=product&#038;p=20435"},"modified":"2026-05-05T20:23:37","modified_gmt":"2026-05-05T20:23:37","slug":"egyedi-balerina-ing","status":"publish","type":"product","link":"https:\/\/www.customywear.com\/hu\/custom-ballerina-shirt\/","title":{"rendered":"Egyedi balerina ing | Szem\u00e9lyre szabott balett t\u00e1ncos p\u00f3l\u00f3"},"content":{"rendered":"<p>Emeld magasabbra a t\u00e1nc ir\u00e1nti szeretetedet \u201eEgyedi balerina p\u00f3l\u00f3nkkal\u201d, egy szem\u00e9lyre szabott remekm\u0171vel, amely megragadja a balett eleganci\u00e1j\u00e1t. Fot\u00f3d inspir\u00e1ci\u00f3jak\u00e9nt haszn\u00e1lva egy mag\u00e1val ragad\u00f3 vektoros portr\u00e9t k\u00e9sz\u00edt\u00fcnk, amely kecses balett-t\u00e1ncoss\u00e1 var\u00e1zsol. Ez az egyedi p\u00f3l\u00f3 nem puszt\u00e1n ruhadarab; a t\u00e1nc ir\u00e1nti szenved\u00e9lyed m\u0171v\u00e9szi kifejez\u0151d\u00e9se, \u00edgy t\u00f6k\u00e9letes aj\u00e1nd\u00e9k azok sz\u00e1m\u00e1ra, akik szeretik a mozg\u00e1s m\u0171v\u00e9szet\u00e9t. K\u00e9pzett k\u00e9zm\u0171veseink az Adobe Illustrator \u00e9s az Adobe Photoshop kreat\u00edv erej\u00e9t kihaszn\u00e1lva apr\u00f3l\u00e9kosan megtervezik a balett sz\u00e9ps\u00e9g\u00e9t megtestes\u00edt\u0151 m\u0171veket. A legmodernebb DTG nyomtat\u00e1snak k\u00f6sz\u00f6nhet\u0151en biztos\u00edtjuk, hogy a v\u00e9geredm\u00e9ny kiv\u00e1l\u00f3 min\u0151s\u00e9g\u0171 vektoros grafik\u00e1val b\u00fcszk\u00e9lkedhessen, meg\u0151rzve balett ihlette szem\u00e9lyis\u00e9ged bonyolult r\u00e9szleteit. Uniszex diz\u00e1jnban kaphat\u00f3, amely feln\u0151ttek, fiatalok, gyerekek \u00e9s kisgyermekek sz\u00e1m\u00e1ra is alkalmas, \u00e9s minden koroszt\u00e1ly t\u00e1ncrajong\u00f3j\u00e1nak megfelel. Fedezd fel a szem\u00e9lyre szabott kifejez\u00e9s vil\u00e1g\u00e1t t\u00e1nc ihlette p\u00f3l\u00f3ink \u200b\u200bkollekci\u00f3j\u00e1val. Mutasd meg a balett ir\u00e1nti szeretetedet egy olyan diz\u00e1jnnal, amely kecses t\u00e1ncoss\u00e1 var\u00e1zsol. Fedezz fel hasonl\u00f3 mag\u00e1val ragad\u00f3 diz\u00e1jnok sz\u00e9les v\u00e1laszt\u00e9k\u00e1t, amelyek mindegyike testreszabhat\u00f3 emberi \u00e9s \u00e1llatportr\u00e9kkal. Teremts m\u0171v\u00e9szi \u00e9s kapcsol\u00f3d\u00e1si pillanatokat egy olyan aj\u00e1nd\u00e9kkal, amely a t\u00e1nc \u00f6r\u00f6m\u00e9t \u00e9s sz\u00e9ps\u00e9g\u00e9t \u00fcnnepli, \u00e9s egy olyan viselhet\u0151 eml\u00e9kt\u00e1rgyat k\u00edn\u00e1l, amely rezon\u00e1l a benned \u00e9l\u0151 t\u00e1ncos szellem\u00e9vel.<\/p>","protected":false},"excerpt":{"rendered":"<p>B\u00e1rmilyen f\u00e9nyk\u00e9pet d\u00edsz\u00edtsen egy egyedi balerina ingbe. A szem\u00e9lyre szabott balett-t\u00e1ncp\u00f3l\u00f3 egyedi, egyed\u00fcl\u00e1ll\u00f3, t\u00e1ncos ihlet\u00e9s\u0171 p\u00f3l\u00f3t hoz l\u00e9tre.<\/p>","protected":false},"featured_media":142524,"comment_status":"open","ping_status":"closed","template":"","meta":{"_acf_changed":false},"product_brand":[],"product_cat":[6191,262,263,6412,6428,6354],"product_tag":[6433,265,238,1106,803,112],"class_list":{"0":"post-20435","1":"product","2":"type-product","3":"status-publish","4":"has-post-thumbnail","6":"product_cat-t-shirts-women","7":"product_cat-custom-gifts-ballet-dancer","8":"product_cat-dance","9":"product_cat-photo-to-tees","10":"product_cat-translate-products","11":"product_cat-womens-profession-t-shirts","12":"product_tag-ai-artwork","13":"product_tag-dance","14":"product_tag-profession","15":"product_tag-retirement","16":"product_tag-wedding_gift","17":"product_tag-women","19":"first","20":"instock","21":"taxable","22":"shipping-taxable","23":"purchasable","24":"product-type-simple"},"acf":[],"wcpa_form_fields":null,"_links":{"self":[{"href":"https:\/\/www.customywear.com\/hu\/wp-json\/wp\/v2\/product\/20435","targetHints":{"allow":["GET"]}}],"collection":[{"href":"https:\/\/www.customywear.com\/hu\/wp-json\/wp\/v2\/product"}],"about":[{"href":"https:\/\/www.customywear.com\/hu\/wp-json\/wp\/v2\/types\/product"}],"replies":[{"embeddable":true,"href":"https:\/\/www.customywear.com\/hu\/wp-json\/wp\/v2\/comments?post=20435"}],"wp:featuredmedia":[{"embeddable":true,"href":"https:\/\/www.customywear.com\/hu\/wp-json\/wp\/v2\/media\/142524"}],"wp:attachment":[{"href":"https:\/\/www.customywear.com\/hu\/wp-json\/wp\/v2\/media?parent=20435"}],"wp:term":[{"taxonomy":"product_brand","embeddable":true,"href":"https:\/\/www.customywear.com\/hu\/wp-json\/wp\/v2\/product_brand?post=20435"},{"taxonomy":"product_cat","embeddable":true,"href":"https:\/\/www.customywear.com\/hu\/wp-json\/wp\/v2\/product_cat?post=20435"},{"taxonomy":"product_tag","embeddable":true,"href":"https:\/\/www.customywear.com\/hu\/wp-json\/wp\/v2\/product_tag?post=20435"}],"curies":[{"name":"wp","href":"https:\/\/api.w.org\/{rel}","templated":true}]}}