{"id":20485,"date":"2023-07-28T13:36:13","date_gmt":"2023-07-28T13:36:13","guid":{"rendered":"https:\/\/www.customywear.com\/?post_type=product&#038;p=20485"},"modified":"2026-05-05T20:24:12","modified_gmt":"2026-05-05T20:24:12","slug":"egyedi-osember-ing-ferfiaknak","status":"publish","type":"product","link":"https:\/\/www.customywear.com\/hu\/custom-caveman-shirt-for-men\/","title":{"rendered":"Alak\u00edtsd \u00e1t fot\u00f3dat egyedi \u0151sember p\u00f3l\u00f3v\u00e1 f\u00e9rfiaknak \u2013 szem\u00e9lyre szabott p\u00f3l\u00f3"},"content":{"rendered":"<p>L\u00e9pj be a nevet\u00e9s \u00e9s az egyedis\u00e9g korszak\u00e1ba a mi... <em>Alak\u00edtsd \u00e1t fot\u00f3dat egyedi \u0151sember p\u00f3l\u00f3v\u00e1 f\u00e9rfiaknak<\/em>Kreat\u00edv alk\u00edmi\u00e1nk seg\u00edts\u00e9g\u00e9vel fot\u00f3db\u00f3l egy mag\u00e1val ragad\u00f3 vektorportr\u00e9 var\u00e1zsol, humoros csavarral \u00e1trep\u00edtve egy \u0151sember szerep\u00e9be. Ez a szem\u00e9lyre szabott p\u00f3l\u00f3 nem csup\u00e1n egy ruhadarab \u2013 a sz\u00f3rakoz\u00e1s \u00e9s az egy\u00e9nis\u00e9g megtestes\u00edt\u0151je, \u00edgy t\u00f6k\u00e9letes aj\u00e1nd\u00e9k magadnak vagy szeretteidnek. Engedd szabadj\u00e1ra a fant\u00e1zi\u00e1dat, mik\u00f6zben a technol\u00f3gi\u00e1t \u00e9s a kreativit\u00e1st \u00f6tv\u00f6zve \u00e9letre keltj\u00fck elk\u00e9pzel\u00e9seidet. Az Adobe Illustrator \u00e9s az Adobe Photoshop m\u0171v\u00e9szi k\u00e9pess\u00e9geinek k\u00f6sz\u00f6nhet\u0151en olyan bonyolult mint\u00e1kat alkotunk, amelyek az \u0151sember korszak\u00e1nak szellem\u00e9t id\u00e9zik. A legmodernebb DTG nyomtat\u00e1si technol\u00f3gi\u00e1t alkalmazva a kiv\u00e1l\u00f3 min\u0151s\u00e9g\u0171 vektorgrafika minden r\u00e9szlet\u00e9t r\u00f6gz\u00edtj\u00fck, biztos\u00edtva, hogy az egyedi p\u00f3l\u00f3d a k\u00e9zm\u0171vess\u00e9g remekm\u0171ve legyen. Feln\u0151ttek, fiatalok, gyerekek \u00e9s kisgyermekek sz\u00e1m\u00e1ra is el\u00e9rhet\u0151, ez az uniszex diz\u00e1jn var\u00e1zs\u00e1val hidat k\u00e9pez a gener\u00e1ci\u00f3k k\u00f6z\u00f6tt. \u00dcnnepeld a bajt\u00e1rsiass\u00e1g id\u0151tlen l\u00e9nyeg\u00e9t a divaton kereszt\u00fcl. A mi... <em>Alak\u00edtsd \u00e1t fot\u00f3dat egyedi \u0151sember p\u00f3l\u00f3v\u00e1 f\u00e9rfiaknak<\/em> Arra invit\u00e1l, hogy j\u00e1t\u00e9kosan \u00e9s k\u00f6nnyeden \u00f6leld magadhoz a benned rejl\u0151 \u0151sembert. A minta minden egyes von\u00e1sa a fiatalokhoz \u00e9s a sz\u00edv\u00fck m\u00e9ly\u00e9n \u00e9l\u0151kh\u00f6z sz\u00f3l, meg\u0151rizve minden szem\u00e9lyis\u00e9g egyedis\u00e9g\u00e9t. A gyerekek nevet\u00e9s\u00e9t\u0151l a feln\u0151ttek st\u00edluspreferenci\u00e1iig ez a szem\u00e9lyre szabott p\u00f3l\u00f3 egy v\u00e1szon az \u00f6nkifejez\u00e9shez, amely gener\u00e1ci\u00f3kon \u00e1t\u00edvel. Mer\u00fclj el a kreativit\u00e1s \u00e9s az \u00f6r\u00f6m \u00fatj\u00e1n, mik\u00f6zben b\u00fcszk\u00e9n viseled a t\u00f6rt\u00e9netedet. Tapasztald meg az \u00e1talakul\u00e1s \u00e9s az individualit\u00e1s izgalm\u00e1t a mi... <em>Egyedi \u0151sember ing f\u00e9rfiaknak<\/em>Ez a szem\u00e9lyre szabott p\u00f3l\u00f3 egy utaz\u00e1sra rep\u00edt a m\u00faltba, ahol a humor tal\u00e1lkozik a t\u00f6rt\u00e9nelemmel, \u00e9s ahol a k\u00f6z\u00f6s nevet\u00e9s k\u00f6tel\u00e9ke \u00e1tl\u00e9pi a kor hat\u00e1rait. Ez nem csak egy p\u00f3l\u00f3; az \u00f6nkifejez\u00e9s jelk\u00e9pe, amely mindenkihez sz\u00f3l, a kisgyermekekt\u0151l a feln\u0151ttekig, eml\u00e9keztetve minket arra, hogy m\u00e9g a modern korban is \u00e9l az \u0151sember szelleme.<\/p>","protected":false},"excerpt":{"rendered":"<p>Keltse \u00e9letre a t\u00f6rt\u00e9nelmet egy egyedi Caveman ing f\u00e9rfinak. A szem\u00e9lyre szabott p\u00f3l\u00f3 minden f\u00e9nyk\u00e9pet egyedi, \u0151si ihlet\u00e9s\u0171 p\u00f3l\u00f3v\u00e1 var\u00e1zsol.<\/p>","protected":false},"featured_media":142595,"comment_status":"open","ping_status":"closed","template":"","meta":{"_acf_changed":false},"product_brand":[],"product_cat":[6195,6157,6156,691,186,6412,6428],"product_tag":[6433,561,6216,6219,6220],"class_list":{"0":"post-20485","1":"product","2":"type-product","3":"status-publish","4":"has-post-thumbnail","6":"product_cat-t-shirts-men","7":"product_cat-country","8":"product_cat-culture","9":"product_cat-custom-gifts-caveman","10":"product_cat-men","11":"product_cat-photo-to-tees","12":"product_cat-translate-products","13":"product_tag-ai-artwork","14":"product_tag-camping_shirt","15":"product_tag-mens-custom-t-shirts","16":"product_tag-order-custom-shirts","17":"product_tag-t-shirt-printing-near-me","19":"first","20":"instock","21":"taxable","22":"shipping-taxable","23":"purchasable","24":"product-type-simple"},"acf":[],"wcpa_form_fields":null,"_links":{"self":[{"href":"https:\/\/www.customywear.com\/hu\/wp-json\/wp\/v2\/product\/20485","targetHints":{"allow":["GET"]}}],"collection":[{"href":"https:\/\/www.customywear.com\/hu\/wp-json\/wp\/v2\/product"}],"about":[{"href":"https:\/\/www.customywear.com\/hu\/wp-json\/wp\/v2\/types\/product"}],"replies":[{"embeddable":true,"href":"https:\/\/www.customywear.com\/hu\/wp-json\/wp\/v2\/comments?post=20485"}],"wp:featuredmedia":[{"embeddable":true,"href":"https:\/\/www.customywear.com\/hu\/wp-json\/wp\/v2\/media\/142595"}],"wp:attachment":[{"href":"https:\/\/www.customywear.com\/hu\/wp-json\/wp\/v2\/media?parent=20485"}],"wp:term":[{"taxonomy":"product_brand","embeddable":true,"href":"https:\/\/www.customywear.com\/hu\/wp-json\/wp\/v2\/product_brand?post=20485"},{"taxonomy":"product_cat","embeddable":true,"href":"https:\/\/www.customywear.com\/hu\/wp-json\/wp\/v2\/product_cat?post=20485"},{"taxonomy":"product_tag","embeddable":true,"href":"https:\/\/www.customywear.com\/hu\/wp-json\/wp\/v2\/product_tag?post=20485"}],"curies":[{"name":"wp","href":"https:\/\/api.w.org\/{rel}","templated":true}]}}