{"id":20496,"date":"2023-07-28T13:36:31","date_gmt":"2023-07-28T13:36:31","guid":{"rendered":"https:\/\/www.customywear.com\/?post_type=product&#038;p=20496"},"modified":"2026-05-07T15:29:56","modified_gmt":"2026-05-07T15:29:56","slug":"szemelyre-szabott-kinai-lany-polo-ajandek-fiataloknak","status":"publish","type":"product","link":"https:\/\/www.customywear.com\/hu\/custom-chinese-girl-shirt-youngsters-gift\/","title":{"rendered":"Egyedi k\u00ednai l\u00e1ny ing | Szem\u00e9lyre szabott aj\u00e1nd\u00e9k gyerekeknek"},"content":{"rendered":"<p>Dobd fel gyermeked st\u00edlus\u00e1t \u201eEgyedi k\u00ednai l\u00e1nyp\u00f3l\u00f3nkkal\u201d, amely a kult\u00fara \u00e9s a szem\u00e9lyre szab\u00e1s harmonikus kever\u00e9ke, \u00e9s a fiatalok \u00f6r\u00f6m\u00e9re k\u00e9sz\u00fclt. L\u00e9gy tan\u00faja a var\u00e1zslatnak, ahogy gyermeked fot\u00f3ja apr\u00f3l\u00e9kosan \u00e1talakul egy mag\u00e1val ragad\u00f3 vektoros portr\u00e9v\u00e1, amely egy b\u00e1jos k\u00ednai hagyom\u00e1nyos ruh\u00e1ban \u00e1br\u00e1zolja \u0151t. Ez az egyedi p\u00f3l\u00f3 nem puszt\u00e1n ruhadarab; a kreativit\u00e1s v\u00e1szonja \u00e9s egy sz\u00edvb\u0151l j\u00f6v\u0151 aj\u00e1nd\u00e9k, amely \u00f6r\u00f6met gy\u00fajt mind a gyermekek, mind a sz\u00fcl\u0151k sz\u00edv\u00e9ben. A fiatalok vibr\u00e1l\u00e1s\u00e1t szem el\u0151tt tartva tervezett r\u00f6vid \u00e9s hossz\u00fa ujj\u00fa p\u00f3l\u00f3ink \u200b\u200bk\u00f6nnyed\u00e9n \u00f6tv\u00f6zik a hagyom\u00e1nyt \u00e9s a kort\u00e1rs eszt\u00e9tik\u00e1t. K\u00e9pzett tervez\u0151ink Adobe Illustrator \u00e9s Adobe Photoshop programokat haszn\u00e1lnak, hogy \u00e9letre kelts\u00e9k minden egyes diz\u00e1jnt, olyan bonyolult vizu\u00e1lis elemeket alkotva, amelyek mind a gyerekek, mind a feln\u0151ttek sz\u00e1m\u00e1ra rezon\u00e1lnak. A legmodernebb DTG nyomtat\u00e1si technol\u00f3gi\u00e1t alkalmazva biztos\u00edtjuk szem\u00e9lyre szabott remekm\u0171ved hossz\u00fa \u00e9lettartam\u00e1t, amely uniszex k\u00e9nyelemre szabott \u00e9s minden koroszt\u00e1ly sz\u00e1m\u00e1ra el\u00e9rhet\u0151 \u2013 a kisgyermekekt\u0151l a feln\u0151ttekig. Ragadd magadhoz az uniszex divat erej\u00e9t, amely \u00e1thidalja a gener\u00e1ci\u00f3kat. Indulj el a szem\u00e9lyre szab\u00e1s \u00fatj\u00e1ra az\u00e1ltal, hogy gyermeked arc\u00e1t be\u00e9p\u00edted a diz\u00e1jnba, tal\u00e1n m\u00e9g szeretett h\u00e1zi\u00e1llataidat is. Ezek az ingek t\u00f6bbet jelentenek, mint ruhadarabok; \u00c9l\u0151 eml\u00e9kek, amelyek megragadj\u00e1k a gyermekkor szesz\u00e9lyess\u00e9g\u00e9t \u00e9s \u00e1rtatlans\u00e1g\u00e1t. Gy\u00f6ny\u00f6rk\u00f6dj\u00f6n kiv\u00e1l\u00f3 min\u0151s\u00e9g\u0171 vektorgrafik\u00e1nk precizit\u00e1s\u00e1ban, amely szak\u00e9rt\u0151 m\u00f3don ragadja meg a hagyom\u00e1ny \u00e9s az egy\u00e9nis\u00e9g szellem\u00e9t. Dobja fel gyermeke ruhat\u00e1r\u00e1t ezzel az egyedi k\u00ednai l\u00e1nyp\u00f3l\u00f3val \u2013 ahol a kult\u00fara, a szem\u00e9lyre szab\u00e1s \u00e9s a fiatalos lelkesed\u00e9s tal\u00e1lkozik, hogy egy hordhat\u00f3 remekm\u0171vet alkosson, amely mind a csal\u00e1d, mind a sz\u00f3rakoz\u00e1s hangulat\u00e1t id\u00e9zi.<\/p>","protected":false},"excerpt":{"rendered":"<p>Delight youngsters with a Custom Chinese Girl Shirt. The Personalized Youngster&#8217;s Gift Tee turns any photo into a fun, one-of-a-kind t-shirt.<\/p>","protected":false},"featured_media":142637,"comment_status":"open","ping_status":"closed","template":"","meta":{"_acf_changed":false},"product_brand":[],"product_cat":[6193,703,6412,6428],"product_tag":[6433,6439,65,156],"class_list":{"0":"post-20496","1":"product","2":"type-product","3":"status-publish","4":"has-post-thumbnail","6":"product_cat-girls-t-shirts","7":"product_cat-custom-gifts-chinese-tradition","8":"product_cat-photo-to-tees","9":"product_cat-translate-products","10":"product_tag-ai-artwork","11":"product_tag-ai-kids-artwork","12":"product_tag-kid","13":"product_tag-youth-girl","15":"first","16":"instock","17":"taxable","18":"shipping-taxable","19":"purchasable","20":"product-type-simple"},"acf":[],"wcpa_form_fields":null,"_links":{"self":[{"href":"https:\/\/www.customywear.com\/hu\/wp-json\/wp\/v2\/product\/20496","targetHints":{"allow":["GET"]}}],"collection":[{"href":"https:\/\/www.customywear.com\/hu\/wp-json\/wp\/v2\/product"}],"about":[{"href":"https:\/\/www.customywear.com\/hu\/wp-json\/wp\/v2\/types\/product"}],"replies":[{"embeddable":true,"href":"https:\/\/www.customywear.com\/hu\/wp-json\/wp\/v2\/comments?post=20496"}],"wp:featuredmedia":[{"embeddable":true,"href":"https:\/\/www.customywear.com\/hu\/wp-json\/wp\/v2\/media\/142637"}],"wp:attachment":[{"href":"https:\/\/www.customywear.com\/hu\/wp-json\/wp\/v2\/media?parent=20496"}],"wp:term":[{"taxonomy":"product_brand","embeddable":true,"href":"https:\/\/www.customywear.com\/hu\/wp-json\/wp\/v2\/product_brand?post=20496"},{"taxonomy":"product_cat","embeddable":true,"href":"https:\/\/www.customywear.com\/hu\/wp-json\/wp\/v2\/product_cat?post=20496"},{"taxonomy":"product_tag","embeddable":true,"href":"https:\/\/www.customywear.com\/hu\/wp-json\/wp\/v2\/product_tag?post=20496"}],"curies":[{"name":"wp","href":"https:\/\/api.w.org\/{rel}","templated":true}]}}