{"id":20511,"date":"2023-07-28T13:36:55","date_gmt":"2023-07-28T13:36:55","guid":{"rendered":"https:\/\/www.customywear.com\/?post_type=product&#038;p=20511"},"modified":"2026-05-13T19:50:37","modified_gmt":"2026-05-13T19:50:37","slug":"egyedi-parok-idegen-ing","status":"publish","type":"product","link":"https:\/\/www.customywear.com\/hu\/custom-couples-alien-shirt\/","title":{"rendered":"Egyedi p\u00e1ros f\u00f6ld\u00f6nk\u00edv\u00fcli p\u00f3l\u00f3 \u2013 szem\u00e9lyre szabott \u0171rbeli \u00e9vfordul\u00f3s \u00e9s sz\u00fclet\u00e9snapi aj\u00e1nd\u00e9k"},"content":{"rendered":"<p>L\u00e9pj be a szem\u00e9lyre szabott divat kozmosz\u00e1ba Custom Couples Alien p\u00f3l\u00f3nkkal, egy egyedi \u00e9s j\u00e1t\u00e9kos, \u0171r t\u00e9m\u00e1j\u00fa kre\u00e1ci\u00f3val, amely t\u00f6k\u00e9letes \u00e9vfordul\u00f3k, sz\u00fclet\u00e9snapok meg\u00fcnnepl\u00e9s\u00e9re, vagy egyszer\u0171en csak mosolyg\u00e1sra. Mer\u00fclj el a k\u00e9pzelet vil\u00e1g\u00e1ban, mik\u00f6zben fot\u00f3idat vektoros portr\u00e9kk\u00e1 alak\u00edtjuk, t\u00e9ged \u00e9s partneredet f\u00f6ld\u00f6nk\u00edv\u00fcli l\u00e9nyekk\u00e9nt \u00e1br\u00e1zolva egy kozmikus \u0171rhaj\u00f3 alatt. Ez az egyedi p\u00f3l\u00f3 \u00edg\u00e9ret\u00fcnk szerint a legk\u00fcl\u00f6nlegesebb \u00e9s legmelegebb aj\u00e1nd\u00e9k lesz, amely garant\u00e1ltan \u00f6r\u00f6met hoz szeretteid arc\u00e1ra. Az Adobe Illustrator \u00e9s az Adobe Photoshop kreat\u00edv k\u00e9pess\u00e9geit kihaszn\u00e1lva minden egyes diz\u00e1jnt apr\u00f3l\u00e9kosan kidolgozunk, biztos\u00edtva, hogy a kapott, kiv\u00e1l\u00f3 min\u0151s\u00e9g\u0171 vektoros grafika h\u0171en t\u00fckr\u00f6zze szem\u00e9lyazonoss\u00e1godat. Fejlett DTG nyomtat\u00e1si technol\u00f3gi\u00e1nk \u00e9letre kelti ezt a f\u00f6ld\u00f6nt\u00fali diz\u00e1jnt k\u00e9nyelmes, unisex hossz\u00fa \u00e9s r\u00f6vid ujj\u00fa p\u00f3l\u00f3kon, feln\u0151ttek, fiatalok, gyerekek \u00e9s kisgyermekek sz\u00e1m\u00e1ra szabva. \u00c9lvezd egy olyan p\u00f3l\u00f3 visel\u00e9s\u00e9nek \u00e9lm\u00e9ny\u00e9t, amely nemcsak a szerelmedet k\u00e9pviseli, hanem besz\u00e9lget\u00e9seket \u00e9s nevet\u00e9st is ind\u00edt el. Mer\u00e9szkedj be a szem\u00e9lyre szab\u00e1s birodalm\u00e1ba, ahol nemcsak emberi arcok, hanem szeretett h\u00e1zi\u00e1llataid im\u00e1dnival\u00f3 b\u00f6gr\u00e9i is d\u00edsz\u00edthetik ezeket a p\u00f3l\u00f3kat, m\u00e9g t\u00f6bb \u00e9rzelemmel t\u00f6ltve meg \u0151ket. E mag\u00e1val ragad\u00f3 kre\u00e1ci\u00f3 mellett fedezd fel hasonl\u00f3 diz\u00e1jnjainkat is, amelyek a min\u0151s\u00e9g \u00e9s a szem\u00e9lyes ig\u00e9nyek ir\u00e1nti elk\u00f6telezetts\u00e9g\u00fcnket p\u00e9ld\u00e1zz\u00e1k. Csatlakozz az el\u00e9gedett v\u00e1s\u00e1rl\u00f3ink \u200b\u200bsor\u00e1hoz, akik m\u00e1r megtapasztalt\u00e1k az egyedi p\u00f3l\u00f3k var\u00e1zs\u00e1t, \u00e9s indulj el egy utaz\u00e1sra, hogy kifejezd egyedi k\u00f6tel\u00e9kedet egy val\u00f3ban f\u00f6ld\u00f6nt\u00fali p\u00f3l\u00f3val. Ha b\u00e1rmilyen k\u00e9rd\u00e9sed van, ne habozz kapcsolatba l\u00e9pni vel\u00fcnk.<\/p>","protected":false},"excerpt":{"rendered":"<p>\u00dcnnepelje a szerelmet az \u0171rben egy egyedi p\u00e1ros idegen inggel. A szem\u00e9lyre szabott Space Anniversary and Birthday Gift p\u00f3l\u00f3 egyedi p\u00f3l\u00f3v\u00e1 var\u00e1zsolja fot\u00f3it.<\/p>","protected":false},"featured_media":143721,"comment_status":"open","ping_status":"closed","template":"","meta":{"_acf_changed":false},"product_brand":[],"product_cat":[6197,113,6412,6428],"product_tag":[6440,252,136,137,138,141,258],"class_list":{"0":"post-20511","1":"product","2":"type-product","3":"status-publish","4":"has-post-thumbnail","6":"product_cat-t-shirts-couple","7":"product_cat-custom-gifts-alien-shirts","8":"product_cat-photo-to-tees","9":"product_cat-translate-products","10":"product_tag-ai-artwork-couple","11":"product_tag-couple","12":"product_tag-science_shirt","13":"product_tag-space_shirt","14":"product_tag-t-shirt-ufo","15":"product_tag-ufo-shirt","16":"product_tag-valentine","18":"first","19":"instock","20":"taxable","21":"shipping-taxable","22":"purchasable","23":"product-type-simple"},"acf":[],"wcpa_form_fields":null,"_links":{"self":[{"href":"https:\/\/www.customywear.com\/hu\/wp-json\/wp\/v2\/product\/20511","targetHints":{"allow":["GET"]}}],"collection":[{"href":"https:\/\/www.customywear.com\/hu\/wp-json\/wp\/v2\/product"}],"about":[{"href":"https:\/\/www.customywear.com\/hu\/wp-json\/wp\/v2\/types\/product"}],"replies":[{"embeddable":true,"href":"https:\/\/www.customywear.com\/hu\/wp-json\/wp\/v2\/comments?post=20511"}],"wp:featuredmedia":[{"embeddable":true,"href":"https:\/\/www.customywear.com\/hu\/wp-json\/wp\/v2\/media\/143721"}],"wp:attachment":[{"href":"https:\/\/www.customywear.com\/hu\/wp-json\/wp\/v2\/media?parent=20511"}],"wp:term":[{"taxonomy":"product_brand","embeddable":true,"href":"https:\/\/www.customywear.com\/hu\/wp-json\/wp\/v2\/product_brand?post=20511"},{"taxonomy":"product_cat","embeddable":true,"href":"https:\/\/www.customywear.com\/hu\/wp-json\/wp\/v2\/product_cat?post=20511"},{"taxonomy":"product_tag","embeddable":true,"href":"https:\/\/www.customywear.com\/hu\/wp-json\/wp\/v2\/product_tag?post=20511"}],"curies":[{"name":"wp","href":"https:\/\/api.w.org\/{rel}","templated":true}]}}