{"id":20518,"date":"2023-07-28T13:37:09","date_gmt":"2023-07-28T13:37:09","guid":{"rendered":"https:\/\/www.customywear.com\/?post_type=product&#038;p=20518"},"modified":"2026-05-13T19:50:37","modified_gmt":"2026-05-13T19:50:37","slug":"egyedi-paros-csirkelovas-ingek","status":"publish","type":"product","link":"https:\/\/www.customywear.com\/hu\/custom-couples-chicken-ride-shirts\/","title":{"rendered":"Egyedi p\u00e1ros csirkelovagl\u00f3 p\u00f3l\u00f3k \u2013 szem\u00e9lyre szabott kakaskaland p\u00f3l\u00f3k"},"content":{"rendered":"<p>Mer\u00fclj el egy szesz\u00e9lyes kalandban Egyedi P\u00e1ros Csirkelovagl\u00f3 P\u00f3l\u00f3inkkal! Ezek a b\u00e1jos \u00e9s szem\u00e9lyre szabott alkot\u00e1sok megragadj\u00e1k a kakaslovagl\u00e1s \u00f6r\u00f6m\u00e9t, \u00e9s \u00fcnneplik a k\u00f6ztetek l\u00e9v\u0151 egyed\u00fcl\u00e1ll\u00f3 kapcsolatot. Mer\u00fclj el a kreativit\u00e1s vil\u00e1g\u00e1ban, mik\u00f6zben fot\u00f3dat j\u00e1t\u00e9kos vektoros portr\u00e9kk\u00e1 alak\u00edtjuk, amely t\u00e9ged \u00e9s partneredet \u00e1br\u00e1zol egy gy\u00f6ny\u00f6r\u0171 kakaslovagl\u00e1s k\u00f6zben. Ez az egyedi p\u00f3l\u00f3 nem csup\u00e1n ruhadarab; az \u00f6sszetartoz\u00e1s eml\u00e9kezetes kifejez\u0151d\u00e9se, \u00edgy t\u00f6k\u00e9letes v\u00e1laszt\u00e1s n\u00e1szutasoknak vagy b\u00e1rki sz\u00e1m\u00e1ra, aki egy k\u00f6nnyed \u00e9s sz\u00f3rakoztat\u00f3 diz\u00e1jnt keres.<\/p>\n<p>Az Adobe Illustrator \u00e9s az Adobe Photoshop kreat\u00edv szak\u00e9rtelm\u00e9t felhaszn\u00e1lva k\u00e9pzett tervez\u0151ink apr\u00f3l\u00e9kosan kidolgozz\u00e1k az \u00f6sszes r\u00e9szletet, \u00edgy kiv\u00e1l\u00f3 min\u0151s\u00e9g\u0171 vektorgrafik\u00e1t hoznak l\u00e9tre, amely \u00e9letre kelti a kakasos kalandodat. A fejlett DTG nyomtat\u00e1si technol\u00f3gi\u00e1nak k\u00f6sz\u00f6nhet\u0151en ez a szesz\u00e9lyes diz\u00e1jn k\u00e9nyelmes, unisex hossz\u00fa \u00e9s r\u00f6vid ujj\u00fa p\u00f3l\u00f3kat d\u00edsz\u00edt, amelyek feln\u0151ttek, fiatalok, gyerekek \u00e9s kisgyermekek sz\u00e1m\u00e1ra egyar\u00e1nt alkalmasak. \u00c9lvezd az \u00f6r\u00f6m\u00f6t, hogy egy olyan p\u00f3l\u00f3t viselhetsz, amely mosolyt csal az arcodra, \u00e9s egy csipetnyi j\u00e1t\u00e9koss\u00e1got visz a ruhat\u00e1radba.<\/p>\n<p>Mer\u00fclj el a szem\u00e9lyre szab\u00e1s birodalm\u00e1ban, ahol nemcsak az emberi arcok, hanem a h\u00e1ztart\u00e1sod szeretett t\u00e1rsai is d\u00edsz\u00edthetik ezeket a p\u00f3l\u00f3kat, extra \u00e9rzelmi r\u00e9teget adva hozz\u00e1. Ezen a var\u00e1zslatos kre\u00e1ci\u00f3n t\u00fal fedezd fel hasonl\u00f3 diz\u00e1jnok kollekci\u00f3nkat, amelyek megtestes\u00edtik a min\u0151s\u00e9g \u00e9s az egyedis\u00e9g ir\u00e1nti elk\u00f6telezetts\u00e9g\u00fcnket. Csatlakozz az el\u00e9gedett v\u00e1s\u00e1rl\u00f3ink \u200b\u200bsor\u00e1hoz, akik m\u00e1r megtapasztalt\u00e1k a szem\u00e9lyre szabott p\u00f3l\u00f3k var\u00e1zs\u00e1t, \u00e9s indulj el egy utaz\u00e1sra, hogy meg\u00fcnnepeld a kapcsolatodat egy olyan p\u00f3l\u00f3val, amely egyszerre elb\u0171v\u00f6l\u0151 \u00e9s egyed\u00fcl\u00e1ll\u00f3an szem\u00e9lyes. Ha b\u00e1rmilyen k\u00e9rd\u00e9sed van, ne habozz kapcsolatba l\u00e9pni vel\u00fcnk.<\/p>","protected":false},"excerpt":{"rendered":"<p>Utazz a m\u00f3k\u00e1ban egyedi p\u00e1rok csirkelovas ingekkel. A szem\u00e9lyre szabott Rooster Adventure p\u00f3l\u00f3k minden f\u00e9nyk\u00e9pet m\u00f3k\u00e1s, egyedi p\u00f3l\u00f3v\u00e1 var\u00e1zsolnak.<\/p>","protected":false},"featured_media":99386,"comment_status":"open","ping_status":"closed","template":"","meta":{"_acf_changed":false},"product_brand":[],"product_cat":[6197,6412,6428,6441],"product_tag":[252,1025,1432],"class_list":{"0":"post-20518","1":"product","2":"type-product","3":"status-publish","4":"has-post-thumbnail","6":"product_cat-t-shirts-couple","7":"product_cat-photo-to-tees","8":"product_cat-translate-products","9":"product_cat-v2-couple","10":"product_tag-couple","11":"product_tag-funny_couples_shirts","12":"product_tag-gardening_shirt","13":"wcpa_has_options","15":"first","16":"instock","17":"taxable","18":"shipping-taxable","19":"purchasable","20":"product-type-simple"},"acf":[],"wcpa_form_fields":{"wcpaData":{"product":{"product_price":24.99,"price_html":"<span class=\"wmc-wc-price\" ><span class=\"woocommerce-Price-amount amount\"><bdi><span class=\"woocommerce-Price-currencySymbol\">&euro;<\/span>24,99<\/bdi><\/span><span data-wmc_price_cache=\"{&quot;USD&quot;:&quot;&lt;span class=\\&quot;woocommerce-Price-amount amount\\&quot;&gt;&lt;bdi&gt;&lt;span class=\\&quot;woocommerce-Price-currencySymbol\\&quot;&gt;&amp;#36;&lt;\\\/span&gt;29,24&lt;\\\/bdi&gt;&lt;\\\/span&gt;&quot;,&quot;EUR&quot;:&quot;&lt;span class=\\&quot;woocommerce-Price-amount amount\\&quot;&gt;&lt;bdi&gt;&lt;span class=\\&quot;woocommerce-Price-currencySymbol\\&quot;&gt;&amp;euro;&lt;\\\/span&gt;24,99&lt;\\\/bdi&gt;&lt;\\\/span&gt;&quot;,&quot;CAD&quot;:&quot;&lt;span class=\\&quot;woocommerce-Price-amount amount\\&quot;&gt;&lt;bdi&gt;&lt;span class=\\&quot;woocommerce-Price-currencySymbol\\&quot;&gt;CAD$ &lt;\\\/span&gt;39,98&lt;\\\/bdi&gt;&lt;\\\/span&gt;&quot;,&quot;GBP&quot;:&quot;&lt;span class=\\&quot;woocommerce-Price-amount amount\\&quot;&gt;&lt;bdi&gt;&lt;span class=\\&quot;woocommerce-Price-currencySymbol\\&quot;&gt;&amp;pound;&lt;\\\/span&gt;21,74&lt;\\\/bdi&gt;&lt;\\\/span&gt;&quot;,&quot;PLN&quot;:&quot;&lt;span class=\\&quot;woocommerce-Price-amount amount\\&quot;&gt;&lt;bdi&gt;&lt;span class=\\&quot;woocommerce-Price-currencySymbol\\&quot;&gt;z\\u0142 &lt;\\\/span&gt;105,96&lt;\\\/bdi&gt;&lt;\\\/span&gt;&quot;,&quot;SEK&quot;:&quot;&lt;span class=\\&quot;woocommerce-Price-amount amount\\&quot;&gt;&lt;bdi&gt;&lt;span class=\\&quot;woocommerce-Price-currencySymbol\\&quot;&gt;kr &lt;\\\/span&gt;272,89&lt;\\\/bdi&gt;&lt;\\\/span&gt;&quot;,&quot;AUD&quot;:&quot;&lt;span class=\\&quot;woocommerce-Price-amount amount\\&quot;&gt;&lt;bdi&gt;&lt;span class=\\&quot;woocommerce-Price-currencySymbol\\&quot;&gt;AUD$ &lt;\\\/span&gt;40,48&lt;\\\/bdi&gt;&lt;\\\/span&gt;&quot;,&quot;JPY&quot;:&quot;&lt;span class=\\&quot;woocommerce-Price-amount amount\\&quot;&gt;&lt;bdi&gt;&lt;span class=\\&quot;woocommerce-Price-currencySymbol\\&quot;&gt;&amp;yen;&lt;\\\/span&gt;4.615,90&lt;\\\/bdi&gt;&lt;\\\/span&gt;&quot;,&quot;CZK&quot;:&quot;&lt;span class=\\&quot;woocommerce-Price-amount amount\\&quot;&gt;&lt;bdi&gt;&lt;span class=\\&quot;woocommerce-Price-currencySymbol\\&quot;&gt;K\\u010d &lt;\\\/span&gt;607,76&lt;\\\/bdi&gt;&lt;\\\/span&gt;&quot;,&quot;NZD&quot;:&quot;&lt;span class=\\&quot;woocommerce-Price-amount amount\\&quot;&gt;&lt;bdi&gt;&lt;span class=\\&quot;woocommerce-Price-currencySymbol\\&quot;&gt;NZD$ &lt;\\\/span&gt;49,23&lt;\\\/bdi&gt;&lt;\\\/span&gt;&quot;,&quot;CHF&quot;:&quot;&lt;span class=\\&quot;woocommerce-Price-amount amount\\&quot;&gt;&lt;bdi&gt;&lt;span class=\\&quot;woocommerce-Price-currencySymbol\\&quot;&gt;CHF &lt;\\\/span&gt;22,74&lt;\\\/bdi&gt;&lt;\\\/span&gt;&quot;}\" style=\"display: none;\" class=\"wmc-price-cache-list\"><\/span><\/span>","original_product_price":24.99,"price_including_tax":24.99,"price_excluding_tax":20.825,"product_id":{"parent":20518,"variation":false},"is_variable":false,"stock_status":"instock","stock_quantity":null,"parent_sku":"custom-tees-156","product_attributes":{"pa_color":{"is_variation":false,"values":["black","white","navy","red"]},"pa_style":{"is_variation":false,"values":["couple-t-shirt"]},"pa_customization":{"is_variation":false,"values":["add-your-photo","add-your-text-or-name","add-your-logo"]},"pa_material":{"is_variation":false,"values":["100-cotton"]},"pa_key-details":{"is_variation":false,"values":["unisex","regular-fit","premium-quality","digital-art"]},"pa_brand":{"is_variation":false,"values":["customywear"]},"pa_age-group":{"is_variation":false,"values":["adult"]},"pa_size":{"is_variation":false,"values":["xs","s","m","l","xl","2xl","3xl"]},"pa_print-type":{"is_variation":false,"values":["dtg-print-direct-to-garment"]},"pa_gender":{"is_variation":false,"values":["unisex"]}},"custom_fields":[],"is_taxable":true,"product_name":"Custom Couples Chicken Ride Shirts - Personalized Rooster Adventure Tees"},"fields":{"sec_668d392cdb359a":{"extra":{"key":"sec_668d392cdb359a","section_id":"sec_668d392cdb359a","name":"T-shirt size and color","status":1,"cl_rule":"show","enableCl":false,"relations":[],"toggle":true,"title_tag":"h4","show_title":false,"showPrice":"default","form_id":137337,"form_rules":{"exclude_from_discount":false,"fee_label":"Fee","disp_hide_options_price":false,"disp_show_section_price":false,"disp_show_field_price":true,"layout_option":"standard","pric_use_as_fee":false,"process_fee_as":"woo_fee"},"layout_option":"standard"},"fields":[[{"active":true,"col":6,"relations":false,"cl_rule":"show","enableCl":false,"price":"","enablePrice":false,"className":"","label_position":"default","desc_position":"default","type":"color-group","required":false,"elementId":"color_group_6231271873","label":"Color","name":"color_group_6231271873","disp_type":"circle","values":[{"label":"Black","value":"Black","selected":false,"color":"#000000","tempId":"aco_909","gt_translate_keys":["label"]},{"label":"White","value":"White","selected":false,"color":"#ffffff","tempId":"aco_910","gt_translate_keys":["label"]},{"label":"Navy","value":"Navy","selected":false,"color":"#213a92","tempId":"aco_911","gt_translate_keys":["label"]},{"label":"Red","value":"Red","selected":false,"color":"#d0021b","tempId":"aco_1102","gt_translate_keys":["label"]}],"layOut":"inline","error":false,"tooltip":"Pick your preferred T-shirt color","selection_type":"tick-border","show_selected_option":true,"adjust_width":true,"show_label_inside":false,"cart_display_type":"text","gt_translate_keys":["label","tooltip"],"price_dependency":false,"cl_dependency":false,"value":""}],[{"active":true,"col":6,"relations":false,"cl_rule":"show","enableCl":false,"price":"","enablePrice":false,"className":"","label_position":"default","desc_position":"default","type":"radio-group","required":false,"elementId":"radio-group_068d392cdb35d9","label":"Size ","name":"radio-group_068d392cdb35d9","values":[{"label":"XS","value":"XS","selected":false,"tempId":"aco_128","gt_translate_keys":["label"]},{"label":"S","value":"S","selected":false,"tempId":"aco_129","gt_translate_keys":["label"]},{"label":"M","value":"M","selected":false,"tempId":"aco_130","gt_translate_keys":["label"]},{"label":"L","value":"L","selected":false,"tempId":"aco_212","gt_translate_keys":["label"]},{"label":"XL","value":"XL","selected":false,"tempId":"aco_222","gt_translate_keys":["label"]},{"label":"2XL","value":"2XL","selected":false,"tempId":"aco_286","gt_translate_keys":["label"]},{"label":"3XL","value":"3XL","selected":false,"tempId":"aco_350","gt_translate_keys":["label"]}],"layOut":"inline","error":false,"checkUi":"button","tooltip":"Choose your T-shirt size \u2013 suitable for both men and women.","show_selected_option":true,"gt_translate_keys":["label","tooltip"],"price_dependency":false,"cl_dependency":false,"value":""}],[{"active":true,"col":6,"relations":[{"operator":false,"rules":[{"operator":"AND","rules":{"cl_field":"select_1672e1bffc57b9","cl_relation":"is_empty","cl_val":true}}]}],"cl_rule":"hide","enableCl":false,"price":"","enablePrice":false,"className":"","label_position":"default","desc_position":"default","type":"file","required":false,"elementId":"file_968d392cdb35ef","name":"file_968d392cdb35ef","label":"Upload your photo(s)","upload_type":"droppable","uploadSize":"50","file_types":["images","docs","design"],"exts_supported":["jpg","jpeg","png","gif","webp","pdf","PSD"],"error":false,"hideImageIn_email":true,"multiple_upload":true,"max_file_count":"25","tooltip":"Upload a couple's photo or separate photos; we will combine both individuals together.","cartLabel":"Photo(s)","allowedFileTypes":".jpg,.jpeg,.png,.gif,.webp,.pdf,.PSD,image\/*,.doc,.docx,.xml,.dot,.docm,.dotm,.dotx,.htm,.html,.odt,.rtf,.txt,.wps,.xps,application\/msword,application\/vnd,.psd,.eps,.ai,.indd,.raw","gt_translate_keys":["label","tooltip"],"price_dependency":false,"cl_dependency":false,"value":""}],[{"active":true,"col":6,"relations":false,"cl_rule":"show","enableCl":false,"price":"","enablePrice":false,"className":"","label_position":"default","desc_position":"default","type":"checkbox","required":false,"elementId":"checkbox_468d392cdb360a","label":"View more options","name":"checkbox_468d392cdb360a","value":"","check_value":"Yes","checkUi":"","error":false,"hideFieldIn_cart":true,"hideFieldIn_order":true,"gt_translate_keys":["label","value","check_value"],"price_dependency":false,"cl_dependency":["text_868d392cdb366a","radio-group_268d392cdb3682","radio-group_368d392cdb3697"]}],[{"active":true,"col":6,"relations":[{"operator":false,"rules":[{"operator":"AND","rules":{"cl_field":"checkbox_468d392cdb360a","cl_relation":"is","cl_val":true}}]}],"cl_rule":"show","enableCl":true,"price":"","enablePrice":false,"className":"","label_position":"default","desc_position":"default","type":"text","subtype":"text","required":false,"elementId":"text_868d392cdb366a","label":"Add text to your T-shirt design (optional)","name":"text_868d392cdb366a","value":"","error":false,"tooltip":"Your text will be added to the top or bottom of the T-shirt design.","placeholder":"eg: Emma & John: Best Couple Ever","cartLabel":"Text","gt_translate_keys":["label","placeholder","value","tooltip"],"price_dependency":false,"cl_dependency":false}],[{"active":true,"col":6,"relations":[{"operator":false,"rules":[{"operator":"AND","rules":{"cl_field":"checkbox_468d392cdb360a","cl_relation":"is","cl_val":true}}]}],"cl_rule":"show","enableCl":true,"price":"","enablePrice":false,"className":"","label_position":"default","desc_position":"default","type":"radio-group","required":true,"elementId":"radio-group_268d392cdb3682","label":"Select t-shirt print location","name":"radio-group_268d392cdb3682","values":[{"label":"Front Side","value":"Front Side","selected":true,"tempId":"aco_5504","gt_translate_keys":["label"]},{"label":"Back Side","value":"Back Side","selected":false,"tempId":"aco_5505","gt_translate_keys":["label"]}],"layOut":"inline","error":false,"checkUi":"","cartLabel":"Print location","gt_translate_keys":["label"],"price_dependency":false,"cl_dependency":false,"value":""}],[{"active":true,"col":6,"relations":[{"operator":false,"rules":[{"operator":"AND","rules":{"cl_field":"checkbox_468d392cdb360a","cl_relation":"is","cl_val":true}}]}],"cl_rule":"show","enableCl":true,"price":"","enablePrice":false,"className":"","label_position":"default","desc_position":"default","type":"radio-group","required":false,"elementId":"radio-group_368d392cdb3697","label":"Would you like to review the design before printing?","name":"radio-group_368d392cdb3697","values":[{"label":"No","value":"No","selected":true,"tempId":"aco_6274","gt_translate_keys":["label"]},{"label":"Yes","value":"Yes","selected":false,"tempId":"aco_6275","price":"","gt_translate_keys":["label"]}],"layOut":"inline","error":false,"checkUi":"","priceOptions":"different_for_all","pricingType":"fixed","use_as_fee":false,"fee_label":"Preview Image","tooltip":"If yes, we\u2019ll email you a preview of the design before printing. This may add 1-2 days to delivery time.*","cartLabel":"Preview Image","hideFieldIn_cart":true,"hideFieldIn_order":false,"gt_translate_keys":["label","tooltip"],"price_dependency":false,"cl_dependency":["content_068d392cdb36ab"],"value":""}],[{"active":true,"col":6,"relations":[{"operator":false,"rules":[{"operator":"AND","rules":{"cl_field":"radio-group_368d392cdb3697","cl_relation":"is","cl_val":"Yes"}}]}],"cl_rule":"show","enableCl":true,"price":"","enablePrice":false,"className":"","label_position":"default","desc_position":"default","type":"content","required":false,"elementId":"content_068d392cdb36ab","label":"","name":"content_068d392cdb36ab","contentType":"plain","value":"Please check your inbox, including Spam or other folders, within 1-2 business days for the preview image","error":false,"subtype":"p","hideFieldIn_cart":true,"hideFieldIn_order":true,"gt_translate_keys":["label","value"],"price_dependency":false,"cl_dependency":false}]]}},"config":{"price_override":"","enable_recaptcha":false,"bind_quantity":false,"quantity_bind_formula":false,"disp_summ_show_option_price":false,"disp_summ_show_product_price":false,"disp_summ_show_total_price":false,"disp_summ_show_fee":false,"disp_summ_show_discount":false,"summary_title":"","options_total_label":"Options Price","total_label":"Total","options_product_label":"Product Price","fee_label":"Fee","discount_label":"Discount","has_price":true,"has_quantity_formula":false},"mc_unit":1,"tax_rate":1,"tax_rate_real":0,"discount":{"percentage":0,"fixed":0},"design":{"conf":{"LabelPosition":"above","DescPosition":"above","UploadField":"default","QuantityFieldStyle":"default"},"css":{"LeftLabelWidth":"120px"}},"formulas":[],"clones":false,"cartKey":false}},"_links":{"self":[{"href":"https:\/\/www.customywear.com\/hu\/wp-json\/wp\/v2\/product\/20518","targetHints":{"allow":["GET"]}}],"collection":[{"href":"https:\/\/www.customywear.com\/hu\/wp-json\/wp\/v2\/product"}],"about":[{"href":"https:\/\/www.customywear.com\/hu\/wp-json\/wp\/v2\/types\/product"}],"replies":[{"embeddable":true,"href":"https:\/\/www.customywear.com\/hu\/wp-json\/wp\/v2\/comments?post=20518"}],"wp:featuredmedia":[{"embeddable":true,"href":"https:\/\/www.customywear.com\/hu\/wp-json\/wp\/v2\/media\/99386"}],"wp:attachment":[{"href":"https:\/\/www.customywear.com\/hu\/wp-json\/wp\/v2\/media?parent=20518"}],"wp:term":[{"taxonomy":"product_brand","embeddable":true,"href":"https:\/\/www.customywear.com\/hu\/wp-json\/wp\/v2\/product_brand?post=20518"},{"taxonomy":"product_cat","embeddable":true,"href":"https:\/\/www.customywear.com\/hu\/wp-json\/wp\/v2\/product_cat?post=20518"},{"taxonomy":"product_tag","embeddable":true,"href":"https:\/\/www.customywear.com\/hu\/wp-json\/wp\/v2\/product_tag?post=20518"}],"curies":[{"name":"wp","href":"https:\/\/api.w.org\/{rel}","templated":true}]}}