{"id":20564,"date":"2023-07-28T13:37:51","date_gmt":"2023-07-28T13:37:51","guid":{"rendered":"https:\/\/www.customywear.com\/?post_type=product&#038;p=20564"},"modified":"2026-05-05T20:23:37","modified_gmt":"2026-05-05T20:23:37","slug":"egyedi-dobos-fotopolo","status":"publish","type":"product","link":"https:\/\/www.customywear.com\/hu\/custom-drummer-photo-tshirt\/","title":{"rendered":"Egyedi dobos fot\u00f3 p\u00f3l\u00f3 \u2013 Szem\u00e9lyre szabott zenei aj\u00e1nd\u00e9k"},"content":{"rendered":"<p>Emeld magasabbra a st\u00edlusod Egyedi Dobos Fot\u00f3p\u00f3l\u00f3nkkal, egy szem\u00e9lyre szabott remekm\u0171vel, amely \u00f6tv\u00f6zi az arcodat a zene ritmus\u00e1val. K\u00e9zm\u0171veseink leny\u0171g\u00f6z\u0151 vektoros portr\u00e9kat k\u00e9sz\u00edtenek a fot\u00f3d felhaszn\u00e1l\u00e1s\u00e1val, z\u00f6kken\u0151mentesen \u00e1talak\u00edtva t\u00e9ged egy akci\u00f3 k\u00f6zben \u00e9rt doboss\u00e1. Ez az egyedi zenei p\u00f3l\u00f3 ide\u00e1lis aj\u00e1nd\u00e9k dobrajong\u00f3k \u00e9s zenerajong\u00f3k sz\u00e1m\u00e1ra egyar\u00e1nt, megragadva a viselhet\u0151 m\u0171v\u00e9szet ir\u00e1nti szenved\u00e9ly\u00fck l\u00e9nyeg\u00e9t. Prec\u00edzen kidolgozott uniszex hossz\u00fa \u00e9s r\u00f6vid ujj\u00fa p\u00f3l\u00f3ink \u200b\u200bk\u00e9nyelmet biztos\u00edtanak a st\u00edlus fel\u00e1ldoz\u00e1sa n\u00e9lk\u00fcl. Az Adobe Illustrator \u00e9s az Adobe Photoshop erej\u00e9t kihaszn\u00e1lva leny\u0171g\u00f6z\u0151 r\u00e9szletess\u00e9ggel keltj\u00fck \u00e9letre fot\u00f3dat. Az eredm\u00e9ny egy kiv\u00e1l\u00f3 min\u0151s\u00e9g\u0171 vektoros grafika, amely a legmodernebb DTG nyomtat\u00e1si elj\u00e1r\u00e1sunk ut\u00e1n is meg\u0151rzi ragyog\u00e1s\u00e1t. Feln\u0151ttek, fiatalok, gyerekek \u00e9s kisgyermekek sz\u00e1m\u00e1ra el\u00e9rhet\u0151 p\u00f3l\u00f3kollekci\u00f3nk minden koroszt\u00e1ly sz\u00e1m\u00e1ra nyitott, hogy megragadja egyedi szem\u00e9lyis\u00e9g\u00e9nek ritmus\u00e1t. Mer\u00fclj el a szem\u00e9lyre szab\u00e1s vil\u00e1g\u00e1ban, mik\u00f6zben emberi \u00e9s h\u00e1zi\u00e1llat arcokat adsz hozz\u00e1 a v\u00e1sznunkhoz. Minden p\u00f3l\u00f3 a kapcsolat v\u00e1szonj\u00e1v\u00e1 v\u00e1lik, \u00fcnnepelve a dobok \u00e9s a zene ir\u00e1nti szeretetedet. A hasonl\u00f3 diz\u00e1jnok sz\u00e9les v\u00e1laszt\u00e9k\u00e1val a lehet\u0151s\u00e9gek v\u00e9gtelenek. Fedezd fel a m\u0171v\u00e9szet \u00e9s a szem\u00e9lyes kifejez\u00e9s harm\u00f3ni\u00e1j\u00e1t, \u00e9s oszd meg a szenved\u00e9lyeid visel\u00e9s\u00e9nek \u00f6r\u00f6m\u00e9t egyedi Dobos Fot\u00f3p\u00f3l\u00f3nkkal.<\/p>","protected":false},"excerpt":{"rendered":"<p>Rock Out egy egyedi dobos fot\u00f3s p\u00f3l\u00f3val. A szem\u00e9lyre szabott zenei aj\u00e1nd\u00e9k minden f\u00e9nyk\u00e9pet egyedi, zenei t\u00e9m\u00e1j\u00fa p\u00f3l\u00f3v\u00e1 alak\u00edt.<\/p>","protected":false},"featured_media":142691,"comment_status":"open","ping_status":"closed","template":"","meta":{"_acf_changed":false},"product_brand":[],"product_cat":[6191,1577,1582,6412,219,1045,6428,75,6353],"product_tag":[6433,1578,1583,1580,238,1106,112],"class_list":{"0":"post-20564","1":"product","2":"type-product","3":"status-publish","4":"has-post-thumbnail","6":"product_cat-t-shirts-women","7":"product_cat-custom-gifts-drummers","8":"product_cat-music","9":"product_cat-photo-to-tees","10":"product_cat-profession","11":"product_cat-retirement","12":"product_cat-translate-products","13":"product_cat-women","14":"product_cat-womens-music-t-shirts","15":"product_tag-ai-artwork","16":"product_tag-gift_for_drummer","17":"product_tag-music","18":"product_tag-music_teacher_shirt","19":"product_tag-profession","20":"product_tag-retirement","21":"product_tag-women","23":"first","24":"instock","25":"taxable","26":"shipping-taxable","27":"purchasable","28":"product-type-simple"},"acf":[],"wcpa_form_fields":null,"_links":{"self":[{"href":"https:\/\/www.customywear.com\/hu\/wp-json\/wp\/v2\/product\/20564","targetHints":{"allow":["GET"]}}],"collection":[{"href":"https:\/\/www.customywear.com\/hu\/wp-json\/wp\/v2\/product"}],"about":[{"href":"https:\/\/www.customywear.com\/hu\/wp-json\/wp\/v2\/types\/product"}],"replies":[{"embeddable":true,"href":"https:\/\/www.customywear.com\/hu\/wp-json\/wp\/v2\/comments?post=20564"}],"wp:featuredmedia":[{"embeddable":true,"href":"https:\/\/www.customywear.com\/hu\/wp-json\/wp\/v2\/media\/142691"}],"wp:attachment":[{"href":"https:\/\/www.customywear.com\/hu\/wp-json\/wp\/v2\/media?parent=20564"}],"wp:term":[{"taxonomy":"product_brand","embeddable":true,"href":"https:\/\/www.customywear.com\/hu\/wp-json\/wp\/v2\/product_brand?post=20564"},{"taxonomy":"product_cat","embeddable":true,"href":"https:\/\/www.customywear.com\/hu\/wp-json\/wp\/v2\/product_cat?post=20564"},{"taxonomy":"product_tag","embeddable":true,"href":"https:\/\/www.customywear.com\/hu\/wp-json\/wp\/v2\/product_tag?post=20564"}],"curies":[{"name":"wp","href":"https:\/\/api.w.org\/{rel}","templated":true}]}}