{"id":20642,"date":"2023-07-28T13:38:54","date_gmt":"2023-07-28T13:38:54","guid":{"rendered":"https:\/\/www.customywear.com\/?post_type=product&#038;p=20642"},"modified":"2026-05-05T20:23:35","modified_gmt":"2026-05-05T20:23:35","slug":"szemelyre-szabott-tuzolto-feleseg-ing","status":"publish","type":"product","link":"https:\/\/www.customywear.com\/hu\/personalized-firefighter-wife-shirt\/","title":{"rendered":"Szem\u00e9lyre szabott t\u0171zolt\u00f3 feles\u00e9g p\u00f3l\u00f3 \u2013 Egyedi t\u0171zolt\u00f3 feles\u00e9g p\u00f3l\u00f3"},"content":{"rendered":"<p>\u00dcnnepelje a t\u0171zolt\u00f3feles\u00e9gek rend\u00edthetetlen erej\u00e9t \u00e9s odaad\u00e1s\u00e1t szem\u00e9lyre szabott t\u0171zolt\u00f3feles\u00e9g p\u00f3l\u00f3nkkal, amely leny\u0171g\u00f6z\u0151 tisztelg\u00e9s a h\u0151s\u00f6k m\u00f6g\u00f6tt \u00e1ll\u00f3 n\u00e9ma h\u0151s\u00f6k el\u0151tt. A m\u0171v\u00e9szet var\u00e1zslat\u00e1val fot\u00f3j\u00e1t mag\u00e1val ragad\u00f3 vektoros portr\u00e9v\u00e1 alak\u00edtjuk, amely egy rettenthetetlen t\u0171zolt\u00f3 szeretett partnerek\u00e9nt \u00e1br\u00e1zolja \u00d6nt. Ez az egyedi uniszex hossz\u00fa \u00e9s r\u00f6vid ujj\u00fa p\u00f3l\u00f3 nem csup\u00e1n ruh\u00e1zat; a b\u00fcszkes\u00e9g \u00e9s a megbecs\u00fcl\u00e9s jelk\u00e9pe, \u00edgy a t\u00f6k\u00e9letes aj\u00e1nd\u00e9k a t\u0171zolt\u00f3feles\u00e9gek sz\u00e1m\u00e1ra, amely h\u00e1l\u00e1t fejez ki, vagy csod\u00e1latot fejez ki a t\u0171zolt\u00f3 k\u00f6z\u00f6ss\u00e9g ir\u00e1nt. Az Adobe Illustrator \u00e9s az Adobe Photoshop brili\u00e1ns technol\u00f3gi\u00e1j\u00e1t felhaszn\u00e1lva apr\u00f3l\u00e9kosan kidolgozzuk fot\u00f3ja minden egyes r\u00e9szlet\u00e9t, megragadva lelkesed\u00e9s\u00e9nek \u00e9s elk\u00f6telezetts\u00e9g\u00e9nek l\u00e9nyeg\u00e9t. A legmodernebb DTG nyomtat\u00e1st alkalmazva z\u00f6kken\u0151mentesen nyomtatjuk ezeket a csod\u00e1latos vektoros rajzokat az anyagra, \u00edgy egy elb\u0171v\u00f6l\u0151, viselhet\u0151 remekm\u0171vet hozunk l\u00e9tre, amely sokatmond\u00f3. Feln\u0151ttek, fiatalok, gyerekek \u00e9s kisgyermekek sz\u00e1m\u00e1ra is el\u00e9rhet\u0151, ez a sokoldal\u00fa uniszex p\u00f3l\u00f3 megragadja a t\u0171zolt\u00f3 csal\u00e1don bel\u00fcli szeretet \u00e9s t\u00e1mogat\u00e1s l\u00e9nyeg\u00e9t. Gazdag\u00edtsa m\u00e9g jobban kapcsolat\u00e1t d\u00e9delgetett h\u00e1zi\u00e1llatai k\u00e9peinek be\u00e9p\u00edt\u00e9s\u00e9vel, \u00e9s emelje ezt a viselhet\u0151 eml\u00e9kt\u00e1rgyat egyedi utaz\u00e1sa szem\u00e9lyre szabott szimb\u00f3lum\u00e1v\u00e1. Hasonl\u00f3 diz\u00e1jnok sz\u00e9les v\u00e1laszt\u00e9ka k\u00edn\u00e1l t\u00e9m\u00e1k \u00e9s \u00e9rzelmek sz\u00e9les sk\u00e1l\u00e1j\u00e1t, biztos\u00edtva, hogy minden t\u0171zolt\u00f3feles\u00e9g t\u00f6rt\u00e9net\u00e9hez t\u00f6k\u00e9letesen illeszkedjen. A szem\u00e9lyre szabott t\u0171zolt\u00f3feles\u00e9g ing tisztelg\u00e9s a rend\u00edthetetlen szeretet el\u0151tt, v\u00e1szon a becses eml\u00e9keknek, \u00e9s tart\u00f3s tisztelg\u00e9s a t\u0171zolt\u00f3k b\u00e1tors\u00e1ga el\u0151tt, mindezt a szem\u00e9lyre szabott ruh\u00e1zat id\u0151tlen birodalm\u00e1ba foglalva.<\/p>","protected":false},"excerpt":{"rendered":"<p>\u00dcnnepelje a szolg\u00e1ltat\u00e1st egy szem\u00e9lyre szabott t\u0171zolt\u00f3 feles\u00e9g inggel. A Custom Fireman Wifey p\u00f3l\u00f3 minden f\u00e9nyk\u00e9pet egyedi, szem\u00e9lyre szabott p\u00f3l\u00f3v\u00e1 alak\u00edt.<\/p>","protected":false},"featured_media":142747,"comment_status":"open","ping_status":"closed","template":"","meta":{"_acf_changed":false},"product_brand":[],"product_cat":[6191,1856,6412,219,1045,6428,75,6354],"product_tag":[6433,1859,352,238,1106,112],"class_list":{"0":"post-20642","1":"product","2":"type-product","3":"status-publish","4":"has-post-thumbnail","6":"product_cat-t-shirts-women","7":"product_cat-custom-gifts-firefighters","8":"product_cat-photo-to-tees","9":"product_cat-profession","10":"product_cat-retirement","11":"product_cat-translate-products","12":"product_cat-women","13":"product_cat-womens-profession-t-shirts","14":"product_tag-ai-artwork","15":"product_tag-firefighter_shirt","16":"product_tag-honeymoon_shirt","17":"product_tag-profession","18":"product_tag-retirement","19":"product_tag-women","21":"first","22":"instock","23":"taxable","24":"shipping-taxable","25":"purchasable","26":"product-type-simple"},"acf":[],"wcpa_form_fields":null,"_links":{"self":[{"href":"https:\/\/www.customywear.com\/hu\/wp-json\/wp\/v2\/product\/20642","targetHints":{"allow":["GET"]}}],"collection":[{"href":"https:\/\/www.customywear.com\/hu\/wp-json\/wp\/v2\/product"}],"about":[{"href":"https:\/\/www.customywear.com\/hu\/wp-json\/wp\/v2\/types\/product"}],"replies":[{"embeddable":true,"href":"https:\/\/www.customywear.com\/hu\/wp-json\/wp\/v2\/comments?post=20642"}],"wp:featuredmedia":[{"embeddable":true,"href":"https:\/\/www.customywear.com\/hu\/wp-json\/wp\/v2\/media\/142747"}],"wp:attachment":[{"href":"https:\/\/www.customywear.com\/hu\/wp-json\/wp\/v2\/media?parent=20642"}],"wp:term":[{"taxonomy":"product_brand","embeddable":true,"href":"https:\/\/www.customywear.com\/hu\/wp-json\/wp\/v2\/product_brand?post=20642"},{"taxonomy":"product_cat","embeddable":true,"href":"https:\/\/www.customywear.com\/hu\/wp-json\/wp\/v2\/product_cat?post=20642"},{"taxonomy":"product_tag","embeddable":true,"href":"https:\/\/www.customywear.com\/hu\/wp-json\/wp\/v2\/product_tag?post=20642"}],"curies":[{"name":"wp","href":"https:\/\/api.w.org\/{rel}","templated":true}]}}