{"id":20645,"date":"2023-07-28T13:38:56","date_gmt":"2023-07-28T13:38:56","guid":{"rendered":"https:\/\/www.customywear.com\/?post_type=product&#038;p=20645"},"modified":"2026-05-07T15:29:56","modified_gmt":"2026-05-07T15:29:56","slug":"egyeni-tuzolto-ifjusagi-polo","status":"publish","type":"product","link":"https:\/\/www.customywear.com\/hu\/custom-firefighter-youth-tee\/","title":{"rendered":"Egyedi t\u0171zolt\u00f3 ifj\u00fas\u00e1gi p\u00f3l\u00f3 \u2013 szem\u00e9lyre szabott Big Brother t\u0171zolt\u00f3 ing"},"content":{"rendered":"<p>Engedd szabadj\u00e1ra gyermeked fant\u00e1zi\u00e1j\u00e1t exkluz\u00edv, egyedi t\u0171zolt\u00f3 ifj\u00fas\u00e1gi p\u00f3l\u00f3nkkal, egy szem\u00e9lyre szabott remekm\u0171vel, amely gyermeked fot\u00f3j\u00e1t egy mag\u00e1val ragad\u00f3 vektoros portr\u00e9v\u00e1 alak\u00edtja, amely f\u00e9lelmet nem ismer\u0151 t\u0171zolt\u00f3k\u00e9nt \u00e1br\u00e1zolja \u0151t. Ez az egyedi p\u00f3l\u00f3 inspir\u00e1ci\u00f3forr\u00e1s \u00e9s kiv\u00e9teles aj\u00e1nd\u00e9k, amelyet a legfiatalabbak sz\u00edv\u00e9nek felhatalmaz\u00e1s\u00e1ra \u00e9s izgalomba hoz\u00e1s\u00e1ra tervezt\u00fcnk. Az Adobe Illustrator \u00e9s az Adobe Photoshop kreat\u00edv k\u00e9pess\u00e9geit kihaszn\u00e1lva tervez\u00e9si folyamatunk sor\u00e1n kiv\u00e1l\u00f3 min\u0151s\u00e9g\u0171 vektorgrafik\u00e1t eredm\u00e9nyez\u00fcnk, amelyet DTG nyomtat\u00e1ssal kelt\u00fcnk \u00e9letre k\u00e9nyelmes, uniszex p\u00f3l\u00f3kon. Feln\u0151tt, ifj\u00fas\u00e1gi, gyerek \u00e9s kisgyermek m\u00e9retekben kaphat\u00f3, ez a diz\u00e1jn lehet\u0151v\u00e9 teszi gyermeked \u00e1lmainak kibontakoz\u00e1s\u00e1t, ak\u00e1r \u00faj horizontokat fedez fel, ak\u00e1r b\u00fcszke b\u00e1ty szerep\u00e9t t\u00f6lti be. Engedd szabadj\u00e1ra a tov\u00e1bbi szem\u00e9lyre szab\u00e1s lehet\u0151s\u00e9geit az emberi \u00e9s h\u00e1zi\u00e1llat-arcok z\u00f6kken\u0151mentes integr\u00e1l\u00e1s\u00e1val, egy egyedi eml\u00e9kt\u00e1rgyat hozva l\u00e9tre, amely gener\u00e1ci\u00f3kon \u00e1t\u00edvel\u0151en sz\u00f3l. Fedezd fel az egy\u00e9nis\u00e9g m\u0171v\u00e9szet\u00e9t a egyar\u00e1nt mag\u00e1val ragad\u00f3 diz\u00e1jnjaink sz\u00e9les v\u00e1laszt\u00e9k\u00e1val, amelyek mindegyike megragadja a fiatalos lelkesed\u00e9s l\u00e9nyeg\u00e9t. Emeld a st\u00edlust \u00e9s az \u00e9rzelmeket az Egyedi T\u0171zolt\u00f3 Ifj\u00fas\u00e1gi P\u00f3l\u00f3val \u2013 egy tisztelg\u00e9s, amely a b\u00e1tors\u00e1g szellem\u00e9t \u00e9lteti a fiatalok \u00e9s a fiatal sz\u00edv\u0171ek sz\u00edv\u00e9ben.<\/p>","protected":false},"excerpt":{"rendered":"<p>Inspir\u00e1lja a fiatal h\u0151s\u00f6ket egy egyedi t\u0171zolt\u00f3 ifj\u00fas\u00e1gi p\u00f3l\u00f3val. A szem\u00e9lyre szabott Big Brother Fireman ing minden f\u00e9nyk\u00e9pet sz\u00f3rakoztat\u00f3, egyedi p\u00f3l\u00f3v\u00e1 var\u00e1zsol.<\/p>","protected":false},"featured_media":142754,"comment_status":"open","ping_status":"closed","template":"","meta":{"_acf_changed":false},"product_brand":[],"product_cat":[6189,1856,6412,6428],"product_tag":[6433,6439,1859,352],"class_list":{"0":"post-20645","1":"product","2":"type-product","3":"status-publish","4":"has-post-thumbnail","6":"product_cat-boys-t-shirts","7":"product_cat-custom-gifts-firefighters","8":"product_cat-photo-to-tees","9":"product_cat-translate-products","10":"product_tag-ai-artwork","11":"product_tag-ai-kids-artwork","12":"product_tag-firefighter_shirt","13":"product_tag-honeymoon_shirt","15":"first","16":"instock","17":"taxable","18":"shipping-taxable","19":"purchasable","20":"product-type-simple"},"acf":[],"wcpa_form_fields":null,"_links":{"self":[{"href":"https:\/\/www.customywear.com\/hu\/wp-json\/wp\/v2\/product\/20645","targetHints":{"allow":["GET"]}}],"collection":[{"href":"https:\/\/www.customywear.com\/hu\/wp-json\/wp\/v2\/product"}],"about":[{"href":"https:\/\/www.customywear.com\/hu\/wp-json\/wp\/v2\/types\/product"}],"replies":[{"embeddable":true,"href":"https:\/\/www.customywear.com\/hu\/wp-json\/wp\/v2\/comments?post=20645"}],"wp:featuredmedia":[{"embeddable":true,"href":"https:\/\/www.customywear.com\/hu\/wp-json\/wp\/v2\/media\/142754"}],"wp:attachment":[{"href":"https:\/\/www.customywear.com\/hu\/wp-json\/wp\/v2\/media?parent=20645"}],"wp:term":[{"taxonomy":"product_brand","embeddable":true,"href":"https:\/\/www.customywear.com\/hu\/wp-json\/wp\/v2\/product_brand?post=20645"},{"taxonomy":"product_cat","embeddable":true,"href":"https:\/\/www.customywear.com\/hu\/wp-json\/wp\/v2\/product_cat?post=20645"},{"taxonomy":"product_tag","embeddable":true,"href":"https:\/\/www.customywear.com\/hu\/wp-json\/wp\/v2\/product_tag?post=20645"}],"curies":[{"name":"wp","href":"https:\/\/api.w.org\/{rel}","templated":true}]}}