{"id":20646,"date":"2023-07-28T13:38:57","date_gmt":"2023-07-28T13:38:57","guid":{"rendered":"https:\/\/www.customywear.com\/?post_type=product&#038;p=20646"},"modified":"2026-05-07T15:29:56","modified_gmt":"2026-05-07T15:29:56","slug":"szemelyre-szabott-tuzolto-ifjusagi-polo","status":"publish","type":"product","link":"https:\/\/www.customywear.com\/hu\/personalized-firefighter-youth-tee\/","title":{"rendered":"Szem\u00e9lyre szabott t\u0171zolt\u00f3 ifj\u00fas\u00e1gi p\u00f3l\u00f3 \u2013 Alak\u00edtsd \u00e1t fot\u00f3dat egyedi t\u0171zolt\u00f3 p\u00f3l\u00f3v\u00e1"},"content":{"rendered":"<p>Emeld magasabb szintre kis h\u0151s\u00f6d st\u00edlus\u00e1t szem\u00e9lyre szabott t\u0171zolt\u00f3 ifj\u00fas\u00e1gi p\u00f3l\u00f3nkkal, amely a k\u00e9pzelet \u00e9s a m\u0171v\u00e9szet mag\u00e1val ragad\u00f3 kever\u00e9ke. Tervez\u0151 szak\u00e9rt\u0151ink \u00fcgyesen k\u00e9sz\u00edtenek kiv\u00e1l\u00f3 min\u0151s\u00e9g\u0171 vektorportr\u00e9kat gyermeked fot\u00f3j\u00e1b\u00f3l, z\u00f6kken\u0151mentesen \u00e1talak\u00edtva \u0151t b\u00e1tor t\u0171zolt\u00f3v\u00e1. Ez az egyedi p\u00f3l\u00f3 nemcsak inspir\u00e1ci\u00f3t \u00e9breszt, hanem a fiatalok b\u00e1tors\u00e1g\u00e1t is \u00fcnnepli. Egyedi t\u0171zolt\u00f3 p\u00f3l\u00f3nk minden koroszt\u00e1ly sz\u00e1m\u00e1ra ide\u00e1lis, a feln\u0151ttekt\u0151l a kisgyermekekig, az Adobe Illustrator \u00e9s az Adobe Photoshop szak\u00e9rtelm\u00e9nek szinergi\u00e1j\u00e1b\u00f3l sz\u00fcletett remekm\u0171. Az eredm\u00e9ny egy dinamikus, DTG nyomtatott grafika, amely vibr\u00e1l\u00e1ssal teli. A mag\u00e1val ragad\u00f3 diz\u00e1jnon t\u00fal p\u00f3l\u00f3nk maxim\u00e1lis k\u00e9nyelmet \u00e9s sokoldal\u00fas\u00e1got k\u00edn\u00e1l, uniszex fazonban is kaphat\u00f3. Ak\u00e1r a n\u0151v\u00e9rednek, egy fiatal t\u0171zrajong\u00f3nak vagy egy apr\u00f3cska gyermeknek sz\u00e1nod, ez a szem\u00e9lyre szabott remekm\u0171 egy jelent\u0151s\u00e9gteljes aj\u00e1nd\u00e9k, amely kit\u00f6r\u00f6lhetetlen nyomot hagy. Fedezz fel egy olyan vil\u00e1got, ahol a fot\u00f3k viselhet\u0151 m\u0171v\u00e9szeti alkot\u00e1sk\u00e9nt kelnek \u00e9letre, mik\u00f6zben bemutatjuk v\u00e1ltozatos diz\u00e1jnjainkat. V\u00e1lassz a sz\u00e1mos lehet\u0151s\u00e9g k\u00f6z\u00fcl, amelyek mindegyike a kreativit\u00e1s \u00e9s a k\u00e9zm\u0171vess\u00e9g f\u00fazi\u00f3j\u00e1nak bizony\u00edt\u00e9ka. A fiatalokt\u00f3l a feln\u0151ttekig, ez az egyedi p\u00f3l\u00f3kollekci\u00f3 az egys\u00e9g \u00e9s az individualit\u00e1s \u00e9rz\u00e9s\u00e9t kelti, el\u0151seg\u00edtve a szem\u00e9lyre szabott kifejez\u00e9sm\u00f3d ir\u00e1nti k\u00f6z\u00f6s megbecs\u00fcl\u00e9st. \u00c9ld \u00e1t az aj\u00e1nd\u00e9koz\u00e1s \u00e9s az aj\u00e1nd\u00e9koz\u00e1s \u00f6r\u00f6m\u00e9t, mik\u00f6zben minden egyes p\u00f3l\u00f3 eml\u00e9kek v\u00e1szonj\u00e1v\u00e1 v\u00e1lik, besz\u00e9lget\u00e9seket ind\u00edtva \u00e9s \u00e9vekre inspir\u00e1lva.<\/p>","protected":false},"excerpt":{"rendered":"<p>\u00dcnnepelje a b\u00e1tors\u00e1got egy szem\u00e9lyre szabott Firefighter Youth p\u00f3l\u00f3val. Alak\u00edtsa \u00e1t f\u00e9nyk\u00e9p\u00e9t egyed\u00fcl\u00e1ll\u00f3 egyedi Fireman p\u00f3l\u00f3v\u00e1.<\/p>","protected":false},"featured_media":142761,"comment_status":"open","ping_status":"closed","template":"","meta":{"_acf_changed":false},"product_brand":[],"product_cat":[6193,1856,6412,6428,58],"product_tag":[6433,6439,1859],"class_list":{"0":"post-20646","1":"product","2":"type-product","3":"status-publish","4":"has-post-thumbnail","6":"product_cat-girls-t-shirts","7":"product_cat-custom-gifts-firefighters","8":"product_cat-photo-to-tees","9":"product_cat-translate-products","10":"product_cat-youth-kids","11":"product_tag-ai-artwork","12":"product_tag-ai-kids-artwork","13":"product_tag-firefighter_shirt","15":"first","16":"instock","17":"taxable","18":"shipping-taxable","19":"purchasable","20":"product-type-simple"},"acf":[],"wcpa_form_fields":null,"_links":{"self":[{"href":"https:\/\/www.customywear.com\/hu\/wp-json\/wp\/v2\/product\/20646","targetHints":{"allow":["GET"]}}],"collection":[{"href":"https:\/\/www.customywear.com\/hu\/wp-json\/wp\/v2\/product"}],"about":[{"href":"https:\/\/www.customywear.com\/hu\/wp-json\/wp\/v2\/types\/product"}],"replies":[{"embeddable":true,"href":"https:\/\/www.customywear.com\/hu\/wp-json\/wp\/v2\/comments?post=20646"}],"wp:featuredmedia":[{"embeddable":true,"href":"https:\/\/www.customywear.com\/hu\/wp-json\/wp\/v2\/media\/142761"}],"wp:attachment":[{"href":"https:\/\/www.customywear.com\/hu\/wp-json\/wp\/v2\/media?parent=20646"}],"wp:term":[{"taxonomy":"product_brand","embeddable":true,"href":"https:\/\/www.customywear.com\/hu\/wp-json\/wp\/v2\/product_brand?post=20646"},{"taxonomy":"product_cat","embeddable":true,"href":"https:\/\/www.customywear.com\/hu\/wp-json\/wp\/v2\/product_cat?post=20646"},{"taxonomy":"product_tag","embeddable":true,"href":"https:\/\/www.customywear.com\/hu\/wp-json\/wp\/v2\/product_tag?post=20646"}],"curies":[{"name":"wp","href":"https:\/\/api.w.org\/{rel}","templated":true}]}}