{"id":20661,"date":"2023-07-28T13:39:20","date_gmt":"2023-07-28T13:39:20","guid":{"rendered":"https:\/\/www.customywear.com\/?post_type=product&#038;p=20661"},"modified":"2026-05-16T11:12:54","modified_gmt":"2026-05-16T11:12:54","slug":"foto-transzformalas-golf-szemelyre-tisort","status":"publish","type":"product","link":"https:\/\/www.customywear.com\/hu\/transform-photo-golf-custom-tee\/","title":{"rendered":"V\u00e1ltoztasd \u00e1t fot\u00f3dat golf remekm\u0171v\u00e9 | Egyedi p\u00f3l\u00f3"},"content":{"rendered":"<p>Emeld magasabb szintre golfoz\u00e1si szenved\u00e9lyedet vel\u00fcnk <strong>Alak\u00edtsd \u00e1t fot\u00f3dat golf remekm\u0171v\u00e9, egyedi p\u00f3l\u00f3v\u00e1<\/strong>Mer\u00fclj el a golf vil\u00e1g\u00e1ban, mik\u00f6zben mi \u00fcgyesen \u00e1talak\u00edtjuk d\u00e9delgetett fot\u00f3dat egy mag\u00e1val ragad\u00f3 vektoros portr\u00e9v\u00e1. K\u00e9pzeld el magad egy golfp\u00e1lya buja z\u00f6ldj\u00e9n, amint a t\u00f6k\u00e9letes felv\u00e9tel\u00e9rt lend\u00edtesz. Ez a szem\u00e9lyre szabott p\u00f3l\u00f3 t\u00f6bb mint ruhadarab; ez egy m\u0171alkot\u00e1s, amely megragadja a j\u00e1t\u00e9k ir\u00e1nti szeretetedet. K\u00e9pzett k\u00e9zm\u0171veseink az Adobe Illustrator \u00e9s az Adobe Photoshop erej\u00e9t kihaszn\u00e1lva prec\u00edzen k\u00e9sz\u00edtik el az egyes mint\u00e1kat. Az eredm\u00e9ny egy kiv\u00e1l\u00f3 min\u0151s\u00e9g\u0171 vektoros grafika, amely \u00e9l\u00e9nken kelti \u00e9letre a golfoz\u00e1s pillanatait. Fejlett DTG nyomtat\u00e1si elj\u00e1r\u00e1sunknak k\u00f6sz\u00f6nhet\u0151en a sz\u00ednek \u00e9l\u00e9nkek maradnak, \u00edgy tart\u00f3s benyom\u00e1st keltenek. Uniszex st\u00edlusban kaphat\u00f3, feln\u0151ttek, fiatalok, gyerekek \u00e9s ak\u00e1r kisgyermekek sz\u00e1m\u00e1ra is, p\u00f3l\u00f3ink \u200b\u200bminden koroszt\u00e1ly sz\u00e1m\u00e1ra megfelel\u0151ek. Lepd meg golft\u00e1rsadat, vagy k\u00e9nyeztesd magad egy viselhet\u0151 nosztalgikus darabbal. Ez az egyedi p\u00f3l\u00f3 ide\u00e1lis aj\u00e1nd\u00e9k k\u00fcl\u00f6nleges alkalmakra vagy a megbecs\u00fcl\u00e9s jel\u00e9\u00fcl. Szem\u00e9lyre szabhatod a diz\u00e1jnt nemcsak az arcod, hanem sz\u0151r\u00f6s bar\u00e1tod arc\u00e1t is, \u00edgy az egyedi k\u00f6tel\u00e9ked d\u00e9delgetett eml\u00e9k\u00e9v\u00e9 v\u00e1lik. Fedezd fel hasonl\u00f3 mint\u00e1ink gy\u0171jtem\u00e9ny\u00e9t, \u00e9s j\u00e1tssz st\u00edlusosan az eml\u00e9keiddel.<\/p>","protected":false},"excerpt":{"rendered":"<p>Nyomja meg a z\u00f6ldet, \u00e9s alak\u00edtsa \u00e1t f\u00e9nyk\u00e9p\u00e9t Golf Masterpiece Custom Tee-v\u00e9. V\u00e1ltoztasson b\u00e1rmilyen f\u00e9nyk\u00e9pet egyedi, golf t\u00e9m\u00e1j\u00fa, szem\u00e9lyre szabott p\u00f3l\u00f3v\u00e1.<\/p>","protected":false},"featured_media":142768,"comment_status":"open","ping_status":"closed","template":"","meta":{"_acf_changed":false},"product_brand":[],"product_cat":[6195,933,186,6412,310,6428],"product_tag":[6433,934,937,938,2075,6216,1039,105,6442],"class_list":{"0":"post-20661","1":"product","2":"type-product","3":"status-publish","4":"has-post-thumbnail","6":"product_cat-t-shirts-men","7":"product_cat-custom-gifts-golf-players","8":"product_cat-men","9":"product_cat-photo-to-tees","10":"product_cat-sports-shirts","11":"product_cat-translate-products","12":"product_tag-ai-artwork","13":"product_tag-birthday_shirt","14":"product_tag-golf","15":"product_tag-golf_gifts","16":"product_tag-golf_shirt","17":"product_tag-mens-custom-t-shirts","18":"product_tag-retirement_gift","19":"product_tag-summer_shirt","20":"product_tag-top-artwork","22":"first","23":"instock","24":"taxable","25":"shipping-taxable","26":"purchasable","27":"product-type-simple"},"acf":[],"wcpa_form_fields":null,"_links":{"self":[{"href":"https:\/\/www.customywear.com\/hu\/wp-json\/wp\/v2\/product\/20661","targetHints":{"allow":["GET"]}}],"collection":[{"href":"https:\/\/www.customywear.com\/hu\/wp-json\/wp\/v2\/product"}],"about":[{"href":"https:\/\/www.customywear.com\/hu\/wp-json\/wp\/v2\/types\/product"}],"replies":[{"embeddable":true,"href":"https:\/\/www.customywear.com\/hu\/wp-json\/wp\/v2\/comments?post=20661"}],"wp:featuredmedia":[{"embeddable":true,"href":"https:\/\/www.customywear.com\/hu\/wp-json\/wp\/v2\/media\/142768"}],"wp:attachment":[{"href":"https:\/\/www.customywear.com\/hu\/wp-json\/wp\/v2\/media?parent=20661"}],"wp:term":[{"taxonomy":"product_brand","embeddable":true,"href":"https:\/\/www.customywear.com\/hu\/wp-json\/wp\/v2\/product_brand?post=20661"},{"taxonomy":"product_cat","embeddable":true,"href":"https:\/\/www.customywear.com\/hu\/wp-json\/wp\/v2\/product_cat?post=20661"},{"taxonomy":"product_tag","embeddable":true,"href":"https:\/\/www.customywear.com\/hu\/wp-json\/wp\/v2\/product_tag?post=20661"}],"curies":[{"name":"wp","href":"https:\/\/api.w.org\/{rel}","templated":true}]}}