{"id":20679,"date":"2023-07-28T13:39:32","date_gmt":"2023-07-28T13:39:32","guid":{"rendered":"https:\/\/www.customywear.com\/?post_type=product&#038;p=20679"},"modified":"2026-05-05T20:24:11","modified_gmt":"2026-05-05T20:24:11","slug":"egyedi-gym-polo-vintage-izom","status":"publish","type":"product","link":"https:\/\/www.customywear.com\/hu\/personalized-gym-shirts-vintage-muscle\/","title":{"rendered":"Szem\u00e9lyre szabott edz\u0151p\u00f3l\u00f3k \u2013 Vintage izomedz\u0151 p\u00f3l\u00f3 a fot\u00f3ddal"},"content":{"rendered":"<p>Dobd fel az edz\u0151ruh\u00e1zatodat szem\u00e9lyre szabott edz\u0151p\u00f3l\u00f3inkkal, amelyek a vintage eszt\u00e9tika \u00e9s a szem\u00e9lyre szabott st\u00edlus z\u00f6kken\u0151mentes \u00f6tv\u00f6zet\u00e9t alkotj\u00e1k. A fot\u00f3dat inspir\u00e1ci\u00f3k\u00e9nt haszn\u00e1lva egy dinamikus vektoros portr\u00e9t k\u00e9sz\u00edt\u00fcnk, amely izmos ikonn\u00e1 var\u00e1zsol, bemutatva az elk\u00f6telezetts\u00e9gedet a s\u00falyz\u00f3kkal val\u00f3 edz\u00e9s ir\u00e1nt. Ez az egyedi fot\u00f3p\u00f3l\u00f3 tisztelg\u00e9s a test\u00e9p\u00edt\u00e9s szerelmesei \u00e9s az edz\u0151terem rajong\u00f3i el\u0151tt, \u00edgy a t\u00f6k\u00e9letes edz\u00e9st\u00e1rs \u00e9s figyelmes aj\u00e1nd\u00e9k azok sz\u00e1m\u00e1ra, akik \u00e9rt\u00e9kelik a fitnesz m\u0171v\u00e9szet\u00e9t.<\/p>\n<p>Az Adobe Illustrator \u00e9s az Adobe Photoshop kreat\u00edv erej\u00e9t kihaszn\u00e1lva, apr\u00f3l\u00e9kosan megtervezett, kiv\u00e1l\u00f3 min\u0151s\u00e9g\u0171 vektorgrafik\u00e1kat k\u00e9sz\u00edt\u00fcnk, amelyek megragadj\u00e1k a vintage izominspir\u00e1ci\u00f3 l\u00e9nyeg\u00e9t. Fejlett DTG nyomtat\u00e1si technik\u00e1nk tart\u00f3s \u00e9s \u00e9l\u00e9nk diz\u00e1jnt biztos\u00edt mind az uniszex hossz\u00fa, mind a r\u00f6vid ujj\u00fa p\u00f3l\u00f3kon, feln\u0151ttek, fiatalok, gyerekek \u00e9s kisgyermekek sz\u00e1m\u00e1ra egyar\u00e1nt. Mer\u00edtsd meg a szem\u00e9lyre szab\u00e1s birodalm\u00e1t, mik\u00f6zben minden diz\u00e1jnt emberi \u00e9s h\u00e1zi\u00e1llat arcok b\u00e1j\u00e1val ruh\u00e1zol fel, egyedi \u00e9s inspir\u00e1l\u00f3 fitnesznyilatkozatot hozva l\u00e9tre.<\/p>\n<p>Tapasztald meg a vintage b\u00e1j \u00e9s a modern szem\u00e9lyre szab\u00e1s harmonikus kever\u00e9k\u00e9t edz\u0151termi t\u00e9m\u00e1j\u00fa diz\u00e1jnjaink sz\u00e9les v\u00e1laszt\u00e9k\u00e1val, melyek mindegyike a fitneszutaz\u00e1sod ir\u00e1nti elk\u00f6telezetts\u00e9ged bizony\u00edt\u00e9ka. Ezek a szem\u00e9lyre szabott edz\u0151p\u00f3l\u00f3k t\u00falmutatnak a h\u00e9tk\u00f6znapi ruh\u00e1zaton, v\u00e1szonk\u00e9nt szolg\u00e1lnak a fitnesz ir\u00e1nti szenved\u00e9lyednek, \u00e9s m\u00e1sokat is arra \u00f6szt\u00f6n\u00f6znek, hogy saj\u00e1t wellness-k\u00fcldet\u00e9seikbe v\u00e1gjanak bele. Ak\u00e1r vasat pump\u00e1lsz, ak\u00e1r edz\u0151terembe j\u00e1rsz, ak\u00e1r szabadt\u00e9ri kalandokra v\u00e1gysz, hagyd, hogy a szem\u00e9lyre szabott edz\u0151p\u00f3l\u00f3d t\u00fckr\u00f6zze az eg\u00e9szs\u00e9g ir\u00e1nti elk\u00f6telezetts\u00e9gedet, \u00e9s viselj olyan viselhet\u0151 m\u0171v\u00e9szeti alkot\u00e1sokat, amelyek elmes\u00e9lik egyedi fitneszt\u00f6rt\u00e9netedet.<\/p>","protected":false},"excerpt":{"rendered":"<p>\u00dcnnepelje a vintage er\u0151t szem\u00e9lyre szabott edz\u0151termi ingekkel. Az izomedz\u0151 p\u00f3l\u00f3k minden f\u00e9nyk\u00e9pet mer\u00e9sz, retro ihlet\u00e9s\u0171 p\u00f3l\u00f3v\u00e1 alak\u00edtanak \u00e1t.<\/p>","protected":false},"featured_media":143247,"comment_status":"open","ping_status":"closed","template":"","meta":{"_acf_changed":false},"product_brand":[],"product_cat":[6195,526,186,6337,6412,6428],"product_tag":[6433,6217,6165,546,6216],"class_list":{"0":"post-20679","1":"product","2":"type-product","3":"status-publish","4":"has-post-thumbnail","6":"product_cat-t-shirts-men","7":"product_cat-gym-shirts","8":"product_cat-men","9":"product_cat-mens-gym-t-shirts","10":"product_cat-photo-to-tees","11":"product_cat-translate-products","12":"product_tag-ai-artwork","13":"product_tag-custom-t-shirt","14":"product_tag-custom-gym-tees","15":"product_tag-gym","16":"product_tag-mens-custom-t-shirts","18":"first","19":"instock","20":"taxable","21":"shipping-taxable","22":"purchasable","23":"product-type-simple"},"acf":[],"wcpa_form_fields":null,"_links":{"self":[{"href":"https:\/\/www.customywear.com\/hu\/wp-json\/wp\/v2\/product\/20679","targetHints":{"allow":["GET"]}}],"collection":[{"href":"https:\/\/www.customywear.com\/hu\/wp-json\/wp\/v2\/product"}],"about":[{"href":"https:\/\/www.customywear.com\/hu\/wp-json\/wp\/v2\/types\/product"}],"replies":[{"embeddable":true,"href":"https:\/\/www.customywear.com\/hu\/wp-json\/wp\/v2\/comments?post=20679"}],"wp:featuredmedia":[{"embeddable":true,"href":"https:\/\/www.customywear.com\/hu\/wp-json\/wp\/v2\/media\/143247"}],"wp:attachment":[{"href":"https:\/\/www.customywear.com\/hu\/wp-json\/wp\/v2\/media?parent=20679"}],"wp:term":[{"taxonomy":"product_brand","embeddable":true,"href":"https:\/\/www.customywear.com\/hu\/wp-json\/wp\/v2\/product_brand?post=20679"},{"taxonomy":"product_cat","embeddable":true,"href":"https:\/\/www.customywear.com\/hu\/wp-json\/wp\/v2\/product_cat?post=20679"},{"taxonomy":"product_tag","embeddable":true,"href":"https:\/\/www.customywear.com\/hu\/wp-json\/wp\/v2\/product_tag?post=20679"}],"curies":[{"name":"wp","href":"https:\/\/api.w.org\/{rel}","templated":true}]}}