{"id":20745,"date":"2023-07-28T13:40:31","date_gmt":"2023-07-28T13:40:31","guid":{"rendered":"https:\/\/www.customywear.com\/?post_type=product&#038;p=20745"},"modified":"2026-05-05T20:23:34","modified_gmt":"2026-05-05T20:23:34","slug":"egyedi-sellofoto-ing-ajandekok","status":"publish","type":"product","link":"https:\/\/www.customywear.com\/hu\/custom-mermaid-photo-shirt-gifts\/","title":{"rendered":"Alak\u00edtsa \u00e1t A K\u00e9pet egy Egy\u00e9ni Kis Hable\u00e1ny Tee \u2013 T\u00f6k\u00e9letes Sell\u0151 Aj\u00e1nd\u00e9kok"},"content":{"rendered":"<p>Mer\u00fclj el a var\u00e1zslatos vil\u00e1gban szem\u00e9lyre szabott sell\u0151 p\u00f3l\u00f3nkkal, ahol fot\u00f3d var\u00e1zslatos \u00e1talakul\u00e1son megy kereszt\u00fcl mag\u00e1val ragad\u00f3 vektoros portr\u00e9v\u00e1. Mer\u00fclj el az \u00f3ce\u00e1n m\u00e9lys\u00e9geinek var\u00e1zs\u00e1ban, vagy vidd el szeretteidet az \u00f3ce\u00e1n m\u00e9ly\u00e9nek var\u00e1zs\u00e1ba, mik\u00f6zben k\u00e9pzett m\u0171v\u00e9szeink egyedi diz\u00e1jnt alkotnak, amely elb\u0171v\u00f6l\u0151 sell\u0151k\u00e9nt \u00e1br\u00e1zol. Ez az uniszex hossz\u00fa \u00e9s r\u00f6vid ujj\u00fa p\u00f3l\u00f3 t\u00f6bb mint ruhadarab; egy m\u0171alkot\u00e1s, amely \u00e9letre kelti sell\u0151\u00e1lmaidat, \u00edgy ide\u00e1lis aj\u00e1nd\u00e9k minden koroszt\u00e1ly\u00fa sell\u0151rajong\u00f3 sz\u00e1m\u00e1ra. Kreat\u00edv folyamatunk az Adobe Illustrator \u00e9s az Adobe Photoshop erej\u00e9t kihaszn\u00e1lva alak\u00edtja \u00e1t d\u00e9delgetett fot\u00f3idat a m\u00e9lys\u00e9gbe ill\u0151 remekm\u0171vekk\u00e9. A legmodernebb DTG nyomtat\u00e1si technol\u00f3gi\u00e1t haszn\u00e1lva biztos\u00edtjuk, hogy minden p\u00f3l\u00f3 kiv\u00e1l\u00f3 min\u0151s\u00e9g\u0171 vektoros grafik\u00e1val b\u00fcszk\u00e9lkedhessen, amely olyan \u00e9l\u00e9nk, mint a k\u00e9pzeleted. Korhat\u00e1rhoz nem k\u00f6t\u00f6ttek, ezek a p\u00f3l\u00f3k soksz\u00edn\u0171 k\u00f6z\u00f6ns\u00e9get igyekszenek ki, m\u00e9reteket k\u00edn\u00e1lva feln\u0151tteknek, fiataloknak, gyerekeknek \u00e9s m\u00e9g a legkisebb sell\u0151knek \u2013 kisgyermekeknek is. Csobbanj fel egy szem\u00e9lyre szabott megold\u00e1ssal, amely \u00f6tv\u00f6zi a k\u00e9pm\u00e1sodat a sell\u0151birodalom misztikum\u00e1val. Engedd szabadj\u00e1ra a benned rejl\u0151 tengeri szir\u00e9nt, \u00e9s \u00e9lvezd az egyedi divat sz\u00e9ps\u00e9g\u00e9t. Ak\u00e1r sz\u00fclet\u00e9snapot \u00fcnnepelsz, ak\u00e1r egyszer\u0171en csak a sell\u0151k ir\u00e1nti szeretetedet fejezed ki, kollekci\u00f3nk tele van hasonl\u00f3 leny\u0171g\u00f6z\u0151 diz\u00e1jnokkal, amelyek felfedez\u00e9sre v\u00e1rnak. Emeld magasabb szintre a ruhat\u00e1rad, \u00e9s mer\u00fclj el a kreativit\u00e1s tenger\u00e9ben szem\u00e9lyre szabott sell\u0151 p\u00f3l\u00f3inkkal \u2013 a m\u0171v\u00e9szet \u00e9s a k\u00e9pzelet kincsesb\u00e1ny\u00e1j\u00e1val.<\/p>","protected":false},"excerpt":{"rendered":"<p>Hull\u00e1mokat kelt egy egyedi kis sell\u0151 p\u00f3l\u00f3val. Alak\u00edtsa \u00e1t f\u00e9nyk\u00e9p\u00e9t t\u00f6k\u00e9letes sell\u0151aj\u00e1nd\u00e9kk\u00e1 egy szesz\u00e9lyes, egyed\u00fcl\u00e1ll\u00f3 p\u00f3l\u00f3val.<\/p>","protected":false},"featured_media":142997,"comment_status":"open","ping_status":"closed","template":"","meta":{"_acf_changed":false},"product_brand":[],"product_cat":[6191,1615,6412,6428,6375],"product_tag":[6433,1616,352,1617,1618,2457,112],"class_list":{"0":"post-20745","1":"product","2":"type-product","3":"status-publish","4":"has-post-thumbnail","6":"product_cat-t-shirts-women","7":"product_cat-custom-gifts-mermaid","8":"product_cat-photo-to-tees","9":"product_cat-translate-products","10":"product_cat-womens-animal-t-shirts","11":"product_tag-ai-artwork","12":"product_tag-custom-arts-mermaid","13":"product_tag-honeymoon_shirt","14":"product_tag-mermaid_gifts","15":"product_tag-mermaid_shirt","16":"product_tag-ocean_shirt","17":"product_tag-women","19":"first","20":"instock","21":"taxable","22":"shipping-taxable","23":"purchasable","24":"product-type-simple"},"acf":[],"wcpa_form_fields":null,"_links":{"self":[{"href":"https:\/\/www.customywear.com\/hu\/wp-json\/wp\/v2\/product\/20745","targetHints":{"allow":["GET"]}}],"collection":[{"href":"https:\/\/www.customywear.com\/hu\/wp-json\/wp\/v2\/product"}],"about":[{"href":"https:\/\/www.customywear.com\/hu\/wp-json\/wp\/v2\/types\/product"}],"replies":[{"embeddable":true,"href":"https:\/\/www.customywear.com\/hu\/wp-json\/wp\/v2\/comments?post=20745"}],"wp:featuredmedia":[{"embeddable":true,"href":"https:\/\/www.customywear.com\/hu\/wp-json\/wp\/v2\/media\/142997"}],"wp:attachment":[{"href":"https:\/\/www.customywear.com\/hu\/wp-json\/wp\/v2\/media?parent=20745"}],"wp:term":[{"taxonomy":"product_brand","embeddable":true,"href":"https:\/\/www.customywear.com\/hu\/wp-json\/wp\/v2\/product_brand?post=20745"},{"taxonomy":"product_cat","embeddable":true,"href":"https:\/\/www.customywear.com\/hu\/wp-json\/wp\/v2\/product_cat?post=20745"},{"taxonomy":"product_tag","embeddable":true,"href":"https:\/\/www.customywear.com\/hu\/wp-json\/wp\/v2\/product_tag?post=20745"}],"curies":[{"name":"wp","href":"https:\/\/api.w.org\/{rel}","templated":true}]}}