{"id":20753,"date":"2023-07-28T13:40:38","date_gmt":"2023-07-28T13:40:38","guid":{"rendered":"https:\/\/www.customywear.com\/?post_type=product&#038;p=20753"},"modified":"2026-05-05T20:24:11","modified_gmt":"2026-05-05T20:24:11","slug":"egyedi-sumo-birkozo-tisort-2","status":"publish","type":"product","link":"https:\/\/www.customywear.com\/hu\/personalized-sumo-wrestler-t-shirt-2\/","title":{"rendered":"Szem\u00e9lyre szabott szum\u00f3 birk\u00f3z\u00f3 p\u00f3l\u00f3 | Egyedi vicces szum\u00f3 p\u00f3l\u00f3 | Egyedi aj\u00e1nd\u00e9k\u00f6tlet"},"content":{"rendered":"<p>L\u00e9pj be a jap\u00e1n szum\u00f3birk\u00f3z\u00e1s vil\u00e1g\u00e1ba exkluz\u00edv j\u00e1t\u00e9kunkkal <strong>Szem\u00e9lyre szabott szum\u00f3 birk\u00f3z\u00f3 p\u00f3l\u00f3<\/strong>, egy mag\u00e1val ragad\u00f3 <strong>Egyedi vicces szum\u00f3 p\u00f3l\u00f3<\/strong> ...amely z\u00f6kken\u0151mentesen \u00e1talak\u00edtja fot\u00f3dat egy figyelemre m\u00e9lt\u00f3, szum\u00f3 ihlette remekm\u0171v\u00e9. Ez a szem\u00e9lyre szabott p\u00f3l\u00f3 tiszteleg a szum\u00f3 birk\u00f3z\u00e1s m\u0171v\u00e9szete el\u0151tt, \u00e9s minden koroszt\u00e1ly sz\u00e1m\u00e1ra vonz\u00f3, a feln\u0151ttekt\u0151l \u00e9s fiatalokt\u00f3l kezdve a gyerekeken \u00e9s kisgyermekeken \u00e1t. Mer\u00fclj el a szum\u00f3 birk\u00f3z\u00e1s hagyom\u00e1ny\u00e1ban \u00e9s nagyszer\u0171s\u00e9g\u00e9ben, mik\u00f6zben mi apr\u00f3l\u00e9kosan megrajzoljuk a fot\u00f3dat, \u00e9s egy mag\u00e1val ragad\u00f3 vektoros portr\u00e9t k\u00e9sz\u00edt\u00fcnk, amely egy igazi szum\u00f3 birk\u00f3z\u00f3 erej\u00e9t \u00e9s karizm\u00e1j\u00e1t testes\u00edti meg. Az Adobe Illustrator \u00e9s az Adobe Photoshop kreat\u00edv k\u00e9pess\u00e9geit kihaszn\u00e1lva biztos\u00edtjuk, hogy szum\u00f3 szem\u00e9lyis\u00e9ged minden r\u00e9szlete \u00e9l\u00e9nken meg\u00f6r\u00f6k\u00fclj\u00f6n, lehet\u0151v\u00e9 t\u00e9ve, hogy b\u00fcszk\u00e9n viselhesd szum\u00f3 szellemis\u00e9gedet. Ak\u00e1r a jap\u00e1n kult\u00fara csod\u00e1l\u00f3ja, ak\u00e1r a harcm\u0171v\u00e9szetek rajong\u00f3ja vagy, vagy egyszer\u0171en csak a szum\u00f3 egyedi vil\u00e1g\u00e1nak szerelmese, ez az egyedi p\u00f3l\u00f3 halhatatlann\u00e1 teszi a kapcsolatodat ezzel az \u0151si sport\u00e1ggal. Mag\u00e1val ragad\u00f3 diz\u00e1jnj\u00e1n t\u00fal ez a szem\u00e9lyre szabott p\u00f3l\u00f3 egyedi \u00e9s \u00e1tgondolt... <strong>Aj\u00e1nd\u00e9k\u00f6tlet<\/strong> azoknak, akik fontosak \u00d6nnek. K\u00e9pzelje el az \u00f6r\u00f6m\u00f6t, ha egy szeretett szem\u00e9lynek egy olyan ruhadarabbal aj\u00e1nd\u00e9koz meg, amely t\u00fckr\u00f6zi \u00e9rdekl\u0151d\u00e9s\u00e9t \u00e9s szenved\u00e9lyeit, a szeretete \u00e9s a figyelmess\u00e9ge szimb\u00f3luma. A kiv\u00e1l\u00f3s\u00e1g ir\u00e1nti elk\u00f6telezetts\u00e9ggel k\u00e9sz\u00edtett unisex p\u00f3l\u00f3nk a k\u00f6vetkez\u0151 m\u00e9retekben kaphat\u00f3: <strong>feln\u0151ttek, fiatalok, gyerekek \u00e9s kisgyermekek<\/strong>, biztos\u00edtva, hogy minden koroszt\u00e1ly\u00fa szum\u00f3rajong\u00f3 b\u00fcszk\u00e9n mutassa meg leny\u0171g\u00f6z\u00e9s\u00e9t. A legmodernebb DTG nyomtat\u00e1si technol\u00f3gia \u00e9s a kiv\u00e1l\u00f3 min\u0151s\u00e9g\u0171 vektorgrafika \u00f6tv\u00f6zete olyan vibr\u00e1l\u00f3 \u00e9s tart\u00f3s diz\u00e1jnt biztos\u00edt, amely \u00e9vekig megragadja a szum\u00f3birk\u00f3z\u00e1s l\u00e9nyeg\u00e9t. A szem\u00e9lyre szab\u00e1s k\u00f6zponti szerepet kap, mik\u00f6zben egyedi st\u00edlus\u00e1t belecsemp\u00e9szi a diz\u00e1jnba, saj\u00e1t vagy szeretett h\u00e1zi\u00e1llata arc\u00e1t be\u00e9p\u00edtve. Ez egy sz\u00edvmelenget\u0151 bizony\u00edt\u00e9ka a k\u00f6ztetek l\u00e9v\u0151 k\u00f6tel\u00e9knek \u00e9s a t\u00e1rsas\u00e1g \u00e9s a szum\u00f3 mag\u00e1val ragad\u00f3 vil\u00e1ga k\u00f6z\u00f6tti m\u00e9ly kapcsolatnak. L\u00e9pjen be a hagyom\u00e1ny \u00e9s a szenved\u00e9ly ringj\u00e9be a mi... <strong>Szem\u00e9lyre szabott szum\u00f3 birk\u00f3z\u00f3 p\u00f3l\u00f3<\/strong>, a mag\u00e1val ragad\u00f3 m\u0171v\u00e9szet \u00e9s a szum\u00f3 \u00f6r\u00f6ks\u00e9g f\u00fazi\u00f3ja. Emeld magasabb szintre a ruhat\u00e1rad, tiszteld meg a harcm\u0171v\u00e9szetek ir\u00e1nti rajong\u00e1sodat, \u00e9s oszd meg a szum\u00f3 egyed\u00fcl\u00e1ll\u00f3 vil\u00e1g\u00e1t azokkal, akiknek k\u00f6zel \u00e1ll a sz\u00edv\u00fckh\u00f6z. <em>Megjegyz\u00e9s: Ez az egyedi szum\u00f3 p\u00f3l\u00f3 soksz\u00edn\u0171 k\u00f6z\u00f6ns\u00e9get sz\u00f3l, minden koroszt\u00e1ly sz\u00e1m\u00e1ra el\u00e9rhet\u0151, a feln\u0151ttekt\u0151l \u00e9s fiatalokt\u00f3l kezdve a gyerekeken \u00e9s kisgyermekeken \u00e1t, biztos\u00edtva, hogy a szum\u00f3 kult\u00fara sz\u00e9ps\u00e9ge mindenki sz\u00e1m\u00e1ra el\u00e9rhet\u0151 legyen.<\/em><\/p>","protected":false},"excerpt":{"rendered":"<p>L\u00e9pjen be a ringbe egy szem\u00e9lyre szabott Sumo Wrestler p\u00f3l\u00f3val. Az egyedi vicces szum\u00f3p\u00f3l\u00f3k minden f\u00e9nyk\u00e9pet mer\u00e9sz, egyedi p\u00f3l\u00f3v\u00e1 alak\u00edtanak \u00e1t.<\/p>","protected":false},"featured_media":122595,"comment_status":"open","ping_status":"closed","template":"","meta":{"_acf_changed":false},"product_brand":[],"product_cat":[6195,157,6225,186,6412,219,6434,6428],"product_tag":[555,6216,238],"class_list":{"0":"post-20753","1":"product","2":"type-product","3":"status-publish","4":"has-post-thumbnail","6":"product_cat-t-shirts-men","7":"product_cat-best-sellers","8":"product_cat-custom-gifts-sumo","9":"product_cat-men","10":"product_cat-photo-to-tees","11":"product_cat-profession","12":"product_cat-t-shirts-for-men-v2","13":"product_cat-translate-products","14":"product_tag-harajuku_shirt","15":"product_tag-mens-custom-t-shirts","16":"product_tag-profession","17":"wcpa_has_options","19":"first","20":"instock","21":"taxable","22":"shipping-taxable","23":"purchasable","24":"product-type-simple"},"acf":[],"wcpa_form_fields":{"wcpaData":{"product":{"product_price":24.99,"price_html":"<span class=\"wmc-wc-price\" ><span class=\"woocommerce-Price-amount amount\"><bdi><span class=\"woocommerce-Price-currencySymbol\">&euro;<\/span>24,99<\/bdi><\/span><span data-wmc_price_cache=\"{&quot;USD&quot;:&quot;&lt;span class=\\&quot;woocommerce-Price-amount amount\\&quot;&gt;&lt;bdi&gt;&lt;span class=\\&quot;woocommerce-Price-currencySymbol\\&quot;&gt;&amp;#36;&lt;\\\/span&gt;28,99&lt;\\\/bdi&gt;&lt;\\\/span&gt;&quot;,&quot;EUR&quot;:&quot;&lt;span class=\\&quot;woocommerce-Price-amount amount\\&quot;&gt;&lt;bdi&gt;&lt;span class=\\&quot;woocommerce-Price-currencySymbol\\&quot;&gt;&amp;euro;&lt;\\\/span&gt;24,99&lt;\\\/bdi&gt;&lt;\\\/span&gt;&quot;,&quot;CAD&quot;:&quot;&lt;span class=\\&quot;woocommerce-Price-amount amount\\&quot;&gt;&lt;bdi&gt;&lt;span class=\\&quot;woocommerce-Price-currencySymbol\\&quot;&gt;CAD$ &lt;\\\/span&gt;39,98&lt;\\\/bdi&gt;&lt;\\\/span&gt;&quot;,&quot;GBP&quot;:&quot;&lt;span class=\\&quot;woocommerce-Price-amount amount\\&quot;&gt;&lt;bdi&gt;&lt;span class=\\&quot;woocommerce-Price-currencySymbol\\&quot;&gt;&amp;pound;&lt;\\\/span&gt;21,74&lt;\\\/bdi&gt;&lt;\\\/span&gt;&quot;,&quot;PLN&quot;:&quot;&lt;span class=\\&quot;woocommerce-Price-amount amount\\&quot;&gt;&lt;bdi&gt;&lt;span class=\\&quot;woocommerce-Price-currencySymbol\\&quot;&gt;z\\u0142 &lt;\\\/span&gt;106,21&lt;\\\/bdi&gt;&lt;\\\/span&gt;&quot;,&quot;SEK&quot;:&quot;&lt;span class=\\&quot;woocommerce-Price-amount amount\\&quot;&gt;&lt;bdi&gt;&lt;span class=\\&quot;woocommerce-Price-currencySymbol\\&quot;&gt;kr &lt;\\\/span&gt;274,14&lt;\\\/bdi&gt;&lt;\\\/span&gt;&quot;,&quot;AUD&quot;:&quot;&lt;span class=\\&quot;woocommerce-Price-amount amount\\&quot;&gt;&lt;bdi&gt;&lt;span class=\\&quot;woocommerce-Price-currencySymbol\\&quot;&gt;AUD$ &lt;\\\/span&gt;40,73&lt;\\\/bdi&gt;&lt;\\\/span&gt;&quot;,&quot;JPY&quot;:&quot;&lt;span class=\\&quot;woocommerce-Price-amount amount\\&quot;&gt;&lt;bdi&gt;&lt;span class=\\&quot;woocommerce-Price-currencySymbol\\&quot;&gt;&amp;yen;&lt;\\\/span&gt;4.609,16&lt;\\\/bdi&gt;&lt;\\\/span&gt;&quot;,&quot;CZK&quot;:&quot;&lt;span class=\\&quot;woocommerce-Price-amount amount\\&quot;&gt;&lt;bdi&gt;&lt;span class=\\&quot;woocommerce-Price-currencySymbol\\&quot;&gt;K\\u010d &lt;\\\/span&gt;607,76&lt;\\\/bdi&gt;&lt;\\\/span&gt;&quot;,&quot;NZD&quot;:&quot;&lt;span class=\\&quot;woocommerce-Price-amount amount\\&quot;&gt;&lt;bdi&gt;&lt;span class=\\&quot;woocommerce-Price-currencySymbol\\&quot;&gt;NZD$ &lt;\\\/span&gt;49,73&lt;\\\/bdi&gt;&lt;\\\/span&gt;&quot;,&quot;CHF&quot;:&quot;&lt;span class=\\&quot;woocommerce-Price-amount amount\\&quot;&gt;&lt;bdi&gt;&lt;span class=\\&quot;woocommerce-Price-currencySymbol\\&quot;&gt;CHF &lt;\\\/span&gt;22,74&lt;\\\/bdi&gt;&lt;\\\/span&gt;&quot;}\" style=\"display: none;\" class=\"wmc-price-cache-list\"><\/span><\/span>","original_product_price":24.99,"price_including_tax":24.99,"price_excluding_tax":20.825,"product_id":{"parent":20753,"variation":false},"is_variable":false,"stock_status":"instock","stock_quantity":null,"parent_sku":"custom-tees-267","product_attributes":{"pa_style":{"is_variation":false,"values":["mens-t-shirt"]},"pa_customization":{"is_variation":false,"values":["add-your-photo","add-your-text-or-name","add-your-logo"]},"pa_material":{"is_variation":false,"values":["100-cotton"]},"pa_key-details":{"is_variation":false,"values":["unisex","regular-fit","premium-quality","digital-art"]},"pa_brand":{"is_variation":false,"values":["customywear"]},"pa_age-group":{"is_variation":false,"values":["adult"]},"pa_color":{"is_variation":false,"values":["black","white","navy","red"]},"pa_print-type":{"is_variation":false,"values":["dtg-print-direct-to-garment"]},"pa_gender":{"is_variation":false,"values":["male"]},"pa_size":{"is_variation":false,"values":["xs","s","m","l","xl","2xl","3xl"]}},"custom_fields":[],"is_taxable":true,"product_name":"Personalized Sumo Wrestler T-Shirt | Custom Funny Sumo Tee | Unique Gift Idea"},"fields":{"sec_1068de9b44c0f6f":{"extra":{"key":"sec_1068de9b44c0f6f","section_id":"sec_1068de9b44c0f6f","name":"T-shirt size and color","status":1,"cl_rule":"show","enableCl":false,"relations":[],"toggle":true,"title_tag":"h4","show_title":false,"showPrice":"default","form_id":137485,"form_rules":{"exclude_from_discount":false,"fee_label":"Poplatek","disp_hide_options_price":false,"disp_show_section_price":false,"disp_show_field_price":true,"layout_option":"standard","pric_use_as_fee":false,"process_fee_as":"woo_fee"},"layout_option":"standard"},"fields":[[{"active":true,"col":6,"relations":false,"cl_rule":"show","enableCl":false,"price":"","enablePrice":false,"className":"","label_position":"default","desc_position":"default","type":"color-group","required":false,"elementId":"color_group_4192445621","label":"Color","name":"color_group_4192445621","disp_type":"circle","values":[{"label":"Black","value":"Black","selected":false,"color":"#000000","tempId":"aco_50","gt_translate_keys":["label"]},{"label":"White","value":"White","selected":false,"color":"#ffffff","tempId":"aco_51","gt_translate_keys":["label"]},{"label":"Navy","value":"Navy","selected":false,"color":"#213a92","tempId":"aco_52","gt_translate_keys":["label"]},{"label":"Red","value":"Red","selected":false,"color":"#d0021b","tempId":"aco_123","gt_translate_keys":["label"]}],"layOut":"inline","error":false,"selection_type":"tick-border","show_selected_option":true,"adjust_width":true,"cart_display_type":"text","gt_translate_keys":["label"],"price_dependency":false,"cl_dependency":false,"value":""}],[{"active":true,"col":6,"relations":false,"cl_rule":"show","enableCl":false,"price":"","enablePrice":false,"className":"","label_position":"default","desc_position":"default","type":"radio-group","required":false,"elementId":"radio-group_068de9b44c0fb0","label":"Size ","name":"radio-group_068de9b44c0fb0","values":[{"label":"XS","value":"XS","selected":false,"tempId":"aco_80","gt_translate_keys":["label"]},{"label":"S","value":"S","selected":false,"tempId":"aco_81","gt_translate_keys":["label"]},{"label":"M","value":"M","selected":false,"tempId":"aco_82","gt_translate_keys":["label"]},{"label":"L","value":"L","selected":false,"tempId":"aco_155","gt_translate_keys":["label"]},{"label":"XL","value":"XL","selected":false,"tempId":"aco_165","gt_translate_keys":["label"]},{"label":"2Xl","value":"2Xl","selected":false,"tempId":"aco_175","gt_translate_keys":["label"]},{"label":"3XL","value":"3XL","selected":false,"tempId":"aco_185","gt_translate_keys":["label"]}],"layOut":"inline","error":false,"checkUi":"button","show_selected_option":true,"gt_translate_keys":["label"],"price_dependency":false,"cl_dependency":false,"value":""}],[{"active":true,"col":6,"relations":[{"operator":false,"rules":[{"operator":"AND","rules":{"cl_field":"select_1672e1bffc57b9","cl_relation":"is_empty","cl_val":true}}]}],"cl_rule":"hide","enableCl":false,"price":"","enablePrice":false,"className":"","label_position":"default","desc_position":"default","type":"file","required":false,"elementId":"file_868de9b44c0fc8","name":"file_868de9b44c0fc8","label":"Upload your photo(s)","upload_type":"droppable","uploadSize":"50","file_types":["images","docs","design"],"exts_supported":[],"error":false,"hideImageIn_email":true,"multiple_upload":true,"max_file_count":"25","tooltip":"Please upload clear photos where the person is looking directly at the camera","cartLabel":"Photo(s)","allowedFileTypes":"image\/*,.doc,.docx,.xml,.dot,.docm,.dotm,.dotx,.htm,.html,.odt,.pdf,.rtf,.txt,.wps,.xps,application\/msword,application\/vnd,.psd,.eps,.ai,.indd,.raw","gt_translate_keys":["label","tooltip"],"price_dependency":false,"cl_dependency":false,"value":""}],[{"active":true,"col":6,"relations":false,"cl_rule":"show","enableCl":false,"price":"","enablePrice":false,"className":"","label_position":"default","desc_position":"default","type":"checkbox","required":false,"elementId":"checkbox_268de9b44c0fdd","label":"View more options","name":"checkbox_268de9b44c0fdd","value":"","check_value":"Yes","checkUi":"","error":false,"hideFieldIn_cart":true,"hideFieldIn_order":true,"gt_translate_keys":["label","value","check_value"],"price_dependency":false,"cl_dependency":["text_068de9b44c0fef","radio-group_368de9b44c1005","radio-group_868de9b44c101a"]}],[{"active":true,"col":6,"relations":[{"operator":false,"rules":[{"operator":"AND","rules":{"cl_field":"checkbox_268de9b44c0fdd","cl_relation":"is","cl_val":true}}]}],"cl_rule":"show","enableCl":true,"price":"","enablePrice":false,"className":"","label_position":"default","desc_position":"default","type":"text","subtype":"text","required":false,"elementId":"text_068de9b44c0fef","label":"Add text to your T-shirt design (optional)","name":"text_068de9b44c0fef","value":"","error":false,"tooltip":"Your text will be added to the top or bottom of the T-shirt design.","placeholder":"eg: \"Michael: The best man ever\"","cartLabel":"Text","gt_translate_keys":["label","placeholder","value","tooltip"],"price_dependency":false,"cl_dependency":false}],[{"active":true,"col":6,"relations":[{"operator":false,"rules":[{"operator":"AND","rules":{"cl_field":"checkbox_268de9b44c0fdd","cl_relation":"is","cl_val":true}}]}],"cl_rule":"show","enableCl":true,"price":"","enablePrice":false,"className":"","label_position":"default","desc_position":"default","type":"radio-group","required":true,"elementId":"radio-group_368de9b44c1005","label":"Select t-shirt print location","name":"radio-group_368de9b44c1005","values":[{"label":"Front Side","value":"Front Side","selected":true,"tempId":"aco_5504","gt_translate_keys":["label"]},{"label":"Back Side","value":"Back Side","selected":false,"tempId":"aco_5505","gt_translate_keys":["label"]}],"layOut":"inline","error":false,"checkUi":"","hideFieldIn_cart":false,"cartLabel":"Print location","gt_translate_keys":["label"],"price_dependency":false,"cl_dependency":false,"value":""}],[{"active":true,"col":6,"relations":[{"operator":false,"rules":[{"operator":"AND","rules":{"cl_field":"checkbox_268de9b44c0fdd","cl_relation":"is","cl_val":true}}]}],"cl_rule":"show","enableCl":true,"price":"","enablePrice":false,"className":"","label_position":"default","desc_position":"default","type":"radio-group","required":false,"elementId":"radio-group_868de9b44c101a","label":"Would you like to review the design before printing?","name":"radio-group_868de9b44c101a","values":[{"label":"No","value":"No","selected":true,"tempId":"aco_6274","gt_translate_keys":["label"]},{"label":"Yes","value":"Yes","selected":false,"tempId":"aco_6275","price":"","gt_translate_keys":["label"]}],"layOut":"inline","error":false,"checkUi":"","priceOptions":"different_for_all","pricingType":"fixed","use_as_fee":false,"fee_label":"Preview Image","tooltip":"If yes, we\u2019ll email you a preview of the design before printing. This may add 1-2 days to delivery time.*","hideFieldIn_cart":true,"gt_translate_keys":["label","tooltip"],"price_dependency":false,"cl_dependency":["content_968de9b44c102d"],"value":""}],[{"active":true,"col":6,"relations":[{"operator":false,"rules":[{"operator":"AND","rules":{"cl_field":"radio-group_868de9b44c101a","cl_relation":"is","cl_val":"Yes"}}]}],"cl_rule":"show","enableCl":true,"price":"","enablePrice":false,"className":"","label_position":"default","desc_position":"default","type":"content","required":false,"elementId":"content_968de9b44c102d","label":"","name":"content_968de9b44c102d","contentType":"plain","value":"Please check your inbox, including Spam or other folders, within 1-2 business days for the preview image","error":false,"subtype":"p","hideFieldIn_cart":true,"hideFieldIn_order":true,"gt_translate_keys":["label","value"],"price_dependency":false,"cl_dependency":false}]]}},"config":{"price_override":"","enable_recaptcha":false,"bind_quantity":false,"quantity_bind_formula":false,"disp_summ_show_option_price":false,"disp_summ_show_product_price":false,"disp_summ_show_total_price":false,"disp_summ_show_fee":false,"disp_summ_show_discount":false,"summary_title":"","options_total_label":"Mo\u017enosti Cena","total_label":"Total","options_product_label":"Cena produktu","fee_label":"Poplatek","discount_label":"Sleva","has_price":true,"has_quantity_formula":false},"mc_unit":1,"tax_rate":1,"tax_rate_real":0,"discount":{"percentage":0,"fixed":0},"design":{"conf":{"LabelPosition":"above","DescPosition":"above","UploadField":"default","QuantityFieldStyle":"default"},"css":{"LeftLabelWidth":"120px"}},"formulas":[],"clones":false,"cartKey":false}},"_links":{"self":[{"href":"https:\/\/www.customywear.com\/hu\/wp-json\/wp\/v2\/product\/20753","targetHints":{"allow":["GET"]}}],"collection":[{"href":"https:\/\/www.customywear.com\/hu\/wp-json\/wp\/v2\/product"}],"about":[{"href":"https:\/\/www.customywear.com\/hu\/wp-json\/wp\/v2\/types\/product"}],"replies":[{"embeddable":true,"href":"https:\/\/www.customywear.com\/hu\/wp-json\/wp\/v2\/comments?post=20753"}],"wp:featuredmedia":[{"embeddable":true,"href":"https:\/\/www.customywear.com\/hu\/wp-json\/wp\/v2\/media\/122595"}],"wp:attachment":[{"href":"https:\/\/www.customywear.com\/hu\/wp-json\/wp\/v2\/media?parent=20753"}],"wp:term":[{"taxonomy":"product_brand","embeddable":true,"href":"https:\/\/www.customywear.com\/hu\/wp-json\/wp\/v2\/product_brand?post=20753"},{"taxonomy":"product_cat","embeddable":true,"href":"https:\/\/www.customywear.com\/hu\/wp-json\/wp\/v2\/product_cat?post=20753"},{"taxonomy":"product_tag","embeddable":true,"href":"https:\/\/www.customywear.com\/hu\/wp-json\/wp\/v2\/product_tag?post=20753"}],"curies":[{"name":"wp","href":"https:\/\/api.w.org\/{rel}","templated":true}]}}