{"id":20756,"date":"2023-07-28T13:40:40","date_gmt":"2023-07-28T13:40:40","guid":{"rendered":"https:\/\/www.customywear.com\/?post_type=product&#038;p=20756"},"modified":"2026-05-05T20:24:11","modified_gmt":"2026-05-05T20:24:11","slug":"szemelyre-szabott-teniszezo-polo-2","status":"publish","type":"product","link":"https:\/\/www.customywear.com\/hu\/personalized-tennis-player-t-shirt-2\/","title":{"rendered":"Szem\u00e9lyre szabott teniszez\u0151 p\u00f3l\u00f3 | Egyedi teniszrajong\u00f3 p\u00f3l\u00f3 | Egyedi aj\u00e1nd\u00e9k\u00f6tlet"},"content":{"rendered":"<p>Engedd szabadj\u00e1ra a tenisz ir\u00e1nti szenved\u00e9lyedet exkluz\u00edv szolg\u00e1ltat\u00e1sunkkal! <strong>Szem\u00e9lyre szabott teniszez\u0151 p\u00f3l\u00f3<\/strong>, egy egyed\u00fcl\u00e1ll\u00f3 <strong>Egyedi teniszez\u0151 p\u00f3l\u00f3<\/strong> ...amely mesterien alak\u00edtja \u00e1t fot\u00f3dat egy teniszez\u0151 dinamikus \u00e1br\u00e1zol\u00e1s\u00e1v\u00e1. Ez a szem\u00e9lyre szabott p\u00f3l\u00f3 tisztelg\u00e9s a tenisz izgalmas vil\u00e1ga el\u0151tt, \u00e9s minden koroszt\u00e1ly sz\u00e1m\u00e1ra vonz\u00f3, legyen sz\u00f3 feln\u0151ttekr\u0151l \u00e9s fiatalokr\u00f3l, gyerekekr\u0151l vagy kisgyermekekr\u0151l. L\u00e9pj be a kreativit\u00e1s p\u00e1ly\u00e1j\u00e1ra, mik\u00f6zben mi apr\u00f3l\u00e9kosan megrajzoljuk a fot\u00f3dat, \u00fcgyesen elk\u00e9sz\u00edtve egy mag\u00e1val ragad\u00f3 vektoros portr\u00e9t, amely megragadja egy igazi teniszez\u0151 energi\u00e1j\u00e1t \u00e9s lelkesed\u00e9s\u00e9t. Az Adobe Illustrator \u00e9s az Adobe Photoshop m\u0171v\u00e9szi k\u00e9pess\u00e9geivel biztos\u00edtjuk, hogy tenisz szem\u00e9lyis\u00e9ged minden r\u00e9szlete \u00e9l\u00e9nken megmaradjon, lehet\u0151v\u00e9 t\u00e9ve, hogy b\u00fcszk\u00e9n viselhesd a sport ir\u00e1nti szeretetedet. Ak\u00e1r sikeres sportol\u00f3 vagy, ak\u00e1r hobbij\u00e1t\u00e9kos, ak\u00e1r egyszer\u0171en csak \u00e9lvezed a tenisz izgalm\u00e1t, ez az egyedi p\u00f3l\u00f3 a rend\u00edthetetlen szenved\u00e9lyed t\u00fckr\u00f6z\u0151d\u00e9s\u00e9v\u00e9 v\u00e1lik. Figyelemre m\u00e9lt\u00f3 diz\u00e1jnj\u00e1n t\u00fal ez a szem\u00e9lyre szabott p\u00f3l\u00f3 kiv\u00e9teles... <strong>Aj\u00e1nd\u00e9k tenisz szerelmeseinek<\/strong>, amely megtestes\u00edti a j\u00e1t\u00e9k szellemis\u00e9g\u00e9t, \u00e9s figyelmes gesztus azok sz\u00e1m\u00e1ra, akik sz\u00edv\u00fcgy\u00fcknek tartj\u00e1k a teniszt. Apr\u00f3l\u00e9kosan kidolgozott uniszex p\u00f3l\u00f3nk a k\u00f6vetkez\u0151 m\u00e9retekben kaphat\u00f3: <strong>feln\u0151ttek, fiatalok, gyerekek \u00e9s kisgyermekek<\/strong>, biztos\u00edtva, hogy a tenisz \u00f6r\u00f6me gener\u00e1ci\u00f3kon \u00e1t\u00edvel\u0151 legyen. A legmodernebb DTG nyomtat\u00e1si technol\u00f3gia \u00e9s a kiv\u00e1l\u00f3 min\u0151s\u00e9g\u0171 vektorgrafika \u00f6tv\u00f6zete olyan terveket garant\u00e1l, amelyek nemcsak vizu\u00e1lisan \u00e9l\u00e9nkek, hanem az id\u0151 pr\u00f3b\u00e1j\u00e1t is ki\u00e1llj\u00e1k. N\u00f6veld a szem\u00e9lyre szab\u00e1s szintj\u00e9t saj\u00e1t vagy szeretett h\u00e1zi\u00e1llatod arc\u00e1nak be\u00e9p\u00edt\u00e9s\u00e9vel a diz\u00e1jnba. Ez egy sz\u00edvmelenget\u0151 m\u00f3dja annak, hogy megoszd a tenisz ir\u00e1nti szeretetedet sz\u0151r\u00f6s t\u00e1rsaiddal, vagy hogy meg\u00fcnnepeld az atl\u00e9tika \u00e9s a t\u00e1rsas\u00e1g egys\u00e9g\u00e9t. Emeld magasabb szintre teniszutaz\u00e1sodat a mi... <strong>Szem\u00e9lyre szabott teniszez\u0151 p\u00f3l\u00f3<\/strong>, az atletikuss\u00e1g \u00e9s a szenved\u00e9ly m\u0171v\u00e9szi \u00f6tv\u00f6zete. Dobd fel a ruhat\u00e1rad, \u00fcnnepeld a j\u00e1t\u00e9k izgalm\u00e1t, \u00e9s oszd meg a tenisz szeretet\u00e9t azokkal, akik d\u00e9delgetik dinamikus szellemis\u00e9g\u00e9t. <em>Megjegyz\u00e9s: Ez az egyedi teniszrajong\u00f3 p\u00f3l\u00f3 soksz\u00edn\u0171 k\u00f6z\u00f6ns\u00e9gnek sz\u00f3l, bele\u00e9rtve a feln\u0151tteket, fiatalokat, gyerekeket \u00e9s kisgyermekeket is, biztos\u00edtva, hogy a tenisz \u00f6r\u00f6me minden koroszt\u00e1ly sz\u00e1m\u00e1ra el\u00e9rhet\u0151 legyen.<\/em><\/p>","protected":false},"excerpt":{"rendered":"<p>T\u00e1laljuk st\u00edlusosan egy szem\u00e9lyre szabott teniszez\u0151 p\u00f3l\u00f3val. Az egyedi teniszkedvel\u0151 p\u00f3l\u00f3k minden f\u00e9nyk\u00e9pet egyedi, sportos p\u00f3l\u00f3v\u00e1 alak\u00edtanak \u00e1t.<\/p>","protected":false},"featured_media":126308,"comment_status":"open","ping_status":"closed","template":"","meta":{"_acf_changed":false},"product_brand":[],"product_cat":[6195,6262,186,6339,6412,6434,6428],"product_tag":[6216,1854,803],"class_list":{"0":"post-20756","1":"product","2":"type-product","3":"status-publish","4":"has-post-thumbnail","6":"product_cat-t-shirts-men","7":"product_cat-custom-gifts-tennis-player","8":"product_cat-men","9":"product_cat-mens-sports-t-shirts","10":"product_cat-photo-to-tees","11":"product_cat-t-shirts-for-men-v2","12":"product_cat-translate-products","13":"product_tag-mens-custom-t-shirts","14":"product_tag-tennis_gifts","15":"product_tag-wedding_gift","16":"wcpa_has_options","18":"first","19":"instock","20":"taxable","21":"shipping-taxable","22":"purchasable","23":"product-type-simple"},"acf":[],"wcpa_form_fields":{"wcpaData":{"product":{"product_price":24.99,"price_html":"<span class=\"wmc-wc-price\" ><span class=\"woocommerce-Price-amount amount\"><bdi><span class=\"woocommerce-Price-currencySymbol\">&euro;<\/span>24,99<\/bdi><\/span><span data-wmc_price_cache=\"{&quot;USD&quot;:&quot;&lt;span class=\\&quot;woocommerce-Price-amount amount\\&quot;&gt;&lt;bdi&gt;&lt;span class=\\&quot;woocommerce-Price-currencySymbol\\&quot;&gt;&amp;#36;&lt;\\\/span&gt;29,24&lt;\\\/bdi&gt;&lt;\\\/span&gt;&quot;,&quot;EUR&quot;:&quot;&lt;span class=\\&quot;woocommerce-Price-amount amount\\&quot;&gt;&lt;bdi&gt;&lt;span class=\\&quot;woocommerce-Price-currencySymbol\\&quot;&gt;&amp;euro;&lt;\\\/span&gt;24,99&lt;\\\/bdi&gt;&lt;\\\/span&gt;&quot;,&quot;CAD&quot;:&quot;&lt;span class=\\&quot;woocommerce-Price-amount amount\\&quot;&gt;&lt;bdi&gt;&lt;span class=\\&quot;woocommerce-Price-currencySymbol\\&quot;&gt;CAD$ &lt;\\\/span&gt;40,23&lt;\\\/bdi&gt;&lt;\\\/span&gt;&quot;,&quot;GBP&quot;:&quot;&lt;span class=\\&quot;woocommerce-Price-amount amount\\&quot;&gt;&lt;bdi&gt;&lt;span class=\\&quot;woocommerce-Price-currencySymbol\\&quot;&gt;&amp;pound;&lt;\\\/span&gt;21,74&lt;\\\/bdi&gt;&lt;\\\/span&gt;&quot;,&quot;PLN&quot;:&quot;&lt;span class=\\&quot;woocommerce-Price-amount amount\\&quot;&gt;&lt;bdi&gt;&lt;span class=\\&quot;woocommerce-Price-currencySymbol\\&quot;&gt;z\\u0142 &lt;\\\/span&gt;106,21&lt;\\\/bdi&gt;&lt;\\\/span&gt;&quot;,&quot;SEK&quot;:&quot;&lt;span class=\\&quot;woocommerce-Price-amount amount\\&quot;&gt;&lt;bdi&gt;&lt;span class=\\&quot;woocommerce-Price-currencySymbol\\&quot;&gt;kr &lt;\\\/span&gt;272,14&lt;\\\/bdi&gt;&lt;\\\/span&gt;&quot;,&quot;AUD&quot;:&quot;&lt;span class=\\&quot;woocommerce-Price-amount amount\\&quot;&gt;&lt;bdi&gt;&lt;span class=\\&quot;woocommerce-Price-currencySymbol\\&quot;&gt;AUD$ &lt;\\\/span&gt;40,48&lt;\\\/bdi&gt;&lt;\\\/span&gt;&quot;,&quot;JPY&quot;:&quot;&lt;span class=\\&quot;woocommerce-Price-amount amount\\&quot;&gt;&lt;bdi&gt;&lt;span class=\\&quot;woocommerce-Price-currencySymbol\\&quot;&gt;&amp;yen;&lt;\\\/span&gt;4.624,65&lt;\\\/bdi&gt;&lt;\\\/span&gt;&quot;,&quot;CZK&quot;:&quot;&lt;span class=\\&quot;woocommerce-Price-amount amount\\&quot;&gt;&lt;bdi&gt;&lt;span class=\\&quot;woocommerce-Price-currencySymbol\\&quot;&gt;K\\u010d &lt;\\\/span&gt;607,76&lt;\\\/bdi&gt;&lt;\\\/span&gt;&quot;,&quot;NZD&quot;:&quot;&lt;span class=\\&quot;woocommerce-Price-amount amount\\&quot;&gt;&lt;bdi&gt;&lt;span class=\\&quot;woocommerce-Price-currencySymbol\\&quot;&gt;NZD$ &lt;\\\/span&gt;49,23&lt;\\\/bdi&gt;&lt;\\\/span&gt;&quot;,&quot;CHF&quot;:&quot;&lt;span class=\\&quot;woocommerce-Price-amount amount\\&quot;&gt;&lt;bdi&gt;&lt;span class=\\&quot;woocommerce-Price-currencySymbol\\&quot;&gt;CHF &lt;\\\/span&gt;22,99&lt;\\\/bdi&gt;&lt;\\\/span&gt;&quot;}\" style=\"display: none;\" class=\"wmc-price-cache-list\"><\/span><\/span>","original_product_price":24.99,"price_including_tax":24.99,"price_excluding_tax":20.825,"product_id":{"parent":20756,"variation":false},"is_variable":false,"stock_status":"instock","stock_quantity":null,"parent_sku":"custom-tees-270","product_attributes":{"pa_style":{"is_variation":false,"values":["mens-t-shirt"]},"pa_customization":{"is_variation":false,"values":["add-your-photo","add-your-text-or-name","add-your-logo"]},"pa_material":{"is_variation":false,"values":["100-cotton"]},"pa_key-details":{"is_variation":false,"values":["unisex","regular-fit","premium-quality","digital-art"]},"pa_brand":{"is_variation":false,"values":["customywear"]},"pa_age-group":{"is_variation":false,"values":["adult"]},"pa_color":{"is_variation":false,"values":["black","white","navy","red"]},"pa_print-type":{"is_variation":false,"values":["dtg-print-direct-to-garment"]},"pa_gender":{"is_variation":false,"values":["male"]},"pa_size":{"is_variation":false,"values":["xs","s","m","l","xl","2xl","3xl"]}},"custom_fields":[],"is_taxable":true,"product_name":"Personalized Tennis Player T-Shirt | Custom Tennis Lover Tee | Unique Gift Idea"},"fields":{"sec_1068de9b44c0f6f":{"extra":{"key":"sec_1068de9b44c0f6f","section_id":"sec_1068de9b44c0f6f","name":"T-shirt size and color","status":1,"cl_rule":"show","enableCl":false,"relations":[],"toggle":true,"title_tag":"h4","show_title":false,"showPrice":"default","form_id":137485,"form_rules":{"exclude_from_discount":false,"fee_label":"Frais","disp_hide_options_price":false,"disp_show_section_price":false,"disp_show_field_price":true,"layout_option":"standard","pric_use_as_fee":false,"process_fee_as":"woo_fee"},"layout_option":"standard"},"fields":[[{"active":true,"col":6,"relations":false,"cl_rule":"show","enableCl":false,"price":"","enablePrice":false,"className":"","label_position":"default","desc_position":"default","type":"color-group","required":false,"elementId":"color_group_4192445621","label":"Color","name":"color_group_4192445621","disp_type":"circle","values":[{"label":"Black","value":"Black","selected":false,"color":"#000000","tempId":"aco_50","gt_translate_keys":["label"]},{"label":"White","value":"White","selected":false,"color":"#ffffff","tempId":"aco_51","gt_translate_keys":["label"]},{"label":"Navy","value":"Navy","selected":false,"color":"#213a92","tempId":"aco_52","gt_translate_keys":["label"]},{"label":"Red","value":"Red","selected":false,"color":"#d0021b","tempId":"aco_123","gt_translate_keys":["label"]}],"layOut":"inline","error":false,"selection_type":"tick-border","show_selected_option":true,"adjust_width":true,"cart_display_type":"text","gt_translate_keys":["label"],"price_dependency":false,"cl_dependency":false,"value":""}],[{"active":true,"col":6,"relations":false,"cl_rule":"show","enableCl":false,"price":"","enablePrice":false,"className":"","label_position":"default","desc_position":"default","type":"radio-group","required":false,"elementId":"radio-group_068de9b44c0fb0","label":"Size ","name":"radio-group_068de9b44c0fb0","values":[{"label":"XS","value":"XS","selected":false,"tempId":"aco_80","gt_translate_keys":["label"]},{"label":"S","value":"S","selected":false,"tempId":"aco_81","gt_translate_keys":["label"]},{"label":"M","value":"M","selected":false,"tempId":"aco_82","gt_translate_keys":["label"]},{"label":"L","value":"L","selected":false,"tempId":"aco_155","gt_translate_keys":["label"]},{"label":"XL","value":"XL","selected":false,"tempId":"aco_165","gt_translate_keys":["label"]},{"label":"2Xl","value":"2Xl","selected":false,"tempId":"aco_175","gt_translate_keys":["label"]},{"label":"3XL","value":"3XL","selected":false,"tempId":"aco_185","gt_translate_keys":["label"]}],"layOut":"inline","error":false,"checkUi":"button","show_selected_option":true,"gt_translate_keys":["label"],"price_dependency":false,"cl_dependency":false,"value":""}],[{"active":true,"col":6,"relations":[{"operator":false,"rules":[{"operator":"AND","rules":{"cl_field":"select_1672e1bffc57b9","cl_relation":"is_empty","cl_val":true}}]}],"cl_rule":"hide","enableCl":false,"price":"","enablePrice":false,"className":"","label_position":"default","desc_position":"default","type":"file","required":false,"elementId":"file_868de9b44c0fc8","name":"file_868de9b44c0fc8","label":"Upload your photo(s)","upload_type":"droppable","uploadSize":"50","file_types":["images","docs","design"],"exts_supported":[],"error":false,"hideImageIn_email":true,"multiple_upload":true,"max_file_count":"25","tooltip":"Please upload clear photos where the person is looking directly at the camera","cartLabel":"Photo(s)","allowedFileTypes":"image\/*,.doc,.docx,.xml,.dot,.docm,.dotm,.dotx,.htm,.html,.odt,.pdf,.rtf,.txt,.wps,.xps,application\/msword,application\/vnd,.psd,.eps,.ai,.indd,.raw","gt_translate_keys":["label","tooltip"],"price_dependency":false,"cl_dependency":false,"value":""}],[{"active":true,"col":6,"relations":false,"cl_rule":"show","enableCl":false,"price":"","enablePrice":false,"className":"","label_position":"default","desc_position":"default","type":"checkbox","required":false,"elementId":"checkbox_268de9b44c0fdd","label":"View more options","name":"checkbox_268de9b44c0fdd","value":"","check_value":"Yes","checkUi":"","error":false,"hideFieldIn_cart":true,"hideFieldIn_order":true,"gt_translate_keys":["label","value","check_value"],"price_dependency":false,"cl_dependency":["text_068de9b44c0fef","radio-group_368de9b44c1005","radio-group_868de9b44c101a"]}],[{"active":true,"col":6,"relations":[{"operator":false,"rules":[{"operator":"AND","rules":{"cl_field":"checkbox_268de9b44c0fdd","cl_relation":"is","cl_val":true}}]}],"cl_rule":"show","enableCl":true,"price":"","enablePrice":false,"className":"","label_position":"default","desc_position":"default","type":"text","subtype":"text","required":false,"elementId":"text_068de9b44c0fef","label":"Add text to your T-shirt design (optional)","name":"text_068de9b44c0fef","value":"","error":false,"tooltip":"Your text will be added to the top or bottom of the T-shirt design.","placeholder":"eg: \"Michael: The best man ever\"","cartLabel":"Text","gt_translate_keys":["label","placeholder","value","tooltip"],"price_dependency":false,"cl_dependency":false}],[{"active":true,"col":6,"relations":[{"operator":false,"rules":[{"operator":"AND","rules":{"cl_field":"checkbox_268de9b44c0fdd","cl_relation":"is","cl_val":true}}]}],"cl_rule":"show","enableCl":true,"price":"","enablePrice":false,"className":"","label_position":"default","desc_position":"default","type":"radio-group","required":true,"elementId":"radio-group_368de9b44c1005","label":"Select t-shirt print location","name":"radio-group_368de9b44c1005","values":[{"label":"Front Side","value":"Front Side","selected":true,"tempId":"aco_5504","gt_translate_keys":["label"]},{"label":"Back Side","value":"Back Side","selected":false,"tempId":"aco_5505","gt_translate_keys":["label"]}],"layOut":"inline","error":false,"checkUi":"","hideFieldIn_cart":false,"cartLabel":"Print location","gt_translate_keys":["label"],"price_dependency":false,"cl_dependency":false,"value":""}],[{"active":true,"col":6,"relations":[{"operator":false,"rules":[{"operator":"AND","rules":{"cl_field":"checkbox_268de9b44c0fdd","cl_relation":"is","cl_val":true}}]}],"cl_rule":"show","enableCl":true,"price":"","enablePrice":false,"className":"","label_position":"default","desc_position":"default","type":"radio-group","required":false,"elementId":"radio-group_868de9b44c101a","label":"Would you like to review the design before printing?","name":"radio-group_868de9b44c101a","values":[{"label":"No","value":"No","selected":true,"tempId":"aco_6274","gt_translate_keys":["label"]},{"label":"Yes","value":"Yes","selected":false,"tempId":"aco_6275","price":"","gt_translate_keys":["label"]}],"layOut":"inline","error":false,"checkUi":"","priceOptions":"different_for_all","pricingType":"fixed","use_as_fee":false,"fee_label":"Preview Image","tooltip":"If yes, we\u2019ll email you a preview of the design before printing. This may add 1-2 days to delivery time.*","hideFieldIn_cart":true,"gt_translate_keys":["label","tooltip"],"price_dependency":false,"cl_dependency":["content_968de9b44c102d"],"value":""}],[{"active":true,"col":6,"relations":[{"operator":false,"rules":[{"operator":"AND","rules":{"cl_field":"radio-group_868de9b44c101a","cl_relation":"is","cl_val":"Yes"}}]}],"cl_rule":"show","enableCl":true,"price":"","enablePrice":false,"className":"","label_position":"default","desc_position":"default","type":"content","required":false,"elementId":"content_968de9b44c102d","label":"","name":"content_968de9b44c102d","contentType":"plain","value":"Please check your inbox, including Spam or other folders, within 1-2 business days for the preview image","error":false,"subtype":"p","hideFieldIn_cart":true,"hideFieldIn_order":true,"gt_translate_keys":["label","value"],"price_dependency":false,"cl_dependency":false}]]}},"config":{"price_override":"","enable_recaptcha":false,"bind_quantity":false,"quantity_bind_formula":false,"disp_summ_show_option_price":false,"disp_summ_show_product_price":false,"disp_summ_show_total_price":false,"disp_summ_show_fee":false,"disp_summ_show_discount":false,"summary_title":"","options_total_label":"Prix des options","total_label":"Total","options_product_label":"Prix du produit","fee_label":"Frais","discount_label":"Discount","has_price":true,"has_quantity_formula":false},"mc_unit":1,"tax_rate":1,"tax_rate_real":0,"discount":{"percentage":0,"fixed":0},"design":{"conf":{"LabelPosition":"above","DescPosition":"above","UploadField":"default","QuantityFieldStyle":"default"},"css":{"LeftLabelWidth":"120px"}},"formulas":[],"clones":false,"cartKey":false}},"_links":{"self":[{"href":"https:\/\/www.customywear.com\/hu\/wp-json\/wp\/v2\/product\/20756","targetHints":{"allow":["GET"]}}],"collection":[{"href":"https:\/\/www.customywear.com\/hu\/wp-json\/wp\/v2\/product"}],"about":[{"href":"https:\/\/www.customywear.com\/hu\/wp-json\/wp\/v2\/types\/product"}],"replies":[{"embeddable":true,"href":"https:\/\/www.customywear.com\/hu\/wp-json\/wp\/v2\/comments?post=20756"}],"wp:featuredmedia":[{"embeddable":true,"href":"https:\/\/www.customywear.com\/hu\/wp-json\/wp\/v2\/media\/126308"}],"wp:attachment":[{"href":"https:\/\/www.customywear.com\/hu\/wp-json\/wp\/v2\/media?parent=20756"}],"wp:term":[{"taxonomy":"product_brand","embeddable":true,"href":"https:\/\/www.customywear.com\/hu\/wp-json\/wp\/v2\/product_brand?post=20756"},{"taxonomy":"product_cat","embeddable":true,"href":"https:\/\/www.customywear.com\/hu\/wp-json\/wp\/v2\/product_cat?post=20756"},{"taxonomy":"product_tag","embeddable":true,"href":"https:\/\/www.customywear.com\/hu\/wp-json\/wp\/v2\/product_tag?post=20756"}],"curies":[{"name":"wp","href":"https:\/\/api.w.org\/{rel}","templated":true}]}}