{"id":20848,"date":"2023-07-28T13:41:43","date_gmt":"2023-07-28T13:41:43","guid":{"rendered":"https:\/\/www.customywear.com\/?post_type=product&#038;p=20848"},"modified":"2026-05-07T15:29:56","modified_gmt":"2026-05-07T15:29:56","slug":"szemelyre-szabott-fotos-ifjusagi-polo","status":"publish","type":"product","link":"https:\/\/www.customywear.com\/hu\/personalized-photographer-youth-t-shirt\/","title":{"rendered":"Szem\u00e9lyre szabott fot\u00f3s ifj\u00fas\u00e1gi p\u00f3l\u00f3 | Egyedi fot\u00f3nyomtat\u00e1s\u00fa p\u00f3l\u00f3"},"content":{"rendered":"<p>Ragadd meg a kreativit\u00e1s l\u00e9nyeg\u00e9t elb\u0171v\u00f6l\u0151... <strong>Szem\u00e9lyre szabott fot\u00f3s ifj\u00fas\u00e1gi p\u00f3l\u00f3<\/strong>V\u00e1ltoztasd gyermeked pillanatk\u00e9p\u00e9t leny\u0171g\u00f6z\u0151 remekm\u0171v\u00e9 ezzel a pr\u00e9mium p\u00f3l\u00f3val, amely leny\u0171g\u00f6z\u0151 ill\u00fazi\u00f3t kelt gyermekedr\u0151l, mint k\u00e9pzett fot\u00f3sr\u00f3l egy fest\u0151i term\u00e9szeti h\u00e1tt\u00e9r k\u00f6z\u00f6tt.<\/p>\n<p><strong>Term\u00e9szet ihlette m\u0171v\u00e9szet:<\/strong> Tan\u00faja lehet gyermeke fant\u00e1zi\u00e1j\u00e1nak \u00e9letre kel\u00e9s\u00e9nek az Adobe Illustratorban mesterien megtervezett, apr\u00f3l\u00e9kosan kidolgozott vektoros illusztr\u00e1ci\u00f3inkkal. Gyermeke \u00e9s a l\u00e9legzetel\u00e1ll\u00edt\u00f3 h\u00e1tt\u00e9r harmonikus kever\u00e9ke egy igaz\u00e1n leny\u0171g\u00f6z\u0151 l\u00e1tv\u00e1nyt ny\u00fajt.<\/p>\n<p><strong>Becses eml\u00e9kt\u00e1rgy:<\/strong> Lepd meg a fiatal sz\u00edveket egy inspir\u00e1l\u00f3 aj\u00e1nd\u00e9kkal, amely fel\u00e9breszti a fot\u00f3z\u00e1s ir\u00e1nti szenved\u00e9ly\u00fcket. Ez a p\u00f3l\u00f3 nem csup\u00e1n egy \u00f6lt\u00f6z\u00e9k; \u00e1lmok \u00e9s v\u00e1gyak v\u00e1szonja, eml\u00e9keztet\u0151 arra, hogy a kreativit\u00e1suk hat\u00e1rtalan.<\/p>\n<p><strong>A kis felfedez\u0151knek:<\/strong> T\u00f6k\u00e9letes a k\u00edv\u00e1ncsi kis elm\u00e9k sz\u00e1m\u00e1ra, akiknek van \u00e9rz\u00e9k\u00fck a sz\u00e9ps\u00e9ghez. Ez a p\u00f3l\u00f3 \u00fcnnepli vel\u00fck sz\u00fcletett tehets\u00e9g\u00fcket \u00e9s t\u00e1pl\u00e1lja kreat\u00edv szellem\u00fcket. Hagyd, hogy kifejezz\u00e9k egyedi n\u00e9z\u0151pontjukat ezzel a szem\u00e9lyre szabott remekm\u0171vel.<\/p>\n<p><strong>M\u0171v\u00e9szet r\u00e9szletesen:<\/strong> Az Adobe Photoshop \u00e9s Illustrator szak\u00e9rtelm\u00e9vel apr\u00f3l\u00e9kosan \u00e1t\u00fcltetj\u00fck gyermeked fot\u00f3j\u00e1t egy mag\u00e1val ragad\u00f3 vizu\u00e1lis t\u00f6rt\u00e9netbe. A terv minden egyes ecsetvon\u00e1sa t\u00fckr\u00f6zi elk\u00f6telezetts\u00e9g\u00fcnket a kiv\u00e1l\u00f3 min\u0151s\u00e9g\u0171, \u00e9leth\u0171 vektorgrafika l\u00e9trehoz\u00e1sa ir\u00e1nt.<\/p>\n<p><strong>Uniszex k\u00e9nyelmes illeszked\u00e9s:<\/strong> A t\u00f6k\u00e9letes k\u00e9nyelem \u00e9s st\u00edlus jegy\u00e9ben k\u00e9sz\u00fclt p\u00f3l\u00f3nk egyszerre st\u00edlusos \u00e9s otthonos. Hagyd, hogy fiatal fot\u00f3sod megmutassa egy\u00e9nis\u00e9g\u00e9t, mik\u00f6zben k\u00e9nyelmes \u00e9s laza viseletet biztos\u00edt.<\/p>\n<p><strong>Csal\u00e1di \u00fcgy:<\/strong> Szem\u00e9lyre szabott p\u00f3l\u00f3ink \u200b\u200bnem csak a fiataloknak sz\u00f3lnak; az \u00f6sszetartoz\u00e1s \u00fcnnepe. Minden koroszt\u00e1ly sz\u00e1m\u00e1ra el\u00e9rhet\u0151ek, a kisgyermekekt\u0151l a feln\u0151ttekig, \u00e9s egyedi, sz\u00edvmelenget\u0151 diz\u00e1jnjukkal k\u00f6zelebb hozz\u00e1k a csal\u00e1dokat egym\u00e1shoz.<\/p>\n<p><strong>Embereken t\u00fal:<\/strong> B\u0151v\u00edtsd a kreat\u00edv teret sz\u0151r\u00f6s bar\u00e1taiddal is! Szem\u00e9lyre szabott p\u00f3l\u00f3inkon emberi \u00e9s h\u00e1zi\u00e1llat-arcok is megjelennek, \u00edgy im\u00e1dnival\u00f3 m\u00f3dja annak, hogy csal\u00e1dod minden tagj\u00e1t meg\u00fcnnepeld.<\/p>\n<p><strong>B\u00f6ng\u00e9szd \u00e1t a Gal\u00e9ri\u00e1t:<\/strong> Mer\u00fclj el a kreat\u00edv lehet\u0151s\u00e9gek vil\u00e1g\u00e1ban. Fedezz fel tov\u00e1bbi, gyermeked \u00e9rdekl\u0151d\u00e9si k\u00f6r\u00e9be illeszked\u0151 diz\u00e1jnokat, \u00e9s hozz l\u00e9tre egy mag\u00e1val ragad\u00f3, szem\u00e9lyre szabott ruhadarab-gal\u00e9ri\u00e1t.<\/p>\n<p>Emeld az \u00f6nkifejez\u00e9s m\u0171v\u00e9szi szintj\u00e9t a mi\u00e9nkkel <strong>Szem\u00e9lyre szabott fot\u00f3s ifj\u00fas\u00e1gi p\u00f3l\u00f3<\/strong>Engedd szabadj\u00e1ra gyermeked kreativit\u00e1s\u00e1t, \u00e9s l\u00e1ngra lobbantsd fel a fot\u00f3z\u00e1s ir\u00e1nti szenved\u00e9ly\u00e9t viselhet\u0151, t\u00f6rt\u00e9neteket elmes\u00e9l\u0151 m\u0171v\u00e9szeti alkot\u00e1sokon kereszt\u00fcl. Rendelj most, \u00e9s hagyd, hogy a k\u00e9pzelet\u00fck ker\u00fclj\u00f6n a k\u00f6z\u00e9ppontba!<\/p>","protected":false},"excerpt":{"rendered":"<p>Ragadjon meg pillanatokat egy szem\u00e9lyre szabott fot\u00f3s ifj\u00fas\u00e1gi p\u00f3l\u00f3val. Az egyedi fot\u00f3nyomat\u00fa p\u00f3l\u00f3k minden f\u00e9nyk\u00e9pet egyedi, j\u00e1t\u00e9kos p\u00f3l\u00f3v\u00e1 alak\u00edtanak \u00e1t.<\/p>","protected":false},"featured_media":88706,"comment_status":"open","ping_status":"closed","template":"","meta":{"_acf_changed":false},"product_brand":[],"product_cat":[6189,6412,6428,6436],"product_tag":[6439,65,73],"class_list":{"0":"post-20848","1":"product","2":"type-product","3":"status-publish","4":"has-post-thumbnail","6":"product_cat-boys-t-shirts","7":"product_cat-photo-to-tees","8":"product_cat-translate-products","9":"product_cat-v2-boy-girl","10":"product_tag-ai-kids-artwork","11":"product_tag-kid","12":"product_tag-youth-boy","13":"wcpa_has_options","15":"first","16":"instock","17":"taxable","18":"shipping-taxable","19":"purchasable","20":"product-type-simple"},"acf":[],"wcpa_form_fields":{"wcpaData":{"product":{"product_price":24.99,"price_html":"<span class=\"wmc-wc-price\" ><span class=\"woocommerce-Price-amount amount\"><bdi><span class=\"woocommerce-Price-currencySymbol\">&euro;<\/span>24,99<\/bdi><\/span><span data-wmc_price_cache=\"{&quot;USD&quot;:&quot;&lt;span class=\\&quot;woocommerce-Price-amount amount\\&quot;&gt;&lt;bdi&gt;&lt;span class=\\&quot;woocommerce-Price-currencySymbol\\&quot;&gt;&amp;#36;&lt;\\\/span&gt;28,99&lt;\\\/bdi&gt;&lt;\\\/span&gt;&quot;,&quot;EUR&quot;:&quot;&lt;span class=\\&quot;woocommerce-Price-amount amount\\&quot;&gt;&lt;bdi&gt;&lt;span class=\\&quot;woocommerce-Price-currencySymbol\\&quot;&gt;&amp;euro;&lt;\\\/span&gt;24,99&lt;\\\/bdi&gt;&lt;\\\/span&gt;&quot;,&quot;CAD&quot;:&quot;&lt;span class=\\&quot;woocommerce-Price-amount amount\\&quot;&gt;&lt;bdi&gt;&lt;span class=\\&quot;woocommerce-Price-currencySymbol\\&quot;&gt;CAD$ &lt;\\\/span&gt;39,98&lt;\\\/bdi&gt;&lt;\\\/span&gt;&quot;,&quot;GBP&quot;:&quot;&lt;span class=\\&quot;woocommerce-Price-amount amount\\&quot;&gt;&lt;bdi&gt;&lt;span class=\\&quot;woocommerce-Price-currencySymbol\\&quot;&gt;&amp;pound;&lt;\\\/span&gt;21,74&lt;\\\/bdi&gt;&lt;\\\/span&gt;&quot;,&quot;PLN&quot;:&quot;&lt;span class=\\&quot;woocommerce-Price-amount amount\\&quot;&gt;&lt;bdi&gt;&lt;span class=\\&quot;woocommerce-Price-currencySymbol\\&quot;&gt;z\\u0142 &lt;\\\/span&gt;106,21&lt;\\\/bdi&gt;&lt;\\\/span&gt;&quot;,&quot;SEK&quot;:&quot;&lt;span class=\\&quot;woocommerce-Price-amount amount\\&quot;&gt;&lt;bdi&gt;&lt;span class=\\&quot;woocommerce-Price-currencySymbol\\&quot;&gt;kr &lt;\\\/span&gt;274,14&lt;\\\/bdi&gt;&lt;\\\/span&gt;&quot;,&quot;AUD&quot;:&quot;&lt;span class=\\&quot;woocommerce-Price-amount amount\\&quot;&gt;&lt;bdi&gt;&lt;span class=\\&quot;woocommerce-Price-currencySymbol\\&quot;&gt;AUD$ &lt;\\\/span&gt;40,73&lt;\\\/bdi&gt;&lt;\\\/span&gt;&quot;,&quot;JPY&quot;:&quot;&lt;span class=\\&quot;woocommerce-Price-amount amount\\&quot;&gt;&lt;bdi&gt;&lt;span class=\\&quot;woocommerce-Price-currencySymbol\\&quot;&gt;&amp;yen;&lt;\\\/span&gt;4.607,41&lt;\\\/bdi&gt;&lt;\\\/span&gt;&quot;,&quot;CZK&quot;:&quot;&lt;span class=\\&quot;woocommerce-Price-amount amount\\&quot;&gt;&lt;bdi&gt;&lt;span class=\\&quot;woocommerce-Price-currencySymbol\\&quot;&gt;K\\u010d &lt;\\\/span&gt;608,01&lt;\\\/bdi&gt;&lt;\\\/span&gt;&quot;,&quot;NZD&quot;:&quot;&lt;span class=\\&quot;woocommerce-Price-amount amount\\&quot;&gt;&lt;bdi&gt;&lt;span class=\\&quot;woocommerce-Price-currencySymbol\\&quot;&gt;NZD$ &lt;\\\/span&gt;49,73&lt;\\\/bdi&gt;&lt;\\\/span&gt;&quot;,&quot;CHF&quot;:&quot;&lt;span class=\\&quot;woocommerce-Price-amount amount\\&quot;&gt;&lt;bdi&gt;&lt;span class=\\&quot;woocommerce-Price-currencySymbol\\&quot;&gt;CHF &lt;\\\/span&gt;22,74&lt;\\\/bdi&gt;&lt;\\\/span&gt;&quot;}\" style=\"display: none;\" class=\"wmc-price-cache-list\"><\/span><\/span>","original_product_price":24.99,"price_including_tax":24.99,"price_excluding_tax":20.825,"product_id":{"parent":20848,"variation":false},"is_variable":false,"stock_status":"instock","stock_quantity":null,"parent_sku":"custom-tees-296","product_attributes":{"pa_style":{"is_variation":false,"values":["boys-t-shirt"]},"pa_customization":{"is_variation":false,"values":["add-your-photo","add-your-text-or-name","add-your-logo"]},"pa_material":{"is_variation":false,"values":["100-cotton"]},"pa_key-details":{"is_variation":false,"values":["unisex","regular-fit","premium-quality","digital-art"]},"pa_brand":{"is_variation":false,"values":["customywear"]},"pa_age-group":{"is_variation":false,"values":["kids"]},"pa_gender":{"is_variation":false,"values":["boy"]},"pa_color":{"is_variation":false,"values":["black","white","navy","red"]},"pa_print-type":{"is_variation":false,"values":["dtg-print-direct-to-garment"]},"pa_size":{"is_variation":false,"values":["s","m","l","xl"]}},"custom_fields":[],"is_taxable":true,"product_name":"Personalized Photographer Youth T-Shirt | Custom Photo Print Tee"},"fields":{"sec_168d3aad5dc660":{"extra":{"key":"sec_168d3aad5dc660","section_id":"sec_168d3aad5dc660","name":"T-shirt size and color","status":1,"cl_rule":"show","enableCl":false,"relations":[],"toggle":true,"title_tag":"h4","show_title":false,"showPrice":"default","form_id":137342,"form_rules":{"exclude_from_discount":false,"fee_label":"Fee","disp_hide_options_price":false,"disp_show_section_price":false,"disp_show_field_price":true,"layout_option":"standard","pric_use_as_fee":false,"process_fee_as":"woo_fee"},"layout_option":"standard"},"fields":[[{"active":true,"col":6,"relations":false,"cl_rule":"show","enableCl":false,"price":"","enablePrice":false,"className":"","label_position":"default","desc_position":"default","type":"color-group","required":false,"elementId":"color_group_7023184051","label":"Color","name":"color_group_7023184051","disp_type":"circle","values":[{"label":"Black","value":"Black","selected":false,"color":"#000000","tempId":"aco_219","gt_translate_keys":["label"]},{"label":"White","value":"White","selected":false,"color":"#f6f6f6","tempId":"aco_220","gt_translate_keys":["label"]},{"label":"Navy","value":"Navy","selected":false,"color":"#213a92","tempId":"aco_569","gt_translate_keys":["label"]},{"label":"Red","value":"Red","selected":false,"color":"#d0021b","tempId":"aco_580","gt_translate_keys":["label"]}],"layOut":"inline","error":false,"tooltip":"Pick your preferred T-shirt color","selection_type":"tick-border","show_selected_option":true,"adjust_width":true,"cart_display_type":"text","gt_translate_keys":["label","tooltip"],"price_dependency":false,"cl_dependency":false,"value":""}],[{"active":true,"col":6,"relations":false,"cl_rule":"show","enableCl":false,"price":"","enablePrice":false,"className":"","label_position":"default","desc_position":"default","type":"radio-group","required":false,"elementId":"radio-group_468d3aad5dc68e","label":"Size ","name":"radio-group_468d3aad5dc68e","values":[{"label":"S","value":"S","selected":false,"tempId":"aco_263","gt_translate_keys":["label"]},{"label":"M","value":"M","selected":false,"tempId":"aco_264","gt_translate_keys":["label"]},{"label":"L","value":"L","selected":false,"tempId":"aco_265","gt_translate_keys":["label"]},{"label":"XL","value":"XL","selected":false,"tempId":"aco_409","gt_translate_keys":["label"]}],"layOut":"inline","error":false,"checkUi":"button","show_selected_option":true,"tooltip":"Choose the T-shirt size for kids. Suitable for both boys and girls.","gt_translate_keys":["label","tooltip"],"price_dependency":false,"cl_dependency":false,"value":""}],[{"active":true,"col":6,"relations":[],"cl_rule":"hide","enableCl":false,"price":"","enablePrice":false,"className":"","label_position":"default","desc_position":"default","type":"file","required":false,"elementId":"file_668d3aad5dc69f","name":"file_668d3aad5dc69f","label":"Upload your kid's photo(s)","upload_type":"droppable","uploadSize":"50","file_types":["images","docs","design"],"exts_supported":["jpg","jpeg","png","gif","webp","pdf","PSD"],"error":false,"hideImageIn_email":true,"multiple_upload":true,"max_file_count":"25","tooltip":"Please provide clear photos of the person or pet looking directly at the camera.","cartLabel":"Photo(s)","allowedFileTypes":".jpg,.jpeg,.png,.gif,.webp,.pdf,.PSD,image\/*,.doc,.docx,.xml,.dot,.docm,.dotm,.dotx,.htm,.html,.odt,.rtf,.txt,.wps,.xps,application\/msword,application\/vnd,.psd,.eps,.ai,.indd,.raw","gt_translate_keys":["label","tooltip"],"price_dependency":false,"cl_dependency":false,"value":""}],[{"active":true,"col":6,"relations":false,"cl_rule":"show","enableCl":false,"price":"","enablePrice":false,"className":"","label_position":"default","desc_position":"default","type":"checkbox","required":false,"elementId":"checkbox_568d3aad5dc6ad","label":"View more options","name":"checkbox_568d3aad5dc6ad","value":"","check_value":"More options","checkUi":"","error":false,"hideFieldIn_cart":true,"hideFieldIn_order":true,"tooltip":"Click to explore additional free customization features","gt_translate_keys":["label","value","tooltip","check_value"],"price_dependency":false,"cl_dependency":["text_468d3aad5dc6b8","radio-group_668d3aad5dc6c6","radio-group_768d3aad5dc6d3"]}],[{"active":true,"col":6,"relations":[{"operator":false,"rules":[{"operator":"AND","rules":{"cl_field":"checkbox_568d3aad5dc6ad","cl_relation":"is","cl_val":true}}]}],"cl_rule":"show","enableCl":true,"price":"","enablePrice":false,"className":"","label_position":"default","desc_position":"default","type":"text","subtype":"text","required":false,"elementId":"text_468d3aad5dc6b8","label":"Add text to your T-shirt design (optional)","name":"text_468d3aad5dc6b8","value":"","error":false,"tooltip":"Your text will be added to the top or bottom of the T-shirt design.","placeholder":"eg: \"Noah: My Sunshine\"","cartLabel":"Text","gt_translate_keys":["label","placeholder","value","tooltip"],"price_dependency":false,"cl_dependency":false}],[{"active":true,"col":6,"relations":[{"operator":false,"rules":[{"operator":"AND","rules":{"cl_field":"checkbox_568d3aad5dc6ad","cl_relation":"is","cl_val":true}}]}],"cl_rule":"show","enableCl":true,"price":"","enablePrice":false,"className":"","label_position":"default","desc_position":"default","type":"radio-group","required":true,"elementId":"radio-group_668d3aad5dc6c6","label":"Select t-shirt print location","name":"radio-group_668d3aad5dc6c6","values":[{"label":"Front Side","value":"Front Side","selected":true,"tempId":"aco_5504","gt_translate_keys":["label"]},{"label":"Back Side","value":"Back Side","selected":false,"tempId":"aco_5505","gt_translate_keys":["label"]}],"layOut":"inline","error":false,"checkUi":"","cartLabel":"Print location","gt_translate_keys":["label"],"price_dependency":false,"cl_dependency":false,"value":""}],[{"active":true,"col":6,"relations":[{"operator":false,"rules":[{"operator":"AND","rules":{"cl_field":"checkbox_568d3aad5dc6ad","cl_relation":"is","cl_val":true}}]}],"cl_rule":"show","enableCl":true,"price":"","enablePrice":false,"className":"","label_position":"default","desc_position":"default","type":"radio-group","required":false,"elementId":"radio-group_768d3aad5dc6d3","label":"Would you like to review the design before printing?","name":"radio-group_768d3aad5dc6d3","values":[{"label":"No","value":"No","selected":true,"tempId":"aco_6274","gt_translate_keys":["label"]},{"label":"Yes","value":"Yes","selected":false,"tempId":"aco_6275","price":"","gt_translate_keys":["label"]}],"layOut":"inline","error":false,"checkUi":"","priceOptions":"different_for_all","pricingType":"fixed","use_as_fee":false,"fee_label":"Preview Image","tooltip":"If yes, we\u2019ll email you a preview of the design before printing. This may add 1-2 days to delivery time.*","hideFieldIn_cart":true,"hideFieldIn_order":true,"cartLabel":"Preview Image","gt_translate_keys":["label","tooltip"],"price_dependency":false,"cl_dependency":["content_468d3aad5dc6e0"],"value":""}],[{"active":true,"col":6,"relations":[{"operator":false,"rules":[{"operator":"AND","rules":{"cl_field":"radio-group_768d3aad5dc6d3","cl_relation":"is","cl_val":"Yes"}}]}],"cl_rule":"show","enableCl":true,"price":"","enablePrice":false,"className":"","label_position":"default","desc_position":"default","type":"content","required":false,"elementId":"content_468d3aad5dc6e0","label":"","name":"content_468d3aad5dc6e0","contentType":"plain","value":"Please check your inbox, including Spam or other folders, within 1-2 business days for the preview image","error":false,"subtype":"p","hideFieldIn_cart":true,"hideFieldIn_order":true,"gt_translate_keys":["label","value"],"price_dependency":false,"cl_dependency":false}]]}},"config":{"price_override":"","enable_recaptcha":false,"bind_quantity":false,"quantity_bind_formula":false,"disp_summ_show_option_price":false,"disp_summ_show_product_price":false,"disp_summ_show_total_price":false,"disp_summ_show_fee":false,"disp_summ_show_discount":false,"summary_title":"","options_total_label":"Options Price","total_label":"Total","options_product_label":"Product Price","fee_label":"Fee","discount_label":"Discount","has_price":true,"has_quantity_formula":false},"mc_unit":1,"tax_rate":1,"tax_rate_real":0,"discount":{"percentage":0,"fixed":0},"design":{"conf":{"LabelPosition":"above","DescPosition":"above","UploadField":"default","QuantityFieldStyle":"default"},"css":{"LeftLabelWidth":"120px"}},"formulas":[],"clones":false,"cartKey":false}},"_links":{"self":[{"href":"https:\/\/www.customywear.com\/hu\/wp-json\/wp\/v2\/product\/20848","targetHints":{"allow":["GET"]}}],"collection":[{"href":"https:\/\/www.customywear.com\/hu\/wp-json\/wp\/v2\/product"}],"about":[{"href":"https:\/\/www.customywear.com\/hu\/wp-json\/wp\/v2\/types\/product"}],"replies":[{"embeddable":true,"href":"https:\/\/www.customywear.com\/hu\/wp-json\/wp\/v2\/comments?post=20848"}],"wp:featuredmedia":[{"embeddable":true,"href":"https:\/\/www.customywear.com\/hu\/wp-json\/wp\/v2\/media\/88706"}],"wp:attachment":[{"href":"https:\/\/www.customywear.com\/hu\/wp-json\/wp\/v2\/media?parent=20848"}],"wp:term":[{"taxonomy":"product_brand","embeddable":true,"href":"https:\/\/www.customywear.com\/hu\/wp-json\/wp\/v2\/product_brand?post=20848"},{"taxonomy":"product_cat","embeddable":true,"href":"https:\/\/www.customywear.com\/hu\/wp-json\/wp\/v2\/product_cat?post=20848"},{"taxonomy":"product_tag","embeddable":true,"href":"https:\/\/www.customywear.com\/hu\/wp-json\/wp\/v2\/product_tag?post=20848"}],"curies":[{"name":"wp","href":"https:\/\/api.w.org\/{rel}","templated":true}]}}