{"id":20888,"date":"2023-07-28T13:42:41","date_gmt":"2023-07-28T13:42:41","guid":{"rendered":"https:\/\/www.customywear.com\/?post_type=product&#038;p=20888"},"modified":"2026-05-13T19:50:34","modified_gmt":"2026-05-13T19:50:34","slug":"egyedi-futoparos-ingek","status":"publish","type":"product","link":"https:\/\/www.customywear.com\/hu\/custom-running-couples-shirts\/","title":{"rendered":"Egy\u00e9ni Fut\u00f3 P\u00e1rok Ing | A Szem\u00e9lyre Szabott Edz\u00e9s Aj\u00e1nd\u00e9k"},"content":{"rendered":"<p>L\u00e9pj a fitnesz \u00e9s az \u00f6sszetartoz\u00e1s fel\u00e9 \u200d\u2642\ufe0f Egyedi Fut\u00f3 P\u00e1ros P\u00f3l\u00f3inkkal! Alak\u00edtsd \u00e1t meg\u00f6r\u00f6k\u00edtett pillanataidat dinamikus m\u0171alkot\u00e1ss\u00e1, mik\u00f6zben te \u00e9s partnered egym\u00e1s mellett sprinteltek, melyeket apr\u00f3l\u00e9kosan kidolgozott vektoros portr\u00e9k keltenek \u00e9letre. K\u00e9pzett m\u0171v\u00e9szeink az Adobe Illustrator \u00e9s az Adobe Photoshop kreat\u00edv var\u00e1zs\u00e1t alkalmazz\u00e1k, hogy elsz\u00e1nts\u00e1godat motiv\u00e1l\u00f3 \u00e9s inspir\u00e1l\u00f3 diz\u00e1jnban foglalj\u00e1k magukban. Ez a kiv\u00e9teles, egyedi p\u00f3l\u00f3 nem puszt\u00e1n ruh\u00e1zat; az eg\u00e9szs\u00e9g \u00e9s az egys\u00e9g sz\u00edvb\u0151l j\u00f6v\u0151 \u00fcnnepl\u00e9se. Oszd meg k\u00f6tel\u00e9ked var\u00e1zs\u00e1t egy a t\u00f6rt\u00e9netedhez igaz\u00edtott diz\u00e1jnnal, amely t\u00e9ged \u00e9s partneredet dinamikus du\u00f3k\u00e9nt \u00e1br\u00e1zolja a j\u00f3ll\u00e9t \u00fatj\u00e1n. Term\u00e9kjellemz\u0151k: \ufe0f Mesteri vektorm\u0171v\u00e9szet: Fot\u00f3id mag\u00e1val ragad\u00f3 vektoros remekm\u0171vekk\u00e9 v\u00e1lnak. Uniszex k\u00e9nyelem: \u00c9lvezd a st\u00edlust \u00e9s a k\u00e9nyelmet, amely minden koroszt\u00e1ly \u00e9s nem sz\u00e1m\u00e1ra megfelel\u0151. H\u00e1zi\u00e1llat beengedve: Adj hozz\u00e1 egy im\u00e1dnival\u00f3 hat\u00e1st sz\u0151r\u00f6s t\u00e1rsaid bemutat\u00e1s\u00e1val. \ufe0f Prec\u00edzi\u00f3s DTG nyomtat\u00e1s: \u00c9lvezd az \u00e9l\u00e9nk, tart\u00f3s nyomatokat, amelyek minden r\u00e9szletet megragadnak. Minden koroszt\u00e1ly sz\u00e1m\u00e1ra vonz\u00f3: A kisgyermekekt\u0151l a feln\u0151ttekig, m\u00e9reteink minden csal\u00e1dtag ig\u00e9nyeit kiel\u00e9g\u00edtik. Pr\u00e9mium kivitelez\u00e9s: Tapasztald meg a legmagasabb szint\u0171 min\u0151s\u00e9get a tervez\u00e9st\u0151l a kivitelez\u00e9sig. V\u00e9gtelen kreativit\u00e1s: Fedezz fel tov\u00e1bbi mag\u00e1val ragad\u00f3 diz\u00e1jnokat v\u00e1ltozatos kollekci\u00f3nkban. \u00dcnnepelj fitnesz m\u00e9rf\u00f6ldk\u00f6veket, \u00e9vfordul\u00f3kat, vagy lepd meg partnered egy olyan aj\u00e1nd\u00e9kkal, amely \u00f6tv\u00f6zi a motiv\u00e1ci\u00f3t \u00e9s a szeretetet. Ak\u00e1r egy k\u00fcl\u00f6nleges alkalomr\u00f3l eml\u00e9kezel meg, ak\u00e1r egy fitneszrajong\u00f3nak aj\u00e1nd\u00e9kozol, ak\u00e1r egyszer\u0171en csak egy\u00fctt \u00e9led az eg\u00e9szs\u00e9ges \u00e9letm\u00f3dot, egyedi fut\u00f3p\u00f3l\u00f3ink \u200b\u200bp\u00e1roknak a t\u00f6k\u00e9letes v\u00e1laszt\u00e1s. Ossz\u00e1tok meg a mosolyokat, ind\u00edtsatok besz\u00e9lget\u00e9seket, \u00e9s viselj\u00e9tek b\u00fcszk\u00e9n az egyedi kapcsolatotokat, mik\u00f6zben az eg\u00e9szs\u00e9g \u00e9s a boldogs\u00e1g fel\u00e9 haladtok. Ez nem csak egy p\u00f3l\u00f3; ez a k\u00f6z\u00f6s fitneszutatok szimb\u00f3luma, amelyet mindenki viselhet \u00e9s d\u00e9delgethet!<\/p>","protected":false},"excerpt":{"rendered":"<p>Fuss egy\u00fctt egyedi fut\u00f3p\u00e1r ingekben. A szem\u00e9lyre szabott edz\u00e9saj\u00e1nd\u00e9kok alak\u00edts\u00e1k \u00e1t fot\u00f3it hozz\u00e1ill\u0151, egyedi p\u00f3l\u00f3v\u00e1.<\/p>","protected":false},"featured_media":143963,"comment_status":"open","ping_status":"closed","template":"","meta":{"_acf_changed":false},"product_brand":[],"product_cat":[6197,6365,6369,3004,6412,6428],"product_tag":[6440,3005,1025,546,2213,1827],"class_list":{"0":"post-20888","1":"product","2":"type-product","3":"status-publish","4":"has-post-thumbnail","6":"product_cat-t-shirts-couple","7":"product_cat-couples-sports-t-shirts","8":"product_cat-couples-summer-t-shirts","9":"product_cat-custom-gifts-running-and-jogging","10":"product_cat-photo-to-tees","11":"product_cat-translate-products","12":"product_tag-ai-artwork-couple","13":"product_tag-custom-arts-running-jogging","14":"product_tag-funny_couples_shirts","15":"product_tag-gym","16":"product_tag-gym_gifts","17":"product_tag-workout_shirt","19":"first","20":"instock","21":"taxable","22":"shipping-taxable","23":"purchasable","24":"product-type-simple"},"acf":[],"wcpa_form_fields":null,"_links":{"self":[{"href":"https:\/\/www.customywear.com\/hu\/wp-json\/wp\/v2\/product\/20888","targetHints":{"allow":["GET"]}}],"collection":[{"href":"https:\/\/www.customywear.com\/hu\/wp-json\/wp\/v2\/product"}],"about":[{"href":"https:\/\/www.customywear.com\/hu\/wp-json\/wp\/v2\/types\/product"}],"replies":[{"embeddable":true,"href":"https:\/\/www.customywear.com\/hu\/wp-json\/wp\/v2\/comments?post=20888"}],"wp:featuredmedia":[{"embeddable":true,"href":"https:\/\/www.customywear.com\/hu\/wp-json\/wp\/v2\/media\/143963"}],"wp:attachment":[{"href":"https:\/\/www.customywear.com\/hu\/wp-json\/wp\/v2\/media?parent=20888"}],"wp:term":[{"taxonomy":"product_brand","embeddable":true,"href":"https:\/\/www.customywear.com\/hu\/wp-json\/wp\/v2\/product_brand?post=20888"},{"taxonomy":"product_cat","embeddable":true,"href":"https:\/\/www.customywear.com\/hu\/wp-json\/wp\/v2\/product_cat?post=20888"},{"taxonomy":"product_tag","embeddable":true,"href":"https:\/\/www.customywear.com\/hu\/wp-json\/wp\/v2\/product_tag?post=20888"}],"curies":[{"name":"wp","href":"https:\/\/api.w.org\/{rel}","templated":true}]}}