{"id":21035,"date":"2023-07-28T13:44:46","date_gmt":"2023-07-28T13:44:46","guid":{"rendered":"https:\/\/www.customywear.com\/?post_type=product&#038;p=21035"},"modified":"2026-05-05T20:23:32","modified_gmt":"2026-05-05T20:23:32","slug":"szemelyre-szabott-joga-ing-nok","status":"publish","type":"product","link":"https:\/\/www.customywear.com\/hu\/personalized-yoga-shirt-women\/","title":{"rendered":"Szem\u00e9lyre szabott j\u00f3gap\u00f3l\u00f3 n\u0151knek | Egyedi j\u00f3ga illusztr\u00e1ci\u00f3s p\u00f3l\u00f3"},"content":{"rendered":"<p>L\u00e9pj be a nyugalom \u00e9s az \u00f6nkifejez\u00e9s vil\u00e1g\u00e1ba szem\u00e9lyre szabott n\u0151i j\u00f3gap\u00f3l\u00f3nkkal! A fot\u00f3d alapj\u00e1n tehets\u00e9ges m\u0171v\u00e9szeink leny\u0171g\u00f6z\u0151 illusztr\u00e1ci\u00f3t k\u00e9sz\u00edtenek r\u00f3lad, amint j\u00f3g\u00e1zol, pillang\u00f3sz\u00e1rnyak \u00e9s fens\u00e9ges hegyek nyugalm\u00e1val k\u00f6r\u00fclv\u00e9ve. Ez az egyedi j\u00f3gap\u00f3l\u00f3 nemcsak a j\u00f3ga ir\u00e1nti szenved\u00e9lyedet mutatja be, hanem a term\u00e9szettel val\u00f3 kapcsolatodat is \u00fcnnepli, \u00edgy egy igaz\u00e1n egyedi darab, amely t\u00fckr\u00f6zi a bels\u0151 b\u00e9k\u00e9det \u00e9s tudatoss\u00e1godat.<\/p>\n<p>A legnagyobb gondoss\u00e1ggal \u00e9s a r\u00e9szletekre val\u00f3 odafigyel\u00e9ssel k\u00e9sz\u00edtett, egyedi j\u00f3gap\u00f3l\u00f3nk t\u00f6k\u00e9letes aj\u00e1nd\u00e9k a j\u00f3ga szerelmeseinek \u00e9s a fitneszrajong\u00f3knak. \u00c9ld \u00e1t a szem\u00e9lyre szabott \u00f6nkifejez\u00e9s erej\u00e9t azzal a lehet\u0151s\u00e9ggel, hogy b\u00e1rmilyen emberi vagy h\u00e1zi\u00e1llat arc\u00e1t hozz\u00e1adod, \u00edgy ez a p\u00f3l\u00f3 egy sz\u00edvmelenget\u0151 eml\u00e9kt\u00e1rgy, amely megragadja a l\u00e9nyegedet \u00e9s a j\u00f3ga ir\u00e1nti szeretetedet. Ak\u00e1r lelkes gyakorl\u00f3 vagy, ak\u00e1r kezd\u0151 a j\u00f3ga utadon, ez a kiv\u00e1l\u00f3 min\u0151s\u00e9g\u0171, uniszex p\u00f3l\u00f3 k\u00e9nyelmet \u00e9s st\u00edlust biztos\u00edt minden koroszt\u00e1ly sz\u00e1m\u00e1ra, bele\u00e9rtve a feln\u0151tteket, fiatalokat, gyerekeket \u00e9s kisgyermekeket is. Hagyd, hogy k\u00e9pzett m\u0171v\u00e9szekb\u0151l \u00e1ll\u00f3 csapatunk \u00e9letre keltse j\u00f3g\u00e1val kapcsolatos \u00e1lmaidat, egy egyszer\u0171 fot\u00f3t\u00f3l kezdve egy leny\u0171g\u00f6z\u0151 illusztr\u00e1ci\u00f3ig, \u00e9s emeld a j\u00f3gagyakorl\u00e1sodat \u00faj magass\u00e1gokba szem\u00e9lyre szabott n\u0151i j\u00f3gap\u00f3l\u00f3nkkal. Namaste.<\/p>","protected":false},"excerpt":{"rendered":"<p>Ny\u00fajtsa ki st\u00edlusosan egy szem\u00e9lyre szabott n\u0151i j\u00f3ga inggel. Az egyedi j\u00f3ga illusztr\u00e1ci\u00f3s p\u00f3l\u00f3k a f\u00e9nyk\u00e9peket b\u00e9k\u00e9s, egyedi p\u00f3l\u00f3kk\u00e1 var\u00e1zsolj\u00e1k.<\/p>","protected":false},"featured_media":143226,"comment_status":"open","ping_status":"closed","template":"","meta":{"_acf_changed":false},"product_brand":[],"product_cat":[6191,6412,6428,6362,6248],"product_tag":[6214,6433,229,576,6215],"class_list":{"0":"post-21035","1":"product","2":"type-product","3":"status-publish","4":"has-post-thumbnail","6":"product_cat-t-shirts-women","7":"product_cat-photo-to-tees","8":"product_cat-translate-products","9":"product_cat-womens-yoga-t-shirts","10":"product_cat-yoga-gifts","11":"product_tag-affordable-custom-t-shirts","12":"product_tag-ai-artwork","13":"product_tag-custom-tee-shirts","14":"product_tag-cute-yoga-shirts","15":"product_tag-screen-printing-near-me","17":"first","18":"instock","19":"taxable","20":"shipping-taxable","21":"purchasable","22":"product-type-simple"},"acf":[],"wcpa_form_fields":null,"_links":{"self":[{"href":"https:\/\/www.customywear.com\/hu\/wp-json\/wp\/v2\/product\/21035","targetHints":{"allow":["GET"]}}],"collection":[{"href":"https:\/\/www.customywear.com\/hu\/wp-json\/wp\/v2\/product"}],"about":[{"href":"https:\/\/www.customywear.com\/hu\/wp-json\/wp\/v2\/types\/product"}],"replies":[{"embeddable":true,"href":"https:\/\/www.customywear.com\/hu\/wp-json\/wp\/v2\/comments?post=21035"}],"wp:featuredmedia":[{"embeddable":true,"href":"https:\/\/www.customywear.com\/hu\/wp-json\/wp\/v2\/media\/143226"}],"wp:attachment":[{"href":"https:\/\/www.customywear.com\/hu\/wp-json\/wp\/v2\/media?parent=21035"}],"wp:term":[{"taxonomy":"product_brand","embeddable":true,"href":"https:\/\/www.customywear.com\/hu\/wp-json\/wp\/v2\/product_brand?post=21035"},{"taxonomy":"product_cat","embeddable":true,"href":"https:\/\/www.customywear.com\/hu\/wp-json\/wp\/v2\/product_cat?post=21035"},{"taxonomy":"product_tag","embeddable":true,"href":"https:\/\/www.customywear.com\/hu\/wp-json\/wp\/v2\/product_tag?post=21035"}],"curies":[{"name":"wp","href":"https:\/\/api.w.org\/{rel}","templated":true}]}}