{"id":21037,"date":"2023-07-28T13:44:47","date_gmt":"2023-07-28T13:44:47","guid":{"rendered":"https:\/\/www.customywear.com\/?post_type=product&#038;p=21037"},"modified":"2026-05-07T15:29:55","modified_gmt":"2026-05-07T15:29:55","slug":"egyedi-ifjusagi-afrikai-ing","status":"publish","type":"product","link":"https:\/\/www.customywear.com\/hu\/custom-youth-african-shirt\/","title":{"rendered":"Egyedi ifj\u00fas\u00e1gi afrikai ing | Szem\u00e9lyre szabott afrikai m\u0171v\u00e9szeti p\u00f3l\u00f3 gyerekeknek"},"content":{"rendered":"<p>Gy\u00fajtsd l\u00e1ngra gyermeked kalandv\u00e1gy\u00e1t egyedi ifj\u00fas\u00e1gi afrikai p\u00f3l\u00f3nkkal! Gyermeked fot\u00f3j\u00e1t referenciak\u00e9nt haszn\u00e1lva, k\u00e9pzett m\u0171v\u00e9szeink egy mag\u00e1val ragad\u00f3 vektoros portr\u00e9t k\u00e9sz\u00edtenek, amely fiatal felfedez\u0151v\u00e9 v\u00e1ltoztatja \u0151t, aki \u00e9l\u00e9nk afrikai ruh\u00e1t visel a hatalmas sivatagi t\u00e1j k\u00f6zep\u00e9n. Ez a szem\u00e9lyre szabott p\u00f3l\u00f3 nemcsak elb\u0171v\u00f6l\u0151 aj\u00e1nd\u00e9k, hanem egyedi \u00e9s eml\u00e9kezetes m\u00f3dja annak is, hogy meg\u00fcnnepeld gyermeked fiatalos szellem\u00e9t \u00e9s az utaz\u00e1s, valamint a soksz\u00edn\u0171 kult\u00far\u00e1k ir\u00e1nti szeretet\u00e9t. T\u00f6k\u00e9letes aj\u00e1nd\u00e9k gyerekek sz\u00fclet\u00e9snapj\u00e1ra, megragadva Afrika l\u00e9nyeg\u00e9t \u00e9s kalandos \u00e1lmaikat. Kreativit\u00e1ssal \u00e9s gondoss\u00e1ggal tervezett, afrikai ihlet\u00e9s\u0171 p\u00f3l\u00f3 csod\u00e1latos kieg\u00e9sz\u00edt\u0151je gyermeked ruhat\u00e1r\u00e1nak. Ak\u00e1r egy k\u00e9pzeletbeli szafarira indul, ak\u00e1r egyszer\u0171en csak az afrikai dolgok ir\u00e1nti szeretet\u00e9t \u00e9li \u00e1t, ez az egyedi p\u00f3l\u00f3 egy csipetnyi szem\u00e9lyre szab\u00e1ssal kiemeli \u0151t a t\u00f6megb\u0151l. A kicsi arca hozz\u00e1adhat\u00f3 a diz\u00e1jnhoz, \u00edgy ez a p\u00f3l\u00f3 egyedi eml\u00e9kt\u00e1rgyk\u00e1 alak\u00edthat\u00f3, amelyet \u00f6r\u00f6kk\u00e9 d\u00e9delgetni fog. R\u00f6vid \u00e9s hossz\u00fa ujj\u00fa v\u00e1ltozatban is kaphat\u00f3k, \u00e9s minden nem sz\u00e1m\u00e1ra megfelel\u0151ek, kiv\u00e1l\u00f3 min\u0151s\u00e9g\u0171, uniszex p\u00f3l\u00f3ink \u200b\u200bfiatalok, gyerekek \u00e9s kisgyermekek sz\u00e1m\u00e1ra egyar\u00e1nt megfelel\u0151ek. Az Adobe Illustrator \u00e9s Adobe Photoshop programokkal k\u00e9sz\u00fclt, DTG technol\u00f3gi\u00e1val nyomtatott p\u00f3l\u00f3 kiv\u00e9teles r\u00e9szletgazdags\u00e1ggal \u00e9s \u00e9l\u00e9nk sz\u00ednekkel b\u00fcszk\u00e9lkedhet. Ragadd magad a kaland szellem\u00e9hez, \u00e9s teremts maradand\u00f3 eml\u00e9ket ezzel a mag\u00e1val ragad\u00f3 afrikai ifj\u00fas\u00e1gi p\u00f3l\u00f3val, amely a gyermekkori csod\u00e1k \u00e9s a kultur\u00e1lis felfedez\u00e9s igazi \u00fcnnepl\u00e9se.<\/p>","protected":false},"excerpt":{"rendered":"<p>\u00dcnnepelje a kult\u00far\u00e1t egy egyedi ifj\u00fas\u00e1gi afrikai inggel. Szem\u00e9lyre szabott afrikai m\u0171v\u00e9szeti p\u00f3l\u00f3k gyerekeknek V\u00e1ltoztasson minden f\u00e9nyk\u00e9pet egyedi, sz\u00ednes p\u00f3l\u00f3v\u00e1.<\/p>","protected":false},"featured_media":119466,"comment_status":"open","ping_status":"closed","template":"","meta":{"_acf_changed":false},"product_brand":[],"product_cat":[6193,6157,6156,6240,6412,6428,6436],"product_tag":[61,6439,64,67,70],"class_list":{"0":"post-21037","1":"product","2":"type-product","3":"status-publish","4":"has-post-thumbnail","6":"product_cat-girls-t-shirts","7":"product_cat-country","8":"product_cat-culture","9":"product_cat-custom-gifts-african-dress","10":"product_cat-photo-to-tees","11":"product_cat-translate-products","12":"product_cat-v2-boy-girl","13":"product_tag-african_dress","14":"product_tag-ai-kids-artwork","15":"product_tag-country_shirts","16":"product_tag-kids_birthday_shirt","17":"product_tag-travel_gift","18":"wcpa_has_options","20":"first","21":"instock","22":"taxable","23":"shipping-taxable","24":"purchasable","25":"product-type-simple"},"acf":[],"wcpa_form_fields":{"wcpaData":{"product":{"product_price":24.99,"price_html":"<span class=\"wmc-wc-price\" ><span class=\"woocommerce-Price-amount amount\"><bdi><span class=\"woocommerce-Price-currencySymbol\">&euro;<\/span>24,99<\/bdi><\/span><span data-wmc_price_cache=\"{&quot;USD&quot;:&quot;&lt;span class=\\&quot;woocommerce-Price-amount amount\\&quot;&gt;&lt;bdi&gt;&lt;span class=\\&quot;woocommerce-Price-currencySymbol\\&quot;&gt;&amp;#36;&lt;\\\/span&gt;29,49&lt;\\\/bdi&gt;&lt;\\\/span&gt;&quot;,&quot;EUR&quot;:&quot;&lt;span class=\\&quot;woocommerce-Price-amount amount\\&quot;&gt;&lt;bdi&gt;&lt;span class=\\&quot;woocommerce-Price-currencySymbol\\&quot;&gt;&amp;euro;&lt;\\\/span&gt;24,99&lt;\\\/bdi&gt;&lt;\\\/span&gt;&quot;,&quot;CAD&quot;:&quot;&lt;span class=\\&quot;woocommerce-Price-amount amount\\&quot;&gt;&lt;bdi&gt;&lt;span class=\\&quot;woocommerce-Price-currencySymbol\\&quot;&gt;CAD$ &lt;\\\/span&gt;40,23&lt;\\\/bdi&gt;&lt;\\\/span&gt;&quot;,&quot;GBP&quot;:&quot;&lt;span class=\\&quot;woocommerce-Price-amount amount\\&quot;&gt;&lt;bdi&gt;&lt;span class=\\&quot;woocommerce-Price-currencySymbol\\&quot;&gt;&amp;pound;&lt;\\\/span&gt;21,49&lt;\\\/bdi&gt;&lt;\\\/span&gt;&quot;,&quot;PLN&quot;:&quot;&lt;span class=\\&quot;woocommerce-Price-amount amount\\&quot;&gt;&lt;bdi&gt;&lt;span class=\\&quot;woocommerce-Price-currencySymbol\\&quot;&gt;z\\u0142 &lt;\\\/span&gt;105,96&lt;\\\/bdi&gt;&lt;\\\/span&gt;&quot;,&quot;SEK&quot;:&quot;&lt;span class=\\&quot;woocommerce-Price-amount amount\\&quot;&gt;&lt;bdi&gt;&lt;span class=\\&quot;woocommerce-Price-currencySymbol\\&quot;&gt;kr &lt;\\\/span&gt;271,14&lt;\\\/bdi&gt;&lt;\\\/span&gt;&quot;,&quot;AUD&quot;:&quot;&lt;span class=\\&quot;woocommerce-Price-amount amount\\&quot;&gt;&lt;bdi&gt;&lt;span class=\\&quot;woocommerce-Price-currencySymbol\\&quot;&gt;AUD$ &lt;\\\/span&gt;40,48&lt;\\\/bdi&gt;&lt;\\\/span&gt;&quot;,&quot;JPY&quot;:&quot;&lt;span class=\\&quot;woocommerce-Price-amount amount\\&quot;&gt;&lt;bdi&gt;&lt;span class=\\&quot;woocommerce-Price-currencySymbol\\&quot;&gt;&amp;yen;&lt;\\\/span&gt;4.625,15&lt;\\\/bdi&gt;&lt;\\\/span&gt;&quot;,&quot;CZK&quot;:&quot;&lt;span class=\\&quot;woocommerce-Price-amount amount\\&quot;&gt;&lt;bdi&gt;&lt;span class=\\&quot;woocommerce-Price-currencySymbol\\&quot;&gt;K\\u010d &lt;\\\/span&gt;608,01&lt;\\\/bdi&gt;&lt;\\\/span&gt;&quot;,&quot;NZD&quot;:&quot;&lt;span class=\\&quot;woocommerce-Price-amount amount\\&quot;&gt;&lt;bdi&gt;&lt;span class=\\&quot;woocommerce-Price-currencySymbol\\&quot;&gt;NZD$ &lt;\\\/span&gt;49,23&lt;\\\/bdi&gt;&lt;\\\/span&gt;&quot;,&quot;CHF&quot;:&quot;&lt;span class=\\&quot;woocommerce-Price-amount amount\\&quot;&gt;&lt;bdi&gt;&lt;span class=\\&quot;woocommerce-Price-currencySymbol\\&quot;&gt;CHF &lt;\\\/span&gt;22,99&lt;\\\/bdi&gt;&lt;\\\/span&gt;&quot;}\" style=\"display: none;\" class=\"wmc-price-cache-list\"><\/span><\/span>","original_product_price":24.99,"price_including_tax":24.99,"price_excluding_tax":20.825,"product_id":{"parent":21037,"variation":false},"is_variable":false,"stock_status":"instock","stock_quantity":null,"parent_sku":"custom-tees-429","product_attributes":{"pa_style":{"is_variation":false,"values":["girls-t-shirt"]},"pa_customization":{"is_variation":false,"values":["add-your-photo","add-your-text-or-name","add-your-logo"]},"pa_material":{"is_variation":false,"values":["100-cotton"]},"pa_key-details":{"is_variation":false,"values":["unisex","regular-fit","premium-quality","digital-art"]},"pa_brand":{"is_variation":false,"values":["customywear"]},"pa_age-group":{"is_variation":false,"values":["kids"]},"pa_gender":{"is_variation":false,"values":["girl"]},"pa_color":{"is_variation":false,"values":["black","white","navy","red"]},"pa_print-type":{"is_variation":false,"values":["dtg-print-direct-to-garment"]},"pa_size":{"is_variation":false,"values":["s","m","l","xl"]}},"custom_fields":[],"is_taxable":true,"product_name":"Custom Youth African Shirt | Personalized Africa Art Tee for Kids"},"fields":{"sec_168d3aad5dc660":{"extra":{"key":"sec_168d3aad5dc660","section_id":"sec_168d3aad5dc660","name":"T-shirt size and color","status":1,"cl_rule":"show","enableCl":false,"relations":[],"toggle":true,"title_tag":"h4","show_title":false,"showPrice":"default","form_id":137342,"form_rules":{"exclude_from_discount":false,"fee_label":"Fee","disp_hide_options_price":false,"disp_show_section_price":false,"disp_show_field_price":true,"layout_option":"standard","pric_use_as_fee":false,"process_fee_as":"woo_fee"},"layout_option":"standard"},"fields":[[{"active":true,"col":6,"relations":false,"cl_rule":"show","enableCl":false,"price":"","enablePrice":false,"className":"","label_position":"default","desc_position":"default","type":"color-group","required":false,"elementId":"color_group_7023184051","label":"Color","name":"color_group_7023184051","disp_type":"circle","values":[{"label":"Black","value":"Black","selected":false,"color":"#000000","tempId":"aco_219","gt_translate_keys":["label"]},{"label":"White","value":"White","selected":false,"color":"#f6f6f6","tempId":"aco_220","gt_translate_keys":["label"]},{"label":"Navy","value":"Navy","selected":false,"color":"#213a92","tempId":"aco_569","gt_translate_keys":["label"]},{"label":"Red","value":"Red","selected":false,"color":"#d0021b","tempId":"aco_580","gt_translate_keys":["label"]}],"layOut":"inline","error":false,"tooltip":"Pick your preferred T-shirt color","selection_type":"tick-border","show_selected_option":true,"adjust_width":true,"cart_display_type":"text","gt_translate_keys":["label","tooltip"],"price_dependency":false,"cl_dependency":false,"value":""}],[{"active":true,"col":6,"relations":false,"cl_rule":"show","enableCl":false,"price":"","enablePrice":false,"className":"","label_position":"default","desc_position":"default","type":"radio-group","required":false,"elementId":"radio-group_468d3aad5dc68e","label":"Size ","name":"radio-group_468d3aad5dc68e","values":[{"label":"S","value":"S","selected":false,"tempId":"aco_263","gt_translate_keys":["label"]},{"label":"M","value":"M","selected":false,"tempId":"aco_264","gt_translate_keys":["label"]},{"label":"L","value":"L","selected":false,"tempId":"aco_265","gt_translate_keys":["label"]},{"label":"XL","value":"XL","selected":false,"tempId":"aco_409","gt_translate_keys":["label"]}],"layOut":"inline","error":false,"checkUi":"button","show_selected_option":true,"tooltip":"Choose the T-shirt size for kids. Suitable for both boys and girls.","gt_translate_keys":["label","tooltip"],"price_dependency":false,"cl_dependency":false,"value":""}],[{"active":true,"col":6,"relations":[],"cl_rule":"hide","enableCl":false,"price":"","enablePrice":false,"className":"","label_position":"default","desc_position":"default","type":"file","required":false,"elementId":"file_668d3aad5dc69f","name":"file_668d3aad5dc69f","label":"Upload your kid's photo(s)","upload_type":"droppable","uploadSize":"50","file_types":["images","docs","design"],"exts_supported":["jpg","jpeg","png","gif","webp","pdf","PSD"],"error":false,"hideImageIn_email":true,"multiple_upload":true,"max_file_count":"25","tooltip":"Please provide clear photos of the person or pet looking directly at the camera.","cartLabel":"Photo(s)","allowedFileTypes":".jpg,.jpeg,.png,.gif,.webp,.pdf,.PSD,image\/*,.doc,.docx,.xml,.dot,.docm,.dotm,.dotx,.htm,.html,.odt,.rtf,.txt,.wps,.xps,application\/msword,application\/vnd,.psd,.eps,.ai,.indd,.raw","gt_translate_keys":["label","tooltip"],"price_dependency":false,"cl_dependency":false,"value":""}],[{"active":true,"col":6,"relations":false,"cl_rule":"show","enableCl":false,"price":"","enablePrice":false,"className":"","label_position":"default","desc_position":"default","type":"checkbox","required":false,"elementId":"checkbox_568d3aad5dc6ad","label":"View more options","name":"checkbox_568d3aad5dc6ad","value":"","check_value":"More options","checkUi":"","error":false,"hideFieldIn_cart":true,"hideFieldIn_order":true,"tooltip":"Click to explore additional free customization features","gt_translate_keys":["label","value","tooltip","check_value"],"price_dependency":false,"cl_dependency":["text_468d3aad5dc6b8","radio-group_668d3aad5dc6c6","radio-group_768d3aad5dc6d3"]}],[{"active":true,"col":6,"relations":[{"operator":false,"rules":[{"operator":"AND","rules":{"cl_field":"checkbox_568d3aad5dc6ad","cl_relation":"is","cl_val":true}}]}],"cl_rule":"show","enableCl":true,"price":"","enablePrice":false,"className":"","label_position":"default","desc_position":"default","type":"text","subtype":"text","required":false,"elementId":"text_468d3aad5dc6b8","label":"Add text to your T-shirt design (optional)","name":"text_468d3aad5dc6b8","value":"","error":false,"tooltip":"Your text will be added to the top or bottom of the T-shirt design.","placeholder":"eg: \"Noah: My Sunshine\"","cartLabel":"Text","gt_translate_keys":["label","placeholder","value","tooltip"],"price_dependency":false,"cl_dependency":false}],[{"active":true,"col":6,"relations":[{"operator":false,"rules":[{"operator":"AND","rules":{"cl_field":"checkbox_568d3aad5dc6ad","cl_relation":"is","cl_val":true}}]}],"cl_rule":"show","enableCl":true,"price":"","enablePrice":false,"className":"","label_position":"default","desc_position":"default","type":"radio-group","required":true,"elementId":"radio-group_668d3aad5dc6c6","label":"Select t-shirt print location","name":"radio-group_668d3aad5dc6c6","values":[{"label":"Front Side","value":"Front Side","selected":true,"tempId":"aco_5504","gt_translate_keys":["label"]},{"label":"Back Side","value":"Back Side","selected":false,"tempId":"aco_5505","gt_translate_keys":["label"]}],"layOut":"inline","error":false,"checkUi":"","cartLabel":"Print location","gt_translate_keys":["label"],"price_dependency":false,"cl_dependency":false,"value":""}],[{"active":true,"col":6,"relations":[{"operator":false,"rules":[{"operator":"AND","rules":{"cl_field":"checkbox_568d3aad5dc6ad","cl_relation":"is","cl_val":true}}]}],"cl_rule":"show","enableCl":true,"price":"","enablePrice":false,"className":"","label_position":"default","desc_position":"default","type":"radio-group","required":false,"elementId":"radio-group_768d3aad5dc6d3","label":"Would you like to review the design before printing?","name":"radio-group_768d3aad5dc6d3","values":[{"label":"No","value":"No","selected":true,"tempId":"aco_6274","gt_translate_keys":["label"]},{"label":"Yes","value":"Yes","selected":false,"tempId":"aco_6275","price":"","gt_translate_keys":["label"]}],"layOut":"inline","error":false,"checkUi":"","priceOptions":"different_for_all","pricingType":"fixed","use_as_fee":false,"fee_label":"Preview Image","tooltip":"If yes, we\u2019ll email you a preview of the design before printing. This may add 1-2 days to delivery time.*","hideFieldIn_cart":true,"hideFieldIn_order":true,"cartLabel":"Preview Image","gt_translate_keys":["label","tooltip"],"price_dependency":false,"cl_dependency":["content_468d3aad5dc6e0"],"value":""}],[{"active":true,"col":6,"relations":[{"operator":false,"rules":[{"operator":"AND","rules":{"cl_field":"radio-group_768d3aad5dc6d3","cl_relation":"is","cl_val":"Yes"}}]}],"cl_rule":"show","enableCl":true,"price":"","enablePrice":false,"className":"","label_position":"default","desc_position":"default","type":"content","required":false,"elementId":"content_468d3aad5dc6e0","label":"","name":"content_468d3aad5dc6e0","contentType":"plain","value":"Please check your inbox, including Spam or other folders, within 1-2 business days for the preview image","error":false,"subtype":"p","hideFieldIn_cart":true,"hideFieldIn_order":true,"gt_translate_keys":["label","value"],"price_dependency":false,"cl_dependency":false}]]}},"config":{"price_override":"","enable_recaptcha":false,"bind_quantity":false,"quantity_bind_formula":false,"disp_summ_show_option_price":false,"disp_summ_show_product_price":false,"disp_summ_show_total_price":false,"disp_summ_show_fee":false,"disp_summ_show_discount":false,"summary_title":"","options_total_label":"Options Price","total_label":"Total","options_product_label":"Product Price","fee_label":"Fee","discount_label":"Discount","has_price":true,"has_quantity_formula":false},"mc_unit":1,"tax_rate":1,"tax_rate_real":0,"discount":{"percentage":0,"fixed":0},"design":{"conf":{"LabelPosition":"above","DescPosition":"above","UploadField":"default","QuantityFieldStyle":"default"},"css":{"LeftLabelWidth":"120px"}},"formulas":[],"clones":false,"cartKey":false}},"_links":{"self":[{"href":"https:\/\/www.customywear.com\/hu\/wp-json\/wp\/v2\/product\/21037","targetHints":{"allow":["GET"]}}],"collection":[{"href":"https:\/\/www.customywear.com\/hu\/wp-json\/wp\/v2\/product"}],"about":[{"href":"https:\/\/www.customywear.com\/hu\/wp-json\/wp\/v2\/types\/product"}],"replies":[{"embeddable":true,"href":"https:\/\/www.customywear.com\/hu\/wp-json\/wp\/v2\/comments?post=21037"}],"wp:featuredmedia":[{"embeddable":true,"href":"https:\/\/www.customywear.com\/hu\/wp-json\/wp\/v2\/media\/119466"}],"wp:attachment":[{"href":"https:\/\/www.customywear.com\/hu\/wp-json\/wp\/v2\/media?parent=21037"}],"wp:term":[{"taxonomy":"product_brand","embeddable":true,"href":"https:\/\/www.customywear.com\/hu\/wp-json\/wp\/v2\/product_brand?post=21037"},{"taxonomy":"product_cat","embeddable":true,"href":"https:\/\/www.customywear.com\/hu\/wp-json\/wp\/v2\/product_cat?post=21037"},{"taxonomy":"product_tag","embeddable":true,"href":"https:\/\/www.customywear.com\/hu\/wp-json\/wp\/v2\/product_tag?post=21037"}],"curies":[{"name":"wp","href":"https:\/\/api.w.org\/{rel}","templated":true}]}}