{"id":21083,"date":"2023-07-28T13:45:25","date_gmt":"2023-07-28T13:45:25","guid":{"rendered":"https:\/\/www.customywear.com\/?post_type=product&#038;p=21083"},"modified":"2026-05-07T15:29:55","modified_gmt":"2026-05-07T15:29:55","slug":"szemelyre-szabott-japan-fiatal-foto-atalakito-polo","status":"publish","type":"product","link":"https:\/\/www.customywear.com\/hu\/custom-japanese-tee-transform-photo-youth-japan-shirt\/","title":{"rendered":"Custom Japanese Tee for girls &#8211; your photo to Japan Shirt"},"content":{"rendered":"<p>Egyedi \u00e9s szem\u00e9lyre szabott aj\u00e1nd\u00e9kot keresel, amely maradand\u00f3 benyom\u00e1st kelt? Ne keress tov\u00e1bb! Bemutatjuk egyedi ifj\u00fas\u00e1gi r\u00f6vid ujj\u00fa \u00e9s hossz\u00fa ujj\u00fa p\u00f3l\u00f3inkat, ahol szeretett fot\u00f3dat leny\u0171g\u00f6z\u0151 vektoros portr\u00e9v\u00e1 alak\u00edtjuk, amely \u00fagy n\u00e9z ki, mintha gyermeked egy hagyom\u00e1nyos jap\u00e1n ruh\u00e1t viselne. Ez\u00e1ltal t\u00f6k\u00e9letes aj\u00e1nd\u00e9k minden koroszt\u00e1ly sz\u00e1m\u00e1ra, legyen sz\u00f3 jap\u00e1n vagy \u00e1zsiai kult\u00fara szerelmeseinek. B\u00fcszk\u00e9k vagyunk szak\u00e9rtelm\u00fcnkre, \u00e9s ipar\u00e1gvezet\u0151 szoftvereket haszn\u00e1lunk, bele\u00e9rtve az Adobe Illustratort \u00e9s az Adobe Photoshopot, hogy gondosan megrajzoljuk fot\u00f3idat \u00e9s elk\u00e9sz\u00edts\u00fck ezt az egyedi diz\u00e1jnt. Ez biztos\u00edtja a kiv\u00e1l\u00f3 min\u0151s\u00e9g\u0171 vektoros grafik\u00e1t, amely minden r\u00e9szletet prec\u00edzen r\u00f6gz\u00edt. \u00c9s ne agg\u00f3dj, nyomtat\u00e1si folyamatunk DTG nyomtat\u00e1si technol\u00f3gi\u00e1t alkalmaz az \u00e9l\u00e9nk \u00e9s tart\u00f3s sz\u00ednek el\u00e9r\u00e9s\u00e9hez. Ezek a p\u00f3l\u00f3k nemcsak fiatalok sz\u00e1m\u00e1ra kaphat\u00f3k, hanem feln\u0151ttek, gyerekek \u00e9s ak\u00e1r kisgyermekek sz\u00e1m\u00e1ra is m\u00e9retben kaphat\u00f3k! Teh\u00e1t ak\u00e1r meglepn\u00e9d gyermekedet a sz\u00fclet\u00e9snapj\u00e1n, ak\u00e1r egy k\u00fcl\u00f6nleges alkalomra szeretn\u00e9l eml\u00e9kezni, egyedi p\u00f3l\u00f3nk eml\u00e9kezetes \u00e9s jelent\u0151s\u00e9gteljes aj\u00e1nd\u00e9k lesz. \u00c9s a legjobb az eg\u00e9szben? Szem\u00e9lyre szabhatod ezeket a p\u00f3l\u00f3kat szeretteid, k\u00f6zt\u00fck emberek \u00e9s h\u00e1zi\u00e1llatok arc\u00e1nak felhaszn\u00e1l\u00e1s\u00e1val. A rendel\u00e9s egyszer\u0171 \u00e9s probl\u00e9mamentes. Csak k\u00fcldd el nek\u00fcnk kedvenc fot\u00f3dat, \u00e9s tehets\u00e9ges m\u0171v\u00e9szeink var\u00e1zslatosan m\u0171alkot\u00e1ss\u00e1 var\u00e1zsolj\u00e1k. Ha b\u00e1rmilyen k\u00e9rd\u00e9sed van, vagy tov\u00e1bbi seg\u00edts\u00e9gre van sz\u00fcks\u00e9ged, bar\u00e1ts\u00e1gos \u00fcgyf\u00e9lszolg\u00e1lati csapatunk k\u00e9szs\u00e9ggel \u00e1ll rendelkez\u00e9sedre. Akkor mi\u00e9rt v\u00e1rn\u00e1l? K\u00e9sz\u00edts egyedi jap\u00e1n p\u00f3l\u00f3t m\u00e9g ma, \u00e9s keltsd \u00e9letre fot\u00f3idat igaz\u00e1n egyedi m\u00f3don.<\/p>","protected":false},"excerpt":{"rendered":"<p>Tisztelje a kult\u00far\u00e1t egy egyedi jap\u00e1n p\u00f3l\u00f3val. Alak\u00edtsa \u00e1t f\u00e9nyk\u00e9p\u00e9t szem\u00e9lyre szabott Youth Japan ingg\u00e9 egy egyedi, egyedi p\u00f3l\u00f3\u00e9rt.<\/p>","protected":false},"featured_media":142913,"comment_status":"open","ping_status":"closed","template":"","meta":{"_acf_changed":false},"product_brand":[],"product_cat":[6193,6157,6156,2341,6412,6428],"product_tag":[6433,6439,64,2342,67,557],"class_list":{"0":"post-21083","1":"product","2":"type-product","3":"status-publish","4":"has-post-thumbnail","6":"product_cat-girls-t-shirts","7":"product_cat-country","8":"product_cat-culture","9":"product_cat-custom-gifts-japanese-tradition","10":"product_cat-photo-to-tees","11":"product_cat-translate-products","12":"product_tag-ai-artwork","13":"product_tag-ai-kids-artwork","14":"product_tag-country_shirts","15":"product_tag-custom-arts-japanese","16":"product_tag-kids_birthday_shirt","17":"product_tag-manga_shirt","19":"first","20":"instock","21":"taxable","22":"shipping-taxable","23":"purchasable","24":"product-type-simple"},"acf":[],"wcpa_form_fields":null,"_links":{"self":[{"href":"https:\/\/www.customywear.com\/hu\/wp-json\/wp\/v2\/product\/21083","targetHints":{"allow":["GET"]}}],"collection":[{"href":"https:\/\/www.customywear.com\/hu\/wp-json\/wp\/v2\/product"}],"about":[{"href":"https:\/\/www.customywear.com\/hu\/wp-json\/wp\/v2\/types\/product"}],"replies":[{"embeddable":true,"href":"https:\/\/www.customywear.com\/hu\/wp-json\/wp\/v2\/comments?post=21083"}],"wp:featuredmedia":[{"embeddable":true,"href":"https:\/\/www.customywear.com\/hu\/wp-json\/wp\/v2\/media\/142913"}],"wp:attachment":[{"href":"https:\/\/www.customywear.com\/hu\/wp-json\/wp\/v2\/media?parent=21083"}],"wp:term":[{"taxonomy":"product_brand","embeddable":true,"href":"https:\/\/www.customywear.com\/hu\/wp-json\/wp\/v2\/product_brand?post=21083"},{"taxonomy":"product_cat","embeddable":true,"href":"https:\/\/www.customywear.com\/hu\/wp-json\/wp\/v2\/product_cat?post=21083"},{"taxonomy":"product_tag","embeddable":true,"href":"https:\/\/www.customywear.com\/hu\/wp-json\/wp\/v2\/product_tag?post=21083"}],"curies":[{"name":"wp","href":"https:\/\/api.w.org\/{rel}","templated":true}]}}