{"id":21124,"date":"2023-07-28T13:45:54","date_gmt":"2023-07-28T13:45:54","guid":{"rendered":"https:\/\/www.customywear.com\/?post_type=product&#038;p=21124"},"modified":"2026-05-07T15:29:52","modified_gmt":"2026-05-07T15:29:52","slug":"dobos-fiu-polo","status":"publish","type":"product","link":"https:\/\/www.customywear.com\/hu\/drummer-boy-t-shirt\/","title":{"rendered":"Egyedi dobos fi\u00fa p\u00f3l\u00f3 | Alak\u00edtsd \u00e1t fot\u00f3dat szem\u00e9lyre szabott zenei p\u00f3l\u00f3v\u00e1"},"content":{"rendered":"<p>K\u00e9sz\u00fclj fel a sz\u00ednpadra kreat\u00edv, r\u00f6vid \u00e9s hossz\u00fa ujj\u00fa ifj\u00fas\u00e1gi p\u00f3l\u00f3inkkal! Gyermeked fot\u00f3j\u00e1nak felhaszn\u00e1l\u00e1s\u00e1val tehets\u00e9ges m\u0171v\u00e9szeink \u00e9l\u00e9nk vektorgrafik\u00e1v\u00e1 alak\u00edtj\u00e1k, amely \u00fagy n\u00e9z ki, mintha dobos lenne, aki teljes szenved\u00e9llyel \u00e9s energi\u00e1val dobol. Ez a szem\u00e9lyre szabott zenei p\u00f3l\u00f3 t\u00f6k\u00e9letes inspir\u00e1l\u00f3 aj\u00e1nd\u00e9k a zenerajong\u00f3knak, akik im\u00e1dj\u00e1k a ritmust! Az Adobe Illustrator \u00e9s az Adobe Photoshop erej\u00e9t felhaszn\u00e1lva gondosan elk\u00e9sz\u00edt\u00fcnk egy kiv\u00e1l\u00f3 min\u0151s\u00e9g\u0171 diz\u00e1jnt, amely megragadja gyermeked zene ir\u00e1nti szeretet\u00e9t. DTG nyomtat\u00e1si technol\u00f3gi\u00e1nk biztos\u00edtja, hogy a diz\u00e1jn prec\u00edzen legyen nyomtatva, \u00e9s sok\u00e1ig \u00e9l\u00e9nk maradjon. Ezek a p\u00f3l\u00f3k unisex st\u00edlusban kaphat\u00f3k, \u00edgy feln\u0151ttek, fiatalok, gyerekek \u00e9s ak\u00e1r kisgyermekek sz\u00e1m\u00e1ra is alkalmasak, akik csatlakozni szeretn\u00e9nek a zenekarhoz! Emeld a k\u00f6vetkez\u0151 szintre ezt a szem\u00e9lyre szabott p\u00f3l\u00f3t, ha gyermeked h\u00e1zi\u00e1llat\u00e1nak vagy b\u00e1rmely m\u00e1s csal\u00e1dtag arc\u00e1t is hozz\u00e1adod a diz\u00e1jnhoz. Ez egy csipetnyi szem\u00e9lyre szab\u00e1st ad hozz\u00e1, ami felejthetetlen aj\u00e1nd\u00e9kk\u00e1 teszi. A rendel\u00e9s egyszer\u0171 - egyszer\u0171en t\u00f6ltsd fel a fot\u00f3dat, \u00e9s b\u00edzd r\u00e1nk a t\u00f6bbit. Ha b\u00e1rmilyen k\u00e9rd\u00e9se van, vagy seg\u00edts\u00e9gre van sz\u00fcks\u00e9ge, elk\u00f6telezett \u00fcgyf\u00e9lszolg\u00e1lati csapatunk k\u00e9szs\u00e9ggel \u00e1ll rendelkez\u00e9s\u00e9re. K\u00e9sz\u00fclj\u00f6n fel, hogy elmer\u00fclj\u00f6n a zene vil\u00e1g\u00e1ban ezzel az egyedi, dobos fi\u00fa p\u00f3l\u00f3val! Rendelje meg most, \u00e9s hagyja, hogy gyermeke szenved\u00e9lye \u00e9s tehets\u00e9ge ragyogjon az \u00faj kedvenc p\u00f3l\u00f3j\u00e1n kereszt\u00fcl.<\/p>","protected":false},"excerpt":{"rendered":"<p>Rock Out egy egyedi dobos fi\u00fa p\u00f3l\u00f3val. Alak\u00edtsa \u00e1t f\u00e9nyk\u00e9p\u00e9t szem\u00e9lyre szabott zenei p\u00f3l\u00f3v\u00e1 egy sz\u00f3rakoztat\u00f3, egyedi p\u00f3l\u00f3\u00e9rt.<\/p>","protected":false},"featured_media":142698,"comment_status":"open","ping_status":"closed","template":"","meta":{"_acf_changed":false},"product_brand":[],"product_cat":[6189,1577,1582,6412,6428],"product_tag":[6433,6439,1578,65,73],"class_list":{"0":"post-21124","1":"product","2":"type-product","3":"status-publish","4":"has-post-thumbnail","6":"product_cat-boys-t-shirts","7":"product_cat-custom-gifts-drummers","8":"product_cat-music","9":"product_cat-photo-to-tees","10":"product_cat-translate-products","11":"product_tag-ai-artwork","12":"product_tag-ai-kids-artwork","13":"product_tag-gift_for_drummer","14":"product_tag-kid","15":"product_tag-youth-boy","17":"first","18":"instock","19":"taxable","20":"shipping-taxable","21":"purchasable","22":"product-type-simple"},"acf":[],"wcpa_form_fields":null,"_links":{"self":[{"href":"https:\/\/www.customywear.com\/hu\/wp-json\/wp\/v2\/product\/21124","targetHints":{"allow":["GET"]}}],"collection":[{"href":"https:\/\/www.customywear.com\/hu\/wp-json\/wp\/v2\/product"}],"about":[{"href":"https:\/\/www.customywear.com\/hu\/wp-json\/wp\/v2\/types\/product"}],"replies":[{"embeddable":true,"href":"https:\/\/www.customywear.com\/hu\/wp-json\/wp\/v2\/comments?post=21124"}],"wp:featuredmedia":[{"embeddable":true,"href":"https:\/\/www.customywear.com\/hu\/wp-json\/wp\/v2\/media\/142698"}],"wp:attachment":[{"href":"https:\/\/www.customywear.com\/hu\/wp-json\/wp\/v2\/media?parent=21124"}],"wp:term":[{"taxonomy":"product_brand","embeddable":true,"href":"https:\/\/www.customywear.com\/hu\/wp-json\/wp\/v2\/product_brand?post=21124"},{"taxonomy":"product_cat","embeddable":true,"href":"https:\/\/www.customywear.com\/hu\/wp-json\/wp\/v2\/product_cat?post=21124"},{"taxonomy":"product_tag","embeddable":true,"href":"https:\/\/www.customywear.com\/hu\/wp-json\/wp\/v2\/product_tag?post=21124"}],"curies":[{"name":"wp","href":"https:\/\/api.w.org\/{rel}","templated":true}]}}