{"id":21186,"date":"2023-07-28T13:46:37","date_gmt":"2023-07-28T13:46:37","guid":{"rendered":"https:\/\/www.customywear.com\/?post_type=product&#038;p=21186"},"modified":"2026-05-07T15:29:52","modified_gmt":"2026-05-07T15:29:52","slug":"egyedi-golfrajongo-polo","status":"publish","type":"product","link":"https:\/\/www.customywear.com\/hu\/custom-golf-lover-tshirt\/","title":{"rendered":"Egyedi golfkedvel\u0151 p\u00f3l\u00f3 | Fot\u00f3 a szem\u00e9lyre szabott sportp\u00f3l\u00f3hoz"},"content":{"rendered":"<p>Dobd fel gyermeked st\u00edlus\u00e1t egyedi golfkedvel\u0151 p\u00f3l\u00f3nkkal! N\u00e9zd, ahogy gyermeked fot\u00f3ja egy mag\u00e1val ragad\u00f3 vektoros portr\u00e9v\u00e1 alakul, amely megragadja a szabadt\u00e9ri sportok ir\u00e1nti szeretet\u00e9nek l\u00e9nyeg\u00e9t. Ak\u00e1r golfrajong\u00f3 a kicsi, ak\u00e1r csak \u00e9lvezi az akt\u00edv \u00e9letet, ez a p\u00f3l\u00f3 fantasztikus m\u00f3dja annak, hogy bemutasd szenved\u00e9ly\u00e9t. Az Adobe Illustrator \u00e9s az Adobe Photoshop prec\u00edzi\u00f3j\u00e1t felhaszn\u00e1lva k\u00e9pzett tervez\u0151ink a kiv\u00e1lasztott k\u00e9p els\u0151 oszt\u00e1ly\u00fa vektoros grafikai v\u00e1ltozat\u00e1t k\u00e9sz\u00edtik el. A legmodernebb DTG nyomtat\u00e1si technika tart\u00f3s sz\u00edneket \u00e9s bonyolult r\u00e9szleteket biztos\u00edt. Ez a sokoldal\u00fa \u00e9s uniszex diz\u00e1jn minden koroszt\u00e1ly sz\u00e1m\u00e1ra alkalmas, a feln\u0151ttekt\u0151l \u00e9s fiatalokt\u00f3l kezdve a gyerekeken \u00e1t eg\u00e9szen a kisgyermekekig. \u00dcnnepeld a szem\u00e9lyre szabott divat szellem\u00e9t egy csipetnyi m\u0171v\u00e9szi \u00e9lm\u00e9nnyel. Egyedi golfkedvel\u0151 p\u00f3l\u00f3nk a t\u00f6k\u00e9letes v\u00e1szon az eml\u00e9kek halhatatlann\u00e1 t\u00e9tel\u00e9hez. A k\u00edn\u00e1latban v\u00e1ltozatos diz\u00e1jnok tal\u00e1lhat\u00f3k, amelyek mindegyike testreszabhat\u00f3 emberi \u00e9s \u00e1llatportr\u00e9kkal. Fedezd fel a viselhet\u0151 m\u0171v\u00e9szet \u00f6r\u00f6m\u00e9t, \u00e9s fejezd ki egyedi st\u00edlusodat ezzel az egyedi, egyedi k\u00e9sz\u00edt\u00e9s\u0171 p\u00f3l\u00f3val. <strong>F\u0151bb jellemz\u0151k:<\/strong><\/p>\n<ul>\n<li>Transzformat\u00edv vektorgrafika a fot\u00f3db\u00f3l<\/li>\n<li>DTG nyomtat\u00e1s a tart\u00f3s \u00e9l\u00e9nks\u00e9g\u00e9rt<\/li>\n<li>Uniszex diz\u00e1jn minden koroszt\u00e1ly sz\u00e1m\u00e1ra<\/li>\n<li>Testreszabhat\u00f3 emberi \u00e9s \u00e1llatportr\u00e9k seg\u00edts\u00e9g\u00e9vel<\/li>\n<li>Feln\u0151ttek, fiatalok, gyerekek \u00e9s kisgyermekek sz\u00e1m\u00e1ra el\u00e9rhet\u0151<\/li>\n<\/ul>\n<p>\u00c9ld \u00e1t az izgalmat, hogy a pillanatokat hordhat\u00f3 remekm\u0171vekk\u00e9 var\u00e1zsolhatod. Rendeld meg m\u00e9g ma egyedi golfkedvel\u0151 p\u00f3l\u00f3dat, \u00e9s mer\u00edtsd sz\u00e1rnyalni az \u00f6nkifejez\u00e9s \u00e9s a szem\u00e9lyre szabott aj\u00e1nd\u00e9koz\u00e1s m\u0171v\u00e9szet\u00e9t.<\/p>","protected":false},"excerpt":{"rendered":"<p>St\u00edlusosan p\u00f3l\u00f3 egy egyedi Golf Lover p\u00f3l\u00f3val. F\u00e9nyk\u00e9p szem\u00e9lyre szabott sportp\u00f3l\u00f3khoz alak\u00edtson \u00e1t minden f\u00e9nyk\u00e9pet egyed\u00fcl\u00e1ll\u00f3 sportos p\u00f3l\u00f3v\u00e1.<\/p>","protected":false},"featured_media":142789,"comment_status":"open","ping_status":"closed","template":"","meta":{"_acf_changed":false},"product_brand":[],"product_cat":[6193,933,6412,6428],"product_tag":[6433,6439,934,937,938,2075,65,67,326,105,156],"class_list":{"0":"post-21186","1":"product","2":"type-product","3":"status-publish","4":"has-post-thumbnail","6":"product_cat-girls-t-shirts","7":"product_cat-custom-gifts-golf-players","8":"product_cat-photo-to-tees","9":"product_cat-translate-products","10":"product_tag-ai-artwork","11":"product_tag-ai-kids-artwork","12":"product_tag-birthday_shirt","13":"product_tag-golf","14":"product_tag-golf_gifts","15":"product_tag-golf_shirt","16":"product_tag-kid","17":"product_tag-kids_birthday_shirt","18":"product_tag-sports","19":"product_tag-summer_shirt","20":"product_tag-youth-girl","22":"first","23":"instock","24":"taxable","25":"shipping-taxable","26":"purchasable","27":"product-type-simple"},"acf":[],"wcpa_form_fields":null,"_links":{"self":[{"href":"https:\/\/www.customywear.com\/hu\/wp-json\/wp\/v2\/product\/21186","targetHints":{"allow":["GET"]}}],"collection":[{"href":"https:\/\/www.customywear.com\/hu\/wp-json\/wp\/v2\/product"}],"about":[{"href":"https:\/\/www.customywear.com\/hu\/wp-json\/wp\/v2\/types\/product"}],"replies":[{"embeddable":true,"href":"https:\/\/www.customywear.com\/hu\/wp-json\/wp\/v2\/comments?post=21186"}],"wp:featuredmedia":[{"embeddable":true,"href":"https:\/\/www.customywear.com\/hu\/wp-json\/wp\/v2\/media\/142789"}],"wp:attachment":[{"href":"https:\/\/www.customywear.com\/hu\/wp-json\/wp\/v2\/media?parent=21186"}],"wp:term":[{"taxonomy":"product_brand","embeddable":true,"href":"https:\/\/www.customywear.com\/hu\/wp-json\/wp\/v2\/product_brand?post=21186"},{"taxonomy":"product_cat","embeddable":true,"href":"https:\/\/www.customywear.com\/hu\/wp-json\/wp\/v2\/product_cat?post=21186"},{"taxonomy":"product_tag","embeddable":true,"href":"https:\/\/www.customywear.com\/hu\/wp-json\/wp\/v2\/product_tag?post=21186"}],"curies":[{"name":"wp","href":"https:\/\/api.w.org\/{rel}","templated":true}]}}